{"id":609688,"date":"2025-10-24T14:38:16","date_gmt":"2025-10-24T12:38:16","guid":{"rendered":"https:\/\/selleetools.com\/?post_type=product&#038;p=609688"},"modified":"2025-11-04T22:05:23","modified_gmt":"2025-11-04T21:05:23","slug":"medi-peel-power-aqua-cream-50-g-nawilzajacy-krem-zel-z-kapsulkami-hialuronowymi","status":"publish","type":"product","link":"https:\/\/admincentral.selleetools.com\/pl\/product\/medi-peel-power-aqua-cream-50-g-nawilzajacy-krem-zel-z-kapsulkami-hialuronowymi\/","title":{"rendered":"MEDI-PEEL Power Aqua Cream 50 g &#8211; nawil\u017caj\u0105cy krem-\u017cel z kapsu\u0142kami hialuronowymi"},"content":{"rendered":"<p>MEDI-PEEL Power Aqua Cream to lekki, intensywnie nawil\u017caj\u0105cy krem-\u017cel stworzony z my\u015bl\u0105 o codziennej piel\u0119gnacji ka\u017cdego typu sk\u00f3ry, szczeg\u00f3lnie suchej i odwodnionej. Jego formu\u0142a zawiera kapsu\u0142ki hialuronowe, kt\u00f3re rozpuszczaj\u0105 si\u0119 podczas aplikacji, dostarczaj\u0105c sk\u00f3rze skoncentrowan\u0105 dawk\u0119 kwasu hialuronowego w r\u00f3\u017cnych formach i wielko\u015bciach cz\u0105steczek, co zapewnia d\u0142ugotrwa\u0142e nawil\u017cenie w g\u0142\u0119bszych warstwach sk\u00f3ry.<\/p>\n<p>Korzy\u015bci ze stosowania:<br \/>\nG\u0142\u0119bokie i d\u0142ugotrwa\u0142e nawil\u017cenie dzi\u0119ki kompleksowi a\u017c 8 form kwasu hialuronowego, w tym m.in. Sodium Hyaluronate, Hydrolyzed Hyaluronic Acid i Sodium Hyaluronate Crosspolymer.<br \/>\nPoprawa elastyczno\u015bci i wyg\u0142adzenie sk\u00f3ry dzi\u0119ki obecno\u015bci Acetyl Hexapeptide-8 oraz Panthenolu, kt\u00f3re wspieraj\u0105 regeneracj\u0119 i \u0142agodz\u0105 podra\u017cnienia.<br \/>\nWzmocnienie bariery ochronnej sk\u00f3ry dzi\u0119ki mas\u0142u shea (Butyrospermum Parkii Butter) oraz sk\u0142adnikom lipidowym, takim jak Cera Alba i Dimethicone.<br \/>\nDzia\u0142anie przeciwstarzeniowe i antyoksydacyjne, m.in. dzi\u0119ki obecno\u015bci niacynamidu, astaksantyny i tokoferolu (witamina E).<br \/>\nOd\u015bwie\u017caj\u0105ca formu\u0142a \u017celowa zapewnia komfort nawet najbardziej wra\u017cliwej sk\u00f3rze bez uczucia t\u0142usto\u015bci.<\/p>\n<p>Spos\u00f3b u\u017cycia:<br \/>\nNa\u0142\u00f3\u017c odpowiedni\u0105 ilo\u015b\u0107 kremu na oczyszczon\u0105 i stonizowan\u0105 sk\u00f3r\u0119 twarzy, delikatnie wmasowuj\u0105c a\u017c do ca\u0142kowitego wch\u0142oni\u0119cia. Stosuj rano i wieczorem jako ostatni etap piel\u0119gnacji. Dla zwi\u0119kszenia efektu nawil\u017cenia mo\u017cesz na\u0142o\u017cy\u0107 grubsz\u0105 warstw\u0119 jako mask\u0119 nocn\u0105.<\/p>\n","protected":false},"excerpt":{"rendered":"<p>MEDI-PEEL Power Aqua Cream to lekki, intensywnie nawil\u017caj\u0105cy krem-\u017cel stworzony z my\u015bl\u0105 o codziennej piel\u0119gnacji ka\u017cdego typu sk\u00f3ry, szczeg\u00f3lnie suchej i odwodnionej. Jego formu\u0142a zawiera kapsu\u0142ki hialuronowe, kt\u00f3re rozpuszczaj\u0105 si\u0119 podczas aplikacji, dostarczaj\u0105c sk\u00f3rze skoncentrowan\u0105 dawk\u0119 kwasu hialuronowego w r\u00f3\u017cnych formach i wielko\u015bciach cz\u0105steczek, co zapewnia d\u0142ugotrwa\u0142e nawil\u017cenie w g\u0142\u0119bszych warstwach sk\u00f3ry. Korzy\u015bci ze stosowania: &#8230; <a title=\"MEDI-PEEL Power Aqua Cream 50 g &#8211; nawil\u017caj\u0105cy krem-\u017cel z kapsu\u0142kami hialuronowymi\" class=\"read-more\" href=\"https:\/\/admincentral.selleetools.com\/pl\/product\/medi-peel-power-aqua-cream-50-g-nawilzajacy-krem-zel-z-kapsulkami-hialuronowymi\/\">Read more<span class=\"screen-reader-text\">MEDI-PEEL Power Aqua Cream 50 g &#8211; nawil\u017caj\u0105cy krem-\u017cel z kapsu\u0142kami hialuronowymi<\/span><\/a><\/p>\n","protected":false},"featured_media":609686,"comment_status":"open","ping_status":"closed","template":"","meta":{"_links_to":"","_links_to_target":""},"yoast_head":"<!-- This site is optimized with the Yoast SEO plugin v19.4 - https:\/\/yoast.com\/wordpress\/plugins\/seo\/ -->\n<title>MEDI-PEEL Power Aqua Cream 50 g - nawil\u017caj\u0105cy krem-\u017cel z kapsu\u0142kami hialuronowymi - Selleetools.com<\/title>\n<meta name=\"robots\" content=\"index, follow, max-snippet:-1, max-image-preview:large, max-video-preview:-1\" \/>\n<link rel=\"canonical\" href=\"https:\/\/admincentral.selleetools.com\/pl\/product\/medi-peel-power-aqua-cream-50-g-nawilzajacy-krem-zel-z-kapsulkami-hialuronowymi\/\" \/>\n<meta property=\"og:locale\" content=\"pl_PL\" \/>\n<meta property=\"og:type\" content=\"article\" \/>\n<meta property=\"og:title\" content=\"MEDI-PEEL Power Aqua Cream 50 g - nawil\u017caj\u0105cy krem-\u017cel z kapsu\u0142kami hialuronowymi - Selleetools.com\" \/>\n<meta property=\"og:description\" content=\"MEDI-PEEL Power Aqua Cream to lekki, intensywnie nawil\u017caj\u0105cy krem-\u017cel stworzony z my\u015bl\u0105 o codziennej piel\u0119gnacji ka\u017cdego typu sk\u00f3ry, szczeg\u00f3lnie suchej i odwodnionej. Jego formu\u0142a zawiera kapsu\u0142ki hialuronowe, kt\u00f3re rozpuszczaj\u0105 si\u0119 podczas aplikacji, dostarczaj\u0105c sk\u00f3rze skoncentrowan\u0105 dawk\u0119 kwasu hialuronowego w r\u00f3\u017cnych formach i wielko\u015bciach cz\u0105steczek, co zapewnia d\u0142ugotrwa\u0142e nawil\u017cenie w g\u0142\u0119bszych warstwach sk\u00f3ry. Korzy\u015bci ze stosowania: ... Read moreMEDI-PEEL Power Aqua Cream 50 g &#8211; nawil\u017caj\u0105cy krem-\u017cel z kapsu\u0142kami hialuronowymi\" \/>\n<meta property=\"og:url\" content=\"https:\/\/admincentral.selleetools.com\/pl\/product\/medi-peel-power-aqua-cream-50-g-nawilzajacy-krem-zel-z-kapsulkami-hialuronowymi\/\" \/>\n<meta property=\"og:site_name\" content=\"Selleetools.com\" \/>\n<meta property=\"article:modified_time\" content=\"2025-11-04T21:05:23+00:00\" \/>\n<meta property=\"og:image\" content=\"https:\/\/selleetools.com\/wp-content\/uploads\/2025\/10\/b0c7746a08d9d0441e1f4bef53fac101.jpg\" \/>\n\t<meta property=\"og:image:width\" content=\"1000\" \/>\n\t<meta property=\"og:image:height\" content=\"1000\" \/>\n\t<meta property=\"og:image:type\" content=\"image\/jpeg\" \/>\n<meta name=\"twitter:card\" content=\"summary_large_image\" \/>\n<meta name=\"twitter:label1\" content=\"Est. reading time\" \/>\n\t<meta name=\"twitter:data1\" content=\"1 minuta\" \/>\n<!-- \/ Yoast SEO plugin. -->","yoast_head_json":{"title":"MEDI-PEEL Power Aqua Cream 50 g - nawil\u017caj\u0105cy krem-\u017cel z kapsu\u0142kami hialuronowymi - Selleetools.com","robots":{"index":"index","follow":"follow","max-snippet":"max-snippet:-1","max-image-preview":"max-image-preview:large","max-video-preview":"max-video-preview:-1"},"canonical":"https:\/\/admincentral.selleetools.com\/pl\/product\/medi-peel-power-aqua-cream-50-g-nawilzajacy-krem-zel-z-kapsulkami-hialuronowymi\/","og_locale":"pl_PL","og_type":"article","og_title":"MEDI-PEEL Power Aqua Cream 50 g - nawil\u017caj\u0105cy krem-\u017cel z kapsu\u0142kami hialuronowymi - Selleetools.com","og_description":"MEDI-PEEL Power Aqua Cream to lekki, intensywnie nawil\u017caj\u0105cy krem-\u017cel stworzony z my\u015bl\u0105 o codziennej piel\u0119gnacji ka\u017cdego typu sk\u00f3ry, szczeg\u00f3lnie suchej i odwodnionej. Jego formu\u0142a zawiera kapsu\u0142ki hialuronowe, kt\u00f3re rozpuszczaj\u0105 si\u0119 podczas aplikacji, dostarczaj\u0105c sk\u00f3rze skoncentrowan\u0105 dawk\u0119 kwasu hialuronowego w r\u00f3\u017cnych formach i wielko\u015bciach cz\u0105steczek, co zapewnia d\u0142ugotrwa\u0142e nawil\u017cenie w g\u0142\u0119bszych warstwach sk\u00f3ry. Korzy\u015bci ze stosowania: ... Read moreMEDI-PEEL Power Aqua Cream 50 g &#8211; nawil\u017caj\u0105cy krem-\u017cel z kapsu\u0142kami hialuronowymi","og_url":"https:\/\/admincentral.selleetools.com\/pl\/product\/medi-peel-power-aqua-cream-50-g-nawilzajacy-krem-zel-z-kapsulkami-hialuronowymi\/","og_site_name":"Selleetools.com","article_modified_time":"2025-11-04T21:05:23+00:00","og_image":[{"width":1000,"height":1000,"url":"https:\/\/selleetools.com\/wp-content\/uploads\/2025\/10\/b0c7746a08d9d0441e1f4bef53fac101.jpg","type":"image\/jpeg"}],"twitter_card":"summary_large_image","twitter_misc":{"Est. reading time":"1 minuta"},"schema":{"@context":"https:\/\/schema.org","@graph":[{"@type":"Organization","@id":"https:\/\/selleetools.com\/#organization","name":"Selleetools","url":"https:\/\/selleetools.com\/","sameAs":[],"logo":{"@type":"ImageObject","inLanguage":"pl-PL","@id":"https:\/\/selleetools.com\/#\/schema\/logo\/image\/","url":"https:\/\/selleetools.com\/wp-content\/uploads\/2021\/10\/logo-dark.png","contentUrl":"https:\/\/selleetools.com\/wp-content\/uploads\/2021\/10\/logo-dark.png","width":320,"height":76,"caption":"Selleetools"},"image":{"@id":"https:\/\/selleetools.com\/#\/schema\/logo\/image\/"}},{"@type":"WebSite","@id":"https:\/\/selleetools.com\/#website","url":"https:\/\/selleetools.com\/","name":"Selleetools.com","description":"","publisher":{"@id":"https:\/\/selleetools.com\/#organization"},"potentialAction":[{"@type":"SearchAction","target":{"@type":"EntryPoint","urlTemplate":"https:\/\/selleetools.com\/?s={search_term_string}"},"query-input":"required name=search_term_string"}],"inLanguage":"pl-PL"},{"@type":"WebPage","@id":"https:\/\/admincentral.selleetools.com\/pl\/product\/medi-peel-power-aqua-cream-50-g-nawilzajacy-krem-zel-z-kapsulkami-hialuronowymi\/","url":"https:\/\/admincentral.selleetools.com\/pl\/product\/medi-peel-power-aqua-cream-50-g-nawilzajacy-krem-zel-z-kapsulkami-hialuronowymi\/","name":"MEDI-PEEL Power Aqua Cream 50 g - nawil\u017caj\u0105cy krem-\u017cel z kapsu\u0142kami hialuronowymi - Selleetools.com","isPartOf":{"@id":"https:\/\/selleetools.com\/#website"},"datePublished":"2025-10-24T12:38:16+00:00","dateModified":"2025-11-04T21:05:23+00:00","breadcrumb":{"@id":"https:\/\/admincentral.selleetools.com\/pl\/product\/medi-peel-power-aqua-cream-50-g-nawilzajacy-krem-zel-z-kapsulkami-hialuronowymi\/#breadcrumb"},"inLanguage":"pl-PL","potentialAction":[{"@type":"ReadAction","target":["https:\/\/admincentral.selleetools.com\/pl\/product\/medi-peel-power-aqua-cream-50-g-nawilzajacy-krem-zel-z-kapsulkami-hialuronowymi\/"]}]},{"@type":"BreadcrumbList","@id":"https:\/\/admincentral.selleetools.com\/pl\/product\/medi-peel-power-aqua-cream-50-g-nawilzajacy-krem-zel-z-kapsulkami-hialuronowymi\/#breadcrumb","itemListElement":[{"@type":"ListItem","position":1,"name":"Home","item":"https:\/\/selleetools.com\/pl\/"},{"@type":"ListItem","position":2,"name":"Katalog","item":"https:\/\/selleetools.com\/pl\/katalog\/"},{"@type":"ListItem","position":3,"name":"MEDI-PEEL Power Aqua Cream 50 g &#8211; nawil\u017caj\u0105cy krem-\u017cel z kapsu\u0142kami hialuronowymi"}]}]}},"_links":{"self":[{"href":"https:\/\/admincentral.selleetools.com\/pl\/wp-json\/wp\/v2\/product\/609688"}],"collection":[{"href":"https:\/\/admincentral.selleetools.com\/pl\/wp-json\/wp\/v2\/product"}],"about":[{"href":"https:\/\/admincentral.selleetools.com\/pl\/wp-json\/wp\/v2\/types\/product"}],"replies":[{"embeddable":true,"href":"https:\/\/admincentral.selleetools.com\/pl\/wp-json\/wp\/v2\/comments?post=609688"}],"wp:featuredmedia":[{"embeddable":true,"href":"https:\/\/admincentral.selleetools.com\/pl\/wp-json\/wp\/v2\/media\/609686"}],"wp:attachment":[{"href":"https:\/\/admincentral.selleetools.com\/pl\/wp-json\/wp\/v2\/media?parent=609688"}],"curies":[{"name":"wp","href":"https:\/\/api.w.org\/{rel}","templated":true}]}}