{"id":609691,"date":"2025-10-24T14:38:18","date_gmt":"2025-10-24T12:38:18","guid":{"rendered":"https:\/\/selleetools.com\/?post_type=product&#038;p=609691"},"modified":"2025-11-04T22:05:39","modified_gmt":"2025-11-04T21:05:39","slug":"vt-cosmetics-pdrn-hydrogel-mask-35-g-maska-hydrozelowa","status":"publish","type":"product","link":"https:\/\/admincentral.selleetools.com\/pl\/product\/vt-cosmetics-pdrn-hydrogel-mask-35-g-maska-hydrozelowa\/","title":{"rendered":"VT COSMETICS PDRN HYDROGEL MASK 35 g &#8211; maska hydro\u017celowa"},"content":{"rendered":"<p>VT COSMETICS PDRN Hydrogel Mask to intensywnie nawil\u017caj\u0105ca maska w formie \u017celowej, kt\u00f3ra od\u017cywia such\u0105 i zm\u0119czon\u0105 sk\u00f3r\u0119. Zawiera Phyto PDRN\u00ae Panax, pochodz\u0105ce z dzikiego \u017ce\u0144-szenia, kt\u00f3ry wzmacnia sk\u00f3r\u0119, zapewniaj\u0105c jej elastyczno\u015b\u0107 i zdrowy wygl\u0105d. Maska ma w\u0142a\u015bciwo\u015bci nawil\u017caj\u0105ce, rozja\u015bniaj\u0105ce i poprawiaj\u0105ce wygl\u0105d zmarszczek, sprawiaj\u0105c, \u017ce sk\u00f3ra staje si\u0119 promienna i pe\u0142na blasku. Dzi\u0119ki innowacyjnej formule, maska zapewnia intensywn\u0105 regeneracj\u0119 sk\u00f3ry, pozostawiaj\u0105c j\u0105 wyg\u0142adzon\u0105 i nawil\u017con\u0105.<\/p>\n<p>Korzy\u015bci dla sk\u00f3ry:<br \/>\nIntensywne nawil\u017cenie \u2013 pomaga przywr\u00f3ci\u0107 odpowiedni poziom nawil\u017cenia, daj\u0105c sk\u00f3rze zdrowy wygl\u0105d.<br \/>\nPoprawa elastyczno\u015bci sk\u00f3ry \u2013 sk\u0142adniki aktywne, w tym PDRN, wspieraj\u0105 elastyczno\u015b\u0107 sk\u00f3ry, poprawiaj\u0105c jej j\u0119drno\u015b\u0107.<br \/>\nRozja\u015bnienie cery \u2013 regularne stosowanie przyczynia si\u0119 do ujednolicenia kolorytu sk\u00f3ry, a tak\u017ce zmniejszenia przebarwie\u0144.<br \/>\nRedukcja zmarszczek \u2013 niacynamid i adenozyna wspomagaj\u0105 wyg\u0142adzenie zmarszczek i drobnych linii.<br \/>\nKojenie i od\u017cywianie sk\u00f3ry \u2013 sk\u0142adniki takie jak w\u0105krota azjatycka, \u017ce\u0144-sze\u0144 pomagaj\u0105 w regeneracji wra\u017cliwej i podra\u017cnionej sk\u00f3ry.<\/p>\n<p>Spos\u00f3b u\u017cycia:<br \/>\nPo oczyszczeniu twarzy, przygotuj sk\u00f3r\u0119 tonikiem.<br \/>\nWyjmij mask\u0119 i na\u0142\u00f3\u017c j\u0105 na twarz, dopasowuj\u0105c do kszta\u0142tu twarzy, skupiaj\u0105c si\u0119 szczeg\u00f3lnie na okolicy wok\u00f3\u0142 oczu.<br \/>\nPozostaw mask\u0119 na twarzy przez oko\u0142o 20-40 minut.<br \/>\nUsu\u0144 mask\u0119 i wmasuj pozosta\u0142\u0105 esencj\u0119 w sk\u00f3r\u0119, aby zapewni\u0107 jej pe\u0142ne wch\u0142oni\u0119cie.<\/p>\n","protected":false},"excerpt":{"rendered":"<p>VT COSMETICS PDRN Hydrogel Mask to intensywnie nawil\u017caj\u0105ca maska w formie \u017celowej, kt\u00f3ra od\u017cywia such\u0105 i zm\u0119czon\u0105 sk\u00f3r\u0119. Zawiera Phyto PDRN\u00ae Panax, pochodz\u0105ce z dzikiego \u017ce\u0144-szenia, kt\u00f3ry wzmacnia sk\u00f3r\u0119, zapewniaj\u0105c jej elastyczno\u015b\u0107 i zdrowy wygl\u0105d. Maska ma w\u0142a\u015bciwo\u015bci nawil\u017caj\u0105ce, rozja\u015bniaj\u0105ce i poprawiaj\u0105ce wygl\u0105d zmarszczek, sprawiaj\u0105c, \u017ce sk\u00f3ra staje si\u0119 promienna i pe\u0142na blasku. Dzi\u0119ki innowacyjnej &#8230; <a title=\"VT COSMETICS PDRN HYDROGEL MASK 35 g &#8211; maska hydro\u017celowa\" class=\"read-more\" href=\"https:\/\/admincentral.selleetools.com\/pl\/product\/vt-cosmetics-pdrn-hydrogel-mask-35-g-maska-hydrozelowa\/\">Read more<span class=\"screen-reader-text\">VT COSMETICS PDRN HYDROGEL MASK 35 g &#8211; maska hydro\u017celowa<\/span><\/a><\/p>\n","protected":false},"featured_media":609689,"comment_status":"open","ping_status":"closed","template":"","meta":{"_links_to":"","_links_to_target":""},"yoast_head":"<!-- This site is optimized with the Yoast SEO plugin v19.4 - https:\/\/yoast.com\/wordpress\/plugins\/seo\/ -->\n<title>VT COSMETICS PDRN HYDROGEL MASK 35 g - maska hydro\u017celowa - Selleetools.com<\/title>\n<meta name=\"robots\" content=\"index, follow, max-snippet:-1, max-image-preview:large, max-video-preview:-1\" \/>\n<link rel=\"canonical\" href=\"https:\/\/admincentral.selleetools.com\/pl\/product\/vt-cosmetics-pdrn-hydrogel-mask-35-g-maska-hydrozelowa\/\" \/>\n<meta property=\"og:locale\" content=\"pl_PL\" \/>\n<meta property=\"og:type\" content=\"article\" \/>\n<meta property=\"og:title\" content=\"VT COSMETICS PDRN HYDROGEL MASK 35 g - maska hydro\u017celowa - Selleetools.com\" \/>\n<meta property=\"og:description\" content=\"VT COSMETICS PDRN Hydrogel Mask to intensywnie nawil\u017caj\u0105ca maska w formie \u017celowej, kt\u00f3ra od\u017cywia such\u0105 i zm\u0119czon\u0105 sk\u00f3r\u0119. Zawiera Phyto PDRN\u00ae Panax, pochodz\u0105ce z dzikiego \u017ce\u0144-szenia, kt\u00f3ry wzmacnia sk\u00f3r\u0119, zapewniaj\u0105c jej elastyczno\u015b\u0107 i zdrowy wygl\u0105d. Maska ma w\u0142a\u015bciwo\u015bci nawil\u017caj\u0105ce, rozja\u015bniaj\u0105ce i poprawiaj\u0105ce wygl\u0105d zmarszczek, sprawiaj\u0105c, \u017ce sk\u00f3ra staje si\u0119 promienna i pe\u0142na blasku. Dzi\u0119ki innowacyjnej ... Read moreVT COSMETICS PDRN HYDROGEL MASK 35 g &#8211; maska hydro\u017celowa\" \/>\n<meta property=\"og:url\" content=\"https:\/\/admincentral.selleetools.com\/pl\/product\/vt-cosmetics-pdrn-hydrogel-mask-35-g-maska-hydrozelowa\/\" \/>\n<meta property=\"og:site_name\" content=\"Selleetools.com\" \/>\n<meta property=\"article:modified_time\" content=\"2025-11-04T21:05:39+00:00\" \/>\n<meta property=\"og:image\" content=\"https:\/\/selleetools.com\/wp-content\/uploads\/2025\/10\/b08a461efe956f101ac1d1b87fbde2aa.jpg\" \/>\n\t<meta property=\"og:image:width\" content=\"1200\" \/>\n\t<meta property=\"og:image:height\" content=\"1200\" \/>\n\t<meta property=\"og:image:type\" content=\"image\/jpeg\" \/>\n<meta name=\"twitter:card\" content=\"summary_large_image\" \/>\n<meta name=\"twitter:label1\" content=\"Est. reading time\" \/>\n\t<meta name=\"twitter:data1\" content=\"1 minuta\" \/>\n<!-- \/ Yoast SEO plugin. -->","yoast_head_json":{"title":"VT COSMETICS PDRN HYDROGEL MASK 35 g - maska hydro\u017celowa - Selleetools.com","robots":{"index":"index","follow":"follow","max-snippet":"max-snippet:-1","max-image-preview":"max-image-preview:large","max-video-preview":"max-video-preview:-1"},"canonical":"https:\/\/admincentral.selleetools.com\/pl\/product\/vt-cosmetics-pdrn-hydrogel-mask-35-g-maska-hydrozelowa\/","og_locale":"pl_PL","og_type":"article","og_title":"VT COSMETICS PDRN HYDROGEL MASK 35 g - maska hydro\u017celowa - Selleetools.com","og_description":"VT COSMETICS PDRN Hydrogel Mask to intensywnie nawil\u017caj\u0105ca maska w formie \u017celowej, kt\u00f3ra od\u017cywia such\u0105 i zm\u0119czon\u0105 sk\u00f3r\u0119. Zawiera Phyto PDRN\u00ae Panax, pochodz\u0105ce z dzikiego \u017ce\u0144-szenia, kt\u00f3ry wzmacnia sk\u00f3r\u0119, zapewniaj\u0105c jej elastyczno\u015b\u0107 i zdrowy wygl\u0105d. Maska ma w\u0142a\u015bciwo\u015bci nawil\u017caj\u0105ce, rozja\u015bniaj\u0105ce i poprawiaj\u0105ce wygl\u0105d zmarszczek, sprawiaj\u0105c, \u017ce sk\u00f3ra staje si\u0119 promienna i pe\u0142na blasku. Dzi\u0119ki innowacyjnej ... Read moreVT COSMETICS PDRN HYDROGEL MASK 35 g &#8211; maska hydro\u017celowa","og_url":"https:\/\/admincentral.selleetools.com\/pl\/product\/vt-cosmetics-pdrn-hydrogel-mask-35-g-maska-hydrozelowa\/","og_site_name":"Selleetools.com","article_modified_time":"2025-11-04T21:05:39+00:00","og_image":[{"width":1200,"height":1200,"url":"https:\/\/selleetools.com\/wp-content\/uploads\/2025\/10\/b08a461efe956f101ac1d1b87fbde2aa.jpg","type":"image\/jpeg"}],"twitter_card":"summary_large_image","twitter_misc":{"Est. reading time":"1 minuta"},"schema":{"@context":"https:\/\/schema.org","@graph":[{"@type":"Organization","@id":"https:\/\/selleetools.com\/#organization","name":"Selleetools","url":"https:\/\/selleetools.com\/","sameAs":[],"logo":{"@type":"ImageObject","inLanguage":"pl-PL","@id":"https:\/\/selleetools.com\/#\/schema\/logo\/image\/","url":"https:\/\/selleetools.com\/wp-content\/uploads\/2021\/10\/logo-dark.png","contentUrl":"https:\/\/selleetools.com\/wp-content\/uploads\/2021\/10\/logo-dark.png","width":320,"height":76,"caption":"Selleetools"},"image":{"@id":"https:\/\/selleetools.com\/#\/schema\/logo\/image\/"}},{"@type":"WebSite","@id":"https:\/\/selleetools.com\/#website","url":"https:\/\/selleetools.com\/","name":"Selleetools.com","description":"","publisher":{"@id":"https:\/\/selleetools.com\/#organization"},"potentialAction":[{"@type":"SearchAction","target":{"@type":"EntryPoint","urlTemplate":"https:\/\/selleetools.com\/?s={search_term_string}"},"query-input":"required name=search_term_string"}],"inLanguage":"pl-PL"},{"@type":"WebPage","@id":"https:\/\/admincentral.selleetools.com\/pl\/product\/vt-cosmetics-pdrn-hydrogel-mask-35-g-maska-hydrozelowa\/","url":"https:\/\/admincentral.selleetools.com\/pl\/product\/vt-cosmetics-pdrn-hydrogel-mask-35-g-maska-hydrozelowa\/","name":"VT COSMETICS PDRN HYDROGEL MASK 35 g - maska hydro\u017celowa - Selleetools.com","isPartOf":{"@id":"https:\/\/selleetools.com\/#website"},"datePublished":"2025-10-24T12:38:18+00:00","dateModified":"2025-11-04T21:05:39+00:00","breadcrumb":{"@id":"https:\/\/admincentral.selleetools.com\/pl\/product\/vt-cosmetics-pdrn-hydrogel-mask-35-g-maska-hydrozelowa\/#breadcrumb"},"inLanguage":"pl-PL","potentialAction":[{"@type":"ReadAction","target":["https:\/\/admincentral.selleetools.com\/pl\/product\/vt-cosmetics-pdrn-hydrogel-mask-35-g-maska-hydrozelowa\/"]}]},{"@type":"BreadcrumbList","@id":"https:\/\/admincentral.selleetools.com\/pl\/product\/vt-cosmetics-pdrn-hydrogel-mask-35-g-maska-hydrozelowa\/#breadcrumb","itemListElement":[{"@type":"ListItem","position":1,"name":"Home","item":"https:\/\/selleetools.com\/pl\/"},{"@type":"ListItem","position":2,"name":"Katalog","item":"https:\/\/selleetools.com\/pl\/katalog\/"},{"@type":"ListItem","position":3,"name":"VT COSMETICS PDRN HYDROGEL MASK 35 g &#8211; maska hydro\u017celowa"}]}]}},"_links":{"self":[{"href":"https:\/\/admincentral.selleetools.com\/pl\/wp-json\/wp\/v2\/product\/609691"}],"collection":[{"href":"https:\/\/admincentral.selleetools.com\/pl\/wp-json\/wp\/v2\/product"}],"about":[{"href":"https:\/\/admincentral.selleetools.com\/pl\/wp-json\/wp\/v2\/types\/product"}],"replies":[{"embeddable":true,"href":"https:\/\/admincentral.selleetools.com\/pl\/wp-json\/wp\/v2\/comments?post=609691"}],"wp:featuredmedia":[{"embeddable":true,"href":"https:\/\/admincentral.selleetools.com\/pl\/wp-json\/wp\/v2\/media\/609689"}],"wp:attachment":[{"href":"https:\/\/admincentral.selleetools.com\/pl\/wp-json\/wp\/v2\/media?parent=609691"}],"curies":[{"name":"wp","href":"https:\/\/api.w.org\/{rel}","templated":true}]}}