{"id":609713,"date":"2025-10-24T14:38:38","date_gmt":"2025-10-24T12:38:38","guid":{"rendered":"https:\/\/selleetools.com\/?post_type=product&#038;p=609713"},"modified":"2026-03-03T11:19:08","modified_gmt":"2026-03-03T10:19:08","slug":"celimax-one-step-body-brightening-pad-60-ea-platki-do-ciala","status":"publish","type":"product","link":"https:\/\/admincentral.selleetools.com\/pl\/product\/celimax-one-step-body-brightening-pad-60-ea-platki-do-ciala\/","title":{"rendered":"celimax One Step Body Brightening Pad 60 ea &#8211; p\u0142atki do cia\u0142a"},"content":{"rendered":"<p>Celimax One Step Body Brightening Pad to tonik w formie pad\u00f3w, kt\u00f3ry pomaga usun\u0105\u0107 nadmiar sebum, zanieczyszczenia oraz martwe kom\u00f3rki sk\u00f3ry, szczeg\u00f3lnie w miejscach wymagaj\u0105cych szczeg\u00f3lnej troski, takich jak pachy, kolana czy \u0142okcie. Formu\u0142a wzbogacona o sk\u0142adniki rozja\u015bniaj\u0105ce sk\u00f3r\u0119 poprawia jej wygl\u0105d, nadaj\u0105c jej zdrowy, promienny wygl\u0105d. Pady delikatnie z\u0142uszczaj\u0105 i nawil\u017caj\u0105 sk\u00f3r\u0119, pozostawiaj\u0105c j\u0105 od\u015bwie\u017con\u0105 i g\u0142adk\u0105.<\/p>\n<p>Korzy\u015bci dla sk\u00f3ry:<br \/>\nDelikatne z\u0142uszczanie \u2013 usuwa martwe kom\u00f3rki sk\u00f3ry, oczyszczaj\u0105c cia\u0142o i poprawiaj\u0105c tekstur\u0119 sk\u00f3ry.<br \/>\nRozja\u015bnienie sk\u00f3ry \u2013 niacynamid i inne sk\u0142adniki rozja\u015bniaj\u0105ce pomagaj\u0105 wyr\u00f3wna\u0107 koloryt sk\u00f3ry, szczeg\u00f3lnie w miejscach takich jak pachy, kolana i \u0142okcie.<br \/>\nOczyszczanie \u2013 efektywnie usuwa zanieczyszczenia i nadmiar sebum, zapobiegaj\u0105c pojawianiu si\u0119 niedoskona\u0142o\u015bci.<br \/>\nNawil\u017cenie i regeneracja \u2013 nawil\u017ca sk\u00f3r\u0119, pozostawiaj\u0105c j\u0105 g\u0142adk\u0105 i promienn\u0105.<\/p>\n<p>Spos\u00f3b u\u017cycia:<br \/>\nPo prysznicu delikatnie przetrzyj wybrane partie cia\u0142a (np. pachy, kolana, \u0142okcie) jednym p\u0142atkiem.<br \/>\nPozostaw na chwil\u0119, a nast\u0119pnie delikatnie wklep pozosta\u0142o\u015b\u0107 esencji w sk\u00f3r\u0119, aby sk\u0142adniki aktywne mog\u0142y wch\u0142on\u0105\u0107 si\u0119 w pe\u0142ni.<\/p>\n","protected":false},"excerpt":{"rendered":"<p>Celimax One Step Body Brightening Pad to tonik w formie pad\u00f3w, kt\u00f3ry pomaga usun\u0105\u0107 nadmiar sebum, zanieczyszczenia oraz martwe kom\u00f3rki sk\u00f3ry, szczeg\u00f3lnie w miejscach wymagaj\u0105cych szczeg\u00f3lnej troski, takich jak pachy, kolana czy \u0142okcie. Formu\u0142a wzbogacona o sk\u0142adniki rozja\u015bniaj\u0105ce sk\u00f3r\u0119 poprawia jej wygl\u0105d, nadaj\u0105c jej zdrowy, promienny wygl\u0105d. Pady delikatnie z\u0142uszczaj\u0105 i nawil\u017caj\u0105 sk\u00f3r\u0119, pozostawiaj\u0105c j\u0105 &#8230; <a title=\"celimax One Step Body Brightening Pad 60 ea &#8211; p\u0142atki do cia\u0142a\" class=\"read-more\" href=\"https:\/\/admincentral.selleetools.com\/pl\/product\/celimax-one-step-body-brightening-pad-60-ea-platki-do-ciala\/\">Read more<span class=\"screen-reader-text\">celimax One Step Body Brightening Pad 60 ea &#8211; p\u0142atki do cia\u0142a<\/span><\/a><\/p>\n","protected":false},"featured_media":609711,"comment_status":"open","ping_status":"closed","template":"","meta":{"_links_to":"","_links_to_target":""},"yoast_head":"<!-- This site is optimized with the Yoast SEO plugin v19.4 - https:\/\/yoast.com\/wordpress\/plugins\/seo\/ -->\n<title>celimax One Step Body Brightening Pad 60 ea - p\u0142atki do cia\u0142a - Selleetools.com<\/title>\n<meta name=\"robots\" content=\"index, follow, max-snippet:-1, max-image-preview:large, max-video-preview:-1\" \/>\n<link rel=\"canonical\" href=\"https:\/\/admincentral.selleetools.com\/pl\/product\/celimax-one-step-body-brightening-pad-60-ea-platki-do-ciala\/\" \/>\n<meta property=\"og:locale\" content=\"pl_PL\" \/>\n<meta property=\"og:type\" content=\"article\" \/>\n<meta property=\"og:title\" content=\"celimax One Step Body Brightening Pad 60 ea - p\u0142atki do cia\u0142a - Selleetools.com\" \/>\n<meta property=\"og:description\" content=\"Celimax One Step Body Brightening Pad to tonik w formie pad\u00f3w, kt\u00f3ry pomaga usun\u0105\u0107 nadmiar sebum, zanieczyszczenia oraz martwe kom\u00f3rki sk\u00f3ry, szczeg\u00f3lnie w miejscach wymagaj\u0105cych szczeg\u00f3lnej troski, takich jak pachy, kolana czy \u0142okcie. Formu\u0142a wzbogacona o sk\u0142adniki rozja\u015bniaj\u0105ce sk\u00f3r\u0119 poprawia jej wygl\u0105d, nadaj\u0105c jej zdrowy, promienny wygl\u0105d. Pady delikatnie z\u0142uszczaj\u0105 i nawil\u017caj\u0105 sk\u00f3r\u0119, pozostawiaj\u0105c j\u0105 ... Read morecelimax One Step Body Brightening Pad 60 ea &#8211; p\u0142atki do cia\u0142a\" \/>\n<meta property=\"og:url\" content=\"https:\/\/admincentral.selleetools.com\/pl\/product\/celimax-one-step-body-brightening-pad-60-ea-platki-do-ciala\/\" \/>\n<meta property=\"og:site_name\" content=\"Selleetools.com\" \/>\n<meta property=\"article:modified_time\" content=\"2026-03-03T10:19:08+00:00\" \/>\n<meta property=\"og:image\" content=\"https:\/\/selleetools.com\/wp-content\/uploads\/2025\/10\/f5c0efb07cf836cc646304c65998fbf3.png\" \/>\n\t<meta property=\"og:image:width\" content=\"1200\" \/>\n\t<meta property=\"og:image:height\" content=\"1200\" \/>\n\t<meta property=\"og:image:type\" content=\"image\/png\" \/>\n<meta name=\"twitter:card\" content=\"summary_large_image\" \/>\n<meta name=\"twitter:label1\" content=\"Est. reading time\" \/>\n\t<meta name=\"twitter:data1\" content=\"1 minuta\" \/>\n<!-- \/ Yoast SEO plugin. -->","yoast_head_json":{"title":"celimax One Step Body Brightening Pad 60 ea - p\u0142atki do cia\u0142a - Selleetools.com","robots":{"index":"index","follow":"follow","max-snippet":"max-snippet:-1","max-image-preview":"max-image-preview:large","max-video-preview":"max-video-preview:-1"},"canonical":"https:\/\/admincentral.selleetools.com\/pl\/product\/celimax-one-step-body-brightening-pad-60-ea-platki-do-ciala\/","og_locale":"pl_PL","og_type":"article","og_title":"celimax One Step Body Brightening Pad 60 ea - p\u0142atki do cia\u0142a - Selleetools.com","og_description":"Celimax One Step Body Brightening Pad to tonik w formie pad\u00f3w, kt\u00f3ry pomaga usun\u0105\u0107 nadmiar sebum, zanieczyszczenia oraz martwe kom\u00f3rki sk\u00f3ry, szczeg\u00f3lnie w miejscach wymagaj\u0105cych szczeg\u00f3lnej troski, takich jak pachy, kolana czy \u0142okcie. Formu\u0142a wzbogacona o sk\u0142adniki rozja\u015bniaj\u0105ce sk\u00f3r\u0119 poprawia jej wygl\u0105d, nadaj\u0105c jej zdrowy, promienny wygl\u0105d. Pady delikatnie z\u0142uszczaj\u0105 i nawil\u017caj\u0105 sk\u00f3r\u0119, pozostawiaj\u0105c j\u0105 ... Read morecelimax One Step Body Brightening Pad 60 ea &#8211; p\u0142atki do cia\u0142a","og_url":"https:\/\/admincentral.selleetools.com\/pl\/product\/celimax-one-step-body-brightening-pad-60-ea-platki-do-ciala\/","og_site_name":"Selleetools.com","article_modified_time":"2026-03-03T10:19:08+00:00","og_image":[{"width":1200,"height":1200,"url":"https:\/\/selleetools.com\/wp-content\/uploads\/2025\/10\/f5c0efb07cf836cc646304c65998fbf3.png","type":"image\/png"}],"twitter_card":"summary_large_image","twitter_misc":{"Est. reading time":"1 minuta"},"schema":{"@context":"https:\/\/schema.org","@graph":[{"@type":"Organization","@id":"https:\/\/selleetools.com\/#organization","name":"Selleetools","url":"https:\/\/selleetools.com\/","sameAs":[],"logo":{"@type":"ImageObject","inLanguage":"pl-PL","@id":"https:\/\/selleetools.com\/#\/schema\/logo\/image\/","url":"https:\/\/selleetools.com\/wp-content\/uploads\/2021\/10\/logo-dark.png","contentUrl":"https:\/\/selleetools.com\/wp-content\/uploads\/2021\/10\/logo-dark.png","width":320,"height":76,"caption":"Selleetools"},"image":{"@id":"https:\/\/selleetools.com\/#\/schema\/logo\/image\/"}},{"@type":"WebSite","@id":"https:\/\/selleetools.com\/#website","url":"https:\/\/selleetools.com\/","name":"Selleetools.com","description":"","publisher":{"@id":"https:\/\/selleetools.com\/#organization"},"potentialAction":[{"@type":"SearchAction","target":{"@type":"EntryPoint","urlTemplate":"https:\/\/selleetools.com\/?s={search_term_string}"},"query-input":"required name=search_term_string"}],"inLanguage":"pl-PL"},{"@type":"WebPage","@id":"https:\/\/admincentral.selleetools.com\/pl\/product\/celimax-one-step-body-brightening-pad-60-ea-platki-do-ciala\/","url":"https:\/\/admincentral.selleetools.com\/pl\/product\/celimax-one-step-body-brightening-pad-60-ea-platki-do-ciala\/","name":"celimax One Step Body Brightening Pad 60 ea - p\u0142atki do cia\u0142a - Selleetools.com","isPartOf":{"@id":"https:\/\/selleetools.com\/#website"},"datePublished":"2025-10-24T12:38:38+00:00","dateModified":"2026-03-03T10:19:08+00:00","breadcrumb":{"@id":"https:\/\/admincentral.selleetools.com\/pl\/product\/celimax-one-step-body-brightening-pad-60-ea-platki-do-ciala\/#breadcrumb"},"inLanguage":"pl-PL","potentialAction":[{"@type":"ReadAction","target":["https:\/\/admincentral.selleetools.com\/pl\/product\/celimax-one-step-body-brightening-pad-60-ea-platki-do-ciala\/"]}]},{"@type":"BreadcrumbList","@id":"https:\/\/admincentral.selleetools.com\/pl\/product\/celimax-one-step-body-brightening-pad-60-ea-platki-do-ciala\/#breadcrumb","itemListElement":[{"@type":"ListItem","position":1,"name":"Home","item":"https:\/\/selleetools.com\/pl\/"},{"@type":"ListItem","position":2,"name":"Katalog","item":"https:\/\/selleetools.com\/pl\/katalog\/"},{"@type":"ListItem","position":3,"name":"celimax One Step Body Brightening Pad 60 ea &#8211; p\u0142atki do cia\u0142a"}]}]}},"_links":{"self":[{"href":"https:\/\/admincentral.selleetools.com\/pl\/wp-json\/wp\/v2\/product\/609713"}],"collection":[{"href":"https:\/\/admincentral.selleetools.com\/pl\/wp-json\/wp\/v2\/product"}],"about":[{"href":"https:\/\/admincentral.selleetools.com\/pl\/wp-json\/wp\/v2\/types\/product"}],"replies":[{"embeddable":true,"href":"https:\/\/admincentral.selleetools.com\/pl\/wp-json\/wp\/v2\/comments?post=609713"}],"wp:featuredmedia":[{"embeddable":true,"href":"https:\/\/admincentral.selleetools.com\/pl\/wp-json\/wp\/v2\/media\/609711"}],"wp:attachment":[{"href":"https:\/\/admincentral.selleetools.com\/pl\/wp-json\/wp\/v2\/media?parent=609713"}],"curies":[{"name":"wp","href":"https:\/\/api.w.org\/{rel}","templated":true}]}}