{"id":609734,"date":"2025-10-24T14:38:56","date_gmt":"2025-10-24T12:38:56","guid":{"rendered":"https:\/\/selleetools.com\/?post_type=product&#038;p=609734"},"modified":"2025-12-02T21:03:09","modified_gmt":"2025-12-02T20:03:09","slug":"celimax-ji-woo-gae-cica-bha-blemish-toner-pad-60-szt-oczyszczajace-platki-do-twarzy","status":"publish","type":"product","link":"https:\/\/admincentral.selleetools.com\/pl\/product\/celimax-ji-woo-gae-cica-bha-blemish-toner-pad-60-szt-oczyszczajace-platki-do-twarzy\/","title":{"rendered":"celimax Ji Woo Gae Cica BHA Blemish Toner Pad 60 szt &#8211; oczyszczaj\u0105ce p\u0142atki do twarzy"},"content":{"rendered":"<p>Celimax Ji Woo Gae Cica BHA Blemish Toner Pad to hipoalergiczne p\u0142atki tonizuj\u0105ce, kt\u00f3re skutecznie piel\u0119gnuj\u0105 sk\u00f3r\u0119 z problemami tr\u0105dzikowymi, zapewniaj\u0105c \u0142agodzenie i oczyszczenie. P\u0142atki te zawieraj\u0105 ekstrakt z w\u0105kroty azjatyckiej, znany ze swoich w\u0142a\u015bciwo\u015bci koj\u0105cych oraz kwas salicylowy (BHA), kt\u00f3ry pomaga w walce z niedoskona\u0142o\u015bciami sk\u00f3ry, zmniejszaj\u0105c ich widoczno\u015b\u0107 i poprawiaj\u0105c og\u00f3lny wygl\u0105d cery.<\/p>\n<p>Korzy\u015bci dla sk\u00f3ry:<br \/>\nOczyszczanie por\u00f3w \u2013 Dzi\u0119ki zawarto\u015bci kwasu salicylowego, p\u0142atki skutecznie oczyszczaj\u0105 pory, eliminuj\u0105c nadmiar sebum i zanieczyszczenia, kt\u00f3re mog\u0105 prowadzi\u0107 do powstawania niedoskona\u0142o\u015bci.<br \/>\n\u0141agodzenie podra\u017cnie\u0144 \u2013 Ekstrakt z w\u0105kroty azjatyckiej i inne ro\u015blinne sk\u0142adniki aktywne, kt\u00f3re skutecznie \u0142agodz\u0105 podra\u017cnienia i uspokajaj\u0105 wra\u017cliw\u0105 sk\u00f3r\u0119.<br \/>\nPiel\u0119gnacja sk\u00f3ry problematycznej \u2013 Regularne stosowanie p\u0142atk\u00f3w pomaga w zmniejszeniu zaczerwienie\u0144, wyprysk\u00f3w oraz poprawia kondycj\u0119 sk\u00f3ry z niedoskona\u0142o\u015bciami, przywracaj\u0105c jej zdrowy wygl\u0105d.<\/p>\n<p>Spos\u00f3b u\u017cycia:<br \/>\nPo oczyszczeniu twarzy, wyjmij p\u0142atek tonizuj\u0105cy i delikatnie przetrzyj ca\u0142\u0105 twarz.<br \/>\nPozw\u00f3l sk\u00f3rze wch\u0142on\u0105\u0107 pozosta\u0142\u0105 esencj\u0119 przez delikatne wklepanie opuszkami palc\u00f3w.<\/p>\n","protected":false},"excerpt":{"rendered":"<p>Celimax Ji Woo Gae Cica BHA Blemish Toner Pad to hipoalergiczne p\u0142atki tonizuj\u0105ce, kt\u00f3re skutecznie piel\u0119gnuj\u0105 sk\u00f3r\u0119 z problemami tr\u0105dzikowymi, zapewniaj\u0105c \u0142agodzenie i oczyszczenie. P\u0142atki te zawieraj\u0105 ekstrakt z w\u0105kroty azjatyckiej, znany ze swoich w\u0142a\u015bciwo\u015bci koj\u0105cych oraz kwas salicylowy (BHA), kt\u00f3ry pomaga w walce z niedoskona\u0142o\u015bciami sk\u00f3ry, zmniejszaj\u0105c ich widoczno\u015b\u0107 i poprawiaj\u0105c og\u00f3lny wygl\u0105d cery. &#8230; <a title=\"celimax Ji Woo Gae Cica BHA Blemish Toner Pad 60 szt &#8211; oczyszczaj\u0105ce p\u0142atki do twarzy\" class=\"read-more\" href=\"https:\/\/admincentral.selleetools.com\/pl\/product\/celimax-ji-woo-gae-cica-bha-blemish-toner-pad-60-szt-oczyszczajace-platki-do-twarzy\/\">Read more<span class=\"screen-reader-text\">celimax Ji Woo Gae Cica BHA Blemish Toner Pad 60 szt &#8211; oczyszczaj\u0105ce p\u0142atki do twarzy<\/span><\/a><\/p>\n","protected":false},"featured_media":609732,"comment_status":"open","ping_status":"closed","template":"","meta":{"_links_to":"","_links_to_target":""},"yoast_head":"<!-- This site is optimized with the Yoast SEO plugin v19.4 - https:\/\/yoast.com\/wordpress\/plugins\/seo\/ -->\n<title>celimax Ji Woo Gae Cica BHA Blemish Toner Pad 60 szt - oczyszczaj\u0105ce p\u0142atki do twarzy - Selleetools.com<\/title>\n<meta name=\"robots\" content=\"index, follow, max-snippet:-1, max-image-preview:large, max-video-preview:-1\" \/>\n<link rel=\"canonical\" href=\"https:\/\/admincentral.selleetools.com\/product\/celimax-ji-woo-gae-cica-bha-blemish-toner-pad-60-szt-oczyszczajace-platki-do-twarzy\/\" \/>\n<meta property=\"og:locale\" content=\"pl_PL\" \/>\n<meta property=\"og:type\" content=\"article\" \/>\n<meta property=\"og:title\" content=\"celimax Ji Woo Gae Cica BHA Blemish Toner Pad 60 szt - oczyszczaj\u0105ce p\u0142atki do twarzy - Selleetools.com\" \/>\n<meta property=\"og:description\" content=\"Celimax Ji Woo Gae Cica BHA Blemish Toner Pad to hipoalergiczne p\u0142atki tonizuj\u0105ce, kt\u00f3re skutecznie piel\u0119gnuj\u0105 sk\u00f3r\u0119 z problemami tr\u0105dzikowymi, zapewniaj\u0105c \u0142agodzenie i oczyszczenie. P\u0142atki te zawieraj\u0105 ekstrakt z w\u0105kroty azjatyckiej, znany ze swoich w\u0142a\u015bciwo\u015bci koj\u0105cych oraz kwas salicylowy (BHA), kt\u00f3ry pomaga w walce z niedoskona\u0142o\u015bciami sk\u00f3ry, zmniejszaj\u0105c ich widoczno\u015b\u0107 i poprawiaj\u0105c og\u00f3lny wygl\u0105d cery. ... Read morecelimax Ji Woo Gae Cica BHA Blemish Toner Pad 60 szt &#8211; oczyszczaj\u0105ce p\u0142atki do twarzy\" \/>\n<meta property=\"og:url\" content=\"https:\/\/admincentral.selleetools.com\/product\/celimax-ji-woo-gae-cica-bha-blemish-toner-pad-60-szt-oczyszczajace-platki-do-twarzy\/\" \/>\n<meta property=\"og:site_name\" content=\"Selleetools.com\" \/>\n<meta property=\"article:modified_time\" content=\"2025-12-02T20:03:09+00:00\" \/>\n<meta property=\"og:image\" content=\"https:\/\/selleetools.com\/wp-content\/uploads\/2025\/10\/ee22733773679df3baa5e860876f3875.jpg\" \/>\n\t<meta property=\"og:image:width\" content=\"1200\" \/>\n\t<meta property=\"og:image:height\" content=\"1200\" \/>\n\t<meta property=\"og:image:type\" content=\"image\/jpeg\" \/>\n<meta name=\"twitter:card\" content=\"summary_large_image\" \/>\n<meta name=\"twitter:label1\" content=\"Est. reading time\" \/>\n\t<meta name=\"twitter:data1\" content=\"1 minuta\" \/>\n<!-- \/ Yoast SEO plugin. -->","yoast_head_json":{"title":"celimax Ji Woo Gae Cica BHA Blemish Toner Pad 60 szt - oczyszczaj\u0105ce p\u0142atki do twarzy - Selleetools.com","robots":{"index":"index","follow":"follow","max-snippet":"max-snippet:-1","max-image-preview":"max-image-preview:large","max-video-preview":"max-video-preview:-1"},"canonical":"https:\/\/admincentral.selleetools.com\/product\/celimax-ji-woo-gae-cica-bha-blemish-toner-pad-60-szt-oczyszczajace-platki-do-twarzy\/","og_locale":"pl_PL","og_type":"article","og_title":"celimax Ji Woo Gae Cica BHA Blemish Toner Pad 60 szt - oczyszczaj\u0105ce p\u0142atki do twarzy - Selleetools.com","og_description":"Celimax Ji Woo Gae Cica BHA Blemish Toner Pad to hipoalergiczne p\u0142atki tonizuj\u0105ce, kt\u00f3re skutecznie piel\u0119gnuj\u0105 sk\u00f3r\u0119 z problemami tr\u0105dzikowymi, zapewniaj\u0105c \u0142agodzenie i oczyszczenie. P\u0142atki te zawieraj\u0105 ekstrakt z w\u0105kroty azjatyckiej, znany ze swoich w\u0142a\u015bciwo\u015bci koj\u0105cych oraz kwas salicylowy (BHA), kt\u00f3ry pomaga w walce z niedoskona\u0142o\u015bciami sk\u00f3ry, zmniejszaj\u0105c ich widoczno\u015b\u0107 i poprawiaj\u0105c og\u00f3lny wygl\u0105d cery. ... Read morecelimax Ji Woo Gae Cica BHA Blemish Toner Pad 60 szt &#8211; oczyszczaj\u0105ce p\u0142atki do twarzy","og_url":"https:\/\/admincentral.selleetools.com\/product\/celimax-ji-woo-gae-cica-bha-blemish-toner-pad-60-szt-oczyszczajace-platki-do-twarzy\/","og_site_name":"Selleetools.com","article_modified_time":"2025-12-02T20:03:09+00:00","og_image":[{"width":1200,"height":1200,"url":"https:\/\/selleetools.com\/wp-content\/uploads\/2025\/10\/ee22733773679df3baa5e860876f3875.jpg","type":"image\/jpeg"}],"twitter_card":"summary_large_image","twitter_misc":{"Est. reading time":"1 minuta"},"schema":{"@context":"https:\/\/schema.org","@graph":[{"@type":"Organization","@id":"https:\/\/selleetools.com\/#organization","name":"Selleetools","url":"https:\/\/selleetools.com\/","sameAs":[],"logo":{"@type":"ImageObject","inLanguage":"pl-PL","@id":"https:\/\/selleetools.com\/#\/schema\/logo\/image\/","url":"https:\/\/selleetools.com\/wp-content\/uploads\/2021\/10\/logo-dark.png","contentUrl":"https:\/\/selleetools.com\/wp-content\/uploads\/2021\/10\/logo-dark.png","width":320,"height":76,"caption":"Selleetools"},"image":{"@id":"https:\/\/selleetools.com\/#\/schema\/logo\/image\/"}},{"@type":"WebSite","@id":"https:\/\/selleetools.com\/#website","url":"https:\/\/selleetools.com\/","name":"Selleetools.com","description":"","publisher":{"@id":"https:\/\/selleetools.com\/#organization"},"potentialAction":[{"@type":"SearchAction","target":{"@type":"EntryPoint","urlTemplate":"https:\/\/selleetools.com\/?s={search_term_string}"},"query-input":"required name=search_term_string"}],"inLanguage":"pl-PL"},{"@type":"WebPage","@id":"https:\/\/admincentral.selleetools.com\/product\/celimax-ji-woo-gae-cica-bha-blemish-toner-pad-60-szt-oczyszczajace-platki-do-twarzy\/","url":"https:\/\/admincentral.selleetools.com\/product\/celimax-ji-woo-gae-cica-bha-blemish-toner-pad-60-szt-oczyszczajace-platki-do-twarzy\/","name":"celimax Ji Woo Gae Cica BHA Blemish Toner Pad 60 szt - oczyszczaj\u0105ce p\u0142atki do twarzy - Selleetools.com","isPartOf":{"@id":"https:\/\/selleetools.com\/#website"},"datePublished":"2025-10-24T12:38:56+00:00","dateModified":"2025-12-02T20:03:09+00:00","breadcrumb":{"@id":"https:\/\/admincentral.selleetools.com\/product\/celimax-ji-woo-gae-cica-bha-blemish-toner-pad-60-szt-oczyszczajace-platki-do-twarzy\/#breadcrumb"},"inLanguage":"pl-PL","potentialAction":[{"@type":"ReadAction","target":["https:\/\/admincentral.selleetools.com\/product\/celimax-ji-woo-gae-cica-bha-blemish-toner-pad-60-szt-oczyszczajace-platki-do-twarzy\/"]}]},{"@type":"BreadcrumbList","@id":"https:\/\/admincentral.selleetools.com\/product\/celimax-ji-woo-gae-cica-bha-blemish-toner-pad-60-szt-oczyszczajace-platki-do-twarzy\/#breadcrumb","itemListElement":[{"@type":"ListItem","position":1,"name":"Home","item":"https:\/\/selleetools.com\/pl\/"},{"@type":"ListItem","position":2,"name":"Katalog","item":"https:\/\/selleetools.com\/pl\/katalog\/"},{"@type":"ListItem","position":3,"name":"celimax Ji Woo Gae Cica BHA Blemish Toner Pad 60 szt &#8211; oczyszczaj\u0105ce p\u0142atki do twarzy"}]}]}},"_links":{"self":[{"href":"https:\/\/admincentral.selleetools.com\/pl\/wp-json\/wp\/v2\/product\/609734"}],"collection":[{"href":"https:\/\/admincentral.selleetools.com\/pl\/wp-json\/wp\/v2\/product"}],"about":[{"href":"https:\/\/admincentral.selleetools.com\/pl\/wp-json\/wp\/v2\/types\/product"}],"replies":[{"embeddable":true,"href":"https:\/\/admincentral.selleetools.com\/pl\/wp-json\/wp\/v2\/comments?post=609734"}],"wp:featuredmedia":[{"embeddable":true,"href":"https:\/\/admincentral.selleetools.com\/pl\/wp-json\/wp\/v2\/media\/609732"}],"wp:attachment":[{"href":"https:\/\/admincentral.selleetools.com\/pl\/wp-json\/wp\/v2\/media?parent=609734"}],"curies":[{"name":"wp","href":"https:\/\/api.w.org\/{rel}","templated":true}]}}