{"id":609749,"date":"2025-10-24T14:39:10","date_gmt":"2025-10-24T12:39:10","guid":{"rendered":"https:\/\/selleetools.com\/?post_type=product&#038;p=609749"},"modified":"2025-12-02T21:07:24","modified_gmt":"2025-12-02T20:07:24","slug":"dr-althea-anastatica-skin-conditioning-pad-65-szt-nawilzajace-platki-do-twarzy","status":"publish","type":"product","link":"https:\/\/admincentral.selleetools.com\/pl\/product\/dr-althea-anastatica-skin-conditioning-pad-65-szt-nawilzajace-platki-do-twarzy\/","title":{"rendered":"Dr.Althea Anastatica Skin Conditioning Pad 65 szt &#8211; nawil\u017caj\u0105ce p\u0142atki do twarzy"},"content":{"rendered":"<p>Dr.Althea Anastatica Skin Conditioning Pad to dwustronne p\u0142atki do piel\u0119gnacji sk\u00f3ry, kt\u00f3re dzia\u0142aj\u0105 wielokierunkowo: nawil\u017caj\u0105c i przygotowuj\u0105c sk\u00f3r\u0119 do kolejnych etap\u00f3w piel\u0119gnacji. Zawiera ekstrakt z r\u00f3\u017cy jerycho\u0144skiej, kt\u00f3ry ma dzia\u0142anie koj\u0105ce i wspomagaj\u0105ce regeneracj\u0119 sk\u00f3ry. Dzi\u0119ki bogatej formule wacik delikatnie oczyszcza, \u0142agodzi podra\u017cnienia oraz przywraca sk\u00f3rze naturaln\u0105 r\u00f3wnowag\u0119.<\/p>\n<p>Korzy\u015bci dla sk\u00f3ry:<br \/>\nWielokierunkowa piel\u0119gnacja \u2013 podw\u00f3jnie stronny pad umo\u017cliwia zar\u00f3wno oczyszczanie, jak i nawil\u017cenie sk\u00f3ry.<br \/>\nUkojenie sk\u00f3ry \u2013 ekstrakt z r\u00f3\u017cy jerycho\u0144skiej wspomaga proces regeneracji, zapewniaj\u0105c ukojenie dla sk\u00f3ry wra\u017cliwej i zm\u0119czonej.<br \/>\nIntensywne nawil\u017cenie \u2013 bogaty sk\u0142ad, w tym kwas hialuronowy, zapewnia d\u0142ugotrwa\u0142e nawil\u017cenie i wyg\u0142adzenie sk\u00f3ry.<br \/>\n\u0141agodzenie podra\u017cnie\u0144 \u2013 ekstrakty ro\u015blinne \u0142agodz\u0105 sk\u00f3r\u0119, redukuj\u0105c zaczerwienienia i inne podra\u017cnienia.<br \/>\nPrzygotowanie sk\u00f3ry do dalszej piel\u0119gnacji \u2013 stosowanie wacik\u00f3w pomaga w lepszym wch\u0142anianiu nast\u0119pnych produkt\u00f3w piel\u0119gnacyjnych.<\/p>\n<p>Spos\u00f3b u\u017cycia:<br \/>\nPo oczyszczeniu twarzy, u\u017cyj wacika jako pierwszy krok w piel\u0119gnacji.<br \/>\nDelikatnie przetrzyj wacikiem ca\u0142\u0105 twarz, omijaj\u0105c okolice oczu.<br \/>\nPozw\u00f3l, aby produkt ca\u0142kowicie si\u0119 wch\u0142on\u0105\u0142.<br \/>\nPo ka\u017cdym u\u017cyciu, dobrze zamknij wieczko, aby zapobiec wysychaniu pad\u00f3w.<\/p>\n","protected":false},"excerpt":{"rendered":"<p>Dr.Althea Anastatica Skin Conditioning Pad to dwustronne p\u0142atki do piel\u0119gnacji sk\u00f3ry, kt\u00f3re dzia\u0142aj\u0105 wielokierunkowo: nawil\u017caj\u0105c i przygotowuj\u0105c sk\u00f3r\u0119 do kolejnych etap\u00f3w piel\u0119gnacji. Zawiera ekstrakt z r\u00f3\u017cy jerycho\u0144skiej, kt\u00f3ry ma dzia\u0142anie koj\u0105ce i wspomagaj\u0105ce regeneracj\u0119 sk\u00f3ry. Dzi\u0119ki bogatej formule wacik delikatnie oczyszcza, \u0142agodzi podra\u017cnienia oraz przywraca sk\u00f3rze naturaln\u0105 r\u00f3wnowag\u0119. Korzy\u015bci dla sk\u00f3ry: Wielokierunkowa piel\u0119gnacja \u2013 podw\u00f3jnie &#8230; <a title=\"Dr.Althea Anastatica Skin Conditioning Pad 65 szt &#8211; nawil\u017caj\u0105ce p\u0142atki do twarzy\" class=\"read-more\" href=\"https:\/\/admincentral.selleetools.com\/pl\/product\/dr-althea-anastatica-skin-conditioning-pad-65-szt-nawilzajace-platki-do-twarzy\/\">Read more<span class=\"screen-reader-text\">Dr.Althea Anastatica Skin Conditioning Pad 65 szt &#8211; nawil\u017caj\u0105ce p\u0142atki do twarzy<\/span><\/a><\/p>\n","protected":false},"featured_media":609747,"comment_status":"open","ping_status":"closed","template":"","meta":{"_links_to":"","_links_to_target":""},"yoast_head":"<!-- This site is optimized with the Yoast SEO plugin v19.4 - https:\/\/yoast.com\/wordpress\/plugins\/seo\/ -->\n<title>Dr.Althea Anastatica Skin Conditioning Pad 65 szt - nawil\u017caj\u0105ce p\u0142atki do twarzy - Selleetools.com<\/title>\n<meta name=\"robots\" content=\"index, follow, max-snippet:-1, max-image-preview:large, max-video-preview:-1\" \/>\n<link rel=\"canonical\" href=\"https:\/\/selleetools.com\/pl\/product\/dr-althea-anastatica-skin-conditioning-pad-65-szt-nawilzajace-platki-do-twarzy\/\" \/>\n<meta property=\"og:locale\" content=\"pl_PL\" \/>\n<meta property=\"og:type\" content=\"article\" \/>\n<meta property=\"og:title\" content=\"Dr.Althea Anastatica Skin Conditioning Pad 65 szt - nawil\u017caj\u0105ce p\u0142atki do twarzy - Selleetools.com\" \/>\n<meta property=\"og:description\" content=\"Dr.Althea Anastatica Skin Conditioning Pad to dwustronne p\u0142atki do piel\u0119gnacji sk\u00f3ry, kt\u00f3re dzia\u0142aj\u0105 wielokierunkowo: nawil\u017caj\u0105c i przygotowuj\u0105c sk\u00f3r\u0119 do kolejnych etap\u00f3w piel\u0119gnacji. Zawiera ekstrakt z r\u00f3\u017cy jerycho\u0144skiej, kt\u00f3ry ma dzia\u0142anie koj\u0105ce i wspomagaj\u0105ce regeneracj\u0119 sk\u00f3ry. Dzi\u0119ki bogatej formule wacik delikatnie oczyszcza, \u0142agodzi podra\u017cnienia oraz przywraca sk\u00f3rze naturaln\u0105 r\u00f3wnowag\u0119. Korzy\u015bci dla sk\u00f3ry: Wielokierunkowa piel\u0119gnacja \u2013 podw\u00f3jnie ... Read moreDr.Althea Anastatica Skin Conditioning Pad 65 szt &#8211; nawil\u017caj\u0105ce p\u0142atki do twarzy\" \/>\n<meta property=\"og:url\" content=\"https:\/\/selleetools.com\/pl\/product\/dr-althea-anastatica-skin-conditioning-pad-65-szt-nawilzajace-platki-do-twarzy\/\" \/>\n<meta property=\"og:site_name\" content=\"Selleetools.com\" \/>\n<meta property=\"article:modified_time\" content=\"2025-12-02T20:07:24+00:00\" \/>\n<meta property=\"og:image\" content=\"https:\/\/selleetools.com\/wp-content\/uploads\/2025\/10\/159a33add46b17905e80586394998bd1.png\" \/>\n\t<meta property=\"og:image:width\" content=\"1200\" \/>\n\t<meta property=\"og:image:height\" content=\"1200\" \/>\n\t<meta property=\"og:image:type\" content=\"image\/png\" \/>\n<meta name=\"twitter:card\" content=\"summary_large_image\" \/>\n<meta name=\"twitter:label1\" content=\"Est. reading time\" \/>\n\t<meta name=\"twitter:data1\" content=\"1 minuta\" \/>\n<!-- \/ Yoast SEO plugin. -->","yoast_head_json":{"title":"Dr.Althea Anastatica Skin Conditioning Pad 65 szt - nawil\u017caj\u0105ce p\u0142atki do twarzy - Selleetools.com","robots":{"index":"index","follow":"follow","max-snippet":"max-snippet:-1","max-image-preview":"max-image-preview:large","max-video-preview":"max-video-preview:-1"},"canonical":"https:\/\/selleetools.com\/pl\/product\/dr-althea-anastatica-skin-conditioning-pad-65-szt-nawilzajace-platki-do-twarzy\/","og_locale":"pl_PL","og_type":"article","og_title":"Dr.Althea Anastatica Skin Conditioning Pad 65 szt - nawil\u017caj\u0105ce p\u0142atki do twarzy - Selleetools.com","og_description":"Dr.Althea Anastatica Skin Conditioning Pad to dwustronne p\u0142atki do piel\u0119gnacji sk\u00f3ry, kt\u00f3re dzia\u0142aj\u0105 wielokierunkowo: nawil\u017caj\u0105c i przygotowuj\u0105c sk\u00f3r\u0119 do kolejnych etap\u00f3w piel\u0119gnacji. Zawiera ekstrakt z r\u00f3\u017cy jerycho\u0144skiej, kt\u00f3ry ma dzia\u0142anie koj\u0105ce i wspomagaj\u0105ce regeneracj\u0119 sk\u00f3ry. Dzi\u0119ki bogatej formule wacik delikatnie oczyszcza, \u0142agodzi podra\u017cnienia oraz przywraca sk\u00f3rze naturaln\u0105 r\u00f3wnowag\u0119. Korzy\u015bci dla sk\u00f3ry: Wielokierunkowa piel\u0119gnacja \u2013 podw\u00f3jnie ... Read moreDr.Althea Anastatica Skin Conditioning Pad 65 szt &#8211; nawil\u017caj\u0105ce p\u0142atki do twarzy","og_url":"https:\/\/selleetools.com\/pl\/product\/dr-althea-anastatica-skin-conditioning-pad-65-szt-nawilzajace-platki-do-twarzy\/","og_site_name":"Selleetools.com","article_modified_time":"2025-12-02T20:07:24+00:00","og_image":[{"width":1200,"height":1200,"url":"https:\/\/selleetools.com\/wp-content\/uploads\/2025\/10\/159a33add46b17905e80586394998bd1.png","type":"image\/png"}],"twitter_card":"summary_large_image","twitter_misc":{"Est. reading time":"1 minuta"},"schema":{"@context":"https:\/\/schema.org","@graph":[{"@type":"Organization","@id":"https:\/\/selleetools.com\/#organization","name":"Selleetools","url":"https:\/\/selleetools.com\/","sameAs":[],"logo":{"@type":"ImageObject","inLanguage":"pl-PL","@id":"https:\/\/selleetools.com\/#\/schema\/logo\/image\/","url":"https:\/\/selleetools.com\/wp-content\/uploads\/2021\/10\/logo-dark.png","contentUrl":"https:\/\/selleetools.com\/wp-content\/uploads\/2021\/10\/logo-dark.png","width":320,"height":76,"caption":"Selleetools"},"image":{"@id":"https:\/\/selleetools.com\/#\/schema\/logo\/image\/"}},{"@type":"WebSite","@id":"https:\/\/selleetools.com\/#website","url":"https:\/\/selleetools.com\/","name":"Selleetools.com","description":"","publisher":{"@id":"https:\/\/selleetools.com\/#organization"},"potentialAction":[{"@type":"SearchAction","target":{"@type":"EntryPoint","urlTemplate":"https:\/\/selleetools.com\/?s={search_term_string}"},"query-input":"required name=search_term_string"}],"inLanguage":"pl-PL"},{"@type":"WebPage","@id":"https:\/\/selleetools.com\/pl\/product\/dr-althea-anastatica-skin-conditioning-pad-65-szt-nawilzajace-platki-do-twarzy\/","url":"https:\/\/selleetools.com\/pl\/product\/dr-althea-anastatica-skin-conditioning-pad-65-szt-nawilzajace-platki-do-twarzy\/","name":"Dr.Althea Anastatica Skin Conditioning Pad 65 szt - nawil\u017caj\u0105ce p\u0142atki do twarzy - Selleetools.com","isPartOf":{"@id":"https:\/\/selleetools.com\/#website"},"datePublished":"2025-10-24T12:39:10+00:00","dateModified":"2025-12-02T20:07:24+00:00","breadcrumb":{"@id":"https:\/\/selleetools.com\/pl\/product\/dr-althea-anastatica-skin-conditioning-pad-65-szt-nawilzajace-platki-do-twarzy\/#breadcrumb"},"inLanguage":"pl-PL","potentialAction":[{"@type":"ReadAction","target":["https:\/\/selleetools.com\/pl\/product\/dr-althea-anastatica-skin-conditioning-pad-65-szt-nawilzajace-platki-do-twarzy\/"]}]},{"@type":"BreadcrumbList","@id":"https:\/\/selleetools.com\/pl\/product\/dr-althea-anastatica-skin-conditioning-pad-65-szt-nawilzajace-platki-do-twarzy\/#breadcrumb","itemListElement":[{"@type":"ListItem","position":1,"name":"Home","item":"https:\/\/selleetools.com\/pl\/"},{"@type":"ListItem","position":2,"name":"Katalog","item":"https:\/\/selleetools.com\/pl\/katalog\/"},{"@type":"ListItem","position":3,"name":"Dr.Althea Anastatica Skin Conditioning Pad 65 szt &#8211; nawil\u017caj\u0105ce p\u0142atki do twarzy"}]}]}},"_links":{"self":[{"href":"https:\/\/admincentral.selleetools.com\/pl\/wp-json\/wp\/v2\/product\/609749"}],"collection":[{"href":"https:\/\/admincentral.selleetools.com\/pl\/wp-json\/wp\/v2\/product"}],"about":[{"href":"https:\/\/admincentral.selleetools.com\/pl\/wp-json\/wp\/v2\/types\/product"}],"replies":[{"embeddable":true,"href":"https:\/\/admincentral.selleetools.com\/pl\/wp-json\/wp\/v2\/comments?post=609749"}],"wp:featuredmedia":[{"embeddable":true,"href":"https:\/\/admincentral.selleetools.com\/pl\/wp-json\/wp\/v2\/media\/609747"}],"wp:attachment":[{"href":"https:\/\/admincentral.selleetools.com\/pl\/wp-json\/wp\/v2\/media?parent=609749"}],"curies":[{"name":"wp","href":"https:\/\/api.w.org\/{rel}","templated":true}]}}