{"id":609773,"date":"2025-10-24T14:39:29","date_gmt":"2025-10-24T12:39:29","guid":{"rendered":"https:\/\/selleetools.com\/?post_type=product&#038;p=609773"},"modified":"2025-11-04T22:08:15","modified_gmt":"2025-11-04T21:08:15","slug":"pyunkang-yul-brightening-line-gift-set-rozjasniajacy-zestaw-kosmetykow-do-twarzy","status":"publish","type":"product","link":"https:\/\/admincentral.selleetools.com\/pl\/product\/pyunkang-yul-brightening-line-gift-set-rozjasniajacy-zestaw-kosmetykow-do-twarzy\/","title":{"rendered":"Pyunkang Yul Brightening Line Gift Set &#8211; rozja\u015bniaj\u0105cy zestaw kosmetyk\u00f3w do twarzy"},"content":{"rendered":"<p>Pyunkang Yul Brightening Line Gift Set to kompleksowy zestaw roz\u015bwietlaj\u0105cy, stworzony z my\u015bl\u0105 o piel\u0119gnacji sk\u00f3ry matowej, pozbawionej blasku i witalno\u015bci. W sk\u0142ad zestawu wchodz\u0105 trzy produkty: tonik 150 ml, serum 30 ml i krem 50 ml, kt\u00f3re wsp\u00f3\u0142pracuj\u0105, aby rozja\u015bnia\u0107 sk\u00f3r\u0119, wyr\u00f3wnywa\u0107 jej koloryt, intensywnie nawil\u017ca\u0107 oraz przywraca\u0107 zdrowy, promienny wygl\u0105d. Formu\u0142y bogate w niacynamid, ekstrakt z pere\u0142, kwas askorbinowy (witamin\u0119 C) oraz kompleks kwasu hialuronowego zapewniaj\u0105 roz\u015bwietlenie, wyg\u0142adzenie i dog\u0142\u0119bne od\u017cywienie sk\u00f3ry, nie pozostawiaj\u0105c t\u0142ustego czy lepkiego wyko\u0144czenia.<\/p>\n<p>Korzy\u015bci dla sk\u00f3ry:<br \/>\nRozja\u015bnienie cery i redukcja oznak zm\u0119czenia<br \/>\nNadanie sk\u00f3rze zdrowego blasku i witalno\u015bci<br \/>\nG\u0142\u0119bokie nawil\u017cenie i od\u017cywienie sk\u00f3ry<br \/>\nWyr\u00f3wnanie kolorytu i poprawa struktury sk\u00f3ry<br \/>\nSk\u00f3ra wyg\u0142adzona, mi\u0119kka i promienna<\/p>\n<p>Spos\u00f3b u\u017cycia:<br \/>\nToner (150 ml): Po oczyszczeniu sk\u00f3ry nanie\u015b tonik na p\u0142atek kosmetyczny lub d\u0142onie i delikatnie wklep w sk\u00f3r\u0119, a\u017c do wch\u0142oni\u0119cia.<br \/>\nSerum (30 ml): Na\u0142\u00f3\u017c kilka kropli serum na twarz i r\u00f3wnomiernie rozprowad\u017a, omijaj\u0105c okolice oczu.<br \/>\nKrem (50 ml): Na koniec na\u0142\u00f3\u017c odpowiedni\u0105 ilo\u015b\u0107 kremu na ca\u0142\u0105 twarz i delikatnie wklep, aby wzmocni\u0107 efekt roz\u015bwietlenia i nawil\u017cenia.<\/p>\n","protected":false},"excerpt":{"rendered":"<p>Pyunkang Yul Brightening Line Gift Set to kompleksowy zestaw roz\u015bwietlaj\u0105cy, stworzony z my\u015bl\u0105 o piel\u0119gnacji sk\u00f3ry matowej, pozbawionej blasku i witalno\u015bci. W sk\u0142ad zestawu wchodz\u0105 trzy produkty: tonik 150 ml, serum 30 ml i krem 50 ml, kt\u00f3re wsp\u00f3\u0142pracuj\u0105, aby rozja\u015bnia\u0107 sk\u00f3r\u0119, wyr\u00f3wnywa\u0107 jej koloryt, intensywnie nawil\u017ca\u0107 oraz przywraca\u0107 zdrowy, promienny wygl\u0105d. Formu\u0142y bogate w &#8230; <a title=\"Pyunkang Yul Brightening Line Gift Set &#8211; rozja\u015bniaj\u0105cy zestaw kosmetyk\u00f3w do twarzy\" class=\"read-more\" href=\"https:\/\/admincentral.selleetools.com\/pl\/product\/pyunkang-yul-brightening-line-gift-set-rozjasniajacy-zestaw-kosmetykow-do-twarzy\/\">Read more<span class=\"screen-reader-text\">Pyunkang Yul Brightening Line Gift Set &#8211; rozja\u015bniaj\u0105cy zestaw kosmetyk\u00f3w do twarzy<\/span><\/a><\/p>\n","protected":false},"featured_media":609771,"comment_status":"open","ping_status":"closed","template":"","meta":{"_links_to":"","_links_to_target":""},"yoast_head":"<!-- This site is optimized with the Yoast SEO plugin v19.4 - https:\/\/yoast.com\/wordpress\/plugins\/seo\/ -->\n<title>Pyunkang Yul Brightening Line Gift Set - rozja\u015bniaj\u0105cy zestaw kosmetyk\u00f3w do twarzy - Selleetools.com<\/title>\n<meta name=\"robots\" content=\"index, follow, max-snippet:-1, max-image-preview:large, max-video-preview:-1\" \/>\n<link rel=\"canonical\" href=\"https:\/\/selleetools.com\/pl\/product\/pyunkang-yul-brightening-line-gift-set-rozjasniajacy-zestaw-kosmetykow-do-twarzy\/\" \/>\n<meta property=\"og:locale\" content=\"pl_PL\" \/>\n<meta property=\"og:type\" content=\"article\" \/>\n<meta property=\"og:title\" content=\"Pyunkang Yul Brightening Line Gift Set - rozja\u015bniaj\u0105cy zestaw kosmetyk\u00f3w do twarzy - Selleetools.com\" \/>\n<meta property=\"og:description\" content=\"Pyunkang Yul Brightening Line Gift Set to kompleksowy zestaw roz\u015bwietlaj\u0105cy, stworzony z my\u015bl\u0105 o piel\u0119gnacji sk\u00f3ry matowej, pozbawionej blasku i witalno\u015bci. W sk\u0142ad zestawu wchodz\u0105 trzy produkty: tonik 150 ml, serum 30 ml i krem 50 ml, kt\u00f3re wsp\u00f3\u0142pracuj\u0105, aby rozja\u015bnia\u0107 sk\u00f3r\u0119, wyr\u00f3wnywa\u0107 jej koloryt, intensywnie nawil\u017ca\u0107 oraz przywraca\u0107 zdrowy, promienny wygl\u0105d. Formu\u0142y bogate w ... Read morePyunkang Yul Brightening Line Gift Set &#8211; rozja\u015bniaj\u0105cy zestaw kosmetyk\u00f3w do twarzy\" \/>\n<meta property=\"og:url\" content=\"https:\/\/selleetools.com\/pl\/product\/pyunkang-yul-brightening-line-gift-set-rozjasniajacy-zestaw-kosmetykow-do-twarzy\/\" \/>\n<meta property=\"og:site_name\" content=\"Selleetools.com\" \/>\n<meta property=\"article:modified_time\" content=\"2025-11-04T21:08:15+00:00\" \/>\n<meta property=\"og:image\" content=\"https:\/\/selleetools.com\/wp-content\/uploads\/2025\/10\/03a1c277233548d18fcc3716ad662068.jpg\" \/>\n\t<meta property=\"og:image:width\" content=\"1200\" \/>\n\t<meta property=\"og:image:height\" content=\"1200\" \/>\n\t<meta property=\"og:image:type\" content=\"image\/jpeg\" \/>\n<meta name=\"twitter:card\" content=\"summary_large_image\" \/>\n<meta name=\"twitter:label1\" content=\"Est. reading time\" \/>\n\t<meta name=\"twitter:data1\" content=\"1 minuta\" \/>\n<!-- \/ Yoast SEO plugin. -->","yoast_head_json":{"title":"Pyunkang Yul Brightening Line Gift Set - rozja\u015bniaj\u0105cy zestaw kosmetyk\u00f3w do twarzy - Selleetools.com","robots":{"index":"index","follow":"follow","max-snippet":"max-snippet:-1","max-image-preview":"max-image-preview:large","max-video-preview":"max-video-preview:-1"},"canonical":"https:\/\/selleetools.com\/pl\/product\/pyunkang-yul-brightening-line-gift-set-rozjasniajacy-zestaw-kosmetykow-do-twarzy\/","og_locale":"pl_PL","og_type":"article","og_title":"Pyunkang Yul Brightening Line Gift Set - rozja\u015bniaj\u0105cy zestaw kosmetyk\u00f3w do twarzy - Selleetools.com","og_description":"Pyunkang Yul Brightening Line Gift Set to kompleksowy zestaw roz\u015bwietlaj\u0105cy, stworzony z my\u015bl\u0105 o piel\u0119gnacji sk\u00f3ry matowej, pozbawionej blasku i witalno\u015bci. W sk\u0142ad zestawu wchodz\u0105 trzy produkty: tonik 150 ml, serum 30 ml i krem 50 ml, kt\u00f3re wsp\u00f3\u0142pracuj\u0105, aby rozja\u015bnia\u0107 sk\u00f3r\u0119, wyr\u00f3wnywa\u0107 jej koloryt, intensywnie nawil\u017ca\u0107 oraz przywraca\u0107 zdrowy, promienny wygl\u0105d. Formu\u0142y bogate w ... Read morePyunkang Yul Brightening Line Gift Set &#8211; rozja\u015bniaj\u0105cy zestaw kosmetyk\u00f3w do twarzy","og_url":"https:\/\/selleetools.com\/pl\/product\/pyunkang-yul-brightening-line-gift-set-rozjasniajacy-zestaw-kosmetykow-do-twarzy\/","og_site_name":"Selleetools.com","article_modified_time":"2025-11-04T21:08:15+00:00","og_image":[{"width":1200,"height":1200,"url":"https:\/\/selleetools.com\/wp-content\/uploads\/2025\/10\/03a1c277233548d18fcc3716ad662068.jpg","type":"image\/jpeg"}],"twitter_card":"summary_large_image","twitter_misc":{"Est. reading time":"1 minuta"},"schema":{"@context":"https:\/\/schema.org","@graph":[{"@type":"Organization","@id":"https:\/\/selleetools.com\/#organization","name":"Selleetools","url":"https:\/\/selleetools.com\/","sameAs":[],"logo":{"@type":"ImageObject","inLanguage":"pl-PL","@id":"https:\/\/selleetools.com\/#\/schema\/logo\/image\/","url":"https:\/\/selleetools.com\/wp-content\/uploads\/2021\/10\/logo-dark.png","contentUrl":"https:\/\/selleetools.com\/wp-content\/uploads\/2021\/10\/logo-dark.png","width":320,"height":76,"caption":"Selleetools"},"image":{"@id":"https:\/\/selleetools.com\/#\/schema\/logo\/image\/"}},{"@type":"WebSite","@id":"https:\/\/selleetools.com\/#website","url":"https:\/\/selleetools.com\/","name":"Selleetools.com","description":"","publisher":{"@id":"https:\/\/selleetools.com\/#organization"},"potentialAction":[{"@type":"SearchAction","target":{"@type":"EntryPoint","urlTemplate":"https:\/\/selleetools.com\/?s={search_term_string}"},"query-input":"required name=search_term_string"}],"inLanguage":"pl-PL"},{"@type":"WebPage","@id":"https:\/\/selleetools.com\/pl\/product\/pyunkang-yul-brightening-line-gift-set-rozjasniajacy-zestaw-kosmetykow-do-twarzy\/","url":"https:\/\/selleetools.com\/pl\/product\/pyunkang-yul-brightening-line-gift-set-rozjasniajacy-zestaw-kosmetykow-do-twarzy\/","name":"Pyunkang Yul Brightening Line Gift Set - rozja\u015bniaj\u0105cy zestaw kosmetyk\u00f3w do twarzy - Selleetools.com","isPartOf":{"@id":"https:\/\/selleetools.com\/#website"},"datePublished":"2025-10-24T12:39:29+00:00","dateModified":"2025-11-04T21:08:15+00:00","breadcrumb":{"@id":"https:\/\/selleetools.com\/pl\/product\/pyunkang-yul-brightening-line-gift-set-rozjasniajacy-zestaw-kosmetykow-do-twarzy\/#breadcrumb"},"inLanguage":"pl-PL","potentialAction":[{"@type":"ReadAction","target":["https:\/\/selleetools.com\/pl\/product\/pyunkang-yul-brightening-line-gift-set-rozjasniajacy-zestaw-kosmetykow-do-twarzy\/"]}]},{"@type":"BreadcrumbList","@id":"https:\/\/selleetools.com\/pl\/product\/pyunkang-yul-brightening-line-gift-set-rozjasniajacy-zestaw-kosmetykow-do-twarzy\/#breadcrumb","itemListElement":[{"@type":"ListItem","position":1,"name":"Home","item":"https:\/\/selleetools.com\/pl\/"},{"@type":"ListItem","position":2,"name":"Katalog","item":"https:\/\/selleetools.com\/pl\/katalog\/"},{"@type":"ListItem","position":3,"name":"Pyunkang Yul Brightening Line Gift Set &#8211; rozja\u015bniaj\u0105cy zestaw kosmetyk\u00f3w do twarzy"}]}]}},"_links":{"self":[{"href":"https:\/\/admincentral.selleetools.com\/pl\/wp-json\/wp\/v2\/product\/609773"}],"collection":[{"href":"https:\/\/admincentral.selleetools.com\/pl\/wp-json\/wp\/v2\/product"}],"about":[{"href":"https:\/\/admincentral.selleetools.com\/pl\/wp-json\/wp\/v2\/types\/product"}],"replies":[{"embeddable":true,"href":"https:\/\/admincentral.selleetools.com\/pl\/wp-json\/wp\/v2\/comments?post=609773"}],"wp:featuredmedia":[{"embeddable":true,"href":"https:\/\/admincentral.selleetools.com\/pl\/wp-json\/wp\/v2\/media\/609771"}],"wp:attachment":[{"href":"https:\/\/admincentral.selleetools.com\/pl\/wp-json\/wp\/v2\/media?parent=609773"}],"curies":[{"name":"wp","href":"https:\/\/api.w.org\/{rel}","templated":true}]}}