{"id":609866,"date":"2025-10-24T14:41:03","date_gmt":"2025-10-24T12:41:03","guid":{"rendered":"https:\/\/selleetools.com\/?post_type=product&#038;p=609866"},"modified":"2025-11-04T22:09:17","modified_gmt":"2025-11-04T21:09:17","slug":"mediheal-collagen-essential-mask-core-firming-24-ml-maska-w-plachcie-z-kolagenem","status":"publish","type":"product","link":"https:\/\/admincentral.selleetools.com\/pl\/product\/mediheal-collagen-essential-mask-core-firming-24-ml-maska-w-plachcie-z-kolagenem\/","title":{"rendered":"MEDIHEAL Collagen Essential Mask Core Firming 24 ml &#8211; maska w p\u0142achcie z kolagenem"},"content":{"rendered":"<p>Mediheal Collagen Essential Mask Core Firming to uj\u0119drniaj\u0105ca maseczka w p\u0142achcie, kt\u00f3ra dzi\u0119ki niskocz\u0105steczkowemu kolagenowi (98% czysto\u015bci) intensywnie wzmacnia i odbudowuje struktur\u0119 sk\u00f3ry, poprawiaj\u0105c jej spr\u0119\u017cysto\u015b\u0107 i elastyczno\u015b\u0107. Zawarte w formule peptydy dzia\u0142aj\u0105 jak lifting w p\u0142achcie \u2013 wyg\u0142adzaj\u0105 drobne zmarszczki, wspieraj\u0105 regeneracj\u0119 i stymuluj\u0105 produkcj\u0119 kolagenu w sk\u00f3rze.<\/p>\n<p>Dodatkowo adenozyna i pantenol \u0142agodz\u0105 podra\u017cnienia oraz wspieraj\u0105 procesy odnowy, a kwas hialuronowy i trehaloza g\u0142\u0119boko nawil\u017caj\u0105, zapewniaj\u0105c efekt mi\u0119kkiej i g\u0142adkiej cery. Maska wzbogacona zosta\u0142a r\u00f3wnie\u017c o olej ze s\u0142odkich migda\u0142\u00f3w oraz ekstrakty ro\u015blinne (m.in. lawendy, pelargonii i mniszka lekarskiego), kt\u00f3re od\u017cywiaj\u0105 sk\u00f3r\u0119 i nadaj\u0105 jej promienny wygl\u0105d.<\/p>\n<p>Korzy\u015bci dla sk\u00f3ry:<br \/>\nSilne uj\u0119drnienie i poprawa elastyczno\u015bci sk\u00f3ry dzi\u0119ki kolagenowi i peptydom<br \/>\nWyg\u0142adzenie i redukcja drobnych zmarszczek<br \/>\nG\u0142\u0119bokie nawil\u017cenie i od\u017cywienie dzi\u0119ki kwasowi hialuronowemu i olejowi ze s\u0142odkich migda\u0142\u00f3w<br \/>\nWzmocnienie bariery ochronnej i regeneracja nask\u00f3rka<br \/>\nSk\u00f3ra staje si\u0119 spr\u0119\u017cysta, wyg\u0142adzona i pe\u0142na blasku<\/p>\n<p>Spos\u00f3b u\u017cycia:<br \/>\nPo oczyszczeniu i stonizowaniu twarzy, na\u0142\u00f3\u017c maseczk\u0119 i dopasuj do kszta\u0142tu twarzy. Pozostaw na 10\u201320 minut, nast\u0119pnie zdejmij i delikatnie wklep pozosta\u0142\u0105 esencj\u0119 a\u017c do ca\u0142kowitego wch\u0142oni\u0119cia. Dla najlepszych efekt\u00f3w stosuj 2\u20133 razy w tygodniu.<\/p>\n","protected":false},"excerpt":{"rendered":"<p>Mediheal Collagen Essential Mask Core Firming to uj\u0119drniaj\u0105ca maseczka w p\u0142achcie, kt\u00f3ra dzi\u0119ki niskocz\u0105steczkowemu kolagenowi (98% czysto\u015bci) intensywnie wzmacnia i odbudowuje struktur\u0119 sk\u00f3ry, poprawiaj\u0105c jej spr\u0119\u017cysto\u015b\u0107 i elastyczno\u015b\u0107. Zawarte w formule peptydy dzia\u0142aj\u0105 jak lifting w p\u0142achcie \u2013 wyg\u0142adzaj\u0105 drobne zmarszczki, wspieraj\u0105 regeneracj\u0119 i stymuluj\u0105 produkcj\u0119 kolagenu w sk\u00f3rze. Dodatkowo adenozyna i pantenol \u0142agodz\u0105 podra\u017cnienia &#8230; <a title=\"MEDIHEAL Collagen Essential Mask Core Firming 24 ml &#8211; maska w p\u0142achcie z kolagenem\" class=\"read-more\" href=\"https:\/\/admincentral.selleetools.com\/pl\/product\/mediheal-collagen-essential-mask-core-firming-24-ml-maska-w-plachcie-z-kolagenem\/\">Read more<span class=\"screen-reader-text\">MEDIHEAL Collagen Essential Mask Core Firming 24 ml &#8211; maska w p\u0142achcie z kolagenem<\/span><\/a><\/p>\n","protected":false},"featured_media":609864,"comment_status":"open","ping_status":"closed","template":"","meta":{"_links_to":"","_links_to_target":""},"yoast_head":"<!-- This site is optimized with the Yoast SEO plugin v19.4 - https:\/\/yoast.com\/wordpress\/plugins\/seo\/ -->\n<title>MEDIHEAL Collagen Essential Mask Core Firming 24 ml - maska w p\u0142achcie z kolagenem - Selleetools.com<\/title>\n<meta name=\"robots\" content=\"index, follow, max-snippet:-1, max-image-preview:large, max-video-preview:-1\" \/>\n<link rel=\"canonical\" href=\"https:\/\/selleetools.com\/product\/mediheal-collagen-essential-mask-core-firming-24-ml-maska-w-plachcie-z-kolagenem\/\" \/>\n<meta property=\"og:locale\" content=\"pl_PL\" \/>\n<meta property=\"og:type\" content=\"article\" \/>\n<meta property=\"og:title\" content=\"MEDIHEAL Collagen Essential Mask Core Firming 24 ml - maska w p\u0142achcie z kolagenem - Selleetools.com\" \/>\n<meta property=\"og:description\" content=\"Mediheal Collagen Essential Mask Core Firming to uj\u0119drniaj\u0105ca maseczka w p\u0142achcie, kt\u00f3ra dzi\u0119ki niskocz\u0105steczkowemu kolagenowi (98% czysto\u015bci) intensywnie wzmacnia i odbudowuje struktur\u0119 sk\u00f3ry, poprawiaj\u0105c jej spr\u0119\u017cysto\u015b\u0107 i elastyczno\u015b\u0107. Zawarte w formule peptydy dzia\u0142aj\u0105 jak lifting w p\u0142achcie \u2013 wyg\u0142adzaj\u0105 drobne zmarszczki, wspieraj\u0105 regeneracj\u0119 i stymuluj\u0105 produkcj\u0119 kolagenu w sk\u00f3rze. Dodatkowo adenozyna i pantenol \u0142agodz\u0105 podra\u017cnienia ... Read moreMEDIHEAL Collagen Essential Mask Core Firming 24 ml &#8211; maska w p\u0142achcie z kolagenem\" \/>\n<meta property=\"og:url\" content=\"https:\/\/selleetools.com\/product\/mediheal-collagen-essential-mask-core-firming-24-ml-maska-w-plachcie-z-kolagenem\/\" \/>\n<meta property=\"og:site_name\" content=\"Selleetools.com\" \/>\n<meta property=\"article:modified_time\" content=\"2025-11-04T21:09:17+00:00\" \/>\n<meta property=\"og:image\" content=\"https:\/\/selleetools.com\/wp-content\/uploads\/2025\/10\/54284c56df9c282b738a2ff801620393.png\" \/>\n\t<meta property=\"og:image:width\" content=\"1200\" \/>\n\t<meta property=\"og:image:height\" content=\"1200\" \/>\n\t<meta property=\"og:image:type\" content=\"image\/png\" \/>\n<meta name=\"twitter:card\" content=\"summary_large_image\" \/>\n<meta name=\"twitter:label1\" content=\"Est. reading time\" \/>\n\t<meta name=\"twitter:data1\" content=\"1 minuta\" \/>\n<!-- \/ Yoast SEO plugin. -->","yoast_head_json":{"title":"MEDIHEAL Collagen Essential Mask Core Firming 24 ml - maska w p\u0142achcie z kolagenem - Selleetools.com","robots":{"index":"index","follow":"follow","max-snippet":"max-snippet:-1","max-image-preview":"max-image-preview:large","max-video-preview":"max-video-preview:-1"},"canonical":"https:\/\/selleetools.com\/product\/mediheal-collagen-essential-mask-core-firming-24-ml-maska-w-plachcie-z-kolagenem\/","og_locale":"pl_PL","og_type":"article","og_title":"MEDIHEAL Collagen Essential Mask Core Firming 24 ml - maska w p\u0142achcie z kolagenem - Selleetools.com","og_description":"Mediheal Collagen Essential Mask Core Firming to uj\u0119drniaj\u0105ca maseczka w p\u0142achcie, kt\u00f3ra dzi\u0119ki niskocz\u0105steczkowemu kolagenowi (98% czysto\u015bci) intensywnie wzmacnia i odbudowuje struktur\u0119 sk\u00f3ry, poprawiaj\u0105c jej spr\u0119\u017cysto\u015b\u0107 i elastyczno\u015b\u0107. Zawarte w formule peptydy dzia\u0142aj\u0105 jak lifting w p\u0142achcie \u2013 wyg\u0142adzaj\u0105 drobne zmarszczki, wspieraj\u0105 regeneracj\u0119 i stymuluj\u0105 produkcj\u0119 kolagenu w sk\u00f3rze. Dodatkowo adenozyna i pantenol \u0142agodz\u0105 podra\u017cnienia ... Read moreMEDIHEAL Collagen Essential Mask Core Firming 24 ml &#8211; maska w p\u0142achcie z kolagenem","og_url":"https:\/\/selleetools.com\/product\/mediheal-collagen-essential-mask-core-firming-24-ml-maska-w-plachcie-z-kolagenem\/","og_site_name":"Selleetools.com","article_modified_time":"2025-11-04T21:09:17+00:00","og_image":[{"width":1200,"height":1200,"url":"https:\/\/selleetools.com\/wp-content\/uploads\/2025\/10\/54284c56df9c282b738a2ff801620393.png","type":"image\/png"}],"twitter_card":"summary_large_image","twitter_misc":{"Est. reading time":"1 minuta"},"schema":{"@context":"https:\/\/schema.org","@graph":[{"@type":"Organization","@id":"https:\/\/selleetools.com\/#organization","name":"Selleetools","url":"https:\/\/selleetools.com\/","sameAs":[],"logo":{"@type":"ImageObject","inLanguage":"pl-PL","@id":"https:\/\/selleetools.com\/#\/schema\/logo\/image\/","url":"https:\/\/selleetools.com\/wp-content\/uploads\/2021\/10\/logo-dark.png","contentUrl":"https:\/\/selleetools.com\/wp-content\/uploads\/2021\/10\/logo-dark.png","width":320,"height":76,"caption":"Selleetools"},"image":{"@id":"https:\/\/selleetools.com\/#\/schema\/logo\/image\/"}},{"@type":"WebSite","@id":"https:\/\/selleetools.com\/#website","url":"https:\/\/selleetools.com\/","name":"Selleetools.com","description":"","publisher":{"@id":"https:\/\/selleetools.com\/#organization"},"potentialAction":[{"@type":"SearchAction","target":{"@type":"EntryPoint","urlTemplate":"https:\/\/selleetools.com\/?s={search_term_string}"},"query-input":"required name=search_term_string"}],"inLanguage":"pl-PL"},{"@type":"WebPage","@id":"https:\/\/selleetools.com\/product\/mediheal-collagen-essential-mask-core-firming-24-ml-maska-w-plachcie-z-kolagenem\/","url":"https:\/\/selleetools.com\/product\/mediheal-collagen-essential-mask-core-firming-24-ml-maska-w-plachcie-z-kolagenem\/","name":"MEDIHEAL Collagen Essential Mask Core Firming 24 ml - maska w p\u0142achcie z kolagenem - Selleetools.com","isPartOf":{"@id":"https:\/\/selleetools.com\/#website"},"datePublished":"2025-10-24T12:41:03+00:00","dateModified":"2025-11-04T21:09:17+00:00","breadcrumb":{"@id":"https:\/\/selleetools.com\/product\/mediheal-collagen-essential-mask-core-firming-24-ml-maska-w-plachcie-z-kolagenem\/#breadcrumb"},"inLanguage":"pl-PL","potentialAction":[{"@type":"ReadAction","target":["https:\/\/selleetools.com\/product\/mediheal-collagen-essential-mask-core-firming-24-ml-maska-w-plachcie-z-kolagenem\/"]}]},{"@type":"BreadcrumbList","@id":"https:\/\/selleetools.com\/product\/mediheal-collagen-essential-mask-core-firming-24-ml-maska-w-plachcie-z-kolagenem\/#breadcrumb","itemListElement":[{"@type":"ListItem","position":1,"name":"Home","item":"https:\/\/selleetools.com\/pl\/"},{"@type":"ListItem","position":2,"name":"Katalog","item":"https:\/\/selleetools.com\/pl\/katalog\/"},{"@type":"ListItem","position":3,"name":"MEDIHEAL Collagen Essential Mask Core Firming 24 ml &#8211; maska w p\u0142achcie z kolagenem"}]}]}},"_links":{"self":[{"href":"https:\/\/admincentral.selleetools.com\/pl\/wp-json\/wp\/v2\/product\/609866"}],"collection":[{"href":"https:\/\/admincentral.selleetools.com\/pl\/wp-json\/wp\/v2\/product"}],"about":[{"href":"https:\/\/admincentral.selleetools.com\/pl\/wp-json\/wp\/v2\/types\/product"}],"replies":[{"embeddable":true,"href":"https:\/\/admincentral.selleetools.com\/pl\/wp-json\/wp\/v2\/comments?post=609866"}],"wp:featuredmedia":[{"embeddable":true,"href":"https:\/\/admincentral.selleetools.com\/pl\/wp-json\/wp\/v2\/media\/609864"}],"wp:attachment":[{"href":"https:\/\/admincentral.selleetools.com\/pl\/wp-json\/wp\/v2\/media?parent=609866"}],"curies":[{"name":"wp","href":"https:\/\/api.w.org\/{rel}","templated":true}]}}