{"id":609878,"date":"2025-10-24T14:41:15","date_gmt":"2025-10-24T12:41:15","guid":{"rendered":"https:\/\/selleetools.com\/?post_type=product&#038;p=609878"},"modified":"2025-11-03T17:01:37","modified_gmt":"2025-11-03T16:01:37","slug":"mediheal-hyaluronate-essential-mask-ultra-hydration-24-ml-maska-w-plachcie-nawilzajaca","status":"publish","type":"product","link":"https:\/\/admincentral.selleetools.com\/pl\/product\/mediheal-hyaluronate-essential-mask-ultra-hydration-24-ml-maska-w-plachcie-nawilzajaca\/","title":{"rendered":"MEDIHEAL Hyaluronate Essential Mask Ultra Hydration 24 ml &#8211; maska w p\u0142achcie nawil\u017caj\u0105ca"},"content":{"rendered":"<p>Nawil\u017caj\u0105ca, wega\u0144ska maseczka w p\u0142achcie z 8 rodzajami kwasu hialuronowego, kt\u00f3ra intensywnie nawil\u017ca, wyg\u0142adza i wzmacnia barier\u0119 ochronn\u0105 sk\u00f3ry. Idealna dla sk\u00f3ry suchej, odwodnionej i wra\u017cliwej.<\/p>\n<p>Korzy\u015bci dla sk\u00f3ry:<br \/>\nNatychmiastowo i d\u0142ugotrwale nawil\u017ca sk\u00f3r\u0119<br \/>\nOdbudowuje warstw\u0119 hydrolipidow\u0105<br \/>\nKoi, regeneruje i \u0142agodzi podra\u017cnienia<br \/>\nPoprawia elastyczno\u015b\u0107, mi\u0119kko\u015b\u0107 i napi\u0119cie sk\u00f3ry, bez uczucia lepko\u015bci,<\/p>\n<p>Spos\u00f3b u\u017cycia:<br \/>\nNa oczyszczon\u0105 twarz na\u0142o\u017cy\u0107 mask\u0119, dopasowuj\u0105c j\u0105 do kszta\u0142tu twarzy z omijaniem okolic oczu i ust. Pozostawi\u0107 na 10\u201320 minut. Po zdj\u0119ciu maski delikatnie wklepa\u0107 pozosta\u0142o\u015b\u0107 esencji w sk\u00f3r\u0119 a\u017c do ca\u0142kowitego wch\u0142oni\u0119cia.<\/p>\n","protected":false},"excerpt":{"rendered":"<p>Nawil\u017caj\u0105ca, wega\u0144ska maseczka w p\u0142achcie z 8 rodzajami kwasu hialuronowego, kt\u00f3ra intensywnie nawil\u017ca, wyg\u0142adza i wzmacnia barier\u0119 ochronn\u0105 sk\u00f3ry. Idealna dla sk\u00f3ry suchej, odwodnionej i wra\u017cliwej. Korzy\u015bci dla sk\u00f3ry: Natychmiastowo i d\u0142ugotrwale nawil\u017ca sk\u00f3r\u0119 Odbudowuje warstw\u0119 hydrolipidow\u0105 Koi, regeneruje i \u0142agodzi podra\u017cnienia Poprawia elastyczno\u015b\u0107, mi\u0119kko\u015b\u0107 i napi\u0119cie sk\u00f3ry, bez uczucia lepko\u015bci, Spos\u00f3b u\u017cycia: Na oczyszczon\u0105 &#8230; <a title=\"MEDIHEAL Hyaluronate Essential Mask Ultra Hydration 24 ml &#8211; maska w p\u0142achcie nawil\u017caj\u0105ca\" class=\"read-more\" href=\"https:\/\/admincentral.selleetools.com\/pl\/product\/mediheal-hyaluronate-essential-mask-ultra-hydration-24-ml-maska-w-plachcie-nawilzajaca\/\">Read more<span class=\"screen-reader-text\">MEDIHEAL Hyaluronate Essential Mask Ultra Hydration 24 ml &#8211; maska w p\u0142achcie nawil\u017caj\u0105ca<\/span><\/a><\/p>\n","protected":false},"featured_media":609876,"comment_status":"open","ping_status":"closed","template":"","meta":{"_links_to":"","_links_to_target":""},"yoast_head":"<!-- This site is optimized with the Yoast SEO plugin v19.4 - https:\/\/yoast.com\/wordpress\/plugins\/seo\/ -->\n<title>MEDIHEAL Hyaluronate Essential Mask Ultra Hydration 24 ml - maska w p\u0142achcie nawil\u017caj\u0105ca - Selleetools.com<\/title>\n<meta name=\"robots\" content=\"index, follow, max-snippet:-1, max-image-preview:large, max-video-preview:-1\" \/>\n<link rel=\"canonical\" href=\"https:\/\/admincentral.selleetools.com\/product\/mediheal-hyaluronate-essential-mask-ultra-hydration-24-ml-maska-w-plachcie-nawilzajaca\/\" \/>\n<meta property=\"og:locale\" content=\"pl_PL\" \/>\n<meta property=\"og:type\" content=\"article\" \/>\n<meta property=\"og:title\" content=\"MEDIHEAL Hyaluronate Essential Mask Ultra Hydration 24 ml - maska w p\u0142achcie nawil\u017caj\u0105ca - Selleetools.com\" \/>\n<meta property=\"og:description\" content=\"Nawil\u017caj\u0105ca, wega\u0144ska maseczka w p\u0142achcie z 8 rodzajami kwasu hialuronowego, kt\u00f3ra intensywnie nawil\u017ca, wyg\u0142adza i wzmacnia barier\u0119 ochronn\u0105 sk\u00f3ry. Idealna dla sk\u00f3ry suchej, odwodnionej i wra\u017cliwej. Korzy\u015bci dla sk\u00f3ry: Natychmiastowo i d\u0142ugotrwale nawil\u017ca sk\u00f3r\u0119 Odbudowuje warstw\u0119 hydrolipidow\u0105 Koi, regeneruje i \u0142agodzi podra\u017cnienia Poprawia elastyczno\u015b\u0107, mi\u0119kko\u015b\u0107 i napi\u0119cie sk\u00f3ry, bez uczucia lepko\u015bci, Spos\u00f3b u\u017cycia: Na oczyszczon\u0105 ... Read moreMEDIHEAL Hyaluronate Essential Mask Ultra Hydration 24 ml &#8211; maska w p\u0142achcie nawil\u017caj\u0105ca\" \/>\n<meta property=\"og:url\" content=\"https:\/\/admincentral.selleetools.com\/product\/mediheal-hyaluronate-essential-mask-ultra-hydration-24-ml-maska-w-plachcie-nawilzajaca\/\" \/>\n<meta property=\"og:site_name\" content=\"Selleetools.com\" \/>\n<meta property=\"article:modified_time\" content=\"2025-11-03T16:01:37+00:00\" \/>\n<meta property=\"og:image\" content=\"https:\/\/selleetools.com\/wp-content\/uploads\/2025\/10\/991085a295ddc3624a4aa19e3ffec038.png\" \/>\n\t<meta property=\"og:image:width\" content=\"1200\" \/>\n\t<meta property=\"og:image:height\" content=\"1200\" \/>\n\t<meta property=\"og:image:type\" content=\"image\/png\" \/>\n<meta name=\"twitter:card\" content=\"summary_large_image\" \/>\n<meta name=\"twitter:label1\" content=\"Est. reading time\" \/>\n\t<meta name=\"twitter:data1\" content=\"1 minuta\" \/>\n<!-- \/ Yoast SEO plugin. -->","yoast_head_json":{"title":"MEDIHEAL Hyaluronate Essential Mask Ultra Hydration 24 ml - maska w p\u0142achcie nawil\u017caj\u0105ca - Selleetools.com","robots":{"index":"index","follow":"follow","max-snippet":"max-snippet:-1","max-image-preview":"max-image-preview:large","max-video-preview":"max-video-preview:-1"},"canonical":"https:\/\/admincentral.selleetools.com\/product\/mediheal-hyaluronate-essential-mask-ultra-hydration-24-ml-maska-w-plachcie-nawilzajaca\/","og_locale":"pl_PL","og_type":"article","og_title":"MEDIHEAL Hyaluronate Essential Mask Ultra Hydration 24 ml - maska w p\u0142achcie nawil\u017caj\u0105ca - Selleetools.com","og_description":"Nawil\u017caj\u0105ca, wega\u0144ska maseczka w p\u0142achcie z 8 rodzajami kwasu hialuronowego, kt\u00f3ra intensywnie nawil\u017ca, wyg\u0142adza i wzmacnia barier\u0119 ochronn\u0105 sk\u00f3ry. Idealna dla sk\u00f3ry suchej, odwodnionej i wra\u017cliwej. Korzy\u015bci dla sk\u00f3ry: Natychmiastowo i d\u0142ugotrwale nawil\u017ca sk\u00f3r\u0119 Odbudowuje warstw\u0119 hydrolipidow\u0105 Koi, regeneruje i \u0142agodzi podra\u017cnienia Poprawia elastyczno\u015b\u0107, mi\u0119kko\u015b\u0107 i napi\u0119cie sk\u00f3ry, bez uczucia lepko\u015bci, Spos\u00f3b u\u017cycia: Na oczyszczon\u0105 ... Read moreMEDIHEAL Hyaluronate Essential Mask Ultra Hydration 24 ml &#8211; maska w p\u0142achcie nawil\u017caj\u0105ca","og_url":"https:\/\/admincentral.selleetools.com\/product\/mediheal-hyaluronate-essential-mask-ultra-hydration-24-ml-maska-w-plachcie-nawilzajaca\/","og_site_name":"Selleetools.com","article_modified_time":"2025-11-03T16:01:37+00:00","og_image":[{"width":1200,"height":1200,"url":"https:\/\/selleetools.com\/wp-content\/uploads\/2025\/10\/991085a295ddc3624a4aa19e3ffec038.png","type":"image\/png"}],"twitter_card":"summary_large_image","twitter_misc":{"Est. reading time":"1 minuta"},"schema":{"@context":"https:\/\/schema.org","@graph":[{"@type":"Organization","@id":"https:\/\/selleetools.com\/#organization","name":"Selleetools","url":"https:\/\/selleetools.com\/","sameAs":[],"logo":{"@type":"ImageObject","inLanguage":"pl-PL","@id":"https:\/\/selleetools.com\/#\/schema\/logo\/image\/","url":"https:\/\/selleetools.com\/wp-content\/uploads\/2021\/10\/logo-dark.png","contentUrl":"https:\/\/selleetools.com\/wp-content\/uploads\/2021\/10\/logo-dark.png","width":320,"height":76,"caption":"Selleetools"},"image":{"@id":"https:\/\/selleetools.com\/#\/schema\/logo\/image\/"}},{"@type":"WebSite","@id":"https:\/\/selleetools.com\/#website","url":"https:\/\/selleetools.com\/","name":"Selleetools.com","description":"","publisher":{"@id":"https:\/\/selleetools.com\/#organization"},"potentialAction":[{"@type":"SearchAction","target":{"@type":"EntryPoint","urlTemplate":"https:\/\/selleetools.com\/?s={search_term_string}"},"query-input":"required name=search_term_string"}],"inLanguage":"pl-PL"},{"@type":"WebPage","@id":"https:\/\/admincentral.selleetools.com\/product\/mediheal-hyaluronate-essential-mask-ultra-hydration-24-ml-maska-w-plachcie-nawilzajaca\/","url":"https:\/\/admincentral.selleetools.com\/product\/mediheal-hyaluronate-essential-mask-ultra-hydration-24-ml-maska-w-plachcie-nawilzajaca\/","name":"MEDIHEAL Hyaluronate Essential Mask Ultra Hydration 24 ml - maska w p\u0142achcie nawil\u017caj\u0105ca - Selleetools.com","isPartOf":{"@id":"https:\/\/selleetools.com\/#website"},"datePublished":"2025-10-24T12:41:15+00:00","dateModified":"2025-11-03T16:01:37+00:00","breadcrumb":{"@id":"https:\/\/admincentral.selleetools.com\/product\/mediheal-hyaluronate-essential-mask-ultra-hydration-24-ml-maska-w-plachcie-nawilzajaca\/#breadcrumb"},"inLanguage":"pl-PL","potentialAction":[{"@type":"ReadAction","target":["https:\/\/admincentral.selleetools.com\/product\/mediheal-hyaluronate-essential-mask-ultra-hydration-24-ml-maska-w-plachcie-nawilzajaca\/"]}]},{"@type":"BreadcrumbList","@id":"https:\/\/admincentral.selleetools.com\/product\/mediheal-hyaluronate-essential-mask-ultra-hydration-24-ml-maska-w-plachcie-nawilzajaca\/#breadcrumb","itemListElement":[{"@type":"ListItem","position":1,"name":"Home","item":"https:\/\/selleetools.com\/pl\/"},{"@type":"ListItem","position":2,"name":"Katalog","item":"https:\/\/selleetools.com\/pl\/katalog\/"},{"@type":"ListItem","position":3,"name":"MEDIHEAL Hyaluronate Essential Mask Ultra Hydration 24 ml &#8211; maska w p\u0142achcie nawil\u017caj\u0105ca"}]}]}},"_links":{"self":[{"href":"https:\/\/admincentral.selleetools.com\/pl\/wp-json\/wp\/v2\/product\/609878"}],"collection":[{"href":"https:\/\/admincentral.selleetools.com\/pl\/wp-json\/wp\/v2\/product"}],"about":[{"href":"https:\/\/admincentral.selleetools.com\/pl\/wp-json\/wp\/v2\/types\/product"}],"replies":[{"embeddable":true,"href":"https:\/\/admincentral.selleetools.com\/pl\/wp-json\/wp\/v2\/comments?post=609878"}],"wp:featuredmedia":[{"embeddable":true,"href":"https:\/\/admincentral.selleetools.com\/pl\/wp-json\/wp\/v2\/media\/609876"}],"wp:attachment":[{"href":"https:\/\/admincentral.selleetools.com\/pl\/wp-json\/wp\/v2\/media?parent=609878"}],"curies":[{"name":"wp","href":"https:\/\/api.w.org\/{rel}","templated":true}]}}