{"id":609881,"date":"2025-10-24T14:41:18","date_gmt":"2025-10-24T12:41:18","guid":{"rendered":"https:\/\/selleetools.com\/?post_type=product&#038;p=609881"},"modified":"2025-11-13T20:04:20","modified_gmt":"2025-11-13T19:04:20","slug":"mediheal-madecassoside-essential-mask-blemish-repair-24-ml-maska-w-plachcie-regenerujaco-lagodzaca","status":"publish","type":"product","link":"https:\/\/admincentral.selleetools.com\/pl\/product\/mediheal-madecassoside-essential-mask-blemish-repair-24-ml-maska-w-plachcie-regenerujaco-lagodzaca\/","title":{"rendered":"MEDIHEAL Madecassoside Essential Mask Blemish Repair 24 ml &#8211; maska w p\u0142achcie regeneruj\u0105co-\u0142agodz\u0105ca"},"content":{"rendered":"<p>Wega\u0144ska maseczka w p\u0142achcie z madecassosidem i kwasem hialuronowym, kt\u00f3ra skutecznie redukuje niedoskona\u0142o\u015bci, koi podra\u017cnienia i wspiera regeneracj\u0119 sk\u00f3ry. Idealna dla cery problematycznej, wra\u017cliwej i os\u0142abionej.<\/p>\n<p>Korzy\u015bci dla sk\u00f3ry:<br \/>\nSzybkie ukojenie i redukcja zaczerwienie\u0144<br \/>\nWsparcie w piel\u0119gnacji sk\u00f3ry tr\u0105dzikowej i problematycznej<br \/>\nNawil\u017cenie i odbudowa bariery ochronnej<br \/>\nPoprawa elastyczno\u015bci i komfortu sk\u00f3ry<\/p>\n<p>Spos\u00f3b u\u017cycia:<br \/>\nNa oczyszczon\u0105 twarz na\u0142o\u017cy\u0107 mask\u0119, dopasowuj\u0105c j\u0105 do kszta\u0142tu twarzy z omijaniem okolic oczu i ust. Pozostawi\u0107 na 10\u201320 minut. Po zdj\u0119ciu maski delikatnie wklepa\u0107 pozosta\u0142o\u015b\u0107 esencji w sk\u00f3r\u0119 a\u017c do ca\u0142kowitego wch\u0142oni\u0119cia.<\/p>\n","protected":false},"excerpt":{"rendered":"<p>Wega\u0144ska maseczka w p\u0142achcie z madecassosidem i kwasem hialuronowym, kt\u00f3ra skutecznie redukuje niedoskona\u0142o\u015bci, koi podra\u017cnienia i wspiera regeneracj\u0119 sk\u00f3ry. Idealna dla cery problematycznej, wra\u017cliwej i os\u0142abionej. Korzy\u015bci dla sk\u00f3ry: Szybkie ukojenie i redukcja zaczerwienie\u0144 Wsparcie w piel\u0119gnacji sk\u00f3ry tr\u0105dzikowej i problematycznej Nawil\u017cenie i odbudowa bariery ochronnej Poprawa elastyczno\u015bci i komfortu sk\u00f3ry Spos\u00f3b u\u017cycia: Na oczyszczon\u0105 &#8230; <a title=\"MEDIHEAL Madecassoside Essential Mask Blemish Repair 24 ml &#8211; maska w p\u0142achcie regeneruj\u0105co-\u0142agodz\u0105ca\" class=\"read-more\" href=\"https:\/\/admincentral.selleetools.com\/pl\/product\/mediheal-madecassoside-essential-mask-blemish-repair-24-ml-maska-w-plachcie-regenerujaco-lagodzaca\/\">Read more<span class=\"screen-reader-text\">MEDIHEAL Madecassoside Essential Mask Blemish Repair 24 ml &#8211; maska w p\u0142achcie regeneruj\u0105co-\u0142agodz\u0105ca<\/span><\/a><\/p>\n","protected":false},"featured_media":609879,"comment_status":"open","ping_status":"closed","template":"","meta":{"_links_to":"","_links_to_target":""},"yoast_head":"<!-- This site is optimized with the Yoast SEO plugin v19.4 - https:\/\/yoast.com\/wordpress\/plugins\/seo\/ -->\n<title>MEDIHEAL Madecassoside Essential Mask Blemish Repair 24 ml - maska w p\u0142achcie regeneruj\u0105co-\u0142agodz\u0105ca - Selleetools.com<\/title>\n<meta name=\"robots\" content=\"index, follow, max-snippet:-1, max-image-preview:large, max-video-preview:-1\" \/>\n<link rel=\"canonical\" href=\"https:\/\/selleetools.com\/product\/mediheal-madecassoside-essential-mask-blemish-repair-24-ml-maska-w-plachcie-regenerujaco-lagodzaca\/\" \/>\n<meta property=\"og:locale\" content=\"pl_PL\" \/>\n<meta property=\"og:type\" content=\"article\" \/>\n<meta property=\"og:title\" content=\"MEDIHEAL Madecassoside Essential Mask Blemish Repair 24 ml - maska w p\u0142achcie regeneruj\u0105co-\u0142agodz\u0105ca - Selleetools.com\" \/>\n<meta property=\"og:description\" content=\"Wega\u0144ska maseczka w p\u0142achcie z madecassosidem i kwasem hialuronowym, kt\u00f3ra skutecznie redukuje niedoskona\u0142o\u015bci, koi podra\u017cnienia i wspiera regeneracj\u0119 sk\u00f3ry. Idealna dla cery problematycznej, wra\u017cliwej i os\u0142abionej. Korzy\u015bci dla sk\u00f3ry: Szybkie ukojenie i redukcja zaczerwienie\u0144 Wsparcie w piel\u0119gnacji sk\u00f3ry tr\u0105dzikowej i problematycznej Nawil\u017cenie i odbudowa bariery ochronnej Poprawa elastyczno\u015bci i komfortu sk\u00f3ry Spos\u00f3b u\u017cycia: Na oczyszczon\u0105 ... Read moreMEDIHEAL Madecassoside Essential Mask Blemish Repair 24 ml &#8211; maska w p\u0142achcie regeneruj\u0105co-\u0142agodz\u0105ca\" \/>\n<meta property=\"og:url\" content=\"https:\/\/selleetools.com\/product\/mediheal-madecassoside-essential-mask-blemish-repair-24-ml-maska-w-plachcie-regenerujaco-lagodzaca\/\" \/>\n<meta property=\"og:site_name\" content=\"Selleetools.com\" \/>\n<meta property=\"article:modified_time\" content=\"2025-11-13T19:04:20+00:00\" \/>\n<meta property=\"og:image\" content=\"https:\/\/selleetools.com\/wp-content\/uploads\/2025\/10\/f0135beb51e4b9b6a62c30ba5b0eae00.png\" \/>\n\t<meta property=\"og:image:width\" content=\"1200\" \/>\n\t<meta property=\"og:image:height\" content=\"1200\" \/>\n\t<meta property=\"og:image:type\" content=\"image\/png\" \/>\n<meta name=\"twitter:card\" content=\"summary_large_image\" \/>\n<meta name=\"twitter:label1\" content=\"Est. reading time\" \/>\n\t<meta name=\"twitter:data1\" content=\"1 minuta\" \/>\n<!-- \/ Yoast SEO plugin. -->","yoast_head_json":{"title":"MEDIHEAL Madecassoside Essential Mask Blemish Repair 24 ml - maska w p\u0142achcie regeneruj\u0105co-\u0142agodz\u0105ca - Selleetools.com","robots":{"index":"index","follow":"follow","max-snippet":"max-snippet:-1","max-image-preview":"max-image-preview:large","max-video-preview":"max-video-preview:-1"},"canonical":"https:\/\/selleetools.com\/product\/mediheal-madecassoside-essential-mask-blemish-repair-24-ml-maska-w-plachcie-regenerujaco-lagodzaca\/","og_locale":"pl_PL","og_type":"article","og_title":"MEDIHEAL Madecassoside Essential Mask Blemish Repair 24 ml - maska w p\u0142achcie regeneruj\u0105co-\u0142agodz\u0105ca - Selleetools.com","og_description":"Wega\u0144ska maseczka w p\u0142achcie z madecassosidem i kwasem hialuronowym, kt\u00f3ra skutecznie redukuje niedoskona\u0142o\u015bci, koi podra\u017cnienia i wspiera regeneracj\u0119 sk\u00f3ry. Idealna dla cery problematycznej, wra\u017cliwej i os\u0142abionej. Korzy\u015bci dla sk\u00f3ry: Szybkie ukojenie i redukcja zaczerwienie\u0144 Wsparcie w piel\u0119gnacji sk\u00f3ry tr\u0105dzikowej i problematycznej Nawil\u017cenie i odbudowa bariery ochronnej Poprawa elastyczno\u015bci i komfortu sk\u00f3ry Spos\u00f3b u\u017cycia: Na oczyszczon\u0105 ... Read moreMEDIHEAL Madecassoside Essential Mask Blemish Repair 24 ml &#8211; maska w p\u0142achcie regeneruj\u0105co-\u0142agodz\u0105ca","og_url":"https:\/\/selleetools.com\/product\/mediheal-madecassoside-essential-mask-blemish-repair-24-ml-maska-w-plachcie-regenerujaco-lagodzaca\/","og_site_name":"Selleetools.com","article_modified_time":"2025-11-13T19:04:20+00:00","og_image":[{"width":1200,"height":1200,"url":"https:\/\/selleetools.com\/wp-content\/uploads\/2025\/10\/f0135beb51e4b9b6a62c30ba5b0eae00.png","type":"image\/png"}],"twitter_card":"summary_large_image","twitter_misc":{"Est. reading time":"1 minuta"},"schema":{"@context":"https:\/\/schema.org","@graph":[{"@type":"Organization","@id":"https:\/\/selleetools.com\/#organization","name":"Selleetools","url":"https:\/\/selleetools.com\/","sameAs":[],"logo":{"@type":"ImageObject","inLanguage":"pl-PL","@id":"https:\/\/selleetools.com\/#\/schema\/logo\/image\/","url":"https:\/\/selleetools.com\/wp-content\/uploads\/2021\/10\/logo-dark.png","contentUrl":"https:\/\/selleetools.com\/wp-content\/uploads\/2021\/10\/logo-dark.png","width":320,"height":76,"caption":"Selleetools"},"image":{"@id":"https:\/\/selleetools.com\/#\/schema\/logo\/image\/"}},{"@type":"WebSite","@id":"https:\/\/selleetools.com\/#website","url":"https:\/\/selleetools.com\/","name":"Selleetools.com","description":"","publisher":{"@id":"https:\/\/selleetools.com\/#organization"},"potentialAction":[{"@type":"SearchAction","target":{"@type":"EntryPoint","urlTemplate":"https:\/\/selleetools.com\/?s={search_term_string}"},"query-input":"required name=search_term_string"}],"inLanguage":"pl-PL"},{"@type":"WebPage","@id":"https:\/\/selleetools.com\/product\/mediheal-madecassoside-essential-mask-blemish-repair-24-ml-maska-w-plachcie-regenerujaco-lagodzaca\/","url":"https:\/\/selleetools.com\/product\/mediheal-madecassoside-essential-mask-blemish-repair-24-ml-maska-w-plachcie-regenerujaco-lagodzaca\/","name":"MEDIHEAL Madecassoside Essential Mask Blemish Repair 24 ml - maska w p\u0142achcie regeneruj\u0105co-\u0142agodz\u0105ca - Selleetools.com","isPartOf":{"@id":"https:\/\/selleetools.com\/#website"},"datePublished":"2025-10-24T12:41:18+00:00","dateModified":"2025-11-13T19:04:20+00:00","breadcrumb":{"@id":"https:\/\/selleetools.com\/product\/mediheal-madecassoside-essential-mask-blemish-repair-24-ml-maska-w-plachcie-regenerujaco-lagodzaca\/#breadcrumb"},"inLanguage":"pl-PL","potentialAction":[{"@type":"ReadAction","target":["https:\/\/selleetools.com\/product\/mediheal-madecassoside-essential-mask-blemish-repair-24-ml-maska-w-plachcie-regenerujaco-lagodzaca\/"]}]},{"@type":"BreadcrumbList","@id":"https:\/\/selleetools.com\/product\/mediheal-madecassoside-essential-mask-blemish-repair-24-ml-maska-w-plachcie-regenerujaco-lagodzaca\/#breadcrumb","itemListElement":[{"@type":"ListItem","position":1,"name":"Home","item":"https:\/\/selleetools.com\/pl\/"},{"@type":"ListItem","position":2,"name":"Katalog","item":"https:\/\/selleetools.com\/pl\/katalog\/"},{"@type":"ListItem","position":3,"name":"MEDIHEAL Madecassoside Essential Mask Blemish Repair 24 ml &#8211; maska w p\u0142achcie regeneruj\u0105co-\u0142agodz\u0105ca"}]}]}},"_links":{"self":[{"href":"https:\/\/admincentral.selleetools.com\/pl\/wp-json\/wp\/v2\/product\/609881"}],"collection":[{"href":"https:\/\/admincentral.selleetools.com\/pl\/wp-json\/wp\/v2\/product"}],"about":[{"href":"https:\/\/admincentral.selleetools.com\/pl\/wp-json\/wp\/v2\/types\/product"}],"replies":[{"embeddable":true,"href":"https:\/\/admincentral.selleetools.com\/pl\/wp-json\/wp\/v2\/comments?post=609881"}],"wp:featuredmedia":[{"embeddable":true,"href":"https:\/\/admincentral.selleetools.com\/pl\/wp-json\/wp\/v2\/media\/609879"}],"wp:attachment":[{"href":"https:\/\/admincentral.selleetools.com\/pl\/wp-json\/wp\/v2\/media?parent=609881"}],"curies":[{"name":"wp","href":"https:\/\/api.w.org\/{rel}","templated":true}]}}