{"id":609932,"date":"2025-10-24T14:41:56","date_gmt":"2025-10-24T12:41:56","guid":{"rendered":"https:\/\/selleetools.com\/?post_type=product&#038;p=609932"},"modified":"2025-12-02T21:06:50","modified_gmt":"2025-12-02T20:06:50","slug":"anua-rice-70-glow-collagen-mask-38-g-kolagenowa-maska-hydrozelowa-do-twarzy","status":"publish","type":"product","link":"https:\/\/admincentral.selleetools.com\/pl\/product\/anua-rice-70-glow-collagen-mask-38-g-kolagenowa-maska-hydrozelowa-do-twarzy\/","title":{"rendered":"Anua Rice 70 Glow Collagen Mask 38 g &#8211; kolagenowa maska hydro\u017celowa do twarzy"},"content":{"rendered":"<p>Maseczka hydro\u017celowa do twarzy oparta na 70% wodzie ry\u017cowej i niskocz\u0105steczkowym kolagenie. Zapewnia intensywne nawil\u017cenie, poprawia elastyczno\u015b\u0107 sk\u00f3ry i przywraca jej naturalny blask. Dzi\u0119ki specjalnej formule maska idealnie przylega do twarzy i stopniowo staje si\u0119 przezroczysta, co \u015bwiadczy o pe\u0142nym wch\u0142oni\u0119ciu sk\u0142adnik\u00f3w aktywnych. Maska wspomaga regeneracj\u0119 sk\u00f3ry, wyg\u0142adza i poprawia jej struktur\u0119, nadaj\u0105c efekt zdrowej, promiennej cery.<\/p>\n<p>Korzy\u015bci dla sk\u00f3ry:<br \/>\nDog\u0142\u0119bnie nawil\u017ca i zmi\u0119kcza sk\u00f3r\u0119<br \/>\nRoz\u015bwietla i wyr\u00f3wnuje koloryt cery<br \/>\nPoprawia j\u0119drno\u015b\u0107 i elastyczno\u015b\u0107<br \/>\nWyg\u0142adza struktur\u0119 sk\u00f3ry i nadaje efekt \u201eglass skin\u201d<br \/>\nMo\u017ce by\u0107 stosowana jako maseczka ca\u0142onocna<\/p>\n<p>Spos\u00f3b u\u017cycia:<br \/>\nPo oczyszczeniu i tonizacji sk\u00f3ry na\u0142\u00f3\u017c mask\u0119 na twarz, dopasowuj\u0105c g\u00f3rn\u0105 i doln\u0105 cz\u0119\u015b\u0107. Pozostaw do momentu, a\u017c stanie si\u0119 przezroczysta. Zdejmij maseczk\u0119 i delikatnie wklep pozosta\u0142o\u015b\u0107 esencji w sk\u00f3r\u0119.<\/p>\n","protected":false},"excerpt":{"rendered":"<p>Maseczka hydro\u017celowa do twarzy oparta na 70% wodzie ry\u017cowej i niskocz\u0105steczkowym kolagenie. Zapewnia intensywne nawil\u017cenie, poprawia elastyczno\u015b\u0107 sk\u00f3ry i przywraca jej naturalny blask. Dzi\u0119ki specjalnej formule maska idealnie przylega do twarzy i stopniowo staje si\u0119 przezroczysta, co \u015bwiadczy o pe\u0142nym wch\u0142oni\u0119ciu sk\u0142adnik\u00f3w aktywnych. Maska wspomaga regeneracj\u0119 sk\u00f3ry, wyg\u0142adza i poprawia jej struktur\u0119, nadaj\u0105c efekt zdrowej, &#8230; <a title=\"Anua Rice 70 Glow Collagen Mask 38 g &#8211; kolagenowa maska hydro\u017celowa do twarzy\" class=\"read-more\" href=\"https:\/\/admincentral.selleetools.com\/pl\/product\/anua-rice-70-glow-collagen-mask-38-g-kolagenowa-maska-hydrozelowa-do-twarzy\/\">Read more<span class=\"screen-reader-text\">Anua Rice 70 Glow Collagen Mask 38 g &#8211; kolagenowa maska hydro\u017celowa do twarzy<\/span><\/a><\/p>\n","protected":false},"featured_media":609930,"comment_status":"open","ping_status":"closed","template":"","meta":{"_links_to":"","_links_to_target":""},"yoast_head":"<!-- This site is optimized with the Yoast SEO plugin v19.4 - https:\/\/yoast.com\/wordpress\/plugins\/seo\/ -->\n<title>Anua Rice 70 Glow Collagen Mask 38 g - kolagenowa maska hydro\u017celowa do twarzy - Selleetools.com<\/title>\n<meta name=\"robots\" content=\"index, follow, max-snippet:-1, max-image-preview:large, max-video-preview:-1\" \/>\n<link rel=\"canonical\" href=\"https:\/\/selleetools.com\/pl\/product\/anua-rice-70-glow-collagen-mask-38-g-kolagenowa-maska-hydrozelowa-do-twarzy\/\" \/>\n<meta property=\"og:locale\" content=\"pl_PL\" \/>\n<meta property=\"og:type\" content=\"article\" \/>\n<meta property=\"og:title\" content=\"Anua Rice 70 Glow Collagen Mask 38 g - kolagenowa maska hydro\u017celowa do twarzy - Selleetools.com\" \/>\n<meta property=\"og:description\" content=\"Maseczka hydro\u017celowa do twarzy oparta na 70% wodzie ry\u017cowej i niskocz\u0105steczkowym kolagenie. Zapewnia intensywne nawil\u017cenie, poprawia elastyczno\u015b\u0107 sk\u00f3ry i przywraca jej naturalny blask. Dzi\u0119ki specjalnej formule maska idealnie przylega do twarzy i stopniowo staje si\u0119 przezroczysta, co \u015bwiadczy o pe\u0142nym wch\u0142oni\u0119ciu sk\u0142adnik\u00f3w aktywnych. Maska wspomaga regeneracj\u0119 sk\u00f3ry, wyg\u0142adza i poprawia jej struktur\u0119, nadaj\u0105c efekt zdrowej, ... Read moreAnua Rice 70 Glow Collagen Mask 38 g &#8211; kolagenowa maska hydro\u017celowa do twarzy\" \/>\n<meta property=\"og:url\" content=\"https:\/\/selleetools.com\/pl\/product\/anua-rice-70-glow-collagen-mask-38-g-kolagenowa-maska-hydrozelowa-do-twarzy\/\" \/>\n<meta property=\"og:site_name\" content=\"Selleetools.com\" \/>\n<meta property=\"article:modified_time\" content=\"2025-12-02T20:06:50+00:00\" \/>\n<meta property=\"og:image\" content=\"https:\/\/selleetools.com\/wp-content\/uploads\/2025\/10\/a95c38939e4f09fb3878bb883a2797ba.png\" \/>\n\t<meta property=\"og:image:width\" content=\"1200\" \/>\n\t<meta property=\"og:image:height\" content=\"1200\" \/>\n\t<meta property=\"og:image:type\" content=\"image\/png\" \/>\n<meta name=\"twitter:card\" content=\"summary_large_image\" \/>\n<meta name=\"twitter:label1\" content=\"Est. reading time\" \/>\n\t<meta name=\"twitter:data1\" content=\"1 minuta\" \/>\n<!-- \/ Yoast SEO plugin. -->","yoast_head_json":{"title":"Anua Rice 70 Glow Collagen Mask 38 g - kolagenowa maska hydro\u017celowa do twarzy - Selleetools.com","robots":{"index":"index","follow":"follow","max-snippet":"max-snippet:-1","max-image-preview":"max-image-preview:large","max-video-preview":"max-video-preview:-1"},"canonical":"https:\/\/selleetools.com\/pl\/product\/anua-rice-70-glow-collagen-mask-38-g-kolagenowa-maska-hydrozelowa-do-twarzy\/","og_locale":"pl_PL","og_type":"article","og_title":"Anua Rice 70 Glow Collagen Mask 38 g - kolagenowa maska hydro\u017celowa do twarzy - Selleetools.com","og_description":"Maseczka hydro\u017celowa do twarzy oparta na 70% wodzie ry\u017cowej i niskocz\u0105steczkowym kolagenie. Zapewnia intensywne nawil\u017cenie, poprawia elastyczno\u015b\u0107 sk\u00f3ry i przywraca jej naturalny blask. Dzi\u0119ki specjalnej formule maska idealnie przylega do twarzy i stopniowo staje si\u0119 przezroczysta, co \u015bwiadczy o pe\u0142nym wch\u0142oni\u0119ciu sk\u0142adnik\u00f3w aktywnych. Maska wspomaga regeneracj\u0119 sk\u00f3ry, wyg\u0142adza i poprawia jej struktur\u0119, nadaj\u0105c efekt zdrowej, ... Read moreAnua Rice 70 Glow Collagen Mask 38 g &#8211; kolagenowa maska hydro\u017celowa do twarzy","og_url":"https:\/\/selleetools.com\/pl\/product\/anua-rice-70-glow-collagen-mask-38-g-kolagenowa-maska-hydrozelowa-do-twarzy\/","og_site_name":"Selleetools.com","article_modified_time":"2025-12-02T20:06:50+00:00","og_image":[{"width":1200,"height":1200,"url":"https:\/\/selleetools.com\/wp-content\/uploads\/2025\/10\/a95c38939e4f09fb3878bb883a2797ba.png","type":"image\/png"}],"twitter_card":"summary_large_image","twitter_misc":{"Est. reading time":"1 minuta"},"schema":{"@context":"https:\/\/schema.org","@graph":[{"@type":"Organization","@id":"https:\/\/selleetools.com\/#organization","name":"Selleetools","url":"https:\/\/selleetools.com\/","sameAs":[],"logo":{"@type":"ImageObject","inLanguage":"pl-PL","@id":"https:\/\/selleetools.com\/#\/schema\/logo\/image\/","url":"https:\/\/selleetools.com\/wp-content\/uploads\/2021\/10\/logo-dark.png","contentUrl":"https:\/\/selleetools.com\/wp-content\/uploads\/2021\/10\/logo-dark.png","width":320,"height":76,"caption":"Selleetools"},"image":{"@id":"https:\/\/selleetools.com\/#\/schema\/logo\/image\/"}},{"@type":"WebSite","@id":"https:\/\/selleetools.com\/#website","url":"https:\/\/selleetools.com\/","name":"Selleetools.com","description":"","publisher":{"@id":"https:\/\/selleetools.com\/#organization"},"potentialAction":[{"@type":"SearchAction","target":{"@type":"EntryPoint","urlTemplate":"https:\/\/selleetools.com\/?s={search_term_string}"},"query-input":"required name=search_term_string"}],"inLanguage":"pl-PL"},{"@type":"WebPage","@id":"https:\/\/selleetools.com\/pl\/product\/anua-rice-70-glow-collagen-mask-38-g-kolagenowa-maska-hydrozelowa-do-twarzy\/","url":"https:\/\/selleetools.com\/pl\/product\/anua-rice-70-glow-collagen-mask-38-g-kolagenowa-maska-hydrozelowa-do-twarzy\/","name":"Anua Rice 70 Glow Collagen Mask 38 g - kolagenowa maska hydro\u017celowa do twarzy - Selleetools.com","isPartOf":{"@id":"https:\/\/selleetools.com\/#website"},"datePublished":"2025-10-24T12:41:56+00:00","dateModified":"2025-12-02T20:06:50+00:00","breadcrumb":{"@id":"https:\/\/selleetools.com\/pl\/product\/anua-rice-70-glow-collagen-mask-38-g-kolagenowa-maska-hydrozelowa-do-twarzy\/#breadcrumb"},"inLanguage":"pl-PL","potentialAction":[{"@type":"ReadAction","target":["https:\/\/selleetools.com\/pl\/product\/anua-rice-70-glow-collagen-mask-38-g-kolagenowa-maska-hydrozelowa-do-twarzy\/"]}]},{"@type":"BreadcrumbList","@id":"https:\/\/selleetools.com\/pl\/product\/anua-rice-70-glow-collagen-mask-38-g-kolagenowa-maska-hydrozelowa-do-twarzy\/#breadcrumb","itemListElement":[{"@type":"ListItem","position":1,"name":"Home","item":"https:\/\/selleetools.com\/pl\/"},{"@type":"ListItem","position":2,"name":"Katalog","item":"https:\/\/selleetools.com\/pl\/katalog\/"},{"@type":"ListItem","position":3,"name":"Anua Rice 70 Glow Collagen Mask 38 g &#8211; kolagenowa maska hydro\u017celowa do twarzy"}]}]}},"_links":{"self":[{"href":"https:\/\/admincentral.selleetools.com\/pl\/wp-json\/wp\/v2\/product\/609932"}],"collection":[{"href":"https:\/\/admincentral.selleetools.com\/pl\/wp-json\/wp\/v2\/product"}],"about":[{"href":"https:\/\/admincentral.selleetools.com\/pl\/wp-json\/wp\/v2\/types\/product"}],"replies":[{"embeddable":true,"href":"https:\/\/admincentral.selleetools.com\/pl\/wp-json\/wp\/v2\/comments?post=609932"}],"wp:featuredmedia":[{"embeddable":true,"href":"https:\/\/admincentral.selleetools.com\/pl\/wp-json\/wp\/v2\/media\/609930"}],"wp:attachment":[{"href":"https:\/\/admincentral.selleetools.com\/pl\/wp-json\/wp\/v2\/media?parent=609932"}],"curies":[{"name":"wp","href":"https:\/\/api.w.org\/{rel}","templated":true}]}}