{"id":609935,"date":"2025-10-24T14:41:59","date_gmt":"2025-10-24T12:41:59","guid":{"rendered":"https:\/\/selleetools.com\/?post_type=product&#038;p=609935"},"modified":"2025-12-02T21:06:48","modified_gmt":"2025-12-02T20:06:48","slug":"iunik-beta-glucan-daily-moisture-cream-mini-15-ml-mini-krem-nawilzajacy","status":"publish","type":"product","link":"https:\/\/admincentral.selleetools.com\/pl\/product\/iunik-beta-glucan-daily-moisture-cream-mini-15-ml-mini-krem-nawilzajacy\/","title":{"rendered":"iUNIK Beta-Glucan Daily Moisture Cream Mini 15 ml &#8211; mini krem nawil\u017caj\u0105cy"},"content":{"rendered":"<p>Ten lekki krem nawil\u017caj\u0105cy zosta\u0142 stworzony z my\u015bl\u0105 o codziennej piel\u0119gnacji ka\u017cdego rodzaju sk\u00f3ry \u2013 szczeg\u00f3lnie suchej, wra\u017cliwej i os\u0142abionej. Dzi\u0119ki wysokiemu st\u0119\u017ceniu beta-glukanu zapewnia intensywne i d\u0142ugotrwa\u0142e nawil\u017cenie, wspieraj\u0105c naturaln\u0105 barier\u0119 ochronn\u0105 sk\u00f3ry. Formu\u0142a zosta\u0142a wzbogacona o ekstrakt z w\u0105kroty azjatyckiej, kt\u00f3ry \u0142agodzi podra\u017cnienia i redukuje zaczerwienienia oraz kompleks owoc\u00f3w czerwonych o w\u0142a\u015bciwo\u015bciach antyoksydacyjnych i odm\u0142adzaj\u0105cych. Krem szybko si\u0119 wch\u0142ania, nie obci\u0105\u017caj\u0105c sk\u00f3ry, i pozostawia j\u0105 mi\u0119kk\u0105, g\u0142adk\u0105 i promienn\u0105.<\/p>\n<p>Korzy\u015bci dla sk\u00f3ry:<br \/>\nG\u0142\u0119bokie i d\u0142ugotrwa\u0142e nawil\u017cenie<br \/>\nRedukcja podra\u017cnie\u0144 i wsparcie regeneracji<br \/>\nWzmocnienie naturalnej bariery ochronnej sk\u00f3ry<br \/>\nPoprawa elastyczno\u015bci i wyg\u0142adzenie drobnych linii<br \/>\nOchrona antyoksydacyjna dzi\u0119ki ekstraktom z czerwonych owoc\u00f3w<\/p>\n<p>Spos\u00f3b u\u017cycia: Na\u0142\u00f3\u017c odpowiedni\u0105 ilo\u015b\u0107 kremu na oczyszczon\u0105 sk\u00f3r\u0119 po zastosowaniu toniku lub serum. Delikatnie wmasuj, a\u017c do pe\u0142nego wch\u0142oni\u0119cia. Stosuj rano i wieczorem.<\/p>\n","protected":false},"excerpt":{"rendered":"<p>Ten lekki krem nawil\u017caj\u0105cy zosta\u0142 stworzony z my\u015bl\u0105 o codziennej piel\u0119gnacji ka\u017cdego rodzaju sk\u00f3ry \u2013 szczeg\u00f3lnie suchej, wra\u017cliwej i os\u0142abionej. Dzi\u0119ki wysokiemu st\u0119\u017ceniu beta-glukanu zapewnia intensywne i d\u0142ugotrwa\u0142e nawil\u017cenie, wspieraj\u0105c naturaln\u0105 barier\u0119 ochronn\u0105 sk\u00f3ry. Formu\u0142a zosta\u0142a wzbogacona o ekstrakt z w\u0105kroty azjatyckiej, kt\u00f3ry \u0142agodzi podra\u017cnienia i redukuje zaczerwienienia oraz kompleks owoc\u00f3w czerwonych o w\u0142a\u015bciwo\u015bciach antyoksydacyjnych &#8230; <a title=\"iUNIK Beta-Glucan Daily Moisture Cream Mini 15 ml &#8211; mini krem nawil\u017caj\u0105cy\" class=\"read-more\" href=\"https:\/\/admincentral.selleetools.com\/pl\/product\/iunik-beta-glucan-daily-moisture-cream-mini-15-ml-mini-krem-nawilzajacy\/\">Read more<span class=\"screen-reader-text\">iUNIK Beta-Glucan Daily Moisture Cream Mini 15 ml &#8211; mini krem nawil\u017caj\u0105cy<\/span><\/a><\/p>\n","protected":false},"featured_media":609933,"comment_status":"open","ping_status":"closed","template":"","meta":{"_links_to":"","_links_to_target":""},"yoast_head":"<!-- This site is optimized with the Yoast SEO plugin v19.4 - https:\/\/yoast.com\/wordpress\/plugins\/seo\/ -->\n<title>iUNIK Beta-Glucan Daily Moisture Cream Mini 15 ml - mini krem nawil\u017caj\u0105cy - Selleetools.com<\/title>\n<meta name=\"robots\" content=\"index, follow, max-snippet:-1, max-image-preview:large, max-video-preview:-1\" \/>\n<link rel=\"canonical\" href=\"https:\/\/admincentral.selleetools.com\/pl\/product\/iunik-beta-glucan-daily-moisture-cream-mini-15-ml-mini-krem-nawilzajacy\/\" \/>\n<meta property=\"og:locale\" content=\"pl_PL\" \/>\n<meta property=\"og:type\" content=\"article\" \/>\n<meta property=\"og:title\" content=\"iUNIK Beta-Glucan Daily Moisture Cream Mini 15 ml - mini krem nawil\u017caj\u0105cy - Selleetools.com\" \/>\n<meta property=\"og:description\" content=\"Ten lekki krem nawil\u017caj\u0105cy zosta\u0142 stworzony z my\u015bl\u0105 o codziennej piel\u0119gnacji ka\u017cdego rodzaju sk\u00f3ry \u2013 szczeg\u00f3lnie suchej, wra\u017cliwej i os\u0142abionej. Dzi\u0119ki wysokiemu st\u0119\u017ceniu beta-glukanu zapewnia intensywne i d\u0142ugotrwa\u0142e nawil\u017cenie, wspieraj\u0105c naturaln\u0105 barier\u0119 ochronn\u0105 sk\u00f3ry. Formu\u0142a zosta\u0142a wzbogacona o ekstrakt z w\u0105kroty azjatyckiej, kt\u00f3ry \u0142agodzi podra\u017cnienia i redukuje zaczerwienienia oraz kompleks owoc\u00f3w czerwonych o w\u0142a\u015bciwo\u015bciach antyoksydacyjnych ... Read moreiUNIK Beta-Glucan Daily Moisture Cream Mini 15 ml &#8211; mini krem nawil\u017caj\u0105cy\" \/>\n<meta property=\"og:url\" content=\"https:\/\/admincentral.selleetools.com\/pl\/product\/iunik-beta-glucan-daily-moisture-cream-mini-15-ml-mini-krem-nawilzajacy\/\" \/>\n<meta property=\"og:site_name\" content=\"Selleetools.com\" \/>\n<meta property=\"article:modified_time\" content=\"2025-12-02T20:06:48+00:00\" \/>\n<meta property=\"og:image\" content=\"https:\/\/selleetools.com\/wp-content\/uploads\/2025\/10\/0b64ec85960700a09570a2c37b67894c.png\" \/>\n\t<meta property=\"og:image:width\" content=\"1200\" \/>\n\t<meta property=\"og:image:height\" content=\"1200\" \/>\n\t<meta property=\"og:image:type\" content=\"image\/png\" \/>\n<meta name=\"twitter:card\" content=\"summary_large_image\" \/>\n<meta name=\"twitter:label1\" content=\"Est. reading time\" \/>\n\t<meta name=\"twitter:data1\" content=\"1 minuta\" \/>\n<!-- \/ Yoast SEO plugin. -->","yoast_head_json":{"title":"iUNIK Beta-Glucan Daily Moisture Cream Mini 15 ml - mini krem nawil\u017caj\u0105cy - Selleetools.com","robots":{"index":"index","follow":"follow","max-snippet":"max-snippet:-1","max-image-preview":"max-image-preview:large","max-video-preview":"max-video-preview:-1"},"canonical":"https:\/\/admincentral.selleetools.com\/pl\/product\/iunik-beta-glucan-daily-moisture-cream-mini-15-ml-mini-krem-nawilzajacy\/","og_locale":"pl_PL","og_type":"article","og_title":"iUNIK Beta-Glucan Daily Moisture Cream Mini 15 ml - mini krem nawil\u017caj\u0105cy - Selleetools.com","og_description":"Ten lekki krem nawil\u017caj\u0105cy zosta\u0142 stworzony z my\u015bl\u0105 o codziennej piel\u0119gnacji ka\u017cdego rodzaju sk\u00f3ry \u2013 szczeg\u00f3lnie suchej, wra\u017cliwej i os\u0142abionej. Dzi\u0119ki wysokiemu st\u0119\u017ceniu beta-glukanu zapewnia intensywne i d\u0142ugotrwa\u0142e nawil\u017cenie, wspieraj\u0105c naturaln\u0105 barier\u0119 ochronn\u0105 sk\u00f3ry. Formu\u0142a zosta\u0142a wzbogacona o ekstrakt z w\u0105kroty azjatyckiej, kt\u00f3ry \u0142agodzi podra\u017cnienia i redukuje zaczerwienienia oraz kompleks owoc\u00f3w czerwonych o w\u0142a\u015bciwo\u015bciach antyoksydacyjnych ... Read moreiUNIK Beta-Glucan Daily Moisture Cream Mini 15 ml &#8211; mini krem nawil\u017caj\u0105cy","og_url":"https:\/\/admincentral.selleetools.com\/pl\/product\/iunik-beta-glucan-daily-moisture-cream-mini-15-ml-mini-krem-nawilzajacy\/","og_site_name":"Selleetools.com","article_modified_time":"2025-12-02T20:06:48+00:00","og_image":[{"width":1200,"height":1200,"url":"https:\/\/selleetools.com\/wp-content\/uploads\/2025\/10\/0b64ec85960700a09570a2c37b67894c.png","type":"image\/png"}],"twitter_card":"summary_large_image","twitter_misc":{"Est. reading time":"1 minuta"},"schema":{"@context":"https:\/\/schema.org","@graph":[{"@type":"Organization","@id":"https:\/\/selleetools.com\/#organization","name":"Selleetools","url":"https:\/\/selleetools.com\/","sameAs":[],"logo":{"@type":"ImageObject","inLanguage":"pl-PL","@id":"https:\/\/selleetools.com\/#\/schema\/logo\/image\/","url":"https:\/\/selleetools.com\/wp-content\/uploads\/2021\/10\/logo-dark.png","contentUrl":"https:\/\/selleetools.com\/wp-content\/uploads\/2021\/10\/logo-dark.png","width":320,"height":76,"caption":"Selleetools"},"image":{"@id":"https:\/\/selleetools.com\/#\/schema\/logo\/image\/"}},{"@type":"WebSite","@id":"https:\/\/selleetools.com\/#website","url":"https:\/\/selleetools.com\/","name":"Selleetools.com","description":"","publisher":{"@id":"https:\/\/selleetools.com\/#organization"},"potentialAction":[{"@type":"SearchAction","target":{"@type":"EntryPoint","urlTemplate":"https:\/\/selleetools.com\/?s={search_term_string}"},"query-input":"required name=search_term_string"}],"inLanguage":"pl-PL"},{"@type":"WebPage","@id":"https:\/\/admincentral.selleetools.com\/pl\/product\/iunik-beta-glucan-daily-moisture-cream-mini-15-ml-mini-krem-nawilzajacy\/","url":"https:\/\/admincentral.selleetools.com\/pl\/product\/iunik-beta-glucan-daily-moisture-cream-mini-15-ml-mini-krem-nawilzajacy\/","name":"iUNIK Beta-Glucan Daily Moisture Cream Mini 15 ml - mini krem nawil\u017caj\u0105cy - Selleetools.com","isPartOf":{"@id":"https:\/\/selleetools.com\/#website"},"datePublished":"2025-10-24T12:41:59+00:00","dateModified":"2025-12-02T20:06:48+00:00","breadcrumb":{"@id":"https:\/\/admincentral.selleetools.com\/pl\/product\/iunik-beta-glucan-daily-moisture-cream-mini-15-ml-mini-krem-nawilzajacy\/#breadcrumb"},"inLanguage":"pl-PL","potentialAction":[{"@type":"ReadAction","target":["https:\/\/admincentral.selleetools.com\/pl\/product\/iunik-beta-glucan-daily-moisture-cream-mini-15-ml-mini-krem-nawilzajacy\/"]}]},{"@type":"BreadcrumbList","@id":"https:\/\/admincentral.selleetools.com\/pl\/product\/iunik-beta-glucan-daily-moisture-cream-mini-15-ml-mini-krem-nawilzajacy\/#breadcrumb","itemListElement":[{"@type":"ListItem","position":1,"name":"Home","item":"https:\/\/selleetools.com\/pl\/"},{"@type":"ListItem","position":2,"name":"Katalog","item":"https:\/\/selleetools.com\/pl\/katalog\/"},{"@type":"ListItem","position":3,"name":"iUNIK Beta-Glucan Daily Moisture Cream Mini 15 ml &#8211; mini krem nawil\u017caj\u0105cy"}]}]}},"_links":{"self":[{"href":"https:\/\/admincentral.selleetools.com\/pl\/wp-json\/wp\/v2\/product\/609935"}],"collection":[{"href":"https:\/\/admincentral.selleetools.com\/pl\/wp-json\/wp\/v2\/product"}],"about":[{"href":"https:\/\/admincentral.selleetools.com\/pl\/wp-json\/wp\/v2\/types\/product"}],"replies":[{"embeddable":true,"href":"https:\/\/admincentral.selleetools.com\/pl\/wp-json\/wp\/v2\/comments?post=609935"}],"wp:featuredmedia":[{"embeddable":true,"href":"https:\/\/admincentral.selleetools.com\/pl\/wp-json\/wp\/v2\/media\/609933"}],"wp:attachment":[{"href":"https:\/\/admincentral.selleetools.com\/pl\/wp-json\/wp\/v2\/media?parent=609935"}],"curies":[{"name":"wp","href":"https:\/\/api.w.org\/{rel}","templated":true}]}}