{"id":609993,"date":"2025-10-24T14:42:57","date_gmt":"2025-10-24T12:42:57","guid":{"rendered":"https:\/\/selleetools.com\/?post_type=product&#038;p=609993"},"modified":"2025-12-02T21:06:46","modified_gmt":"2025-12-02T20:06:46","slug":"marymay-shea-butter-rice-bran-hand-cream-50-ml-bezzapachowy-krem-do-rak","status":"publish","type":"product","link":"https:\/\/admincentral.selleetools.com\/pl\/product\/marymay-shea-butter-rice-bran-hand-cream-50-ml-bezzapachowy-krem-do-rak\/","title":{"rendered":"Mary&#038;May Shea Butter &#038; Rice Bran Hand Cream 50 ml &#8211; bezzapachowy krem do r\u0105k"},"content":{"rendered":"<p>Bogaty, bezzapachowy krem do r\u0105k, kt\u00f3ry skutecznie od\u017cywia i regeneruje such\u0105 sk\u00f3r\u0119, pozostawiaj\u0105c j\u0105 mi\u0119kk\u0105 i g\u0142adk\u0105. Zawarty w formule mas\u0142o shea intensywnie nawil\u017ca i wzmacnia barier\u0119 ochronn\u0105, a ekstrakt z otr\u0119b\u00f3w ry\u017cowych dzia\u0142a koj\u0105co, wspiera regeneracj\u0119 oraz poprawia elastyczno\u015b\u0107 sk\u00f3ry.<br \/>\nLekka, niet\u0142usta konsystencja szybko si\u0119 wch\u0142ania, zapewniaj\u0105c komfort przez ca\u0142y dzie\u0144 \u2013 bez lepkiej warstwy. Dzi\u0119ki pozbawionej zapachu formule krem jest idealny do stosowania w dowolnym momencie, r\u00f3wnie\u017c w pracy czy podczas podr\u00f3\u017cy.<\/p>\n<p>Korzy\u015bci:<br \/>\nD\u0142ugotrwa\u0142e nawil\u017cenie i ochrona przed przesuszeniem<br \/>\nWsparcie regeneracji i poprawa elastyczno\u015bci sk\u00f3ry<br \/>\nWzmocnienie bariery ochronnej d\u0142oni<br \/>\nBezzapachowa formu\u0142a \u2013 odpowiednia tak\u017ce dla sk\u00f3ry wra\u017cliwej<br \/>\n100% wega\u0144ska receptura, cruelty-free<\/p>\n<p>Spos\u00f3b u\u017cycia: Na\u0142\u00f3\u017c odpowiedni\u0105 ilo\u015b\u0107 kremu na czyste d\u0142onie i delikatnie wmasuj. Stosuj tak cz\u0119sto, jak potrzebujesz, aby utrzyma\u0107 optymalny poziom nawil\u017cenia.<\/p>\n","protected":false},"excerpt":{"rendered":"<p>Bogaty, bezzapachowy krem do r\u0105k, kt\u00f3ry skutecznie od\u017cywia i regeneruje such\u0105 sk\u00f3r\u0119, pozostawiaj\u0105c j\u0105 mi\u0119kk\u0105 i g\u0142adk\u0105. Zawarty w formule mas\u0142o shea intensywnie nawil\u017ca i wzmacnia barier\u0119 ochronn\u0105, a ekstrakt z otr\u0119b\u00f3w ry\u017cowych dzia\u0142a koj\u0105co, wspiera regeneracj\u0119 oraz poprawia elastyczno\u015b\u0107 sk\u00f3ry. Lekka, niet\u0142usta konsystencja szybko si\u0119 wch\u0142ania, zapewniaj\u0105c komfort przez ca\u0142y dzie\u0144 \u2013 bez lepkiej &#8230; <a title=\"Mary&#038;May Shea Butter &#038; Rice Bran Hand Cream 50 ml &#8211; bezzapachowy krem do r\u0105k\" class=\"read-more\" href=\"https:\/\/admincentral.selleetools.com\/pl\/product\/marymay-shea-butter-rice-bran-hand-cream-50-ml-bezzapachowy-krem-do-rak\/\">Read more<span class=\"screen-reader-text\">Mary&#038;May Shea Butter &#038; Rice Bran Hand Cream 50 ml &#8211; bezzapachowy krem do r\u0105k<\/span><\/a><\/p>\n","protected":false},"featured_media":609991,"comment_status":"open","ping_status":"closed","template":"","meta":{"_links_to":"","_links_to_target":""},"yoast_head":"<!-- This site is optimized with the Yoast SEO plugin v19.4 - https:\/\/yoast.com\/wordpress\/plugins\/seo\/ -->\n<title>Mary&amp;May Shea Butter &amp; Rice Bran Hand Cream 50 ml - bezzapachowy krem do r\u0105k - Selleetools.com<\/title>\n<meta name=\"robots\" content=\"index, follow, max-snippet:-1, max-image-preview:large, max-video-preview:-1\" \/>\n<link rel=\"canonical\" href=\"https:\/\/selleetools.com\/pl\/product\/marymay-shea-butter-rice-bran-hand-cream-50-ml-bezzapachowy-krem-do-rak\/\" \/>\n<meta property=\"og:locale\" content=\"pl_PL\" \/>\n<meta property=\"og:type\" content=\"article\" \/>\n<meta property=\"og:title\" content=\"Mary&amp;May Shea Butter &amp; Rice Bran Hand Cream 50 ml - bezzapachowy krem do r\u0105k - Selleetools.com\" \/>\n<meta property=\"og:description\" content=\"Bogaty, bezzapachowy krem do r\u0105k, kt\u00f3ry skutecznie od\u017cywia i regeneruje such\u0105 sk\u00f3r\u0119, pozostawiaj\u0105c j\u0105 mi\u0119kk\u0105 i g\u0142adk\u0105. Zawarty w formule mas\u0142o shea intensywnie nawil\u017ca i wzmacnia barier\u0119 ochronn\u0105, a ekstrakt z otr\u0119b\u00f3w ry\u017cowych dzia\u0142a koj\u0105co, wspiera regeneracj\u0119 oraz poprawia elastyczno\u015b\u0107 sk\u00f3ry. Lekka, niet\u0142usta konsystencja szybko si\u0119 wch\u0142ania, zapewniaj\u0105c komfort przez ca\u0142y dzie\u0144 \u2013 bez lepkiej ... Read moreMary&#038;May Shea Butter &#038; Rice Bran Hand Cream 50 ml &#8211; bezzapachowy krem do r\u0105k\" \/>\n<meta property=\"og:url\" content=\"https:\/\/selleetools.com\/pl\/product\/marymay-shea-butter-rice-bran-hand-cream-50-ml-bezzapachowy-krem-do-rak\/\" \/>\n<meta property=\"og:site_name\" content=\"Selleetools.com\" \/>\n<meta property=\"article:modified_time\" content=\"2025-12-02T20:06:46+00:00\" \/>\n<meta property=\"og:image\" content=\"https:\/\/selleetools.com\/wp-content\/uploads\/2025\/10\/a1f62a88153c48a8de99457da7eb4398.png\" \/>\n\t<meta property=\"og:image:width\" content=\"1200\" \/>\n\t<meta property=\"og:image:height\" content=\"1200\" \/>\n\t<meta property=\"og:image:type\" content=\"image\/png\" \/>\n<meta name=\"twitter:card\" content=\"summary_large_image\" \/>\n<meta name=\"twitter:label1\" content=\"Est. reading time\" \/>\n\t<meta name=\"twitter:data1\" content=\"1 minuta\" \/>\n<!-- \/ Yoast SEO plugin. -->","yoast_head_json":{"title":"Mary&May Shea Butter & Rice Bran Hand Cream 50 ml - bezzapachowy krem do r\u0105k - Selleetools.com","robots":{"index":"index","follow":"follow","max-snippet":"max-snippet:-1","max-image-preview":"max-image-preview:large","max-video-preview":"max-video-preview:-1"},"canonical":"https:\/\/selleetools.com\/pl\/product\/marymay-shea-butter-rice-bran-hand-cream-50-ml-bezzapachowy-krem-do-rak\/","og_locale":"pl_PL","og_type":"article","og_title":"Mary&May Shea Butter & Rice Bran Hand Cream 50 ml - bezzapachowy krem do r\u0105k - Selleetools.com","og_description":"Bogaty, bezzapachowy krem do r\u0105k, kt\u00f3ry skutecznie od\u017cywia i regeneruje such\u0105 sk\u00f3r\u0119, pozostawiaj\u0105c j\u0105 mi\u0119kk\u0105 i g\u0142adk\u0105. Zawarty w formule mas\u0142o shea intensywnie nawil\u017ca i wzmacnia barier\u0119 ochronn\u0105, a ekstrakt z otr\u0119b\u00f3w ry\u017cowych dzia\u0142a koj\u0105co, wspiera regeneracj\u0119 oraz poprawia elastyczno\u015b\u0107 sk\u00f3ry. Lekka, niet\u0142usta konsystencja szybko si\u0119 wch\u0142ania, zapewniaj\u0105c komfort przez ca\u0142y dzie\u0144 \u2013 bez lepkiej ... Read moreMary&#038;May Shea Butter &#038; Rice Bran Hand Cream 50 ml &#8211; bezzapachowy krem do r\u0105k","og_url":"https:\/\/selleetools.com\/pl\/product\/marymay-shea-butter-rice-bran-hand-cream-50-ml-bezzapachowy-krem-do-rak\/","og_site_name":"Selleetools.com","article_modified_time":"2025-12-02T20:06:46+00:00","og_image":[{"width":1200,"height":1200,"url":"https:\/\/selleetools.com\/wp-content\/uploads\/2025\/10\/a1f62a88153c48a8de99457da7eb4398.png","type":"image\/png"}],"twitter_card":"summary_large_image","twitter_misc":{"Est. reading time":"1 minuta"},"schema":{"@context":"https:\/\/schema.org","@graph":[{"@type":"Organization","@id":"https:\/\/selleetools.com\/#organization","name":"Selleetools","url":"https:\/\/selleetools.com\/","sameAs":[],"logo":{"@type":"ImageObject","inLanguage":"pl-PL","@id":"https:\/\/selleetools.com\/#\/schema\/logo\/image\/","url":"https:\/\/selleetools.com\/wp-content\/uploads\/2021\/10\/logo-dark.png","contentUrl":"https:\/\/selleetools.com\/wp-content\/uploads\/2021\/10\/logo-dark.png","width":320,"height":76,"caption":"Selleetools"},"image":{"@id":"https:\/\/selleetools.com\/#\/schema\/logo\/image\/"}},{"@type":"WebSite","@id":"https:\/\/selleetools.com\/#website","url":"https:\/\/selleetools.com\/","name":"Selleetools.com","description":"","publisher":{"@id":"https:\/\/selleetools.com\/#organization"},"potentialAction":[{"@type":"SearchAction","target":{"@type":"EntryPoint","urlTemplate":"https:\/\/selleetools.com\/?s={search_term_string}"},"query-input":"required name=search_term_string"}],"inLanguage":"pl-PL"},{"@type":"WebPage","@id":"https:\/\/selleetools.com\/pl\/product\/marymay-shea-butter-rice-bran-hand-cream-50-ml-bezzapachowy-krem-do-rak\/","url":"https:\/\/selleetools.com\/pl\/product\/marymay-shea-butter-rice-bran-hand-cream-50-ml-bezzapachowy-krem-do-rak\/","name":"Mary&May Shea Butter & Rice Bran Hand Cream 50 ml - bezzapachowy krem do r\u0105k - Selleetools.com","isPartOf":{"@id":"https:\/\/selleetools.com\/#website"},"datePublished":"2025-10-24T12:42:57+00:00","dateModified":"2025-12-02T20:06:46+00:00","breadcrumb":{"@id":"https:\/\/selleetools.com\/pl\/product\/marymay-shea-butter-rice-bran-hand-cream-50-ml-bezzapachowy-krem-do-rak\/#breadcrumb"},"inLanguage":"pl-PL","potentialAction":[{"@type":"ReadAction","target":["https:\/\/selleetools.com\/pl\/product\/marymay-shea-butter-rice-bran-hand-cream-50-ml-bezzapachowy-krem-do-rak\/"]}]},{"@type":"BreadcrumbList","@id":"https:\/\/selleetools.com\/pl\/product\/marymay-shea-butter-rice-bran-hand-cream-50-ml-bezzapachowy-krem-do-rak\/#breadcrumb","itemListElement":[{"@type":"ListItem","position":1,"name":"Home","item":"https:\/\/selleetools.com\/pl\/"},{"@type":"ListItem","position":2,"name":"Katalog","item":"https:\/\/selleetools.com\/pl\/katalog\/"},{"@type":"ListItem","position":3,"name":"Mary&#038;May Shea Butter &#038; Rice Bran Hand Cream 50 ml &#8211; bezzapachowy krem do r\u0105k"}]}]}},"_links":{"self":[{"href":"https:\/\/admincentral.selleetools.com\/pl\/wp-json\/wp\/v2\/product\/609993"}],"collection":[{"href":"https:\/\/admincentral.selleetools.com\/pl\/wp-json\/wp\/v2\/product"}],"about":[{"href":"https:\/\/admincentral.selleetools.com\/pl\/wp-json\/wp\/v2\/types\/product"}],"replies":[{"embeddable":true,"href":"https:\/\/admincentral.selleetools.com\/pl\/wp-json\/wp\/v2\/comments?post=609993"}],"wp:featuredmedia":[{"embeddable":true,"href":"https:\/\/admincentral.selleetools.com\/pl\/wp-json\/wp\/v2\/media\/609991"}],"wp:attachment":[{"href":"https:\/\/admincentral.selleetools.com\/pl\/wp-json\/wp\/v2\/media?parent=609993"}],"curies":[{"name":"wp","href":"https:\/\/api.w.org\/{rel}","templated":true}]}}