{"id":609999,"date":"2025-10-24T14:43:03","date_gmt":"2025-10-24T12:43:03","guid":{"rendered":"https:\/\/selleetools.com\/?post_type=product&#038;p=609999"},"modified":"2025-11-04T22:11:31","modified_gmt":"2025-11-04T21:11:31","slug":"cos-de-baha-sh-snail-mucin-hyaluronic-acid-serum-120ml-serum-regenerujace","status":"publish","type":"product","link":"https:\/\/admincentral.selleetools.com\/pl\/product\/cos-de-baha-sh-snail-mucin-hyaluronic-acid-serum-120ml-serum-regenerujace\/","title":{"rendered":"COS DE BAHA &#8211; SH Snail Mucin Hyaluronic Acid Serum 120ml serum regeneruj\u0105ce"},"content":{"rendered":"<p>Skoncentrowane serum oparte na 83% filtracie ze \u015bluzu \u015blimaka, kt\u00f3re intensywnie regeneruje, wyg\u0142adza i wspiera odbudow\u0119 sk\u00f3ry. Po\u0142\u0105czenie niacynamidu, pantenolu, betainy i aloesu wzmacnia barier\u0119 ochronn\u0105, koi podra\u017cnienia i pomaga utrzyma\u0107 r\u00f3wnowag\u0119 sebum. Dodatek kwasu hialuronowego dog\u0142\u0119bnie nawil\u017ca i poprawia elastyczno\u015b\u0107 cery, nadaj\u0105c jej \u015bwie\u017cy, promienny wygl\u0105d. Lekka, wodnista konsystencja szybko si\u0119 wch\u0142ania, pozostawiaj\u0105c sk\u00f3r\u0119 mi\u0119kk\u0105 i od\u017cywion\u0105.<\/p>\n<p>Korzy\u015bci dla sk\u00f3ry<br \/>\nWspiera naturaln\u0105 regeneracj\u0119 i odbudow\u0119 sk\u00f3ry.<br \/>\nDog\u0142\u0119bnie nawil\u017ca, poprawia j\u0119drno\u015b\u0107 i elastyczno\u015b\u0107.<br \/>\nRozja\u015bnia i wyr\u00f3wnuje koloryt cery.<br \/>\nWzmacnia barier\u0119 ochronn\u0105 i reguluje wydzielanie sebum.<br \/>\nKoi podra\u017cnienia, dzia\u0142a przeciwzapalnie i \u0142agodz\u0105co.<br \/>\nPomaga redukowa\u0107 drobne zmarszczki i oznaki starzenia.<\/p>\n<p>Spos\u00f3b u\u017cycia<br \/>\nStosuj codziennie rano i wieczorem. Na\u0142\u00f3\u017c kilka kropli serum na oczyszczon\u0105 i stonizowan\u0105 sk\u00f3r\u0119 twarzy, delikatnie wklep dla lepszego wch\u0142oni\u0119cia. Nast\u0119pnie u\u017cyj kremu nawil\u017caj\u0105cego. W ci\u0105gu dnia obowi\u0105zkowo na\u0142\u00f3\u017c krem z filtrem SPF.<\/p>\n","protected":false},"excerpt":{"rendered":"<p>Skoncentrowane serum oparte na 83% filtracie ze \u015bluzu \u015blimaka, kt\u00f3re intensywnie regeneruje, wyg\u0142adza i wspiera odbudow\u0119 sk\u00f3ry. Po\u0142\u0105czenie niacynamidu, pantenolu, betainy i aloesu wzmacnia barier\u0119 ochronn\u0105, koi podra\u017cnienia i pomaga utrzyma\u0107 r\u00f3wnowag\u0119 sebum. Dodatek kwasu hialuronowego dog\u0142\u0119bnie nawil\u017ca i poprawia elastyczno\u015b\u0107 cery, nadaj\u0105c jej \u015bwie\u017cy, promienny wygl\u0105d. Lekka, wodnista konsystencja szybko si\u0119 wch\u0142ania, pozostawiaj\u0105c sk\u00f3r\u0119 &#8230; <a title=\"COS DE BAHA &#8211; SH Snail Mucin Hyaluronic Acid Serum 120ml serum regeneruj\u0105ce\" class=\"read-more\" href=\"https:\/\/admincentral.selleetools.com\/pl\/product\/cos-de-baha-sh-snail-mucin-hyaluronic-acid-serum-120ml-serum-regenerujace\/\">Read more<span class=\"screen-reader-text\">COS DE BAHA &#8211; SH Snail Mucin Hyaluronic Acid Serum 120ml serum regeneruj\u0105ce<\/span><\/a><\/p>\n","protected":false},"featured_media":609997,"comment_status":"open","ping_status":"closed","template":"","meta":{"_links_to":"","_links_to_target":""},"yoast_head":"<!-- This site is optimized with the Yoast SEO plugin v19.4 - https:\/\/yoast.com\/wordpress\/plugins\/seo\/ -->\n<title>COS DE BAHA - SH Snail Mucin Hyaluronic Acid Serum 120ml serum regeneruj\u0105ce - Selleetools.com<\/title>\n<meta name=\"robots\" content=\"index, follow, max-snippet:-1, max-image-preview:large, max-video-preview:-1\" \/>\n<link rel=\"canonical\" href=\"https:\/\/selleetools.com\/pl\/product\/cos-de-baha-sh-snail-mucin-hyaluronic-acid-serum-120ml-serum-regenerujace\/\" \/>\n<meta property=\"og:locale\" content=\"pl_PL\" \/>\n<meta property=\"og:type\" content=\"article\" \/>\n<meta property=\"og:title\" content=\"COS DE BAHA - SH Snail Mucin Hyaluronic Acid Serum 120ml serum regeneruj\u0105ce - Selleetools.com\" \/>\n<meta property=\"og:description\" content=\"Skoncentrowane serum oparte na 83% filtracie ze \u015bluzu \u015blimaka, kt\u00f3re intensywnie regeneruje, wyg\u0142adza i wspiera odbudow\u0119 sk\u00f3ry. Po\u0142\u0105czenie niacynamidu, pantenolu, betainy i aloesu wzmacnia barier\u0119 ochronn\u0105, koi podra\u017cnienia i pomaga utrzyma\u0107 r\u00f3wnowag\u0119 sebum. Dodatek kwasu hialuronowego dog\u0142\u0119bnie nawil\u017ca i poprawia elastyczno\u015b\u0107 cery, nadaj\u0105c jej \u015bwie\u017cy, promienny wygl\u0105d. Lekka, wodnista konsystencja szybko si\u0119 wch\u0142ania, pozostawiaj\u0105c sk\u00f3r\u0119 ... Read moreCOS DE BAHA &#8211; SH Snail Mucin Hyaluronic Acid Serum 120ml serum regeneruj\u0105ce\" \/>\n<meta property=\"og:url\" content=\"https:\/\/selleetools.com\/pl\/product\/cos-de-baha-sh-snail-mucin-hyaluronic-acid-serum-120ml-serum-regenerujace\/\" \/>\n<meta property=\"og:site_name\" content=\"Selleetools.com\" \/>\n<meta property=\"article:modified_time\" content=\"2025-11-04T21:11:31+00:00\" \/>\n<meta property=\"og:image\" content=\"https:\/\/selleetools.com\/wp-content\/uploads\/2025\/10\/6c0fdcb335f826ecd1b95144d00c6848.png\" \/>\n\t<meta property=\"og:image:width\" content=\"1200\" \/>\n\t<meta property=\"og:image:height\" content=\"1200\" \/>\n\t<meta property=\"og:image:type\" content=\"image\/png\" \/>\n<meta name=\"twitter:card\" content=\"summary_large_image\" \/>\n<meta name=\"twitter:label1\" content=\"Est. reading time\" \/>\n\t<meta name=\"twitter:data1\" content=\"1 minuta\" \/>\n<!-- \/ Yoast SEO plugin. -->","yoast_head_json":{"title":"COS DE BAHA - SH Snail Mucin Hyaluronic Acid Serum 120ml serum regeneruj\u0105ce - Selleetools.com","robots":{"index":"index","follow":"follow","max-snippet":"max-snippet:-1","max-image-preview":"max-image-preview:large","max-video-preview":"max-video-preview:-1"},"canonical":"https:\/\/selleetools.com\/pl\/product\/cos-de-baha-sh-snail-mucin-hyaluronic-acid-serum-120ml-serum-regenerujace\/","og_locale":"pl_PL","og_type":"article","og_title":"COS DE BAHA - SH Snail Mucin Hyaluronic Acid Serum 120ml serum regeneruj\u0105ce - Selleetools.com","og_description":"Skoncentrowane serum oparte na 83% filtracie ze \u015bluzu \u015blimaka, kt\u00f3re intensywnie regeneruje, wyg\u0142adza i wspiera odbudow\u0119 sk\u00f3ry. Po\u0142\u0105czenie niacynamidu, pantenolu, betainy i aloesu wzmacnia barier\u0119 ochronn\u0105, koi podra\u017cnienia i pomaga utrzyma\u0107 r\u00f3wnowag\u0119 sebum. Dodatek kwasu hialuronowego dog\u0142\u0119bnie nawil\u017ca i poprawia elastyczno\u015b\u0107 cery, nadaj\u0105c jej \u015bwie\u017cy, promienny wygl\u0105d. Lekka, wodnista konsystencja szybko si\u0119 wch\u0142ania, pozostawiaj\u0105c sk\u00f3r\u0119 ... Read moreCOS DE BAHA &#8211; SH Snail Mucin Hyaluronic Acid Serum 120ml serum regeneruj\u0105ce","og_url":"https:\/\/selleetools.com\/pl\/product\/cos-de-baha-sh-snail-mucin-hyaluronic-acid-serum-120ml-serum-regenerujace\/","og_site_name":"Selleetools.com","article_modified_time":"2025-11-04T21:11:31+00:00","og_image":[{"width":1200,"height":1200,"url":"https:\/\/selleetools.com\/wp-content\/uploads\/2025\/10\/6c0fdcb335f826ecd1b95144d00c6848.png","type":"image\/png"}],"twitter_card":"summary_large_image","twitter_misc":{"Est. reading time":"1 minuta"},"schema":{"@context":"https:\/\/schema.org","@graph":[{"@type":"Organization","@id":"https:\/\/selleetools.com\/#organization","name":"Selleetools","url":"https:\/\/selleetools.com\/","sameAs":[],"logo":{"@type":"ImageObject","inLanguage":"pl-PL","@id":"https:\/\/selleetools.com\/#\/schema\/logo\/image\/","url":"https:\/\/selleetools.com\/wp-content\/uploads\/2021\/10\/logo-dark.png","contentUrl":"https:\/\/selleetools.com\/wp-content\/uploads\/2021\/10\/logo-dark.png","width":320,"height":76,"caption":"Selleetools"},"image":{"@id":"https:\/\/selleetools.com\/#\/schema\/logo\/image\/"}},{"@type":"WebSite","@id":"https:\/\/selleetools.com\/#website","url":"https:\/\/selleetools.com\/","name":"Selleetools.com","description":"","publisher":{"@id":"https:\/\/selleetools.com\/#organization"},"potentialAction":[{"@type":"SearchAction","target":{"@type":"EntryPoint","urlTemplate":"https:\/\/selleetools.com\/?s={search_term_string}"},"query-input":"required name=search_term_string"}],"inLanguage":"pl-PL"},{"@type":"WebPage","@id":"https:\/\/selleetools.com\/pl\/product\/cos-de-baha-sh-snail-mucin-hyaluronic-acid-serum-120ml-serum-regenerujace\/","url":"https:\/\/selleetools.com\/pl\/product\/cos-de-baha-sh-snail-mucin-hyaluronic-acid-serum-120ml-serum-regenerujace\/","name":"COS DE BAHA - SH Snail Mucin Hyaluronic Acid Serum 120ml serum regeneruj\u0105ce - Selleetools.com","isPartOf":{"@id":"https:\/\/selleetools.com\/#website"},"datePublished":"2025-10-24T12:43:03+00:00","dateModified":"2025-11-04T21:11:31+00:00","breadcrumb":{"@id":"https:\/\/selleetools.com\/pl\/product\/cos-de-baha-sh-snail-mucin-hyaluronic-acid-serum-120ml-serum-regenerujace\/#breadcrumb"},"inLanguage":"pl-PL","potentialAction":[{"@type":"ReadAction","target":["https:\/\/selleetools.com\/pl\/product\/cos-de-baha-sh-snail-mucin-hyaluronic-acid-serum-120ml-serum-regenerujace\/"]}]},{"@type":"BreadcrumbList","@id":"https:\/\/selleetools.com\/pl\/product\/cos-de-baha-sh-snail-mucin-hyaluronic-acid-serum-120ml-serum-regenerujace\/#breadcrumb","itemListElement":[{"@type":"ListItem","position":1,"name":"Home","item":"https:\/\/selleetools.com\/pl\/"},{"@type":"ListItem","position":2,"name":"Katalog","item":"https:\/\/selleetools.com\/pl\/katalog\/"},{"@type":"ListItem","position":3,"name":"COS DE BAHA &#8211; SH Snail Mucin Hyaluronic Acid Serum 120ml serum regeneruj\u0105ce"}]}]}},"_links":{"self":[{"href":"https:\/\/admincentral.selleetools.com\/pl\/wp-json\/wp\/v2\/product\/609999"}],"collection":[{"href":"https:\/\/admincentral.selleetools.com\/pl\/wp-json\/wp\/v2\/product"}],"about":[{"href":"https:\/\/admincentral.selleetools.com\/pl\/wp-json\/wp\/v2\/types\/product"}],"replies":[{"embeddable":true,"href":"https:\/\/admincentral.selleetools.com\/pl\/wp-json\/wp\/v2\/comments?post=609999"}],"wp:featuredmedia":[{"embeddable":true,"href":"https:\/\/admincentral.selleetools.com\/pl\/wp-json\/wp\/v2\/media\/609997"}],"wp:attachment":[{"href":"https:\/\/admincentral.selleetools.com\/pl\/wp-json\/wp\/v2\/media?parent=609999"}],"curies":[{"name":"wp","href":"https:\/\/api.w.org\/{rel}","templated":true}]}}