{"id":610005,"date":"2025-10-24T14:43:08","date_gmt":"2025-10-24T12:43:08","guid":{"rendered":"https:\/\/selleetools.com\/?post_type=product&#038;p=610005"},"modified":"2026-02-13T20:30:15","modified_gmt":"2026-02-13T19:30:15","slug":"cos-de-baha-va-vitamin-c-15-ascorbic-acid-serum-30-ml-rozswietlajace-serum-do-twarzy","status":"publish","type":"product","link":"https:\/\/admincentral.selleetools.com\/pl\/product\/cos-de-baha-va-vitamin-c-15-ascorbic-acid-serum-30-ml-rozswietlajace-serum-do-twarzy\/","title":{"rendered":"COS DE BAHA &#8211; VA Vitamin C 15% Ascorbic Acid Serum, 30 ml &#8211; roz\u015bwietlaj\u0105ce serum do twarzy"},"content":{"rendered":"<p>Skoncentrowane serum z 15% czyst\u0105 witamin\u0105 C i 2% arbutyn\u0105 to skuteczna kuracja dla sk\u00f3ry wymagaj\u0105cej roz\u015bwietlenia i wyr\u00f3wnania kolorytu. Lekka, wodnista formu\u0142a szybko si\u0119 wch\u0142ania, pozostawiaj\u0105c cer\u0119 g\u0142adk\u0105 i pe\u0142n\u0105 blasku. Dzi\u0119ki po\u0142\u0105czeniu antyoksydant\u00f3w i sk\u0142adnik\u00f3w \u0142agodz\u0105cych, serum dzia\u0142a kompleksowo \u2013 poprawia elastyczno\u015b\u0107, redukuje oznaki starzenia i wspiera naturaln\u0105 regeneracj\u0119 sk\u00f3ry.<\/p>\n<p>Korzy\u015bci dla sk\u00f3ry<br \/>\nRozja\u015bnia przebarwienia i wyr\u00f3wnuje koloryt cery.<br \/>\nZmniejsza widoczno\u015b\u0107 zmarszczek i drobnych linii.<br \/>\nChroni przed stresem oksydacyjnym i szkodliwym dzia\u0142aniem \u015brodowiska.<br \/>\nIntensywnie nawil\u017ca i poprawia spr\u0119\u017cysto\u015b\u0107 sk\u00f3ry.<br \/>\n\u0141agodzi podra\u017cnienia i wspiera barier\u0119 ochronn\u0105 nask\u00f3rka.<br \/>\nNadaje sk\u00f3rze zdrowy, promienny wygl\u0105d.<\/p>\n<p>Spos\u00f3b u\u017cycia<br \/>\nPo oczyszczeniu i tonizacji, nanie\u015b kilka kropli serum na sk\u00f3r\u0119 twarzy, szyi i dekoltu. Stosuj codziennie rano i\/lub wieczorem przed na\u0142o\u017ceniem kremu nawil\u017caj\u0105cego. Rano zawsze zabezpiecz sk\u00f3r\u0119 filtrem przeciws\u0142onecznym.<\/p>\n","protected":false},"excerpt":{"rendered":"<p>Skoncentrowane serum z 15% czyst\u0105 witamin\u0105 C i 2% arbutyn\u0105 to skuteczna kuracja dla sk\u00f3ry wymagaj\u0105cej roz\u015bwietlenia i wyr\u00f3wnania kolorytu. Lekka, wodnista formu\u0142a szybko si\u0119 wch\u0142ania, pozostawiaj\u0105c cer\u0119 g\u0142adk\u0105 i pe\u0142n\u0105 blasku. Dzi\u0119ki po\u0142\u0105czeniu antyoksydant\u00f3w i sk\u0142adnik\u00f3w \u0142agodz\u0105cych, serum dzia\u0142a kompleksowo \u2013 poprawia elastyczno\u015b\u0107, redukuje oznaki starzenia i wspiera naturaln\u0105 regeneracj\u0119 sk\u00f3ry. Korzy\u015bci dla sk\u00f3ry &#8230; <a title=\"COS DE BAHA &#8211; VA Vitamin C 15% Ascorbic Acid Serum, 30 ml &#8211; roz\u015bwietlaj\u0105ce serum do twarzy\" class=\"read-more\" href=\"https:\/\/admincentral.selleetools.com\/pl\/product\/cos-de-baha-va-vitamin-c-15-ascorbic-acid-serum-30-ml-rozswietlajace-serum-do-twarzy\/\">Read more<span class=\"screen-reader-text\">COS DE BAHA &#8211; VA Vitamin C 15% Ascorbic Acid Serum, 30 ml &#8211; roz\u015bwietlaj\u0105ce serum do twarzy<\/span><\/a><\/p>\n","protected":false},"featured_media":610003,"comment_status":"open","ping_status":"closed","template":"","meta":{"_links_to":"","_links_to_target":""},"yoast_head":"<!-- This site is optimized with the Yoast SEO plugin v19.4 - https:\/\/yoast.com\/wordpress\/plugins\/seo\/ -->\n<title>COS DE BAHA - VA Vitamin C 15% Ascorbic Acid Serum, 30 ml - roz\u015bwietlaj\u0105ce serum do twarzy - Selleetools.com<\/title>\n<meta name=\"robots\" content=\"index, follow, max-snippet:-1, max-image-preview:large, max-video-preview:-1\" \/>\n<link rel=\"canonical\" href=\"https:\/\/selleetools.com\/pl\/product\/cos-de-baha-va-vitamin-c-15-ascorbic-acid-serum-30-ml-rozswietlajace-serum-do-twarzy\/\" \/>\n<meta property=\"og:locale\" content=\"pl_PL\" \/>\n<meta property=\"og:type\" content=\"article\" \/>\n<meta property=\"og:title\" content=\"COS DE BAHA - VA Vitamin C 15% Ascorbic Acid Serum, 30 ml - roz\u015bwietlaj\u0105ce serum do twarzy - Selleetools.com\" \/>\n<meta property=\"og:description\" content=\"Skoncentrowane serum z 15% czyst\u0105 witamin\u0105 C i 2% arbutyn\u0105 to skuteczna kuracja dla sk\u00f3ry wymagaj\u0105cej roz\u015bwietlenia i wyr\u00f3wnania kolorytu. Lekka, wodnista formu\u0142a szybko si\u0119 wch\u0142ania, pozostawiaj\u0105c cer\u0119 g\u0142adk\u0105 i pe\u0142n\u0105 blasku. Dzi\u0119ki po\u0142\u0105czeniu antyoksydant\u00f3w i sk\u0142adnik\u00f3w \u0142agodz\u0105cych, serum dzia\u0142a kompleksowo \u2013 poprawia elastyczno\u015b\u0107, redukuje oznaki starzenia i wspiera naturaln\u0105 regeneracj\u0119 sk\u00f3ry. Korzy\u015bci dla sk\u00f3ry ... Read moreCOS DE BAHA &#8211; VA Vitamin C 15% Ascorbic Acid Serum, 30 ml &#8211; roz\u015bwietlaj\u0105ce serum do twarzy\" \/>\n<meta property=\"og:url\" content=\"https:\/\/selleetools.com\/pl\/product\/cos-de-baha-va-vitamin-c-15-ascorbic-acid-serum-30-ml-rozswietlajace-serum-do-twarzy\/\" \/>\n<meta property=\"og:site_name\" content=\"Selleetools.com\" \/>\n<meta property=\"article:modified_time\" content=\"2026-02-13T19:30:15+00:00\" \/>\n<meta property=\"og:image\" content=\"https:\/\/selleetools.com\/wp-content\/uploads\/2025\/10\/b3527725763e7574ada581966dc0c54a.png\" \/>\n\t<meta property=\"og:image:width\" content=\"1200\" \/>\n\t<meta property=\"og:image:height\" content=\"1200\" \/>\n\t<meta property=\"og:image:type\" content=\"image\/png\" \/>\n<meta name=\"twitter:card\" content=\"summary_large_image\" \/>\n<meta name=\"twitter:label1\" content=\"Est. reading time\" \/>\n\t<meta name=\"twitter:data1\" content=\"1 minuta\" \/>\n<!-- \/ Yoast SEO plugin. -->","yoast_head_json":{"title":"COS DE BAHA - VA Vitamin C 15% Ascorbic Acid Serum, 30 ml - roz\u015bwietlaj\u0105ce serum do twarzy - Selleetools.com","robots":{"index":"index","follow":"follow","max-snippet":"max-snippet:-1","max-image-preview":"max-image-preview:large","max-video-preview":"max-video-preview:-1"},"canonical":"https:\/\/selleetools.com\/pl\/product\/cos-de-baha-va-vitamin-c-15-ascorbic-acid-serum-30-ml-rozswietlajace-serum-do-twarzy\/","og_locale":"pl_PL","og_type":"article","og_title":"COS DE BAHA - VA Vitamin C 15% Ascorbic Acid Serum, 30 ml - roz\u015bwietlaj\u0105ce serum do twarzy - Selleetools.com","og_description":"Skoncentrowane serum z 15% czyst\u0105 witamin\u0105 C i 2% arbutyn\u0105 to skuteczna kuracja dla sk\u00f3ry wymagaj\u0105cej roz\u015bwietlenia i wyr\u00f3wnania kolorytu. Lekka, wodnista formu\u0142a szybko si\u0119 wch\u0142ania, pozostawiaj\u0105c cer\u0119 g\u0142adk\u0105 i pe\u0142n\u0105 blasku. Dzi\u0119ki po\u0142\u0105czeniu antyoksydant\u00f3w i sk\u0142adnik\u00f3w \u0142agodz\u0105cych, serum dzia\u0142a kompleksowo \u2013 poprawia elastyczno\u015b\u0107, redukuje oznaki starzenia i wspiera naturaln\u0105 regeneracj\u0119 sk\u00f3ry. Korzy\u015bci dla sk\u00f3ry ... Read moreCOS DE BAHA &#8211; VA Vitamin C 15% Ascorbic Acid Serum, 30 ml &#8211; roz\u015bwietlaj\u0105ce serum do twarzy","og_url":"https:\/\/selleetools.com\/pl\/product\/cos-de-baha-va-vitamin-c-15-ascorbic-acid-serum-30-ml-rozswietlajace-serum-do-twarzy\/","og_site_name":"Selleetools.com","article_modified_time":"2026-02-13T19:30:15+00:00","og_image":[{"width":1200,"height":1200,"url":"https:\/\/selleetools.com\/wp-content\/uploads\/2025\/10\/b3527725763e7574ada581966dc0c54a.png","type":"image\/png"}],"twitter_card":"summary_large_image","twitter_misc":{"Est. reading time":"1 minuta"},"schema":{"@context":"https:\/\/schema.org","@graph":[{"@type":"Organization","@id":"https:\/\/selleetools.com\/#organization","name":"Selleetools","url":"https:\/\/selleetools.com\/","sameAs":[],"logo":{"@type":"ImageObject","inLanguage":"pl-PL","@id":"https:\/\/selleetools.com\/#\/schema\/logo\/image\/","url":"https:\/\/selleetools.com\/wp-content\/uploads\/2021\/10\/logo-dark.png","contentUrl":"https:\/\/selleetools.com\/wp-content\/uploads\/2021\/10\/logo-dark.png","width":320,"height":76,"caption":"Selleetools"},"image":{"@id":"https:\/\/selleetools.com\/#\/schema\/logo\/image\/"}},{"@type":"WebSite","@id":"https:\/\/selleetools.com\/#website","url":"https:\/\/selleetools.com\/","name":"Selleetools.com","description":"","publisher":{"@id":"https:\/\/selleetools.com\/#organization"},"potentialAction":[{"@type":"SearchAction","target":{"@type":"EntryPoint","urlTemplate":"https:\/\/selleetools.com\/?s={search_term_string}"},"query-input":"required name=search_term_string"}],"inLanguage":"pl-PL"},{"@type":"WebPage","@id":"https:\/\/selleetools.com\/pl\/product\/cos-de-baha-va-vitamin-c-15-ascorbic-acid-serum-30-ml-rozswietlajace-serum-do-twarzy\/","url":"https:\/\/selleetools.com\/pl\/product\/cos-de-baha-va-vitamin-c-15-ascorbic-acid-serum-30-ml-rozswietlajace-serum-do-twarzy\/","name":"COS DE BAHA - VA Vitamin C 15% Ascorbic Acid Serum, 30 ml - roz\u015bwietlaj\u0105ce serum do twarzy - Selleetools.com","isPartOf":{"@id":"https:\/\/selleetools.com\/#website"},"datePublished":"2025-10-24T12:43:08+00:00","dateModified":"2026-02-13T19:30:15+00:00","breadcrumb":{"@id":"https:\/\/selleetools.com\/pl\/product\/cos-de-baha-va-vitamin-c-15-ascorbic-acid-serum-30-ml-rozswietlajace-serum-do-twarzy\/#breadcrumb"},"inLanguage":"pl-PL","potentialAction":[{"@type":"ReadAction","target":["https:\/\/selleetools.com\/pl\/product\/cos-de-baha-va-vitamin-c-15-ascorbic-acid-serum-30-ml-rozswietlajace-serum-do-twarzy\/"]}]},{"@type":"BreadcrumbList","@id":"https:\/\/selleetools.com\/pl\/product\/cos-de-baha-va-vitamin-c-15-ascorbic-acid-serum-30-ml-rozswietlajace-serum-do-twarzy\/#breadcrumb","itemListElement":[{"@type":"ListItem","position":1,"name":"Home","item":"https:\/\/selleetools.com\/pl\/"},{"@type":"ListItem","position":2,"name":"Katalog","item":"https:\/\/selleetools.com\/pl\/katalog\/"},{"@type":"ListItem","position":3,"name":"COS DE BAHA &#8211; VA Vitamin C 15% Ascorbic Acid Serum, 30 ml &#8211; roz\u015bwietlaj\u0105ce serum do twarzy"}]}]}},"_links":{"self":[{"href":"https:\/\/admincentral.selleetools.com\/pl\/wp-json\/wp\/v2\/product\/610005"}],"collection":[{"href":"https:\/\/admincentral.selleetools.com\/pl\/wp-json\/wp\/v2\/product"}],"about":[{"href":"https:\/\/admincentral.selleetools.com\/pl\/wp-json\/wp\/v2\/types\/product"}],"replies":[{"embeddable":true,"href":"https:\/\/admincentral.selleetools.com\/pl\/wp-json\/wp\/v2\/comments?post=610005"}],"wp:featuredmedia":[{"embeddable":true,"href":"https:\/\/admincentral.selleetools.com\/pl\/wp-json\/wp\/v2\/media\/610003"}],"wp:attachment":[{"href":"https:\/\/admincentral.selleetools.com\/pl\/wp-json\/wp\/v2\/media?parent=610005"}],"curies":[{"name":"wp","href":"https:\/\/api.w.org\/{rel}","templated":true}]}}