{"id":610008,"date":"2025-10-24T14:43:12","date_gmt":"2025-10-24T12:43:12","guid":{"rendered":"https:\/\/selleetools.com\/?post_type=product&#038;p=610008"},"modified":"2025-11-04T22:12:16","modified_gmt":"2025-11-04T21:12:16","slug":"cos-de-baha-vitamin-c-msm-serum-30ml-rozjasniajace-serum-do-twarzy","status":"publish","type":"product","link":"https:\/\/admincentral.selleetools.com\/pl\/product\/cos-de-baha-vitamin-c-msm-serum-30ml-rozjasniajace-serum-do-twarzy\/","title":{"rendered":"COS DE BAHA &#8211; Vitamin C MSM Serum, 30ml rozja\u015bniaj\u0105ce serum do twarzy"},"content":{"rendered":"<p>Lekka, wodnista formu\u0142a serum VM \u0142\u0105czy stabiln\u0105 pochodn\u0105 witaminy C  z organiczn\u0105 siark\u0105 MSM, witamin\u0105 E i kwasem ferulowym. Serum nie tylko skutecznie rozja\u015bnia przebarwienia i wyr\u00f3wnuje koloryt sk\u00f3ry, ale r\u00f3wnie\u017c wspiera regeneracj\u0119, \u0142agodzi i wzmacnia barier\u0119 ochronn\u0105. Idealne nawet dla cery wra\u017cliwej \u2013 pozostawia sk\u00f3r\u0119 g\u0142adk\u0105, zdrow\u0105 i pe\u0142n\u0105 blasku.<\/p>\n<p>Korzy\u015bci dla sk\u00f3ry:<br \/>\nRoz\u015bwietla i wyr\u00f3wnuje koloryt cery.<br \/>\nChroni przed stresem oksydacyjnym i szkodliwymi czynnikami \u015brodowiska.<br \/>\nWspiera regeneracj\u0119 i procesy naprawcze sk\u00f3ry.<br \/>\nRedukuje zaczerwienienia i podra\u017cnienia.<br \/>\nNawil\u017ca, wyg\u0142adza i wzmacnia barier\u0119 ochronn\u0105.<br \/>\nOdpowiednie dla sk\u00f3ry wra\u017cliwej.<\/p>\n<p>Spos\u00f3b u\u017cycia: Po oczyszczeniu i tonizacji, nanie\u015b kilka kropli serum na twarz, szyj\u0119 i dekolt. Stosuj codziennie rano i\/lub wieczorem przed kremem nawil\u017caj\u0105cym. Rano zabezpiecz sk\u00f3r\u0119 filtrem przeciws\u0142onecznym.<\/p>\n","protected":false},"excerpt":{"rendered":"<p>Lekka, wodnista formu\u0142a serum VM \u0142\u0105czy stabiln\u0105 pochodn\u0105 witaminy C z organiczn\u0105 siark\u0105 MSM, witamin\u0105 E i kwasem ferulowym. Serum nie tylko skutecznie rozja\u015bnia przebarwienia i wyr\u00f3wnuje koloryt sk\u00f3ry, ale r\u00f3wnie\u017c wspiera regeneracj\u0119, \u0142agodzi i wzmacnia barier\u0119 ochronn\u0105. Idealne nawet dla cery wra\u017cliwej \u2013 pozostawia sk\u00f3r\u0119 g\u0142adk\u0105, zdrow\u0105 i pe\u0142n\u0105 blasku. Korzy\u015bci dla sk\u00f3ry: Roz\u015bwietla &#8230; <a title=\"COS DE BAHA &#8211; Vitamin C MSM Serum, 30ml rozja\u015bniaj\u0105ce serum do twarzy\" class=\"read-more\" href=\"https:\/\/admincentral.selleetools.com\/pl\/product\/cos-de-baha-vitamin-c-msm-serum-30ml-rozjasniajace-serum-do-twarzy\/\">Read more<span class=\"screen-reader-text\">COS DE BAHA &#8211; Vitamin C MSM Serum, 30ml rozja\u015bniaj\u0105ce serum do twarzy<\/span><\/a><\/p>\n","protected":false},"featured_media":610006,"comment_status":"open","ping_status":"closed","template":"","meta":{"_links_to":"","_links_to_target":""},"yoast_head":"<!-- This site is optimized with the Yoast SEO plugin v19.4 - https:\/\/yoast.com\/wordpress\/plugins\/seo\/ -->\n<title>COS DE BAHA - Vitamin C MSM Serum, 30ml rozja\u015bniaj\u0105ce serum do twarzy - Selleetools.com<\/title>\n<meta name=\"robots\" content=\"index, follow, max-snippet:-1, max-image-preview:large, max-video-preview:-1\" \/>\n<link rel=\"canonical\" href=\"https:\/\/selleetools.com\/pl\/product\/cos-de-baha-vitamin-c-msm-serum-30ml-rozjasniajace-serum-do-twarzy\/\" \/>\n<meta property=\"og:locale\" content=\"pl_PL\" \/>\n<meta property=\"og:type\" content=\"article\" \/>\n<meta property=\"og:title\" content=\"COS DE BAHA - Vitamin C MSM Serum, 30ml rozja\u015bniaj\u0105ce serum do twarzy - Selleetools.com\" \/>\n<meta property=\"og:description\" content=\"Lekka, wodnista formu\u0142a serum VM \u0142\u0105czy stabiln\u0105 pochodn\u0105 witaminy C z organiczn\u0105 siark\u0105 MSM, witamin\u0105 E i kwasem ferulowym. Serum nie tylko skutecznie rozja\u015bnia przebarwienia i wyr\u00f3wnuje koloryt sk\u00f3ry, ale r\u00f3wnie\u017c wspiera regeneracj\u0119, \u0142agodzi i wzmacnia barier\u0119 ochronn\u0105. Idealne nawet dla cery wra\u017cliwej \u2013 pozostawia sk\u00f3r\u0119 g\u0142adk\u0105, zdrow\u0105 i pe\u0142n\u0105 blasku. Korzy\u015bci dla sk\u00f3ry: Roz\u015bwietla ... Read moreCOS DE BAHA &#8211; Vitamin C MSM Serum, 30ml rozja\u015bniaj\u0105ce serum do twarzy\" \/>\n<meta property=\"og:url\" content=\"https:\/\/selleetools.com\/pl\/product\/cos-de-baha-vitamin-c-msm-serum-30ml-rozjasniajace-serum-do-twarzy\/\" \/>\n<meta property=\"og:site_name\" content=\"Selleetools.com\" \/>\n<meta property=\"article:modified_time\" content=\"2025-11-04T21:12:16+00:00\" \/>\n<meta property=\"og:image\" content=\"https:\/\/selleetools.com\/wp-content\/uploads\/2025\/10\/fd5da645bedeb15b264fd968d29f7449.png\" \/>\n\t<meta property=\"og:image:width\" content=\"1200\" \/>\n\t<meta property=\"og:image:height\" content=\"1200\" \/>\n\t<meta property=\"og:image:type\" content=\"image\/png\" \/>\n<meta name=\"twitter:card\" content=\"summary_large_image\" \/>\n<meta name=\"twitter:label1\" content=\"Est. reading time\" \/>\n\t<meta name=\"twitter:data1\" content=\"1 minuta\" \/>\n<!-- \/ Yoast SEO plugin. -->","yoast_head_json":{"title":"COS DE BAHA - Vitamin C MSM Serum, 30ml rozja\u015bniaj\u0105ce serum do twarzy - Selleetools.com","robots":{"index":"index","follow":"follow","max-snippet":"max-snippet:-1","max-image-preview":"max-image-preview:large","max-video-preview":"max-video-preview:-1"},"canonical":"https:\/\/selleetools.com\/pl\/product\/cos-de-baha-vitamin-c-msm-serum-30ml-rozjasniajace-serum-do-twarzy\/","og_locale":"pl_PL","og_type":"article","og_title":"COS DE BAHA - Vitamin C MSM Serum, 30ml rozja\u015bniaj\u0105ce serum do twarzy - Selleetools.com","og_description":"Lekka, wodnista formu\u0142a serum VM \u0142\u0105czy stabiln\u0105 pochodn\u0105 witaminy C z organiczn\u0105 siark\u0105 MSM, witamin\u0105 E i kwasem ferulowym. Serum nie tylko skutecznie rozja\u015bnia przebarwienia i wyr\u00f3wnuje koloryt sk\u00f3ry, ale r\u00f3wnie\u017c wspiera regeneracj\u0119, \u0142agodzi i wzmacnia barier\u0119 ochronn\u0105. Idealne nawet dla cery wra\u017cliwej \u2013 pozostawia sk\u00f3r\u0119 g\u0142adk\u0105, zdrow\u0105 i pe\u0142n\u0105 blasku. Korzy\u015bci dla sk\u00f3ry: Roz\u015bwietla ... Read moreCOS DE BAHA &#8211; Vitamin C MSM Serum, 30ml rozja\u015bniaj\u0105ce serum do twarzy","og_url":"https:\/\/selleetools.com\/pl\/product\/cos-de-baha-vitamin-c-msm-serum-30ml-rozjasniajace-serum-do-twarzy\/","og_site_name":"Selleetools.com","article_modified_time":"2025-11-04T21:12:16+00:00","og_image":[{"width":1200,"height":1200,"url":"https:\/\/selleetools.com\/wp-content\/uploads\/2025\/10\/fd5da645bedeb15b264fd968d29f7449.png","type":"image\/png"}],"twitter_card":"summary_large_image","twitter_misc":{"Est. reading time":"1 minuta"},"schema":{"@context":"https:\/\/schema.org","@graph":[{"@type":"Organization","@id":"https:\/\/selleetools.com\/#organization","name":"Selleetools","url":"https:\/\/selleetools.com\/","sameAs":[],"logo":{"@type":"ImageObject","inLanguage":"pl-PL","@id":"https:\/\/selleetools.com\/#\/schema\/logo\/image\/","url":"https:\/\/selleetools.com\/wp-content\/uploads\/2021\/10\/logo-dark.png","contentUrl":"https:\/\/selleetools.com\/wp-content\/uploads\/2021\/10\/logo-dark.png","width":320,"height":76,"caption":"Selleetools"},"image":{"@id":"https:\/\/selleetools.com\/#\/schema\/logo\/image\/"}},{"@type":"WebSite","@id":"https:\/\/selleetools.com\/#website","url":"https:\/\/selleetools.com\/","name":"Selleetools.com","description":"","publisher":{"@id":"https:\/\/selleetools.com\/#organization"},"potentialAction":[{"@type":"SearchAction","target":{"@type":"EntryPoint","urlTemplate":"https:\/\/selleetools.com\/?s={search_term_string}"},"query-input":"required name=search_term_string"}],"inLanguage":"pl-PL"},{"@type":"WebPage","@id":"https:\/\/selleetools.com\/pl\/product\/cos-de-baha-vitamin-c-msm-serum-30ml-rozjasniajace-serum-do-twarzy\/","url":"https:\/\/selleetools.com\/pl\/product\/cos-de-baha-vitamin-c-msm-serum-30ml-rozjasniajace-serum-do-twarzy\/","name":"COS DE BAHA - Vitamin C MSM Serum, 30ml rozja\u015bniaj\u0105ce serum do twarzy - Selleetools.com","isPartOf":{"@id":"https:\/\/selleetools.com\/#website"},"datePublished":"2025-10-24T12:43:12+00:00","dateModified":"2025-11-04T21:12:16+00:00","breadcrumb":{"@id":"https:\/\/selleetools.com\/pl\/product\/cos-de-baha-vitamin-c-msm-serum-30ml-rozjasniajace-serum-do-twarzy\/#breadcrumb"},"inLanguage":"pl-PL","potentialAction":[{"@type":"ReadAction","target":["https:\/\/selleetools.com\/pl\/product\/cos-de-baha-vitamin-c-msm-serum-30ml-rozjasniajace-serum-do-twarzy\/"]}]},{"@type":"BreadcrumbList","@id":"https:\/\/selleetools.com\/pl\/product\/cos-de-baha-vitamin-c-msm-serum-30ml-rozjasniajace-serum-do-twarzy\/#breadcrumb","itemListElement":[{"@type":"ListItem","position":1,"name":"Home","item":"https:\/\/selleetools.com\/pl\/"},{"@type":"ListItem","position":2,"name":"Katalog","item":"https:\/\/selleetools.com\/pl\/katalog\/"},{"@type":"ListItem","position":3,"name":"COS DE BAHA &#8211; Vitamin C MSM Serum, 30ml rozja\u015bniaj\u0105ce serum do twarzy"}]}]}},"_links":{"self":[{"href":"https:\/\/admincentral.selleetools.com\/pl\/wp-json\/wp\/v2\/product\/610008"}],"collection":[{"href":"https:\/\/admincentral.selleetools.com\/pl\/wp-json\/wp\/v2\/product"}],"about":[{"href":"https:\/\/admincentral.selleetools.com\/pl\/wp-json\/wp\/v2\/types\/product"}],"replies":[{"embeddable":true,"href":"https:\/\/admincentral.selleetools.com\/pl\/wp-json\/wp\/v2\/comments?post=610008"}],"wp:featuredmedia":[{"embeddable":true,"href":"https:\/\/admincentral.selleetools.com\/pl\/wp-json\/wp\/v2\/media\/610006"}],"wp:attachment":[{"href":"https:\/\/admincentral.selleetools.com\/pl\/wp-json\/wp\/v2\/media?parent=610008"}],"curies":[{"name":"wp","href":"https:\/\/api.w.org\/{rel}","templated":true}]}}