{"id":610017,"date":"2025-10-24T14:43:21","date_gmt":"2025-10-24T12:43:21","guid":{"rendered":"https:\/\/selleetools.com\/?post_type=product&#038;p=610017"},"modified":"2025-11-04T22:13:01","modified_gmt":"2025-11-04T21:13:01","slug":"medi-peel-peptide-9-volume-bio-tox-toner-pro-250-ml-tonik-nawilzajacy","status":"publish","type":"product","link":"https:\/\/admincentral.selleetools.com\/pl\/product\/medi-peel-peptide-9-volume-bio-tox-toner-pro-250-ml-tonik-nawilzajacy\/","title":{"rendered":"MEDI-PEEL Peptide 9 Volume Bio Tox Toner Pro 250 ml &#8211; tonik nawil\u017caj\u0105cy"},"content":{"rendered":"<p>Zaawansowany tonik, kt\u00f3ry \u0142\u0105czy w sobie 9 rodzaj\u00f3w peptyd\u00f3w, hydrolizowany kolagen oraz wielowymiarowe formy kwasu hialuronowego, aby intensywnie nawil\u017ca\u0107, wyg\u0142adza\u0107 i wspiera\u0107 elastyczno\u015b\u0107 sk\u00f3ry. Dzi\u0119ki lekkiej konsystencji szybko si\u0119 wch\u0142ania, przygotowuj\u0105c cer\u0119 do dalszych etap\u00f3w piel\u0119gnacji. Wzbogacony o ekstrakty ro\u015blinne, dzia\u0142a \u0142agodz\u0105co, regeneruj\u0105co i antyoksydacyjnie. Tonik widocznie poprawia kondycj\u0119 sk\u00f3ry, nadaje jej promienny i wypocz\u0119ty wygl\u0105d.<\/p>\n<p>Korzy\u015bci dla sk\u00f3ry:<br \/>\nPrzywraca odpowiedni poziom nawil\u017cenia i zapobiega jego utracie.<br \/>\nWzmacnia barier\u0119 ochronn\u0105 i poprawia spr\u0119\u017cysto\u015b\u0107 sk\u00f3ry.<br \/>\n\u0141agodzi podra\u017cnienia i wspiera proces regeneracji.<br \/>\nWyg\u0142adza i nadaje cerze mi\u0119kko\u015b\u0107 oraz zdrowy blask.<br \/>\nPrzygotowuje sk\u00f3r\u0119 do lepszego wch\u0142aniania kolejnych kosmetyk\u00f3w.<\/p>\n<p>Spos\u00f3b u\u017cycia<br \/>\nStosuj tonik jako pierwszy krok piel\u0119gnacji po oczyszczeniu sk\u00f3ry. Nanie\u015b odpowiedni\u0105 ilo\u015b\u0107 na d\u0142onie lub wacik, delikatnie rozprowad\u017a na twarzy, szyi i dekolcie, a nast\u0119pnie wklep, aby u\u0142atwi\u0107 wch\u0142anianie. U\u017cywaj rano i\/lub wieczorem.<\/p>\n","protected":false},"excerpt":{"rendered":"<p>Zaawansowany tonik, kt\u00f3ry \u0142\u0105czy w sobie 9 rodzaj\u00f3w peptyd\u00f3w, hydrolizowany kolagen oraz wielowymiarowe formy kwasu hialuronowego, aby intensywnie nawil\u017ca\u0107, wyg\u0142adza\u0107 i wspiera\u0107 elastyczno\u015b\u0107 sk\u00f3ry. Dzi\u0119ki lekkiej konsystencji szybko si\u0119 wch\u0142ania, przygotowuj\u0105c cer\u0119 do dalszych etap\u00f3w piel\u0119gnacji. Wzbogacony o ekstrakty ro\u015blinne, dzia\u0142a \u0142agodz\u0105co, regeneruj\u0105co i antyoksydacyjnie. Tonik widocznie poprawia kondycj\u0119 sk\u00f3ry, nadaje jej promienny i wypocz\u0119ty &#8230; <a title=\"MEDI-PEEL Peptide 9 Volume Bio Tox Toner Pro 250 ml &#8211; tonik nawil\u017caj\u0105cy\" class=\"read-more\" href=\"https:\/\/admincentral.selleetools.com\/pl\/product\/medi-peel-peptide-9-volume-bio-tox-toner-pro-250-ml-tonik-nawilzajacy\/\">Read more<span class=\"screen-reader-text\">MEDI-PEEL Peptide 9 Volume Bio Tox Toner Pro 250 ml &#8211; tonik nawil\u017caj\u0105cy<\/span><\/a><\/p>\n","protected":false},"featured_media":610015,"comment_status":"open","ping_status":"closed","template":"","meta":{"_links_to":"","_links_to_target":""},"yoast_head":"<!-- This site is optimized with the Yoast SEO plugin v19.4 - https:\/\/yoast.com\/wordpress\/plugins\/seo\/ -->\n<title>MEDI-PEEL Peptide 9 Volume Bio Tox Toner Pro 250 ml - tonik nawil\u017caj\u0105cy - Selleetools.com<\/title>\n<meta name=\"robots\" content=\"index, follow, max-snippet:-1, max-image-preview:large, max-video-preview:-1\" \/>\n<link rel=\"canonical\" href=\"https:\/\/selleetools.com\/pl\/product\/medi-peel-peptide-9-volume-bio-tox-toner-pro-250-ml-tonik-nawilzajacy\/\" \/>\n<meta property=\"og:locale\" content=\"pl_PL\" \/>\n<meta property=\"og:type\" content=\"article\" \/>\n<meta property=\"og:title\" content=\"MEDI-PEEL Peptide 9 Volume Bio Tox Toner Pro 250 ml - tonik nawil\u017caj\u0105cy - Selleetools.com\" \/>\n<meta property=\"og:description\" content=\"Zaawansowany tonik, kt\u00f3ry \u0142\u0105czy w sobie 9 rodzaj\u00f3w peptyd\u00f3w, hydrolizowany kolagen oraz wielowymiarowe formy kwasu hialuronowego, aby intensywnie nawil\u017ca\u0107, wyg\u0142adza\u0107 i wspiera\u0107 elastyczno\u015b\u0107 sk\u00f3ry. Dzi\u0119ki lekkiej konsystencji szybko si\u0119 wch\u0142ania, przygotowuj\u0105c cer\u0119 do dalszych etap\u00f3w piel\u0119gnacji. Wzbogacony o ekstrakty ro\u015blinne, dzia\u0142a \u0142agodz\u0105co, regeneruj\u0105co i antyoksydacyjnie. Tonik widocznie poprawia kondycj\u0119 sk\u00f3ry, nadaje jej promienny i wypocz\u0119ty ... Read moreMEDI-PEEL Peptide 9 Volume Bio Tox Toner Pro 250 ml &#8211; tonik nawil\u017caj\u0105cy\" \/>\n<meta property=\"og:url\" content=\"https:\/\/selleetools.com\/pl\/product\/medi-peel-peptide-9-volume-bio-tox-toner-pro-250-ml-tonik-nawilzajacy\/\" \/>\n<meta property=\"og:site_name\" content=\"Selleetools.com\" \/>\n<meta property=\"article:modified_time\" content=\"2025-11-04T21:13:01+00:00\" \/>\n<meta property=\"og:image\" content=\"https:\/\/selleetools.com\/wp-content\/uploads\/2025\/10\/994f9a8fb265324ec761f135afc9ffce.png\" \/>\n\t<meta property=\"og:image:width\" content=\"1200\" \/>\n\t<meta property=\"og:image:height\" content=\"1200\" \/>\n\t<meta property=\"og:image:type\" content=\"image\/png\" \/>\n<meta name=\"twitter:card\" content=\"summary_large_image\" \/>\n<meta name=\"twitter:label1\" content=\"Est. reading time\" \/>\n\t<meta name=\"twitter:data1\" content=\"1 minuta\" \/>\n<!-- \/ Yoast SEO plugin. -->","yoast_head_json":{"title":"MEDI-PEEL Peptide 9 Volume Bio Tox Toner Pro 250 ml - tonik nawil\u017caj\u0105cy - Selleetools.com","robots":{"index":"index","follow":"follow","max-snippet":"max-snippet:-1","max-image-preview":"max-image-preview:large","max-video-preview":"max-video-preview:-1"},"canonical":"https:\/\/selleetools.com\/pl\/product\/medi-peel-peptide-9-volume-bio-tox-toner-pro-250-ml-tonik-nawilzajacy\/","og_locale":"pl_PL","og_type":"article","og_title":"MEDI-PEEL Peptide 9 Volume Bio Tox Toner Pro 250 ml - tonik nawil\u017caj\u0105cy - Selleetools.com","og_description":"Zaawansowany tonik, kt\u00f3ry \u0142\u0105czy w sobie 9 rodzaj\u00f3w peptyd\u00f3w, hydrolizowany kolagen oraz wielowymiarowe formy kwasu hialuronowego, aby intensywnie nawil\u017ca\u0107, wyg\u0142adza\u0107 i wspiera\u0107 elastyczno\u015b\u0107 sk\u00f3ry. Dzi\u0119ki lekkiej konsystencji szybko si\u0119 wch\u0142ania, przygotowuj\u0105c cer\u0119 do dalszych etap\u00f3w piel\u0119gnacji. Wzbogacony o ekstrakty ro\u015blinne, dzia\u0142a \u0142agodz\u0105co, regeneruj\u0105co i antyoksydacyjnie. Tonik widocznie poprawia kondycj\u0119 sk\u00f3ry, nadaje jej promienny i wypocz\u0119ty ... Read moreMEDI-PEEL Peptide 9 Volume Bio Tox Toner Pro 250 ml &#8211; tonik nawil\u017caj\u0105cy","og_url":"https:\/\/selleetools.com\/pl\/product\/medi-peel-peptide-9-volume-bio-tox-toner-pro-250-ml-tonik-nawilzajacy\/","og_site_name":"Selleetools.com","article_modified_time":"2025-11-04T21:13:01+00:00","og_image":[{"width":1200,"height":1200,"url":"https:\/\/selleetools.com\/wp-content\/uploads\/2025\/10\/994f9a8fb265324ec761f135afc9ffce.png","type":"image\/png"}],"twitter_card":"summary_large_image","twitter_misc":{"Est. reading time":"1 minuta"},"schema":{"@context":"https:\/\/schema.org","@graph":[{"@type":"Organization","@id":"https:\/\/selleetools.com\/#organization","name":"Selleetools","url":"https:\/\/selleetools.com\/","sameAs":[],"logo":{"@type":"ImageObject","inLanguage":"pl-PL","@id":"https:\/\/selleetools.com\/#\/schema\/logo\/image\/","url":"https:\/\/selleetools.com\/wp-content\/uploads\/2021\/10\/logo-dark.png","contentUrl":"https:\/\/selleetools.com\/wp-content\/uploads\/2021\/10\/logo-dark.png","width":320,"height":76,"caption":"Selleetools"},"image":{"@id":"https:\/\/selleetools.com\/#\/schema\/logo\/image\/"}},{"@type":"WebSite","@id":"https:\/\/selleetools.com\/#website","url":"https:\/\/selleetools.com\/","name":"Selleetools.com","description":"","publisher":{"@id":"https:\/\/selleetools.com\/#organization"},"potentialAction":[{"@type":"SearchAction","target":{"@type":"EntryPoint","urlTemplate":"https:\/\/selleetools.com\/?s={search_term_string}"},"query-input":"required name=search_term_string"}],"inLanguage":"pl-PL"},{"@type":"WebPage","@id":"https:\/\/selleetools.com\/pl\/product\/medi-peel-peptide-9-volume-bio-tox-toner-pro-250-ml-tonik-nawilzajacy\/","url":"https:\/\/selleetools.com\/pl\/product\/medi-peel-peptide-9-volume-bio-tox-toner-pro-250-ml-tonik-nawilzajacy\/","name":"MEDI-PEEL Peptide 9 Volume Bio Tox Toner Pro 250 ml - tonik nawil\u017caj\u0105cy - Selleetools.com","isPartOf":{"@id":"https:\/\/selleetools.com\/#website"},"datePublished":"2025-10-24T12:43:21+00:00","dateModified":"2025-11-04T21:13:01+00:00","breadcrumb":{"@id":"https:\/\/selleetools.com\/pl\/product\/medi-peel-peptide-9-volume-bio-tox-toner-pro-250-ml-tonik-nawilzajacy\/#breadcrumb"},"inLanguage":"pl-PL","potentialAction":[{"@type":"ReadAction","target":["https:\/\/selleetools.com\/pl\/product\/medi-peel-peptide-9-volume-bio-tox-toner-pro-250-ml-tonik-nawilzajacy\/"]}]},{"@type":"BreadcrumbList","@id":"https:\/\/selleetools.com\/pl\/product\/medi-peel-peptide-9-volume-bio-tox-toner-pro-250-ml-tonik-nawilzajacy\/#breadcrumb","itemListElement":[{"@type":"ListItem","position":1,"name":"Home","item":"https:\/\/selleetools.com\/pl\/"},{"@type":"ListItem","position":2,"name":"Katalog","item":"https:\/\/selleetools.com\/pl\/katalog\/"},{"@type":"ListItem","position":3,"name":"MEDI-PEEL Peptide 9 Volume Bio Tox Toner Pro 250 ml &#8211; tonik nawil\u017caj\u0105cy"}]}]}},"_links":{"self":[{"href":"https:\/\/admincentral.selleetools.com\/pl\/wp-json\/wp\/v2\/product\/610017"}],"collection":[{"href":"https:\/\/admincentral.selleetools.com\/pl\/wp-json\/wp\/v2\/product"}],"about":[{"href":"https:\/\/admincentral.selleetools.com\/pl\/wp-json\/wp\/v2\/types\/product"}],"replies":[{"embeddable":true,"href":"https:\/\/admincentral.selleetools.com\/pl\/wp-json\/wp\/v2\/comments?post=610017"}],"wp:featuredmedia":[{"embeddable":true,"href":"https:\/\/admincentral.selleetools.com\/pl\/wp-json\/wp\/v2\/media\/610015"}],"wp:attachment":[{"href":"https:\/\/admincentral.selleetools.com\/pl\/wp-json\/wp\/v2\/media?parent=610017"}],"curies":[{"name":"wp","href":"https:\/\/api.w.org\/{rel}","templated":true}]}}