{"id":610026,"date":"2025-10-24T14:43:29","date_gmt":"2025-10-24T12:43:29","guid":{"rendered":"https:\/\/selleetools.com\/?post_type=product&#038;p=610026"},"modified":"2025-11-04T22:13:30","modified_gmt":"2025-11-04T21:13:30","slug":"medi-peel-retinol-collagen-lifting-ampoule-50ml-ampulka-przeciwzmarszczkowa","status":"publish","type":"product","link":"https:\/\/admincentral.selleetools.com\/pl\/product\/medi-peel-retinol-collagen-lifting-ampoule-50ml-ampulka-przeciwzmarszczkowa\/","title":{"rendered":"MEDI-PEEL Retinol Collagen Lifting Ampoule, 50ml &#8211; ampu\u0142ka przeciwzmarszczkowa"},"content":{"rendered":"<p>Intensywna ampu\u0142ka liftinguj\u0105ca, kt\u00f3ra \u0142\u0105czy a\u017c 6 form retinolu z wega\u0144skim kolagenem, aby skutecznie poprawi\u0107 j\u0119drno\u015b\u0107 i elastyczno\u015b\u0107 sk\u00f3ry. Wzbogacona o niacynamid, kwas hialuronowy, peptydy oraz ro\u015blinne ekstrakty, zapewnia wszechstronn\u0105 piel\u0119gnacj\u0119: wyg\u0142adza drobne zmarszczki, wspiera regeneracj\u0119, rozja\u015bnia cer\u0119 i wzmacnia barier\u0119 ochronn\u0105. Lekka, szybko wch\u0142aniaj\u0105ca si\u0119 konsystencja sprawia, \u017ce produkt jest komfortowy w codziennym stosowaniu \u2013 tak\u017ce w ci\u0105gu dnia. Regularne u\u017cycie widocznie uj\u0119drnia, poprawia tekstur\u0119 i nadaje sk\u00f3rze zdrowy blask.<\/p>\n<p>Korzy\u015bci dla sk\u00f3ry<br \/>\nPoprawia j\u0119drno\u015b\u0107 i elastyczno\u015b\u0107<br \/>\nWyg\u0142adza drobne linie i zmarszczki<br \/>\nRozja\u015bnia i wyr\u00f3wnuje koloryt cery<br \/>\nG\u0142\u0119boko nawil\u017ca i od\u017cywia<br \/>\nWzmacnia barier\u0119 ochronn\u0105 i regeneruje sk\u00f3r\u0119<br \/>\nNadaje cerze promienny i zdrowy wygl\u0105d<\/p>\n<p>Spos\u00f3b u\u017cycia<br \/>\nPo tonizacji nanie\u015b odpowiedni\u0105 ilo\u015b\u0107 ampu\u0142ki na twarz i szyj\u0119. Wmasuj delikatnie, aby wspom\u00f3c wch\u0142anianie produktu. Stosuj wieczorem, 2\u20133 razy w tygodniu na pocz\u0105tku kuracji, stopniowo zwi\u0119kszaj\u0105c cz\u0119stotliwo\u015b\u0107. W ci\u0105gu dnia zawsze u\u017cywaj kremu z filtrem SPF.<\/p>\n","protected":false},"excerpt":{"rendered":"<p>Intensywna ampu\u0142ka liftinguj\u0105ca, kt\u00f3ra \u0142\u0105czy a\u017c 6 form retinolu z wega\u0144skim kolagenem, aby skutecznie poprawi\u0107 j\u0119drno\u015b\u0107 i elastyczno\u015b\u0107 sk\u00f3ry. Wzbogacona o niacynamid, kwas hialuronowy, peptydy oraz ro\u015blinne ekstrakty, zapewnia wszechstronn\u0105 piel\u0119gnacj\u0119: wyg\u0142adza drobne zmarszczki, wspiera regeneracj\u0119, rozja\u015bnia cer\u0119 i wzmacnia barier\u0119 ochronn\u0105. Lekka, szybko wch\u0142aniaj\u0105ca si\u0119 konsystencja sprawia, \u017ce produkt jest komfortowy w codziennym stosowaniu &#8230; <a title=\"MEDI-PEEL Retinol Collagen Lifting Ampoule, 50ml &#8211; ampu\u0142ka przeciwzmarszczkowa\" class=\"read-more\" href=\"https:\/\/admincentral.selleetools.com\/pl\/product\/medi-peel-retinol-collagen-lifting-ampoule-50ml-ampulka-przeciwzmarszczkowa\/\">Read more<span class=\"screen-reader-text\">MEDI-PEEL Retinol Collagen Lifting Ampoule, 50ml &#8211; ampu\u0142ka przeciwzmarszczkowa<\/span><\/a><\/p>\n","protected":false},"featured_media":610024,"comment_status":"open","ping_status":"closed","template":"","meta":{"_links_to":"","_links_to_target":""},"yoast_head":"<!-- This site is optimized with the Yoast SEO plugin v19.4 - https:\/\/yoast.com\/wordpress\/plugins\/seo\/ -->\n<title>MEDI-PEEL Retinol Collagen Lifting Ampoule, 50ml - ampu\u0142ka przeciwzmarszczkowa - Selleetools.com<\/title>\n<meta name=\"robots\" content=\"index, follow, max-snippet:-1, max-image-preview:large, max-video-preview:-1\" \/>\n<link rel=\"canonical\" href=\"https:\/\/selleetools.com\/pl\/product\/medi-peel-retinol-collagen-lifting-ampoule-50ml-ampulka-przeciwzmarszczkowa\/\" \/>\n<meta property=\"og:locale\" content=\"pl_PL\" \/>\n<meta property=\"og:type\" content=\"article\" \/>\n<meta property=\"og:title\" content=\"MEDI-PEEL Retinol Collagen Lifting Ampoule, 50ml - ampu\u0142ka przeciwzmarszczkowa - Selleetools.com\" \/>\n<meta property=\"og:description\" content=\"Intensywna ampu\u0142ka liftinguj\u0105ca, kt\u00f3ra \u0142\u0105czy a\u017c 6 form retinolu z wega\u0144skim kolagenem, aby skutecznie poprawi\u0107 j\u0119drno\u015b\u0107 i elastyczno\u015b\u0107 sk\u00f3ry. Wzbogacona o niacynamid, kwas hialuronowy, peptydy oraz ro\u015blinne ekstrakty, zapewnia wszechstronn\u0105 piel\u0119gnacj\u0119: wyg\u0142adza drobne zmarszczki, wspiera regeneracj\u0119, rozja\u015bnia cer\u0119 i wzmacnia barier\u0119 ochronn\u0105. Lekka, szybko wch\u0142aniaj\u0105ca si\u0119 konsystencja sprawia, \u017ce produkt jest komfortowy w codziennym stosowaniu ... Read moreMEDI-PEEL Retinol Collagen Lifting Ampoule, 50ml &#8211; ampu\u0142ka przeciwzmarszczkowa\" \/>\n<meta property=\"og:url\" content=\"https:\/\/selleetools.com\/pl\/product\/medi-peel-retinol-collagen-lifting-ampoule-50ml-ampulka-przeciwzmarszczkowa\/\" \/>\n<meta property=\"og:site_name\" content=\"Selleetools.com\" \/>\n<meta property=\"article:modified_time\" content=\"2025-11-04T21:13:30+00:00\" \/>\n<meta property=\"og:image\" content=\"https:\/\/selleetools.com\/wp-content\/uploads\/2025\/10\/3d471c768b5a14b3b0ce6c449737546d.png\" \/>\n\t<meta property=\"og:image:width\" content=\"1200\" \/>\n\t<meta property=\"og:image:height\" content=\"1200\" \/>\n\t<meta property=\"og:image:type\" content=\"image\/png\" \/>\n<meta name=\"twitter:card\" content=\"summary_large_image\" \/>\n<meta name=\"twitter:label1\" content=\"Est. reading time\" \/>\n\t<meta name=\"twitter:data1\" content=\"1 minuta\" \/>\n<!-- \/ Yoast SEO plugin. -->","yoast_head_json":{"title":"MEDI-PEEL Retinol Collagen Lifting Ampoule, 50ml - ampu\u0142ka przeciwzmarszczkowa - Selleetools.com","robots":{"index":"index","follow":"follow","max-snippet":"max-snippet:-1","max-image-preview":"max-image-preview:large","max-video-preview":"max-video-preview:-1"},"canonical":"https:\/\/selleetools.com\/pl\/product\/medi-peel-retinol-collagen-lifting-ampoule-50ml-ampulka-przeciwzmarszczkowa\/","og_locale":"pl_PL","og_type":"article","og_title":"MEDI-PEEL Retinol Collagen Lifting Ampoule, 50ml - ampu\u0142ka przeciwzmarszczkowa - Selleetools.com","og_description":"Intensywna ampu\u0142ka liftinguj\u0105ca, kt\u00f3ra \u0142\u0105czy a\u017c 6 form retinolu z wega\u0144skim kolagenem, aby skutecznie poprawi\u0107 j\u0119drno\u015b\u0107 i elastyczno\u015b\u0107 sk\u00f3ry. Wzbogacona o niacynamid, kwas hialuronowy, peptydy oraz ro\u015blinne ekstrakty, zapewnia wszechstronn\u0105 piel\u0119gnacj\u0119: wyg\u0142adza drobne zmarszczki, wspiera regeneracj\u0119, rozja\u015bnia cer\u0119 i wzmacnia barier\u0119 ochronn\u0105. Lekka, szybko wch\u0142aniaj\u0105ca si\u0119 konsystencja sprawia, \u017ce produkt jest komfortowy w codziennym stosowaniu ... Read moreMEDI-PEEL Retinol Collagen Lifting Ampoule, 50ml &#8211; ampu\u0142ka przeciwzmarszczkowa","og_url":"https:\/\/selleetools.com\/pl\/product\/medi-peel-retinol-collagen-lifting-ampoule-50ml-ampulka-przeciwzmarszczkowa\/","og_site_name":"Selleetools.com","article_modified_time":"2025-11-04T21:13:30+00:00","og_image":[{"width":1200,"height":1200,"url":"https:\/\/selleetools.com\/wp-content\/uploads\/2025\/10\/3d471c768b5a14b3b0ce6c449737546d.png","type":"image\/png"}],"twitter_card":"summary_large_image","twitter_misc":{"Est. reading time":"1 minuta"},"schema":{"@context":"https:\/\/schema.org","@graph":[{"@type":"Organization","@id":"https:\/\/selleetools.com\/#organization","name":"Selleetools","url":"https:\/\/selleetools.com\/","sameAs":[],"logo":{"@type":"ImageObject","inLanguage":"pl-PL","@id":"https:\/\/selleetools.com\/#\/schema\/logo\/image\/","url":"https:\/\/selleetools.com\/wp-content\/uploads\/2021\/10\/logo-dark.png","contentUrl":"https:\/\/selleetools.com\/wp-content\/uploads\/2021\/10\/logo-dark.png","width":320,"height":76,"caption":"Selleetools"},"image":{"@id":"https:\/\/selleetools.com\/#\/schema\/logo\/image\/"}},{"@type":"WebSite","@id":"https:\/\/selleetools.com\/#website","url":"https:\/\/selleetools.com\/","name":"Selleetools.com","description":"","publisher":{"@id":"https:\/\/selleetools.com\/#organization"},"potentialAction":[{"@type":"SearchAction","target":{"@type":"EntryPoint","urlTemplate":"https:\/\/selleetools.com\/?s={search_term_string}"},"query-input":"required name=search_term_string"}],"inLanguage":"pl-PL"},{"@type":"WebPage","@id":"https:\/\/selleetools.com\/pl\/product\/medi-peel-retinol-collagen-lifting-ampoule-50ml-ampulka-przeciwzmarszczkowa\/","url":"https:\/\/selleetools.com\/pl\/product\/medi-peel-retinol-collagen-lifting-ampoule-50ml-ampulka-przeciwzmarszczkowa\/","name":"MEDI-PEEL Retinol Collagen Lifting Ampoule, 50ml - ampu\u0142ka przeciwzmarszczkowa - Selleetools.com","isPartOf":{"@id":"https:\/\/selleetools.com\/#website"},"datePublished":"2025-10-24T12:43:29+00:00","dateModified":"2025-11-04T21:13:30+00:00","breadcrumb":{"@id":"https:\/\/selleetools.com\/pl\/product\/medi-peel-retinol-collagen-lifting-ampoule-50ml-ampulka-przeciwzmarszczkowa\/#breadcrumb"},"inLanguage":"pl-PL","potentialAction":[{"@type":"ReadAction","target":["https:\/\/selleetools.com\/pl\/product\/medi-peel-retinol-collagen-lifting-ampoule-50ml-ampulka-przeciwzmarszczkowa\/"]}]},{"@type":"BreadcrumbList","@id":"https:\/\/selleetools.com\/pl\/product\/medi-peel-retinol-collagen-lifting-ampoule-50ml-ampulka-przeciwzmarszczkowa\/#breadcrumb","itemListElement":[{"@type":"ListItem","position":1,"name":"Home","item":"https:\/\/selleetools.com\/pl\/"},{"@type":"ListItem","position":2,"name":"Katalog","item":"https:\/\/selleetools.com\/pl\/katalog\/"},{"@type":"ListItem","position":3,"name":"MEDI-PEEL Retinol Collagen Lifting Ampoule, 50ml &#8211; ampu\u0142ka przeciwzmarszczkowa"}]}]}},"_links":{"self":[{"href":"https:\/\/admincentral.selleetools.com\/pl\/wp-json\/wp\/v2\/product\/610026"}],"collection":[{"href":"https:\/\/admincentral.selleetools.com\/pl\/wp-json\/wp\/v2\/product"}],"about":[{"href":"https:\/\/admincentral.selleetools.com\/pl\/wp-json\/wp\/v2\/types\/product"}],"replies":[{"embeddable":true,"href":"https:\/\/admincentral.selleetools.com\/pl\/wp-json\/wp\/v2\/comments?post=610026"}],"wp:featuredmedia":[{"embeddable":true,"href":"https:\/\/admincentral.selleetools.com\/pl\/wp-json\/wp\/v2\/media\/610024"}],"wp:attachment":[{"href":"https:\/\/admincentral.selleetools.com\/pl\/wp-json\/wp\/v2\/media?parent=610026"}],"curies":[{"name":"wp","href":"https:\/\/api.w.org\/{rel}","templated":true}]}}