{"id":610029,"date":"2025-10-24T14:43:32","date_gmt":"2025-10-24T12:43:32","guid":{"rendered":"https:\/\/selleetools.com\/?post_type=product&#038;p=610029"},"modified":"2025-11-04T22:13:46","modified_gmt":"2025-11-04T21:13:46","slug":"medi-peel-retinol-collagen-lifting-toner-150ml-tonik-ujedrniajacy","status":"publish","type":"product","link":"https:\/\/admincentral.selleetools.com\/pl\/product\/medi-peel-retinol-collagen-lifting-toner-150ml-tonik-ujedrniajacy\/","title":{"rendered":"MEDI-PEEL Retinol Collagen Lifting Toner, 150ml &#8211; tonik uj\u0119drniaj\u0105cy"},"content":{"rendered":"<p>Tonik z linii Retinol Collagen to pierwszy krok piel\u0119gnacji przeciwzmarszczkowej i uj\u0119drniaj\u0105cej. Zawiera 6 form retinolu oraz wega\u0144ski kolagen, kt\u00f3re wspieraj\u0105 popraw\u0119 elastyczno\u015bci i napi\u0119cia sk\u00f3ry. Formu\u0142a zosta\u0142a wzbogacona o niacynamid, pantenol, kwas hialuronowy i peptydy, dzi\u0119ki czemu nie tylko wyg\u0142adza i redukuje drobne zmarszczki, ale tak\u017ce intensywnie nawil\u017ca, koi i wspiera regeneracj\u0119 nask\u00f3rka. Lekka konsystencja toniku szybko si\u0119 wch\u0142ania, przygotowuj\u0105c cer\u0119 do kolejnych etap\u00f3w piel\u0119gnacji.<\/p>\n<p>Korzy\u015bci dla sk\u00f3ry<br \/>\nZwi\u0119ksza j\u0119drno\u015b\u0107 i elastyczno\u015b\u0107<br \/>\nRozja\u015bnia i wyr\u00f3wnuje koloryt cery<br \/>\nNawil\u017ca i koi<br \/>\nWzmacnia barier\u0119 ochronn\u0105 i wspomaga regeneracj\u0119<br \/>\nPrzygotowuje sk\u00f3r\u0119 na lepsze wch\u0142anianie kolejnych produkt\u00f3w piel\u0119gnacyjnych<br \/>\nNadaje cerze \u015bwie\u017cy, promienny wygl\u0105d<\/p>\n<p>Spos\u00f3b u\u017cycia<br \/>\nPo oczyszczeniu twarzy nanie\u015b odpowiedni\u0105 ilo\u015b\u0107 toniku na wacik lub d\u0142onie, a nast\u0119pnie delikatnie wklep w sk\u00f3r\u0119 twarzy i szyi. Stosuj rano i\/lub wieczorem, przed serum i kremem. W ci\u0105gu dnia zawsze u\u017cywaj kremu z filtrem SPF.<\/p>\n","protected":false},"excerpt":{"rendered":"<p>Tonik z linii Retinol Collagen to pierwszy krok piel\u0119gnacji przeciwzmarszczkowej i uj\u0119drniaj\u0105cej. Zawiera 6 form retinolu oraz wega\u0144ski kolagen, kt\u00f3re wspieraj\u0105 popraw\u0119 elastyczno\u015bci i napi\u0119cia sk\u00f3ry. Formu\u0142a zosta\u0142a wzbogacona o niacynamid, pantenol, kwas hialuronowy i peptydy, dzi\u0119ki czemu nie tylko wyg\u0142adza i redukuje drobne zmarszczki, ale tak\u017ce intensywnie nawil\u017ca, koi i wspiera regeneracj\u0119 nask\u00f3rka. Lekka &#8230; <a title=\"MEDI-PEEL Retinol Collagen Lifting Toner, 150ml &#8211; tonik uj\u0119drniaj\u0105cy\" class=\"read-more\" href=\"https:\/\/admincentral.selleetools.com\/pl\/product\/medi-peel-retinol-collagen-lifting-toner-150ml-tonik-ujedrniajacy\/\">Read more<span class=\"screen-reader-text\">MEDI-PEEL Retinol Collagen Lifting Toner, 150ml &#8211; tonik uj\u0119drniaj\u0105cy<\/span><\/a><\/p>\n","protected":false},"featured_media":610027,"comment_status":"open","ping_status":"closed","template":"","meta":{"_links_to":"","_links_to_target":""},"yoast_head":"<!-- This site is optimized with the Yoast SEO plugin v19.4 - https:\/\/yoast.com\/wordpress\/plugins\/seo\/ -->\n<title>MEDI-PEEL Retinol Collagen Lifting Toner, 150ml - tonik uj\u0119drniaj\u0105cy - Selleetools.com<\/title>\n<meta name=\"robots\" content=\"index, follow, max-snippet:-1, max-image-preview:large, max-video-preview:-1\" \/>\n<link rel=\"canonical\" href=\"https:\/\/selleetools.com\/pl\/product\/medi-peel-retinol-collagen-lifting-toner-150ml-tonik-ujedrniajacy\/\" \/>\n<meta property=\"og:locale\" content=\"pl_PL\" \/>\n<meta property=\"og:type\" content=\"article\" \/>\n<meta property=\"og:title\" content=\"MEDI-PEEL Retinol Collagen Lifting Toner, 150ml - tonik uj\u0119drniaj\u0105cy - Selleetools.com\" \/>\n<meta property=\"og:description\" content=\"Tonik z linii Retinol Collagen to pierwszy krok piel\u0119gnacji przeciwzmarszczkowej i uj\u0119drniaj\u0105cej. Zawiera 6 form retinolu oraz wega\u0144ski kolagen, kt\u00f3re wspieraj\u0105 popraw\u0119 elastyczno\u015bci i napi\u0119cia sk\u00f3ry. Formu\u0142a zosta\u0142a wzbogacona o niacynamid, pantenol, kwas hialuronowy i peptydy, dzi\u0119ki czemu nie tylko wyg\u0142adza i redukuje drobne zmarszczki, ale tak\u017ce intensywnie nawil\u017ca, koi i wspiera regeneracj\u0119 nask\u00f3rka. Lekka ... Read moreMEDI-PEEL Retinol Collagen Lifting Toner, 150ml &#8211; tonik uj\u0119drniaj\u0105cy\" \/>\n<meta property=\"og:url\" content=\"https:\/\/selleetools.com\/pl\/product\/medi-peel-retinol-collagen-lifting-toner-150ml-tonik-ujedrniajacy\/\" \/>\n<meta property=\"og:site_name\" content=\"Selleetools.com\" \/>\n<meta property=\"article:modified_time\" content=\"2025-11-04T21:13:46+00:00\" \/>\n<meta property=\"og:image\" content=\"https:\/\/selleetools.com\/wp-content\/uploads\/2025\/10\/47fb34f93c56d80dbd7e1c513fde6b89.png\" \/>\n\t<meta property=\"og:image:width\" content=\"1200\" \/>\n\t<meta property=\"og:image:height\" content=\"1200\" \/>\n\t<meta property=\"og:image:type\" content=\"image\/png\" \/>\n<meta name=\"twitter:card\" content=\"summary_large_image\" \/>\n<meta name=\"twitter:label1\" content=\"Est. reading time\" \/>\n\t<meta name=\"twitter:data1\" content=\"1 minuta\" \/>\n<!-- \/ Yoast SEO plugin. -->","yoast_head_json":{"title":"MEDI-PEEL Retinol Collagen Lifting Toner, 150ml - tonik uj\u0119drniaj\u0105cy - Selleetools.com","robots":{"index":"index","follow":"follow","max-snippet":"max-snippet:-1","max-image-preview":"max-image-preview:large","max-video-preview":"max-video-preview:-1"},"canonical":"https:\/\/selleetools.com\/pl\/product\/medi-peel-retinol-collagen-lifting-toner-150ml-tonik-ujedrniajacy\/","og_locale":"pl_PL","og_type":"article","og_title":"MEDI-PEEL Retinol Collagen Lifting Toner, 150ml - tonik uj\u0119drniaj\u0105cy - Selleetools.com","og_description":"Tonik z linii Retinol Collagen to pierwszy krok piel\u0119gnacji przeciwzmarszczkowej i uj\u0119drniaj\u0105cej. Zawiera 6 form retinolu oraz wega\u0144ski kolagen, kt\u00f3re wspieraj\u0105 popraw\u0119 elastyczno\u015bci i napi\u0119cia sk\u00f3ry. Formu\u0142a zosta\u0142a wzbogacona o niacynamid, pantenol, kwas hialuronowy i peptydy, dzi\u0119ki czemu nie tylko wyg\u0142adza i redukuje drobne zmarszczki, ale tak\u017ce intensywnie nawil\u017ca, koi i wspiera regeneracj\u0119 nask\u00f3rka. Lekka ... Read moreMEDI-PEEL Retinol Collagen Lifting Toner, 150ml &#8211; tonik uj\u0119drniaj\u0105cy","og_url":"https:\/\/selleetools.com\/pl\/product\/medi-peel-retinol-collagen-lifting-toner-150ml-tonik-ujedrniajacy\/","og_site_name":"Selleetools.com","article_modified_time":"2025-11-04T21:13:46+00:00","og_image":[{"width":1200,"height":1200,"url":"https:\/\/selleetools.com\/wp-content\/uploads\/2025\/10\/47fb34f93c56d80dbd7e1c513fde6b89.png","type":"image\/png"}],"twitter_card":"summary_large_image","twitter_misc":{"Est. reading time":"1 minuta"},"schema":{"@context":"https:\/\/schema.org","@graph":[{"@type":"Organization","@id":"https:\/\/selleetools.com\/#organization","name":"Selleetools","url":"https:\/\/selleetools.com\/","sameAs":[],"logo":{"@type":"ImageObject","inLanguage":"pl-PL","@id":"https:\/\/selleetools.com\/#\/schema\/logo\/image\/","url":"https:\/\/selleetools.com\/wp-content\/uploads\/2021\/10\/logo-dark.png","contentUrl":"https:\/\/selleetools.com\/wp-content\/uploads\/2021\/10\/logo-dark.png","width":320,"height":76,"caption":"Selleetools"},"image":{"@id":"https:\/\/selleetools.com\/#\/schema\/logo\/image\/"}},{"@type":"WebSite","@id":"https:\/\/selleetools.com\/#website","url":"https:\/\/selleetools.com\/","name":"Selleetools.com","description":"","publisher":{"@id":"https:\/\/selleetools.com\/#organization"},"potentialAction":[{"@type":"SearchAction","target":{"@type":"EntryPoint","urlTemplate":"https:\/\/selleetools.com\/?s={search_term_string}"},"query-input":"required name=search_term_string"}],"inLanguage":"pl-PL"},{"@type":"WebPage","@id":"https:\/\/selleetools.com\/pl\/product\/medi-peel-retinol-collagen-lifting-toner-150ml-tonik-ujedrniajacy\/","url":"https:\/\/selleetools.com\/pl\/product\/medi-peel-retinol-collagen-lifting-toner-150ml-tonik-ujedrniajacy\/","name":"MEDI-PEEL Retinol Collagen Lifting Toner, 150ml - tonik uj\u0119drniaj\u0105cy - Selleetools.com","isPartOf":{"@id":"https:\/\/selleetools.com\/#website"},"datePublished":"2025-10-24T12:43:32+00:00","dateModified":"2025-11-04T21:13:46+00:00","breadcrumb":{"@id":"https:\/\/selleetools.com\/pl\/product\/medi-peel-retinol-collagen-lifting-toner-150ml-tonik-ujedrniajacy\/#breadcrumb"},"inLanguage":"pl-PL","potentialAction":[{"@type":"ReadAction","target":["https:\/\/selleetools.com\/pl\/product\/medi-peel-retinol-collagen-lifting-toner-150ml-tonik-ujedrniajacy\/"]}]},{"@type":"BreadcrumbList","@id":"https:\/\/selleetools.com\/pl\/product\/medi-peel-retinol-collagen-lifting-toner-150ml-tonik-ujedrniajacy\/#breadcrumb","itemListElement":[{"@type":"ListItem","position":1,"name":"Home","item":"https:\/\/selleetools.com\/pl\/"},{"@type":"ListItem","position":2,"name":"Katalog","item":"https:\/\/selleetools.com\/pl\/katalog\/"},{"@type":"ListItem","position":3,"name":"MEDI-PEEL Retinol Collagen Lifting Toner, 150ml &#8211; tonik uj\u0119drniaj\u0105cy"}]}]}},"_links":{"self":[{"href":"https:\/\/admincentral.selleetools.com\/pl\/wp-json\/wp\/v2\/product\/610029"}],"collection":[{"href":"https:\/\/admincentral.selleetools.com\/pl\/wp-json\/wp\/v2\/product"}],"about":[{"href":"https:\/\/admincentral.selleetools.com\/pl\/wp-json\/wp\/v2\/types\/product"}],"replies":[{"embeddable":true,"href":"https:\/\/admincentral.selleetools.com\/pl\/wp-json\/wp\/v2\/comments?post=610029"}],"wp:featuredmedia":[{"embeddable":true,"href":"https:\/\/admincentral.selleetools.com\/pl\/wp-json\/wp\/v2\/media\/610027"}],"wp:attachment":[{"href":"https:\/\/admincentral.selleetools.com\/pl\/wp-json\/wp\/v2\/media?parent=610029"}],"curies":[{"name":"wp","href":"https:\/\/api.w.org\/{rel}","templated":true}]}}