{"id":610032,"date":"2025-10-24T14:43:35","date_gmt":"2025-10-24T12:43:35","guid":{"rendered":"https:\/\/selleetools.com\/?post_type=product&#038;p=610032"},"modified":"2025-11-04T22:14:05","modified_gmt":"2025-11-04T21:14:05","slug":"medi-peel-peptide-9-aqua-essence-toner-250ml-tonik-nawilzajacy","status":"publish","type":"product","link":"https:\/\/admincentral.selleetools.com\/pl\/product\/medi-peel-peptide-9-aqua-essence-toner-250ml-tonik-nawilzajacy\/","title":{"rendered":"MEDI-PEEL Peptide 9 Aqua Essence Toner, 250ml &#8211; tonik nawil\u017caj\u0105cy"},"content":{"rendered":"<p>Intensywnie nawil\u017caj\u0105cy i uj\u0119drniaj\u0105cy toner-esencja, kt\u00f3ry dzi\u0119ki zawarto\u015bci 9 peptyd\u00f3w poprawia elastyczno\u015b\u0107 sk\u00f3ry, wyg\u0142adza zmarszczki i przywraca jej promienny wygl\u0105d. Formu\u0142a wzbogacona o kwas hialuronowy i kolagen zapewnia d\u0142ugotrwa\u0142e nawil\u017cenie, a ekstrakty ro\u015blinne \u0142agodz\u0105 podra\u017cnienia i wspieraj\u0105 regeneracj\u0119. Regularne stosowanie sprawia, \u017ce sk\u00f3ra staje si\u0119 g\u0142adka, mi\u0119kka i pe\u0142na blasku.<\/p>\n<p>Korzy\u015bci dla sk\u00f3ry:<br \/>\nIntensywne i d\u0142ugotrwa\u0142e nawil\u017cenie.<br \/>\nPoprawa j\u0119drno\u015bci i elastyczno\u015bci sk\u00f3ry.<br \/>\nWyg\u0142adzenie zmarszczek i przeciwdzia\u0142anie oznakom starzenia<br \/>\nRedukcja podra\u017cnie\u0144 i wsparcie proces\u00f3w regeneracyjnych.<br \/>\nSk\u00f3ra staje si\u0119 mi\u0119kka, g\u0142adka i pe\u0142na blasku.<\/p>\n<p>Spos\u00f3b u\u017cycia:<br \/>\nPo oczyszczeniu sk\u00f3ry twarzy, nanie\u015b odpowiedni\u0105 ilo\u015b\u0107 tonera na p\u0142atek kosmetyczny i delikatnie przetrzyj sk\u00f3r\u0119, kieruj\u0105c si\u0119 od \u015brodka twarzy na zewn\u0105trz. Mo\u017cesz r\u00f3wnie\u017c wklepa\u0107 produkt d\u0142o\u0144mi dla lepszego wch\u0142oni\u0119cia. Stosuj codziennie rano i wieczorem.<\/p>\n","protected":false},"excerpt":{"rendered":"<p>Intensywnie nawil\u017caj\u0105cy i uj\u0119drniaj\u0105cy toner-esencja, kt\u00f3ry dzi\u0119ki zawarto\u015bci 9 peptyd\u00f3w poprawia elastyczno\u015b\u0107 sk\u00f3ry, wyg\u0142adza zmarszczki i przywraca jej promienny wygl\u0105d. Formu\u0142a wzbogacona o kwas hialuronowy i kolagen zapewnia d\u0142ugotrwa\u0142e nawil\u017cenie, a ekstrakty ro\u015blinne \u0142agodz\u0105 podra\u017cnienia i wspieraj\u0105 regeneracj\u0119. Regularne stosowanie sprawia, \u017ce sk\u00f3ra staje si\u0119 g\u0142adka, mi\u0119kka i pe\u0142na blasku. Korzy\u015bci dla sk\u00f3ry: Intensywne i &#8230; <a title=\"MEDI-PEEL Peptide 9 Aqua Essence Toner, 250ml &#8211; tonik nawil\u017caj\u0105cy\" class=\"read-more\" href=\"https:\/\/admincentral.selleetools.com\/pl\/product\/medi-peel-peptide-9-aqua-essence-toner-250ml-tonik-nawilzajacy\/\">Read more<span class=\"screen-reader-text\">MEDI-PEEL Peptide 9 Aqua Essence Toner, 250ml &#8211; tonik nawil\u017caj\u0105cy<\/span><\/a><\/p>\n","protected":false},"featured_media":610030,"comment_status":"open","ping_status":"closed","template":"","meta":{"_links_to":"","_links_to_target":""},"yoast_head":"<!-- This site is optimized with the Yoast SEO plugin v19.4 - https:\/\/yoast.com\/wordpress\/plugins\/seo\/ -->\n<title>MEDI-PEEL Peptide 9 Aqua Essence Toner, 250ml - tonik nawil\u017caj\u0105cy - Selleetools.com<\/title>\n<meta name=\"robots\" content=\"index, follow, max-snippet:-1, max-image-preview:large, max-video-preview:-1\" \/>\n<link rel=\"canonical\" href=\"https:\/\/selleetools.com\/pl\/product\/medi-peel-peptide-9-aqua-essence-toner-250ml-tonik-nawilzajacy\/\" \/>\n<meta property=\"og:locale\" content=\"pl_PL\" \/>\n<meta property=\"og:type\" content=\"article\" \/>\n<meta property=\"og:title\" content=\"MEDI-PEEL Peptide 9 Aqua Essence Toner, 250ml - tonik nawil\u017caj\u0105cy - Selleetools.com\" \/>\n<meta property=\"og:description\" content=\"Intensywnie nawil\u017caj\u0105cy i uj\u0119drniaj\u0105cy toner-esencja, kt\u00f3ry dzi\u0119ki zawarto\u015bci 9 peptyd\u00f3w poprawia elastyczno\u015b\u0107 sk\u00f3ry, wyg\u0142adza zmarszczki i przywraca jej promienny wygl\u0105d. Formu\u0142a wzbogacona o kwas hialuronowy i kolagen zapewnia d\u0142ugotrwa\u0142e nawil\u017cenie, a ekstrakty ro\u015blinne \u0142agodz\u0105 podra\u017cnienia i wspieraj\u0105 regeneracj\u0119. Regularne stosowanie sprawia, \u017ce sk\u00f3ra staje si\u0119 g\u0142adka, mi\u0119kka i pe\u0142na blasku. Korzy\u015bci dla sk\u00f3ry: Intensywne i ... Read moreMEDI-PEEL Peptide 9 Aqua Essence Toner, 250ml &#8211; tonik nawil\u017caj\u0105cy\" \/>\n<meta property=\"og:url\" content=\"https:\/\/selleetools.com\/pl\/product\/medi-peel-peptide-9-aqua-essence-toner-250ml-tonik-nawilzajacy\/\" \/>\n<meta property=\"og:site_name\" content=\"Selleetools.com\" \/>\n<meta property=\"article:modified_time\" content=\"2025-11-04T21:14:05+00:00\" \/>\n<meta property=\"og:image\" content=\"https:\/\/selleetools.com\/wp-content\/uploads\/2025\/10\/f505bd6331728cc733feb1e65acf8918.png\" \/>\n\t<meta property=\"og:image:width\" content=\"1200\" \/>\n\t<meta property=\"og:image:height\" content=\"1200\" \/>\n\t<meta property=\"og:image:type\" content=\"image\/png\" \/>\n<meta name=\"twitter:card\" content=\"summary_large_image\" \/>\n<meta name=\"twitter:label1\" content=\"Est. reading time\" \/>\n\t<meta name=\"twitter:data1\" content=\"1 minuta\" \/>\n<!-- \/ Yoast SEO plugin. -->","yoast_head_json":{"title":"MEDI-PEEL Peptide 9 Aqua Essence Toner, 250ml - tonik nawil\u017caj\u0105cy - Selleetools.com","robots":{"index":"index","follow":"follow","max-snippet":"max-snippet:-1","max-image-preview":"max-image-preview:large","max-video-preview":"max-video-preview:-1"},"canonical":"https:\/\/selleetools.com\/pl\/product\/medi-peel-peptide-9-aqua-essence-toner-250ml-tonik-nawilzajacy\/","og_locale":"pl_PL","og_type":"article","og_title":"MEDI-PEEL Peptide 9 Aqua Essence Toner, 250ml - tonik nawil\u017caj\u0105cy - Selleetools.com","og_description":"Intensywnie nawil\u017caj\u0105cy i uj\u0119drniaj\u0105cy toner-esencja, kt\u00f3ry dzi\u0119ki zawarto\u015bci 9 peptyd\u00f3w poprawia elastyczno\u015b\u0107 sk\u00f3ry, wyg\u0142adza zmarszczki i przywraca jej promienny wygl\u0105d. Formu\u0142a wzbogacona o kwas hialuronowy i kolagen zapewnia d\u0142ugotrwa\u0142e nawil\u017cenie, a ekstrakty ro\u015blinne \u0142agodz\u0105 podra\u017cnienia i wspieraj\u0105 regeneracj\u0119. Regularne stosowanie sprawia, \u017ce sk\u00f3ra staje si\u0119 g\u0142adka, mi\u0119kka i pe\u0142na blasku. Korzy\u015bci dla sk\u00f3ry: Intensywne i ... Read moreMEDI-PEEL Peptide 9 Aqua Essence Toner, 250ml &#8211; tonik nawil\u017caj\u0105cy","og_url":"https:\/\/selleetools.com\/pl\/product\/medi-peel-peptide-9-aqua-essence-toner-250ml-tonik-nawilzajacy\/","og_site_name":"Selleetools.com","article_modified_time":"2025-11-04T21:14:05+00:00","og_image":[{"width":1200,"height":1200,"url":"https:\/\/selleetools.com\/wp-content\/uploads\/2025\/10\/f505bd6331728cc733feb1e65acf8918.png","type":"image\/png"}],"twitter_card":"summary_large_image","twitter_misc":{"Est. reading time":"1 minuta"},"schema":{"@context":"https:\/\/schema.org","@graph":[{"@type":"Organization","@id":"https:\/\/selleetools.com\/#organization","name":"Selleetools","url":"https:\/\/selleetools.com\/","sameAs":[],"logo":{"@type":"ImageObject","inLanguage":"pl-PL","@id":"https:\/\/selleetools.com\/#\/schema\/logo\/image\/","url":"https:\/\/selleetools.com\/wp-content\/uploads\/2021\/10\/logo-dark.png","contentUrl":"https:\/\/selleetools.com\/wp-content\/uploads\/2021\/10\/logo-dark.png","width":320,"height":76,"caption":"Selleetools"},"image":{"@id":"https:\/\/selleetools.com\/#\/schema\/logo\/image\/"}},{"@type":"WebSite","@id":"https:\/\/selleetools.com\/#website","url":"https:\/\/selleetools.com\/","name":"Selleetools.com","description":"","publisher":{"@id":"https:\/\/selleetools.com\/#organization"},"potentialAction":[{"@type":"SearchAction","target":{"@type":"EntryPoint","urlTemplate":"https:\/\/selleetools.com\/?s={search_term_string}"},"query-input":"required name=search_term_string"}],"inLanguage":"pl-PL"},{"@type":"WebPage","@id":"https:\/\/selleetools.com\/pl\/product\/medi-peel-peptide-9-aqua-essence-toner-250ml-tonik-nawilzajacy\/","url":"https:\/\/selleetools.com\/pl\/product\/medi-peel-peptide-9-aqua-essence-toner-250ml-tonik-nawilzajacy\/","name":"MEDI-PEEL Peptide 9 Aqua Essence Toner, 250ml - tonik nawil\u017caj\u0105cy - Selleetools.com","isPartOf":{"@id":"https:\/\/selleetools.com\/#website"},"datePublished":"2025-10-24T12:43:35+00:00","dateModified":"2025-11-04T21:14:05+00:00","breadcrumb":{"@id":"https:\/\/selleetools.com\/pl\/product\/medi-peel-peptide-9-aqua-essence-toner-250ml-tonik-nawilzajacy\/#breadcrumb"},"inLanguage":"pl-PL","potentialAction":[{"@type":"ReadAction","target":["https:\/\/selleetools.com\/pl\/product\/medi-peel-peptide-9-aqua-essence-toner-250ml-tonik-nawilzajacy\/"]}]},{"@type":"BreadcrumbList","@id":"https:\/\/selleetools.com\/pl\/product\/medi-peel-peptide-9-aqua-essence-toner-250ml-tonik-nawilzajacy\/#breadcrumb","itemListElement":[{"@type":"ListItem","position":1,"name":"Home","item":"https:\/\/selleetools.com\/pl\/"},{"@type":"ListItem","position":2,"name":"Katalog","item":"https:\/\/selleetools.com\/pl\/katalog\/"},{"@type":"ListItem","position":3,"name":"MEDI-PEEL Peptide 9 Aqua Essence Toner, 250ml &#8211; tonik nawil\u017caj\u0105cy"}]}]}},"_links":{"self":[{"href":"https:\/\/admincentral.selleetools.com\/pl\/wp-json\/wp\/v2\/product\/610032"}],"collection":[{"href":"https:\/\/admincentral.selleetools.com\/pl\/wp-json\/wp\/v2\/product"}],"about":[{"href":"https:\/\/admincentral.selleetools.com\/pl\/wp-json\/wp\/v2\/types\/product"}],"replies":[{"embeddable":true,"href":"https:\/\/admincentral.selleetools.com\/pl\/wp-json\/wp\/v2\/comments?post=610032"}],"wp:featuredmedia":[{"embeddable":true,"href":"https:\/\/admincentral.selleetools.com\/pl\/wp-json\/wp\/v2\/media\/610030"}],"wp:attachment":[{"href":"https:\/\/admincentral.selleetools.com\/pl\/wp-json\/wp\/v2\/media?parent=610032"}],"curies":[{"name":"wp","href":"https:\/\/api.w.org\/{rel}","templated":true}]}}