{"id":610059,"date":"2025-10-24T14:44:01","date_gmt":"2025-10-24T12:44:01","guid":{"rendered":"https:\/\/selleetools.com\/?post_type=product&#038;p=610059"},"modified":"2026-03-03T12:29:22","modified_gmt":"2026-03-03T11:29:22","slug":"cos-de-baha-n-niacinamide-10-serum-30ml-serum-z-niacynamidem-i-cynkiem","status":"publish","type":"product","link":"https:\/\/admincentral.selleetools.com\/pl\/product\/cos-de-baha-n-niacinamide-10-serum-30ml-serum-z-niacynamidem-i-cynkiem\/","title":{"rendered":"COS DE BAHA &#8211; N Niacinamide 10 Serum, 30ml serum z niacynamidem i cynkiem"},"content":{"rendered":"<p>Lekka, wodna formu\u0142a stworzona z my\u015bl\u0105 o cerze t\u0142ustej, mieszanej i problematycznej. Serum zawiera 10% niacynamidu oraz cynk PCA, kt\u00f3re wsp\u00f3lnie reguluj\u0105 wydzielanie sebum, zmniejszaj\u0105 powstawanie niedoskona\u0142o\u015bci i wspieraj\u0105 redukcj\u0119 zmian tr\u0105dzikowych. Dzi\u0119ki obecno\u015bci kwasu hialuronowego, pantenolu i ekstrakt\u00f3w ro\u015blinnych, kosmetyk zapewnia intensywne nawil\u017cenie, koi podra\u017cnienia i poprawia elastyczno\u015b\u0107 sk\u00f3ry. Regularne stosowanie sprawia, \u017ce cera staje si\u0119 g\u0142adsza, ja\u015bniejsza i bardziej promienna.<\/p>\n<p>Korzy\u015bci dla sk\u00f3ry<br \/>\nWzmacnia barier\u0119 ochronn\u0105 sk\u00f3ry i poprawia jej odporno\u015b\u0107.<br \/>\nReguluje wydzielanie sebum i zmniejsza b\u0142yszczenie.<br \/>\nPomaga w redukcji tr\u0105dziku i niedoskona\u0142o\u015bci.<br \/>\nRozja\u015bnia przebarwienia i wyr\u00f3wnuje koloryt.<br \/>\nIntensywnie nawil\u017ca i poprawia elastyczno\u015b\u0107.<br \/>\n\u0141agodzi podra\u017cnienia i zaczerwienienia.<br \/>\nPozostawia cer\u0119 g\u0142adk\u0105, \u015bwie\u017c\u0105 i zdrowo wygl\u0105daj\u0105c\u0105.<\/p>\n<p>Spos\u00f3b u\u017cycia: Stosuj codziennie rano i wieczorem na oczyszczon\u0105 i stonizowan\u0105 sk\u00f3r\u0119. Na\u0142\u00f3\u017c kilka kropli serum na twarz i delikatnie wklep dla lepszego wch\u0142aniania. Nast\u0119pnie na\u0142\u00f3\u017c krem nawil\u017caj\u0105cy. W ci\u0105gu dnia zawsze stosuj krem z filtrem SPF.<\/p>\n","protected":false},"excerpt":{"rendered":"<p>Lekka, wodna formu\u0142a stworzona z my\u015bl\u0105 o cerze t\u0142ustej, mieszanej i problematycznej. Serum zawiera 10% niacynamidu oraz cynk PCA, kt\u00f3re wsp\u00f3lnie reguluj\u0105 wydzielanie sebum, zmniejszaj\u0105 powstawanie niedoskona\u0142o\u015bci i wspieraj\u0105 redukcj\u0119 zmian tr\u0105dzikowych. Dzi\u0119ki obecno\u015bci kwasu hialuronowego, pantenolu i ekstrakt\u00f3w ro\u015blinnych, kosmetyk zapewnia intensywne nawil\u017cenie, koi podra\u017cnienia i poprawia elastyczno\u015b\u0107 sk\u00f3ry. Regularne stosowanie sprawia, \u017ce cera &#8230; <a title=\"COS DE BAHA &#8211; N Niacinamide 10 Serum, 30ml serum z niacynamidem i cynkiem\" class=\"read-more\" href=\"https:\/\/admincentral.selleetools.com\/pl\/product\/cos-de-baha-n-niacinamide-10-serum-30ml-serum-z-niacynamidem-i-cynkiem\/\">Read more<span class=\"screen-reader-text\">COS DE BAHA &#8211; N Niacinamide 10 Serum, 30ml serum z niacynamidem i cynkiem<\/span><\/a><\/p>\n","protected":false},"featured_media":610057,"comment_status":"open","ping_status":"closed","template":"","meta":{"_links_to":"","_links_to_target":""},"yoast_head":"<!-- This site is optimized with the Yoast SEO plugin v19.4 - https:\/\/yoast.com\/wordpress\/plugins\/seo\/ -->\n<title>COS DE BAHA - N Niacinamide 10 Serum, 30ml serum z niacynamidem i cynkiem - Selleetools.com<\/title>\n<meta name=\"robots\" content=\"index, follow, max-snippet:-1, max-image-preview:large, max-video-preview:-1\" \/>\n<link rel=\"canonical\" href=\"https:\/\/selleetools.com\/pl\/product\/cos-de-baha-n-niacinamide-10-serum-30ml-serum-z-niacynamidem-i-cynkiem\/\" \/>\n<meta property=\"og:locale\" content=\"pl_PL\" \/>\n<meta property=\"og:type\" content=\"article\" \/>\n<meta property=\"og:title\" content=\"COS DE BAHA - N Niacinamide 10 Serum, 30ml serum z niacynamidem i cynkiem - Selleetools.com\" \/>\n<meta property=\"og:description\" content=\"Lekka, wodna formu\u0142a stworzona z my\u015bl\u0105 o cerze t\u0142ustej, mieszanej i problematycznej. Serum zawiera 10% niacynamidu oraz cynk PCA, kt\u00f3re wsp\u00f3lnie reguluj\u0105 wydzielanie sebum, zmniejszaj\u0105 powstawanie niedoskona\u0142o\u015bci i wspieraj\u0105 redukcj\u0119 zmian tr\u0105dzikowych. Dzi\u0119ki obecno\u015bci kwasu hialuronowego, pantenolu i ekstrakt\u00f3w ro\u015blinnych, kosmetyk zapewnia intensywne nawil\u017cenie, koi podra\u017cnienia i poprawia elastyczno\u015b\u0107 sk\u00f3ry. Regularne stosowanie sprawia, \u017ce cera ... Read moreCOS DE BAHA &#8211; N Niacinamide 10 Serum, 30ml serum z niacynamidem i cynkiem\" \/>\n<meta property=\"og:url\" content=\"https:\/\/selleetools.com\/pl\/product\/cos-de-baha-n-niacinamide-10-serum-30ml-serum-z-niacynamidem-i-cynkiem\/\" \/>\n<meta property=\"og:site_name\" content=\"Selleetools.com\" \/>\n<meta property=\"article:modified_time\" content=\"2026-03-03T11:29:22+00:00\" \/>\n<meta property=\"og:image\" content=\"https:\/\/selleetools.com\/wp-content\/uploads\/2025\/10\/d0200e00d1ab30b7b3070369238d7fd0.png\" \/>\n\t<meta property=\"og:image:width\" content=\"1200\" \/>\n\t<meta property=\"og:image:height\" content=\"1200\" \/>\n\t<meta property=\"og:image:type\" content=\"image\/png\" \/>\n<meta name=\"twitter:card\" content=\"summary_large_image\" \/>\n<meta name=\"twitter:label1\" content=\"Est. reading time\" \/>\n\t<meta name=\"twitter:data1\" content=\"1 minuta\" \/>\n<!-- \/ Yoast SEO plugin. -->","yoast_head_json":{"title":"COS DE BAHA - N Niacinamide 10 Serum, 30ml serum z niacynamidem i cynkiem - Selleetools.com","robots":{"index":"index","follow":"follow","max-snippet":"max-snippet:-1","max-image-preview":"max-image-preview:large","max-video-preview":"max-video-preview:-1"},"canonical":"https:\/\/selleetools.com\/pl\/product\/cos-de-baha-n-niacinamide-10-serum-30ml-serum-z-niacynamidem-i-cynkiem\/","og_locale":"pl_PL","og_type":"article","og_title":"COS DE BAHA - N Niacinamide 10 Serum, 30ml serum z niacynamidem i cynkiem - Selleetools.com","og_description":"Lekka, wodna formu\u0142a stworzona z my\u015bl\u0105 o cerze t\u0142ustej, mieszanej i problematycznej. Serum zawiera 10% niacynamidu oraz cynk PCA, kt\u00f3re wsp\u00f3lnie reguluj\u0105 wydzielanie sebum, zmniejszaj\u0105 powstawanie niedoskona\u0142o\u015bci i wspieraj\u0105 redukcj\u0119 zmian tr\u0105dzikowych. Dzi\u0119ki obecno\u015bci kwasu hialuronowego, pantenolu i ekstrakt\u00f3w ro\u015blinnych, kosmetyk zapewnia intensywne nawil\u017cenie, koi podra\u017cnienia i poprawia elastyczno\u015b\u0107 sk\u00f3ry. Regularne stosowanie sprawia, \u017ce cera ... Read moreCOS DE BAHA &#8211; N Niacinamide 10 Serum, 30ml serum z niacynamidem i cynkiem","og_url":"https:\/\/selleetools.com\/pl\/product\/cos-de-baha-n-niacinamide-10-serum-30ml-serum-z-niacynamidem-i-cynkiem\/","og_site_name":"Selleetools.com","article_modified_time":"2026-03-03T11:29:22+00:00","og_image":[{"width":1200,"height":1200,"url":"https:\/\/selleetools.com\/wp-content\/uploads\/2025\/10\/d0200e00d1ab30b7b3070369238d7fd0.png","type":"image\/png"}],"twitter_card":"summary_large_image","twitter_misc":{"Est. reading time":"1 minuta"},"schema":{"@context":"https:\/\/schema.org","@graph":[{"@type":"Organization","@id":"https:\/\/selleetools.com\/#organization","name":"Selleetools","url":"https:\/\/selleetools.com\/","sameAs":[],"logo":{"@type":"ImageObject","inLanguage":"pl-PL","@id":"https:\/\/selleetools.com\/#\/schema\/logo\/image\/","url":"https:\/\/selleetools.com\/wp-content\/uploads\/2021\/10\/logo-dark.png","contentUrl":"https:\/\/selleetools.com\/wp-content\/uploads\/2021\/10\/logo-dark.png","width":320,"height":76,"caption":"Selleetools"},"image":{"@id":"https:\/\/selleetools.com\/#\/schema\/logo\/image\/"}},{"@type":"WebSite","@id":"https:\/\/selleetools.com\/#website","url":"https:\/\/selleetools.com\/","name":"Selleetools.com","description":"","publisher":{"@id":"https:\/\/selleetools.com\/#organization"},"potentialAction":[{"@type":"SearchAction","target":{"@type":"EntryPoint","urlTemplate":"https:\/\/selleetools.com\/?s={search_term_string}"},"query-input":"required name=search_term_string"}],"inLanguage":"pl-PL"},{"@type":"WebPage","@id":"https:\/\/selleetools.com\/pl\/product\/cos-de-baha-n-niacinamide-10-serum-30ml-serum-z-niacynamidem-i-cynkiem\/","url":"https:\/\/selleetools.com\/pl\/product\/cos-de-baha-n-niacinamide-10-serum-30ml-serum-z-niacynamidem-i-cynkiem\/","name":"COS DE BAHA - N Niacinamide 10 Serum, 30ml serum z niacynamidem i cynkiem - Selleetools.com","isPartOf":{"@id":"https:\/\/selleetools.com\/#website"},"datePublished":"2025-10-24T12:44:01+00:00","dateModified":"2026-03-03T11:29:22+00:00","breadcrumb":{"@id":"https:\/\/selleetools.com\/pl\/product\/cos-de-baha-n-niacinamide-10-serum-30ml-serum-z-niacynamidem-i-cynkiem\/#breadcrumb"},"inLanguage":"pl-PL","potentialAction":[{"@type":"ReadAction","target":["https:\/\/selleetools.com\/pl\/product\/cos-de-baha-n-niacinamide-10-serum-30ml-serum-z-niacynamidem-i-cynkiem\/"]}]},{"@type":"BreadcrumbList","@id":"https:\/\/selleetools.com\/pl\/product\/cos-de-baha-n-niacinamide-10-serum-30ml-serum-z-niacynamidem-i-cynkiem\/#breadcrumb","itemListElement":[{"@type":"ListItem","position":1,"name":"Home","item":"https:\/\/selleetools.com\/pl\/"},{"@type":"ListItem","position":2,"name":"Katalog","item":"https:\/\/selleetools.com\/pl\/katalog\/"},{"@type":"ListItem","position":3,"name":"COS DE BAHA &#8211; N Niacinamide 10 Serum, 30ml serum z niacynamidem i cynkiem"}]}]}},"_links":{"self":[{"href":"https:\/\/admincentral.selleetools.com\/pl\/wp-json\/wp\/v2\/product\/610059"}],"collection":[{"href":"https:\/\/admincentral.selleetools.com\/pl\/wp-json\/wp\/v2\/product"}],"about":[{"href":"https:\/\/admincentral.selleetools.com\/pl\/wp-json\/wp\/v2\/types\/product"}],"replies":[{"embeddable":true,"href":"https:\/\/admincentral.selleetools.com\/pl\/wp-json\/wp\/v2\/comments?post=610059"}],"wp:featuredmedia":[{"embeddable":true,"href":"https:\/\/admincentral.selleetools.com\/pl\/wp-json\/wp\/v2\/media\/610057"}],"wp:attachment":[{"href":"https:\/\/admincentral.selleetools.com\/pl\/wp-json\/wp\/v2\/media?parent=610059"}],"curies":[{"name":"wp","href":"https:\/\/api.w.org\/{rel}","templated":true}]}}