{"id":610062,"date":"2025-10-24T14:44:04","date_gmt":"2025-10-24T12:44:04","guid":{"rendered":"https:\/\/selleetools.com\/?post_type=product&#038;p=610062"},"modified":"2025-11-05T12:01:33","modified_gmt":"2025-11-05T11:01:33","slug":"cos-de-baha-nz-niacinamide-20-zinc-pca-4-serum-30ml-serum-z-niacynamidem-i-cynkiem","status":"publish","type":"product","link":"https:\/\/admincentral.selleetools.com\/pl\/product\/cos-de-baha-nz-niacinamide-20-zinc-pca-4-serum-30ml-serum-z-niacynamidem-i-cynkiem\/","title":{"rendered":"COS DE BAHA &#8211; NZ Niacinamide 20 Zinc PCA 4 Serum, 30ml serum z niacynamidem i cynkiem"},"content":{"rendered":"<p>Skoncentrowane serum stworzone z my\u015bl\u0105 o cerze t\u0142ustej, mieszanej i tr\u0105dzikowej. Zawiera a\u017c 20% niacynamidu oraz 4% Zinc PCA, dzi\u0119ki czemu skutecznie reguluje produkcj\u0119 sebum, ogranicza powstawanie niedoskona\u0142o\u015bci i \u0142agodzi sk\u00f3r\u0119. Dodatek arbutyny pomaga redukowa\u0107 przebarwienia i rozja\u015bnia\u0107 sk\u00f3r\u0119, a kwas hialuronowy i aloes zapewniaj\u0105 intensywne nawil\u017cenie, poprawiaj\u0105c elastyczno\u015b\u0107 i kondycj\u0119 cery. Lekka, wodna formu\u0142a szybko si\u0119 wch\u0142ania, nie pozostawiaj\u0105c uczucia lepko\u015bci.<\/p>\n<p>Korzy\u015bci dla sk\u00f3ry<br \/>\nReguluje wydzielanie sebum i zmniejsza b\u0142yszczenie sk\u00f3ry.<br \/>\nPomaga w walce z tr\u0105dzikiem i niedoskona\u0142o\u015bciami.<br \/>\nRozja\u015bnia przebarwienia i wyr\u00f3wnuje koloryt cery.<br \/>\nWzmacnia barier\u0119 ochronn\u0105 sk\u00f3ry.<br \/>\nNawil\u017ca i poprawia elastyczno\u015b\u0107.<br \/>\n\u0141agodzi podra\u017cnienia i dzia\u0142a koj\u0105co.<br \/>\nPozostawia sk\u00f3r\u0119 matow\u0105, czyst\u0105 i promienn\u0105.<\/p>\n<p>Spos\u00f3b u\u017cycia: Stosuj rano i wieczorem na oczyszczon\u0105 i stonizowan\u0105 sk\u00f3r\u0119. Na\u0142\u00f3\u017c kilka kropli serum na twarz i delikatnie wklep, aby u\u0142atwi\u0107 wch\u0142anianie. Nast\u0119pnie u\u017cyj kremu nawil\u017caj\u0105cego. W ci\u0105gu dnia zawsze aplikuj krem z filtrem SPF.<\/p>\n","protected":false},"excerpt":{"rendered":"<p>Skoncentrowane serum stworzone z my\u015bl\u0105 o cerze t\u0142ustej, mieszanej i tr\u0105dzikowej. Zawiera a\u017c 20% niacynamidu oraz 4% Zinc PCA, dzi\u0119ki czemu skutecznie reguluje produkcj\u0119 sebum, ogranicza powstawanie niedoskona\u0142o\u015bci i \u0142agodzi sk\u00f3r\u0119. Dodatek arbutyny pomaga redukowa\u0107 przebarwienia i rozja\u015bnia\u0107 sk\u00f3r\u0119, a kwas hialuronowy i aloes zapewniaj\u0105 intensywne nawil\u017cenie, poprawiaj\u0105c elastyczno\u015b\u0107 i kondycj\u0119 cery. Lekka, wodna formu\u0142a &#8230; <a title=\"COS DE BAHA &#8211; NZ Niacinamide 20 Zinc PCA 4 Serum, 30ml serum z niacynamidem i cynkiem\" class=\"read-more\" href=\"https:\/\/admincentral.selleetools.com\/pl\/product\/cos-de-baha-nz-niacinamide-20-zinc-pca-4-serum-30ml-serum-z-niacynamidem-i-cynkiem\/\">Read more<span class=\"screen-reader-text\">COS DE BAHA &#8211; NZ Niacinamide 20 Zinc PCA 4 Serum, 30ml serum z niacynamidem i cynkiem<\/span><\/a><\/p>\n","protected":false},"featured_media":610060,"comment_status":"open","ping_status":"closed","template":"","meta":{"_links_to":"","_links_to_target":""},"yoast_head":"<!-- This site is optimized with the Yoast SEO plugin v19.4 - https:\/\/yoast.com\/wordpress\/plugins\/seo\/ -->\n<title>COS DE BAHA - NZ Niacinamide 20 Zinc PCA 4 Serum, 30ml serum z niacynamidem i cynkiem - Selleetools.com<\/title>\n<meta name=\"robots\" content=\"index, follow, max-snippet:-1, max-image-preview:large, max-video-preview:-1\" \/>\n<link rel=\"canonical\" href=\"https:\/\/admincentral.selleetools.com\/product\/cos-de-baha-nz-niacinamide-20-zinc-pca-4-serum-30ml-serum-z-niacynamidem-i-cynkiem\/\" \/>\n<meta property=\"og:locale\" content=\"pl_PL\" \/>\n<meta property=\"og:type\" content=\"article\" \/>\n<meta property=\"og:title\" content=\"COS DE BAHA - NZ Niacinamide 20 Zinc PCA 4 Serum, 30ml serum z niacynamidem i cynkiem - Selleetools.com\" \/>\n<meta property=\"og:description\" content=\"Skoncentrowane serum stworzone z my\u015bl\u0105 o cerze t\u0142ustej, mieszanej i tr\u0105dzikowej. Zawiera a\u017c 20% niacynamidu oraz 4% Zinc PCA, dzi\u0119ki czemu skutecznie reguluje produkcj\u0119 sebum, ogranicza powstawanie niedoskona\u0142o\u015bci i \u0142agodzi sk\u00f3r\u0119. Dodatek arbutyny pomaga redukowa\u0107 przebarwienia i rozja\u015bnia\u0107 sk\u00f3r\u0119, a kwas hialuronowy i aloes zapewniaj\u0105 intensywne nawil\u017cenie, poprawiaj\u0105c elastyczno\u015b\u0107 i kondycj\u0119 cery. Lekka, wodna formu\u0142a ... Read moreCOS DE BAHA &#8211; NZ Niacinamide 20 Zinc PCA 4 Serum, 30ml serum z niacynamidem i cynkiem\" \/>\n<meta property=\"og:url\" content=\"https:\/\/admincentral.selleetools.com\/product\/cos-de-baha-nz-niacinamide-20-zinc-pca-4-serum-30ml-serum-z-niacynamidem-i-cynkiem\/\" \/>\n<meta property=\"og:site_name\" content=\"Selleetools.com\" \/>\n<meta property=\"article:modified_time\" content=\"2025-11-05T11:01:33+00:00\" \/>\n<meta property=\"og:image\" content=\"https:\/\/selleetools.com\/wp-content\/uploads\/2025\/10\/4c9173da94fac2725063b89dc19bf4ad.png\" \/>\n\t<meta property=\"og:image:width\" content=\"1200\" \/>\n\t<meta property=\"og:image:height\" content=\"1200\" \/>\n\t<meta property=\"og:image:type\" content=\"image\/png\" \/>\n<meta name=\"twitter:card\" content=\"summary_large_image\" \/>\n<meta name=\"twitter:label1\" content=\"Est. reading time\" \/>\n\t<meta name=\"twitter:data1\" content=\"1 minuta\" \/>\n<!-- \/ Yoast SEO plugin. -->","yoast_head_json":{"title":"COS DE BAHA - NZ Niacinamide 20 Zinc PCA 4 Serum, 30ml serum z niacynamidem i cynkiem - Selleetools.com","robots":{"index":"index","follow":"follow","max-snippet":"max-snippet:-1","max-image-preview":"max-image-preview:large","max-video-preview":"max-video-preview:-1"},"canonical":"https:\/\/admincentral.selleetools.com\/product\/cos-de-baha-nz-niacinamide-20-zinc-pca-4-serum-30ml-serum-z-niacynamidem-i-cynkiem\/","og_locale":"pl_PL","og_type":"article","og_title":"COS DE BAHA - NZ Niacinamide 20 Zinc PCA 4 Serum, 30ml serum z niacynamidem i cynkiem - Selleetools.com","og_description":"Skoncentrowane serum stworzone z my\u015bl\u0105 o cerze t\u0142ustej, mieszanej i tr\u0105dzikowej. Zawiera a\u017c 20% niacynamidu oraz 4% Zinc PCA, dzi\u0119ki czemu skutecznie reguluje produkcj\u0119 sebum, ogranicza powstawanie niedoskona\u0142o\u015bci i \u0142agodzi sk\u00f3r\u0119. Dodatek arbutyny pomaga redukowa\u0107 przebarwienia i rozja\u015bnia\u0107 sk\u00f3r\u0119, a kwas hialuronowy i aloes zapewniaj\u0105 intensywne nawil\u017cenie, poprawiaj\u0105c elastyczno\u015b\u0107 i kondycj\u0119 cery. Lekka, wodna formu\u0142a ... Read moreCOS DE BAHA &#8211; NZ Niacinamide 20 Zinc PCA 4 Serum, 30ml serum z niacynamidem i cynkiem","og_url":"https:\/\/admincentral.selleetools.com\/product\/cos-de-baha-nz-niacinamide-20-zinc-pca-4-serum-30ml-serum-z-niacynamidem-i-cynkiem\/","og_site_name":"Selleetools.com","article_modified_time":"2025-11-05T11:01:33+00:00","og_image":[{"width":1200,"height":1200,"url":"https:\/\/selleetools.com\/wp-content\/uploads\/2025\/10\/4c9173da94fac2725063b89dc19bf4ad.png","type":"image\/png"}],"twitter_card":"summary_large_image","twitter_misc":{"Est. reading time":"1 minuta"},"schema":{"@context":"https:\/\/schema.org","@graph":[{"@type":"Organization","@id":"https:\/\/selleetools.com\/#organization","name":"Selleetools","url":"https:\/\/selleetools.com\/","sameAs":[],"logo":{"@type":"ImageObject","inLanguage":"pl-PL","@id":"https:\/\/selleetools.com\/#\/schema\/logo\/image\/","url":"https:\/\/selleetools.com\/wp-content\/uploads\/2021\/10\/logo-dark.png","contentUrl":"https:\/\/selleetools.com\/wp-content\/uploads\/2021\/10\/logo-dark.png","width":320,"height":76,"caption":"Selleetools"},"image":{"@id":"https:\/\/selleetools.com\/#\/schema\/logo\/image\/"}},{"@type":"WebSite","@id":"https:\/\/selleetools.com\/#website","url":"https:\/\/selleetools.com\/","name":"Selleetools.com","description":"","publisher":{"@id":"https:\/\/selleetools.com\/#organization"},"potentialAction":[{"@type":"SearchAction","target":{"@type":"EntryPoint","urlTemplate":"https:\/\/selleetools.com\/?s={search_term_string}"},"query-input":"required name=search_term_string"}],"inLanguage":"pl-PL"},{"@type":"WebPage","@id":"https:\/\/admincentral.selleetools.com\/product\/cos-de-baha-nz-niacinamide-20-zinc-pca-4-serum-30ml-serum-z-niacynamidem-i-cynkiem\/","url":"https:\/\/admincentral.selleetools.com\/product\/cos-de-baha-nz-niacinamide-20-zinc-pca-4-serum-30ml-serum-z-niacynamidem-i-cynkiem\/","name":"COS DE BAHA - NZ Niacinamide 20 Zinc PCA 4 Serum, 30ml serum z niacynamidem i cynkiem - Selleetools.com","isPartOf":{"@id":"https:\/\/selleetools.com\/#website"},"datePublished":"2025-10-24T12:44:04+00:00","dateModified":"2025-11-05T11:01:33+00:00","breadcrumb":{"@id":"https:\/\/admincentral.selleetools.com\/product\/cos-de-baha-nz-niacinamide-20-zinc-pca-4-serum-30ml-serum-z-niacynamidem-i-cynkiem\/#breadcrumb"},"inLanguage":"pl-PL","potentialAction":[{"@type":"ReadAction","target":["https:\/\/admincentral.selleetools.com\/product\/cos-de-baha-nz-niacinamide-20-zinc-pca-4-serum-30ml-serum-z-niacynamidem-i-cynkiem\/"]}]},{"@type":"BreadcrumbList","@id":"https:\/\/admincentral.selleetools.com\/product\/cos-de-baha-nz-niacinamide-20-zinc-pca-4-serum-30ml-serum-z-niacynamidem-i-cynkiem\/#breadcrumb","itemListElement":[{"@type":"ListItem","position":1,"name":"Home","item":"https:\/\/selleetools.com\/pl\/"},{"@type":"ListItem","position":2,"name":"Katalog","item":"https:\/\/selleetools.com\/pl\/katalog\/"},{"@type":"ListItem","position":3,"name":"COS DE BAHA &#8211; NZ Niacinamide 20 Zinc PCA 4 Serum, 30ml serum z niacynamidem i cynkiem"}]}]}},"_links":{"self":[{"href":"https:\/\/admincentral.selleetools.com\/pl\/wp-json\/wp\/v2\/product\/610062"}],"collection":[{"href":"https:\/\/admincentral.selleetools.com\/pl\/wp-json\/wp\/v2\/product"}],"about":[{"href":"https:\/\/admincentral.selleetools.com\/pl\/wp-json\/wp\/v2\/types\/product"}],"replies":[{"embeddable":true,"href":"https:\/\/admincentral.selleetools.com\/pl\/wp-json\/wp\/v2\/comments?post=610062"}],"wp:featuredmedia":[{"embeddable":true,"href":"https:\/\/admincentral.selleetools.com\/pl\/wp-json\/wp\/v2\/media\/610060"}],"wp:attachment":[{"href":"https:\/\/admincentral.selleetools.com\/pl\/wp-json\/wp\/v2\/media?parent=610062"}],"curies":[{"name":"wp","href":"https:\/\/api.w.org\/{rel}","templated":true}]}}