{"id":610068,"date":"2025-10-24T14:44:09","date_gmt":"2025-10-24T12:44:09","guid":{"rendered":"https:\/\/selleetools.com\/?post_type=product&#038;p=610068"},"modified":"2025-11-05T12:01:36","modified_gmt":"2025-11-05T11:01:36","slug":"dr-althea-vitamin-c-boosting-serum-30-ml-serum-rozjasniajace","status":"publish","type":"product","link":"https:\/\/admincentral.selleetools.com\/pl\/product\/dr-althea-vitamin-c-boosting-serum-30-ml-serum-rozjasniajace\/","title":{"rendered":"Dr.Althea Vitamin C Boosting Serum 30 ml &#8211; serum rozja\u015bniaj\u0105ce"},"content":{"rendered":"<p>Silnie roz\u015bwietlaj\u0105ce serum z witamin\u0105 C, stworzone z my\u015bl\u0105 o sk\u00f3rze pozbawionej blasku, z przebarwieniami i oznakami zm\u0119czenia. Oparte na 63% wody z rokitnika i 5% niacynamidu, skutecznie redukuje przebarwienia, wyr\u00f3wnuje koloryt i nadaje cerze zdrowy, promienny wygl\u0105d. Dodatek 2% kwasu traneksamowego wspiera walk\u0119 z ciemnymi plamami, \u0142agodzi sk\u00f3r\u0119 i zmniejsza zaczerwienienia.<\/p>\n<p>Formu\u0142a wzbogacona o kompleks kwas\u00f3w hialuronowych, ceramidy i beta-glukan intensywnie nawil\u017ca, wzmacnia barier\u0119 hydrolipidow\u0105 i poprawia elastyczno\u015b\u0107 sk\u00f3ry. Lekka, szybko wch\u0142aniaj\u0105ca si\u0119 konsystencja nie obci\u0105\u017ca cery i sprawia, \u017ce serum \u015bwietnie sprawdza si\u0119 zar\u00f3wno rano, jak i wieczorem.<\/p>\n<p>Korzy\u015bci:<br \/>\nRozja\u015bnia przebarwienia i wyr\u00f3wnuje koloryt sk\u00f3ry<br \/>\nG\u0142\u0119boko nawil\u017ca, bez efektu lepko\u015bci<br \/>\nWzmacnia barier\u0119 ochronn\u0105 i \u0142agodzi podra\u017cnienia<br \/>\nNadaje cerze promienny, zdrowy wygl\u0105d<br \/>\nBez sztucznych barwnik\u00f3w i zapach\u00f3w \u2013 idealne dla sk\u00f3ry wra\u017cliwej<\/p>\n<p>Spos\u00f3b u\u017cycia: Na oczyszczon\u0105 i stonizowan\u0105 sk\u00f3r\u0119 nanie\u015b kilka kropli serum i delikatnie wklep, a\u017c do wch\u0142oni\u0119cia. Stosuj codziennie rano i\/lub wieczorem. W ci\u0105gu dnia pami\u0119taj o aplikacji kremu z filtrem SPF.<\/p>\n","protected":false},"excerpt":{"rendered":"<p>Silnie roz\u015bwietlaj\u0105ce serum z witamin\u0105 C, stworzone z my\u015bl\u0105 o sk\u00f3rze pozbawionej blasku, z przebarwieniami i oznakami zm\u0119czenia. Oparte na 63% wody z rokitnika i 5% niacynamidu, skutecznie redukuje przebarwienia, wyr\u00f3wnuje koloryt i nadaje cerze zdrowy, promienny wygl\u0105d. Dodatek 2% kwasu traneksamowego wspiera walk\u0119 z ciemnymi plamami, \u0142agodzi sk\u00f3r\u0119 i zmniejsza zaczerwienienia. Formu\u0142a wzbogacona o &#8230; <a title=\"Dr.Althea Vitamin C Boosting Serum 30 ml &#8211; serum rozja\u015bniaj\u0105ce\" class=\"read-more\" href=\"https:\/\/admincentral.selleetools.com\/pl\/product\/dr-althea-vitamin-c-boosting-serum-30-ml-serum-rozjasniajace\/\">Read more<span class=\"screen-reader-text\">Dr.Althea Vitamin C Boosting Serum 30 ml &#8211; serum rozja\u015bniaj\u0105ce<\/span><\/a><\/p>\n","protected":false},"featured_media":610066,"comment_status":"open","ping_status":"closed","template":"","meta":{"_links_to":"","_links_to_target":""},"yoast_head":"<!-- This site is optimized with the Yoast SEO plugin v19.4 - https:\/\/yoast.com\/wordpress\/plugins\/seo\/ -->\n<title>Dr.Althea Vitamin C Boosting Serum 30 ml - serum rozja\u015bniaj\u0105ce - Selleetools.com<\/title>\n<meta name=\"robots\" content=\"index, follow, max-snippet:-1, max-image-preview:large, max-video-preview:-1\" \/>\n<link rel=\"canonical\" href=\"https:\/\/admincentral.selleetools.com\/pl\/product\/dr-althea-vitamin-c-boosting-serum-30-ml-serum-rozjasniajace\/\" \/>\n<meta property=\"og:locale\" content=\"pl_PL\" \/>\n<meta property=\"og:type\" content=\"article\" \/>\n<meta property=\"og:title\" content=\"Dr.Althea Vitamin C Boosting Serum 30 ml - serum rozja\u015bniaj\u0105ce - Selleetools.com\" \/>\n<meta property=\"og:description\" content=\"Silnie roz\u015bwietlaj\u0105ce serum z witamin\u0105 C, stworzone z my\u015bl\u0105 o sk\u00f3rze pozbawionej blasku, z przebarwieniami i oznakami zm\u0119czenia. Oparte na 63% wody z rokitnika i 5% niacynamidu, skutecznie redukuje przebarwienia, wyr\u00f3wnuje koloryt i nadaje cerze zdrowy, promienny wygl\u0105d. Dodatek 2% kwasu traneksamowego wspiera walk\u0119 z ciemnymi plamami, \u0142agodzi sk\u00f3r\u0119 i zmniejsza zaczerwienienia. Formu\u0142a wzbogacona o ... Read moreDr.Althea Vitamin C Boosting Serum 30 ml &#8211; serum rozja\u015bniaj\u0105ce\" \/>\n<meta property=\"og:url\" content=\"https:\/\/admincentral.selleetools.com\/pl\/product\/dr-althea-vitamin-c-boosting-serum-30-ml-serum-rozjasniajace\/\" \/>\n<meta property=\"og:site_name\" content=\"Selleetools.com\" \/>\n<meta property=\"article:modified_time\" content=\"2025-11-05T11:01:36+00:00\" \/>\n<meta property=\"og:image\" content=\"https:\/\/selleetools.com\/wp-content\/uploads\/2025\/10\/ec896d2c47c8e96be62a8f02d3f3e8bb.png\" \/>\n\t<meta property=\"og:image:width\" content=\"1200\" \/>\n\t<meta property=\"og:image:height\" content=\"1200\" \/>\n\t<meta property=\"og:image:type\" content=\"image\/png\" \/>\n<meta name=\"twitter:card\" content=\"summary_large_image\" \/>\n<meta name=\"twitter:label1\" content=\"Est. reading time\" \/>\n\t<meta name=\"twitter:data1\" content=\"1 minuta\" \/>\n<!-- \/ Yoast SEO plugin. -->","yoast_head_json":{"title":"Dr.Althea Vitamin C Boosting Serum 30 ml - serum rozja\u015bniaj\u0105ce - Selleetools.com","robots":{"index":"index","follow":"follow","max-snippet":"max-snippet:-1","max-image-preview":"max-image-preview:large","max-video-preview":"max-video-preview:-1"},"canonical":"https:\/\/admincentral.selleetools.com\/pl\/product\/dr-althea-vitamin-c-boosting-serum-30-ml-serum-rozjasniajace\/","og_locale":"pl_PL","og_type":"article","og_title":"Dr.Althea Vitamin C Boosting Serum 30 ml - serum rozja\u015bniaj\u0105ce - Selleetools.com","og_description":"Silnie roz\u015bwietlaj\u0105ce serum z witamin\u0105 C, stworzone z my\u015bl\u0105 o sk\u00f3rze pozbawionej blasku, z przebarwieniami i oznakami zm\u0119czenia. Oparte na 63% wody z rokitnika i 5% niacynamidu, skutecznie redukuje przebarwienia, wyr\u00f3wnuje koloryt i nadaje cerze zdrowy, promienny wygl\u0105d. Dodatek 2% kwasu traneksamowego wspiera walk\u0119 z ciemnymi plamami, \u0142agodzi sk\u00f3r\u0119 i zmniejsza zaczerwienienia. Formu\u0142a wzbogacona o ... Read moreDr.Althea Vitamin C Boosting Serum 30 ml &#8211; serum rozja\u015bniaj\u0105ce","og_url":"https:\/\/admincentral.selleetools.com\/pl\/product\/dr-althea-vitamin-c-boosting-serum-30-ml-serum-rozjasniajace\/","og_site_name":"Selleetools.com","article_modified_time":"2025-11-05T11:01:36+00:00","og_image":[{"width":1200,"height":1200,"url":"https:\/\/selleetools.com\/wp-content\/uploads\/2025\/10\/ec896d2c47c8e96be62a8f02d3f3e8bb.png","type":"image\/png"}],"twitter_card":"summary_large_image","twitter_misc":{"Est. reading time":"1 minuta"},"schema":{"@context":"https:\/\/schema.org","@graph":[{"@type":"Organization","@id":"https:\/\/selleetools.com\/#organization","name":"Selleetools","url":"https:\/\/selleetools.com\/","sameAs":[],"logo":{"@type":"ImageObject","inLanguage":"pl-PL","@id":"https:\/\/selleetools.com\/#\/schema\/logo\/image\/","url":"https:\/\/selleetools.com\/wp-content\/uploads\/2021\/10\/logo-dark.png","contentUrl":"https:\/\/selleetools.com\/wp-content\/uploads\/2021\/10\/logo-dark.png","width":320,"height":76,"caption":"Selleetools"},"image":{"@id":"https:\/\/selleetools.com\/#\/schema\/logo\/image\/"}},{"@type":"WebSite","@id":"https:\/\/selleetools.com\/#website","url":"https:\/\/selleetools.com\/","name":"Selleetools.com","description":"","publisher":{"@id":"https:\/\/selleetools.com\/#organization"},"potentialAction":[{"@type":"SearchAction","target":{"@type":"EntryPoint","urlTemplate":"https:\/\/selleetools.com\/?s={search_term_string}"},"query-input":"required name=search_term_string"}],"inLanguage":"pl-PL"},{"@type":"WebPage","@id":"https:\/\/admincentral.selleetools.com\/pl\/product\/dr-althea-vitamin-c-boosting-serum-30-ml-serum-rozjasniajace\/","url":"https:\/\/admincentral.selleetools.com\/pl\/product\/dr-althea-vitamin-c-boosting-serum-30-ml-serum-rozjasniajace\/","name":"Dr.Althea Vitamin C Boosting Serum 30 ml - serum rozja\u015bniaj\u0105ce - Selleetools.com","isPartOf":{"@id":"https:\/\/selleetools.com\/#website"},"datePublished":"2025-10-24T12:44:09+00:00","dateModified":"2025-11-05T11:01:36+00:00","breadcrumb":{"@id":"https:\/\/admincentral.selleetools.com\/pl\/product\/dr-althea-vitamin-c-boosting-serum-30-ml-serum-rozjasniajace\/#breadcrumb"},"inLanguage":"pl-PL","potentialAction":[{"@type":"ReadAction","target":["https:\/\/admincentral.selleetools.com\/pl\/product\/dr-althea-vitamin-c-boosting-serum-30-ml-serum-rozjasniajace\/"]}]},{"@type":"BreadcrumbList","@id":"https:\/\/admincentral.selleetools.com\/pl\/product\/dr-althea-vitamin-c-boosting-serum-30-ml-serum-rozjasniajace\/#breadcrumb","itemListElement":[{"@type":"ListItem","position":1,"name":"Home","item":"https:\/\/selleetools.com\/pl\/"},{"@type":"ListItem","position":2,"name":"Katalog","item":"https:\/\/selleetools.com\/pl\/katalog\/"},{"@type":"ListItem","position":3,"name":"Dr.Althea Vitamin C Boosting Serum 30 ml &#8211; serum rozja\u015bniaj\u0105ce"}]}]}},"_links":{"self":[{"href":"https:\/\/admincentral.selleetools.com\/pl\/wp-json\/wp\/v2\/product\/610068"}],"collection":[{"href":"https:\/\/admincentral.selleetools.com\/pl\/wp-json\/wp\/v2\/product"}],"about":[{"href":"https:\/\/admincentral.selleetools.com\/pl\/wp-json\/wp\/v2\/types\/product"}],"replies":[{"embeddable":true,"href":"https:\/\/admincentral.selleetools.com\/pl\/wp-json\/wp\/v2\/comments?post=610068"}],"wp:featuredmedia":[{"embeddable":true,"href":"https:\/\/admincentral.selleetools.com\/pl\/wp-json\/wp\/v2\/media\/610066"}],"wp:attachment":[{"href":"https:\/\/admincentral.selleetools.com\/pl\/wp-json\/wp\/v2\/media?parent=610068"}],"curies":[{"name":"wp","href":"https:\/\/api.w.org\/{rel}","templated":true}]}}