{"id":610110,"date":"2025-10-24T14:44:52","date_gmt":"2025-10-24T12:44:52","guid":{"rendered":"https:\/\/selleetools.com\/?post_type=product&#038;p=610110"},"modified":"2025-11-03T17:01:05","modified_gmt":"2025-11-03T16:01:05","slug":"beauty-of-joseon-sun-trio-3szt-zestaw-produktow-przeciwslonecznych-do-twarzy","status":"publish","type":"product","link":"https:\/\/admincentral.selleetools.com\/pl\/product\/beauty-of-joseon-sun-trio-3szt-zestaw-produktow-przeciwslonecznych-do-twarzy\/","title":{"rendered":"Beauty of Joseon SUN TRIO, 3szt &#8211; zestaw produkt\u00f3w przeciws\u0142onecznych do twarzy"},"content":{"rendered":"<p>Kompleksowa ochrona przed s\u0142o\u0144cem w trzech ods\u0142onach. Zestaw Beauty of Joseon Sun Trio to trzy bestsellery marki, kt\u00f3re \u0142\u0105cz\u0105 wysok\u0105 ochron\u0119 SPF50+ PA++++ z piel\u0119gnacyjnymi sk\u0142adnikami Hanbang. Ka\u017cdy z produkt\u00f3w ma unikaln\u0105 formu\u0142\u0119 \u2013 krem nawil\u017caj\u0105cy, matowy stick oraz serum z \u017ce\u0144-szeniem \u2013 dzi\u0119ki czemu mo\u017cesz dopasowa\u0107 ochron\u0119 UV do r\u00f3\u017cnych potrzeb sk\u00f3ry i sytuacji.<\/p>\n<p>Co znajdziesz w zestawie?<br \/>\nRelief Sun: Rice + Probiotics SPF50+ PA++++<br \/>\nKultowy krem z filtrem. Lekka, kremowo-aksamitna konsystencja zachowuje si\u0119 jak nawil\u017caj\u0105cy krem, zapewniaj\u0105c mocn\u0105 ochron\u0119 przeciws\u0142oneczn\u0105. 30% ekstraktu z ry\u017cu i fermentowane zbo\u017ca intensywnie nawil\u017caj\u0105, koj\u0105 i wspieraj\u0105 naturalny blask sk\u00f3ry \u2013 bez t\u0142ustego filmu i bia\u0142ej po\u015bwiaty.<\/p>\n<p>Matte Sun Stick: Mugwort + Camellia SPF50+ PA++++<br \/>\nWygodny stick, idealny do reaplikacji w ci\u0105gu dnia \u2013 nawet na makija\u017c. Mugwort i zielona herbata \u0142agodz\u0105 i od\u015bwie\u017caj\u0105, a kompleks sebum-control zapewnia mi\u0119kkie, matowe wyko\u0144czenie. Zero lepko\u015bci, zero grudek \u2013 tylko czysta wygoda.<\/p>\n<p>Ginseng Moist Sun Serum SPF50+ PA++++<br \/>\nFiltr w formie lekkiego serum z 30% ekstraktu z \u017ce\u0144-szenia. Intensywnie nawil\u017ca, wspiera barier\u0119 ochronn\u0105 sk\u00f3ry i dzia\u0142a antyoksydacyjnie. Dodatek adenozyny poprawia elastyczno\u015b\u0107 i redukuje oznaki starzenia. Formu\u0142a kapsu\u0142kowa szybko si\u0119 wch\u0142ania, pozostawiaj\u0105c sk\u00f3r\u0119 spr\u0119\u017cyst\u0105 i roz\u015bwietlon\u0105.<\/p>\n<p>Korzy\u015bci zestawu:<br \/>\nWysoka ochrona SPF50+ PA++++<br \/>\nNawil\u017cenie i regeneracja sk\u00f3ry<br \/>\nTrzy formu\u0142y dopasowane do r\u00f3\u017cnych potrzeb (krem, stick, serum)<br \/>\nIdealne do stosowania solo i w duecie \u2013 w domu, w pracy i w podr\u00f3\u017cy<br \/>\nPiel\u0119gnacyjne ekstrakty Hanbang dla zdrowej, promiennej sk\u00f3ry<\/p>\n<p>Spos\u00f3b u\u017cycia: Nak\u0142adaj wybrany filtr jako ostatni krok porannej piel\u0119gnacji. Krem i serum aplikuj obficie na twarz i szyj\u0119. Stick stosuj w ci\u0105gu dnia do reaplikacji \u2013 r\u00f3wnie\u017c na makija\u017c.<\/p>\n","protected":false},"excerpt":{"rendered":"<p>Kompleksowa ochrona przed s\u0142o\u0144cem w trzech ods\u0142onach. Zestaw Beauty of Joseon Sun Trio to trzy bestsellery marki, kt\u00f3re \u0142\u0105cz\u0105 wysok\u0105 ochron\u0119 SPF50+ PA++++ z piel\u0119gnacyjnymi sk\u0142adnikami Hanbang. Ka\u017cdy z produkt\u00f3w ma unikaln\u0105 formu\u0142\u0119 \u2013 krem nawil\u017caj\u0105cy, matowy stick oraz serum z \u017ce\u0144-szeniem \u2013 dzi\u0119ki czemu mo\u017cesz dopasowa\u0107 ochron\u0119 UV do r\u00f3\u017cnych potrzeb sk\u00f3ry i sytuacji. &#8230; <a title=\"Beauty of Joseon SUN TRIO, 3szt &#8211; zestaw produkt\u00f3w przeciws\u0142onecznych do twarzy\" class=\"read-more\" href=\"https:\/\/admincentral.selleetools.com\/pl\/product\/beauty-of-joseon-sun-trio-3szt-zestaw-produktow-przeciwslonecznych-do-twarzy\/\">Read more<span class=\"screen-reader-text\">Beauty of Joseon SUN TRIO, 3szt &#8211; zestaw produkt\u00f3w przeciws\u0142onecznych do twarzy<\/span><\/a><\/p>\n","protected":false},"featured_media":610108,"comment_status":"open","ping_status":"closed","template":"","meta":{"_links_to":"","_links_to_target":""},"yoast_head":"<!-- This site is optimized with the Yoast SEO plugin v19.4 - https:\/\/yoast.com\/wordpress\/plugins\/seo\/ -->\n<title>Beauty of Joseon SUN TRIO, 3szt - zestaw produkt\u00f3w przeciws\u0142onecznych do twarzy - Selleetools.com<\/title>\n<meta name=\"robots\" content=\"index, follow, max-snippet:-1, max-image-preview:large, max-video-preview:-1\" \/>\n<link rel=\"canonical\" href=\"https:\/\/admincentral.selleetools.com\/pl\/product\/beauty-of-joseon-sun-trio-3szt-zestaw-produktow-przeciwslonecznych-do-twarzy\/\" \/>\n<meta property=\"og:locale\" content=\"pl_PL\" \/>\n<meta property=\"og:type\" content=\"article\" \/>\n<meta property=\"og:title\" content=\"Beauty of Joseon SUN TRIO, 3szt - zestaw produkt\u00f3w przeciws\u0142onecznych do twarzy - Selleetools.com\" \/>\n<meta property=\"og:description\" content=\"Kompleksowa ochrona przed s\u0142o\u0144cem w trzech ods\u0142onach. Zestaw Beauty of Joseon Sun Trio to trzy bestsellery marki, kt\u00f3re \u0142\u0105cz\u0105 wysok\u0105 ochron\u0119 SPF50+ PA++++ z piel\u0119gnacyjnymi sk\u0142adnikami Hanbang. Ka\u017cdy z produkt\u00f3w ma unikaln\u0105 formu\u0142\u0119 \u2013 krem nawil\u017caj\u0105cy, matowy stick oraz serum z \u017ce\u0144-szeniem \u2013 dzi\u0119ki czemu mo\u017cesz dopasowa\u0107 ochron\u0119 UV do r\u00f3\u017cnych potrzeb sk\u00f3ry i sytuacji. ... Read moreBeauty of Joseon SUN TRIO, 3szt &#8211; zestaw produkt\u00f3w przeciws\u0142onecznych do twarzy\" \/>\n<meta property=\"og:url\" content=\"https:\/\/admincentral.selleetools.com\/pl\/product\/beauty-of-joseon-sun-trio-3szt-zestaw-produktow-przeciwslonecznych-do-twarzy\/\" \/>\n<meta property=\"og:site_name\" content=\"Selleetools.com\" \/>\n<meta property=\"article:modified_time\" content=\"2025-11-03T16:01:05+00:00\" \/>\n<meta property=\"og:image\" content=\"https:\/\/selleetools.com\/wp-content\/uploads\/2025\/10\/52c82104d83cf8a7b791665cf44d7412.png\" \/>\n\t<meta property=\"og:image:width\" content=\"1200\" \/>\n\t<meta property=\"og:image:height\" content=\"1200\" \/>\n\t<meta property=\"og:image:type\" content=\"image\/png\" \/>\n<meta name=\"twitter:card\" content=\"summary_large_image\" \/>\n<meta name=\"twitter:label1\" content=\"Est. reading time\" \/>\n\t<meta name=\"twitter:data1\" content=\"2 minuty\" \/>\n<!-- \/ Yoast SEO plugin. -->","yoast_head_json":{"title":"Beauty of Joseon SUN TRIO, 3szt - zestaw produkt\u00f3w przeciws\u0142onecznych do twarzy - Selleetools.com","robots":{"index":"index","follow":"follow","max-snippet":"max-snippet:-1","max-image-preview":"max-image-preview:large","max-video-preview":"max-video-preview:-1"},"canonical":"https:\/\/admincentral.selleetools.com\/pl\/product\/beauty-of-joseon-sun-trio-3szt-zestaw-produktow-przeciwslonecznych-do-twarzy\/","og_locale":"pl_PL","og_type":"article","og_title":"Beauty of Joseon SUN TRIO, 3szt - zestaw produkt\u00f3w przeciws\u0142onecznych do twarzy - Selleetools.com","og_description":"Kompleksowa ochrona przed s\u0142o\u0144cem w trzech ods\u0142onach. Zestaw Beauty of Joseon Sun Trio to trzy bestsellery marki, kt\u00f3re \u0142\u0105cz\u0105 wysok\u0105 ochron\u0119 SPF50+ PA++++ z piel\u0119gnacyjnymi sk\u0142adnikami Hanbang. Ka\u017cdy z produkt\u00f3w ma unikaln\u0105 formu\u0142\u0119 \u2013 krem nawil\u017caj\u0105cy, matowy stick oraz serum z \u017ce\u0144-szeniem \u2013 dzi\u0119ki czemu mo\u017cesz dopasowa\u0107 ochron\u0119 UV do r\u00f3\u017cnych potrzeb sk\u00f3ry i sytuacji. ... Read moreBeauty of Joseon SUN TRIO, 3szt &#8211; zestaw produkt\u00f3w przeciws\u0142onecznych do twarzy","og_url":"https:\/\/admincentral.selleetools.com\/pl\/product\/beauty-of-joseon-sun-trio-3szt-zestaw-produktow-przeciwslonecznych-do-twarzy\/","og_site_name":"Selleetools.com","article_modified_time":"2025-11-03T16:01:05+00:00","og_image":[{"width":1200,"height":1200,"url":"https:\/\/selleetools.com\/wp-content\/uploads\/2025\/10\/52c82104d83cf8a7b791665cf44d7412.png","type":"image\/png"}],"twitter_card":"summary_large_image","twitter_misc":{"Est. reading time":"2 minuty"},"schema":{"@context":"https:\/\/schema.org","@graph":[{"@type":"Organization","@id":"https:\/\/selleetools.com\/#organization","name":"Selleetools","url":"https:\/\/selleetools.com\/","sameAs":[],"logo":{"@type":"ImageObject","inLanguage":"pl-PL","@id":"https:\/\/selleetools.com\/#\/schema\/logo\/image\/","url":"https:\/\/selleetools.com\/wp-content\/uploads\/2021\/10\/logo-dark.png","contentUrl":"https:\/\/selleetools.com\/wp-content\/uploads\/2021\/10\/logo-dark.png","width":320,"height":76,"caption":"Selleetools"},"image":{"@id":"https:\/\/selleetools.com\/#\/schema\/logo\/image\/"}},{"@type":"WebSite","@id":"https:\/\/selleetools.com\/#website","url":"https:\/\/selleetools.com\/","name":"Selleetools.com","description":"","publisher":{"@id":"https:\/\/selleetools.com\/#organization"},"potentialAction":[{"@type":"SearchAction","target":{"@type":"EntryPoint","urlTemplate":"https:\/\/selleetools.com\/?s={search_term_string}"},"query-input":"required name=search_term_string"}],"inLanguage":"pl-PL"},{"@type":"WebPage","@id":"https:\/\/admincentral.selleetools.com\/pl\/product\/beauty-of-joseon-sun-trio-3szt-zestaw-produktow-przeciwslonecznych-do-twarzy\/","url":"https:\/\/admincentral.selleetools.com\/pl\/product\/beauty-of-joseon-sun-trio-3szt-zestaw-produktow-przeciwslonecznych-do-twarzy\/","name":"Beauty of Joseon SUN TRIO, 3szt - zestaw produkt\u00f3w przeciws\u0142onecznych do twarzy - Selleetools.com","isPartOf":{"@id":"https:\/\/selleetools.com\/#website"},"datePublished":"2025-10-24T12:44:52+00:00","dateModified":"2025-11-03T16:01:05+00:00","breadcrumb":{"@id":"https:\/\/admincentral.selleetools.com\/pl\/product\/beauty-of-joseon-sun-trio-3szt-zestaw-produktow-przeciwslonecznych-do-twarzy\/#breadcrumb"},"inLanguage":"pl-PL","potentialAction":[{"@type":"ReadAction","target":["https:\/\/admincentral.selleetools.com\/pl\/product\/beauty-of-joseon-sun-trio-3szt-zestaw-produktow-przeciwslonecznych-do-twarzy\/"]}]},{"@type":"BreadcrumbList","@id":"https:\/\/admincentral.selleetools.com\/pl\/product\/beauty-of-joseon-sun-trio-3szt-zestaw-produktow-przeciwslonecznych-do-twarzy\/#breadcrumb","itemListElement":[{"@type":"ListItem","position":1,"name":"Home","item":"https:\/\/selleetools.com\/pl\/"},{"@type":"ListItem","position":2,"name":"Katalog","item":"https:\/\/selleetools.com\/pl\/katalog\/"},{"@type":"ListItem","position":3,"name":"Beauty of Joseon SUN TRIO, 3szt &#8211; zestaw produkt\u00f3w przeciws\u0142onecznych do twarzy"}]}]}},"_links":{"self":[{"href":"https:\/\/admincentral.selleetools.com\/pl\/wp-json\/wp\/v2\/product\/610110"}],"collection":[{"href":"https:\/\/admincentral.selleetools.com\/pl\/wp-json\/wp\/v2\/product"}],"about":[{"href":"https:\/\/admincentral.selleetools.com\/pl\/wp-json\/wp\/v2\/types\/product"}],"replies":[{"embeddable":true,"href":"https:\/\/admincentral.selleetools.com\/pl\/wp-json\/wp\/v2\/comments?post=610110"}],"wp:featuredmedia":[{"embeddable":true,"href":"https:\/\/admincentral.selleetools.com\/pl\/wp-json\/wp\/v2\/media\/610108"}],"wp:attachment":[{"href":"https:\/\/admincentral.selleetools.com\/pl\/wp-json\/wp\/v2\/media?parent=610110"}],"curies":[{"name":"wp","href":"https:\/\/api.w.org\/{rel}","templated":true}]}}