{"id":610136,"date":"2025-10-24T14:45:16","date_gmt":"2025-10-24T12:45:16","guid":{"rendered":"https:\/\/selleetools.com\/?post_type=product&#038;p=610136"},"modified":"2025-11-05T12:02:38","modified_gmt":"2025-11-05T11:02:38","slug":"purederm-blemish-clear-plastry-na-wypryski-w-ksztalcie-serca-12-szt","status":"publish","type":"product","link":"https:\/\/admincentral.selleetools.com\/pl\/product\/purederm-blemish-clear-plastry-na-wypryski-w-ksztalcie-serca-12-szt\/","title":{"rendered":"PUREDERM &#8211; Blemish Clear &#8211; Plastry na wypryski w kszta\u0142cie serca, 12 szt."},"content":{"rendered":"<p>PUREDERM Blemish Clear Heart Patches to kolorowe, hydro\u017celowe plastry w kszta\u0142cie serc, kt\u00f3re nie tylko wspieraj\u0105 gojenie zmian tr\u0105dzikowych, ale te\u017c stanowi\u0105 modny element codziennego looku. Wykonane z wysokiej jako\u015bci hydrocolloidu, tworz\u0105 ochronn\u0105 barier\u0119 na sk\u00f3rze, poch\u0142aniaj\u0105 wydzielin\u0119 z wyprysk\u00f3w i przyspieszaj\u0105 proces regeneracji. Dzi\u0119ki dodatkowi kwasu salicylowego i olejku z drzewa herbacianego dzia\u0142aj\u0105 przeciwzapalnie i wspomagaj\u0105 redukcj\u0119 niedoskona\u0142o\u015bci.<\/p>\n<p>Korzy\u015bci dla sk\u00f3ry<br \/>\nChroni\u0105 przed bakteriami i zanieczyszczeniami z otoczenia<br \/>\nPoch\u0142aniaj\u0105 wydzielin\u0119 i sprzyjaj\u0105 szybszemu gojeniu<br \/>\n\u0141agodz\u0105 stany zapalne i zmniejszaj\u0105 ryzyko powstawania blizn<br \/>\nWygodne i dyskretne w u\u017cyciu \u2013 mo\u017cna nosi\u0107 pod makija\u017cem<br \/>\nKolorowy, serduszkowy design \u2013 po\u0142\u0105czenie piel\u0119gnacji i modnego akcentu<\/p>\n<p>Spos\u00f3b u\u017cycia: Oczy\u015b\u0107 i osusz sk\u00f3r\u0119. Zdejmij plaster, rozrywaj\u0105c perforowan\u0105 foli\u0119 z ty\u0142u. Na\u0142\u00f3\u017c plaster na wybrane miejsce i delikatnie doci\u015bnij przez 2-3 sekundy. Delikatnie odklej plaster od brzegu, gdy stanie si\u0119 bia\u0142y i sp\u0119cznieje. Aby uzyska\u0107 najlepsze rezultaty, no\u015b plaster przez oko\u0142o 4-8 godzin, w dzie\u0144 lub w nocy.<\/p>\n","protected":false},"excerpt":{"rendered":"<p>PUREDERM Blemish Clear Heart Patches to kolorowe, hydro\u017celowe plastry w kszta\u0142cie serc, kt\u00f3re nie tylko wspieraj\u0105 gojenie zmian tr\u0105dzikowych, ale te\u017c stanowi\u0105 modny element codziennego looku. Wykonane z wysokiej jako\u015bci hydrocolloidu, tworz\u0105 ochronn\u0105 barier\u0119 na sk\u00f3rze, poch\u0142aniaj\u0105 wydzielin\u0119 z wyprysk\u00f3w i przyspieszaj\u0105 proces regeneracji. Dzi\u0119ki dodatkowi kwasu salicylowego i olejku z drzewa herbacianego dzia\u0142aj\u0105 przeciwzapalnie &#8230; <a title=\"PUREDERM &#8211; Blemish Clear &#8211; Plastry na wypryski w kszta\u0142cie serca, 12 szt.\" class=\"read-more\" href=\"https:\/\/admincentral.selleetools.com\/pl\/product\/purederm-blemish-clear-plastry-na-wypryski-w-ksztalcie-serca-12-szt\/\">Read more<span class=\"screen-reader-text\">PUREDERM &#8211; Blemish Clear &#8211; Plastry na wypryski w kszta\u0142cie serca, 12 szt.<\/span><\/a><\/p>\n","protected":false},"featured_media":610134,"comment_status":"open","ping_status":"closed","template":"","meta":{"_links_to":"","_links_to_target":""},"yoast_head":"<!-- This site is optimized with the Yoast SEO plugin v19.4 - https:\/\/yoast.com\/wordpress\/plugins\/seo\/ -->\n<title>PUREDERM - Blemish Clear - Plastry na wypryski w kszta\u0142cie serca, 12 szt. - Selleetools.com<\/title>\n<meta name=\"robots\" content=\"index, follow, max-snippet:-1, max-image-preview:large, max-video-preview:-1\" \/>\n<link rel=\"canonical\" href=\"https:\/\/selleetools.com\/pl\/product\/purederm-blemish-clear-plastry-na-wypryski-w-ksztalcie-serca-12-szt\/\" \/>\n<meta property=\"og:locale\" content=\"pl_PL\" \/>\n<meta property=\"og:type\" content=\"article\" \/>\n<meta property=\"og:title\" content=\"PUREDERM - Blemish Clear - Plastry na wypryski w kszta\u0142cie serca, 12 szt. - Selleetools.com\" \/>\n<meta property=\"og:description\" content=\"PUREDERM Blemish Clear Heart Patches to kolorowe, hydro\u017celowe plastry w kszta\u0142cie serc, kt\u00f3re nie tylko wspieraj\u0105 gojenie zmian tr\u0105dzikowych, ale te\u017c stanowi\u0105 modny element codziennego looku. Wykonane z wysokiej jako\u015bci hydrocolloidu, tworz\u0105 ochronn\u0105 barier\u0119 na sk\u00f3rze, poch\u0142aniaj\u0105 wydzielin\u0119 z wyprysk\u00f3w i przyspieszaj\u0105 proces regeneracji. Dzi\u0119ki dodatkowi kwasu salicylowego i olejku z drzewa herbacianego dzia\u0142aj\u0105 przeciwzapalnie ... Read morePUREDERM &#8211; Blemish Clear &#8211; Plastry na wypryski w kszta\u0142cie serca, 12 szt.\" \/>\n<meta property=\"og:url\" content=\"https:\/\/selleetools.com\/pl\/product\/purederm-blemish-clear-plastry-na-wypryski-w-ksztalcie-serca-12-szt\/\" \/>\n<meta property=\"og:site_name\" content=\"Selleetools.com\" \/>\n<meta property=\"article:modified_time\" content=\"2025-11-05T11:02:38+00:00\" \/>\n<meta property=\"og:image\" content=\"https:\/\/selleetools.com\/wp-content\/uploads\/2025\/10\/da3567d2ccaeaf25bf02ad9bec39926d.jpg\" \/>\n\t<meta property=\"og:image:width\" content=\"1050\" \/>\n\t<meta property=\"og:image:height\" content=\"1050\" \/>\n\t<meta property=\"og:image:type\" content=\"image\/jpeg\" \/>\n<meta name=\"twitter:card\" content=\"summary_large_image\" \/>\n<meta name=\"twitter:label1\" content=\"Est. reading time\" \/>\n\t<meta name=\"twitter:data1\" content=\"1 minuta\" \/>\n<!-- \/ Yoast SEO plugin. -->","yoast_head_json":{"title":"PUREDERM - Blemish Clear - Plastry na wypryski w kszta\u0142cie serca, 12 szt. - Selleetools.com","robots":{"index":"index","follow":"follow","max-snippet":"max-snippet:-1","max-image-preview":"max-image-preview:large","max-video-preview":"max-video-preview:-1"},"canonical":"https:\/\/selleetools.com\/pl\/product\/purederm-blemish-clear-plastry-na-wypryski-w-ksztalcie-serca-12-szt\/","og_locale":"pl_PL","og_type":"article","og_title":"PUREDERM - Blemish Clear - Plastry na wypryski w kszta\u0142cie serca, 12 szt. - Selleetools.com","og_description":"PUREDERM Blemish Clear Heart Patches to kolorowe, hydro\u017celowe plastry w kszta\u0142cie serc, kt\u00f3re nie tylko wspieraj\u0105 gojenie zmian tr\u0105dzikowych, ale te\u017c stanowi\u0105 modny element codziennego looku. Wykonane z wysokiej jako\u015bci hydrocolloidu, tworz\u0105 ochronn\u0105 barier\u0119 na sk\u00f3rze, poch\u0142aniaj\u0105 wydzielin\u0119 z wyprysk\u00f3w i przyspieszaj\u0105 proces regeneracji. Dzi\u0119ki dodatkowi kwasu salicylowego i olejku z drzewa herbacianego dzia\u0142aj\u0105 przeciwzapalnie ... Read morePUREDERM &#8211; Blemish Clear &#8211; Plastry na wypryski w kszta\u0142cie serca, 12 szt.","og_url":"https:\/\/selleetools.com\/pl\/product\/purederm-blemish-clear-plastry-na-wypryski-w-ksztalcie-serca-12-szt\/","og_site_name":"Selleetools.com","article_modified_time":"2025-11-05T11:02:38+00:00","og_image":[{"width":1050,"height":1050,"url":"https:\/\/selleetools.com\/wp-content\/uploads\/2025\/10\/da3567d2ccaeaf25bf02ad9bec39926d.jpg","type":"image\/jpeg"}],"twitter_card":"summary_large_image","twitter_misc":{"Est. reading time":"1 minuta"},"schema":{"@context":"https:\/\/schema.org","@graph":[{"@type":"Organization","@id":"https:\/\/selleetools.com\/#organization","name":"Selleetools","url":"https:\/\/selleetools.com\/","sameAs":[],"logo":{"@type":"ImageObject","inLanguage":"pl-PL","@id":"https:\/\/selleetools.com\/#\/schema\/logo\/image\/","url":"https:\/\/selleetools.com\/wp-content\/uploads\/2021\/10\/logo-dark.png","contentUrl":"https:\/\/selleetools.com\/wp-content\/uploads\/2021\/10\/logo-dark.png","width":320,"height":76,"caption":"Selleetools"},"image":{"@id":"https:\/\/selleetools.com\/#\/schema\/logo\/image\/"}},{"@type":"WebSite","@id":"https:\/\/selleetools.com\/#website","url":"https:\/\/selleetools.com\/","name":"Selleetools.com","description":"","publisher":{"@id":"https:\/\/selleetools.com\/#organization"},"potentialAction":[{"@type":"SearchAction","target":{"@type":"EntryPoint","urlTemplate":"https:\/\/selleetools.com\/?s={search_term_string}"},"query-input":"required name=search_term_string"}],"inLanguage":"pl-PL"},{"@type":"WebPage","@id":"https:\/\/selleetools.com\/pl\/product\/purederm-blemish-clear-plastry-na-wypryski-w-ksztalcie-serca-12-szt\/","url":"https:\/\/selleetools.com\/pl\/product\/purederm-blemish-clear-plastry-na-wypryski-w-ksztalcie-serca-12-szt\/","name":"PUREDERM - Blemish Clear - Plastry na wypryski w kszta\u0142cie serca, 12 szt. - Selleetools.com","isPartOf":{"@id":"https:\/\/selleetools.com\/#website"},"datePublished":"2025-10-24T12:45:16+00:00","dateModified":"2025-11-05T11:02:38+00:00","breadcrumb":{"@id":"https:\/\/selleetools.com\/pl\/product\/purederm-blemish-clear-plastry-na-wypryski-w-ksztalcie-serca-12-szt\/#breadcrumb"},"inLanguage":"pl-PL","potentialAction":[{"@type":"ReadAction","target":["https:\/\/selleetools.com\/pl\/product\/purederm-blemish-clear-plastry-na-wypryski-w-ksztalcie-serca-12-szt\/"]}]},{"@type":"BreadcrumbList","@id":"https:\/\/selleetools.com\/pl\/product\/purederm-blemish-clear-plastry-na-wypryski-w-ksztalcie-serca-12-szt\/#breadcrumb","itemListElement":[{"@type":"ListItem","position":1,"name":"Home","item":"https:\/\/selleetools.com\/pl\/"},{"@type":"ListItem","position":2,"name":"Katalog","item":"https:\/\/selleetools.com\/pl\/katalog\/"},{"@type":"ListItem","position":3,"name":"PUREDERM &#8211; Blemish Clear &#8211; Plastry na wypryski w kszta\u0142cie serca, 12 szt."}]}]}},"_links":{"self":[{"href":"https:\/\/admincentral.selleetools.com\/pl\/wp-json\/wp\/v2\/product\/610136"}],"collection":[{"href":"https:\/\/admincentral.selleetools.com\/pl\/wp-json\/wp\/v2\/product"}],"about":[{"href":"https:\/\/admincentral.selleetools.com\/pl\/wp-json\/wp\/v2\/types\/product"}],"replies":[{"embeddable":true,"href":"https:\/\/admincentral.selleetools.com\/pl\/wp-json\/wp\/v2\/comments?post=610136"}],"wp:featuredmedia":[{"embeddable":true,"href":"https:\/\/admincentral.selleetools.com\/pl\/wp-json\/wp\/v2\/media\/610134"}],"wp:attachment":[{"href":"https:\/\/admincentral.selleetools.com\/pl\/wp-json\/wp\/v2\/media?parent=610136"}],"curies":[{"name":"wp","href":"https:\/\/api.w.org\/{rel}","templated":true}]}}