{"id":610145,"date":"2025-10-24T14:45:24","date_gmt":"2025-10-24T12:45:24","guid":{"rendered":"https:\/\/selleetools.com\/?post_type=product&#038;p=610145"},"modified":"2025-11-05T12:02:45","modified_gmt":"2025-11-05T11:02:45","slug":"purederm-plastry-na-nos-drzewo-herbaciane-6szt","status":"publish","type":"product","link":"https:\/\/admincentral.selleetools.com\/pl\/product\/purederm-plastry-na-nos-drzewo-herbaciane-6szt\/","title":{"rendered":"PUREDERM &#8211; plastry na nos &#8220;Drzewo herbaciane&#8221;, 6szt."},"content":{"rendered":"<p>Plastry na nos PUREDERM z ekstraktem z drzewa herbacianego to szybki i skuteczny spos\u00f3b na pozbycie si\u0119 zask\u00f3rnik\u00f3w oraz nadmiaru sebum. Wystarczy jedno u\u017cycie, aby odblokowa\u0107 pory i oczy\u015bci\u0107 sk\u00f3r\u0119 z nagromadzonych zanieczyszcze\u0144. Regularne stosowanie sprawia, \u017ce pory staj\u0105 si\u0119 mniej widoczne, a sk\u00f3ra g\u0142adka i \u015bwie\u017ca.<\/p>\n<p>Korzy\u015bci dla sk\u00f3ry<br \/>\nusuwa zask\u00f3rniki, sebum i zanieczyszczenia z por\u00f3w<br \/>\nzapobiega ponownemu ich zapychaniu si\u0119<br \/>\nekstrakt z drzewa herbacianego dzia\u0142a antybakteryjnie i od\u015bwie\u017caj\u0105co<br \/>\nekstrakt z oczaru wirginijskiego \u0142agodzi podra\u017cnienia i zw\u0119\u017ca pory<br \/>\nalantoina koi i wspiera regeneracj\u0119 sk\u00f3ry<\/p>\n<p>Spos\u00f3b u\u017cycia: Dok\u0142adnie umyj twarz i zwil\u017c sk\u00f3r\u0119 nosa wod\u0105. Otw\u00f3rz saszetk\u0119, zdejmij plaster z folii ochronnej i na\u0142\u00f3\u017c b\u0142yszcz\u0105c\u0105 stron\u0105 na wilgotny nos. Pozostaw na 10\u201315 minut, a\u017c plaster stanie si\u0119 sztywny. Delikatnie zdejmij zaczynaj\u0105c od brzeg\u00f3w, kieruj\u0105c si\u0119 ku \u015brodkowi. Pozosta\u0142o\u015bci usu\u0144 wod\u0105. Stosuj 1\u20132 razy w tygodniu, zachowuj\u0105c co najmniej 3 dni przerwy mi\u0119dzy kolejnymi aplikacjami.<\/p>\n","protected":false},"excerpt":{"rendered":"<p>Plastry na nos PUREDERM z ekstraktem z drzewa herbacianego to szybki i skuteczny spos\u00f3b na pozbycie si\u0119 zask\u00f3rnik\u00f3w oraz nadmiaru sebum. Wystarczy jedno u\u017cycie, aby odblokowa\u0107 pory i oczy\u015bci\u0107 sk\u00f3r\u0119 z nagromadzonych zanieczyszcze\u0144. Regularne stosowanie sprawia, \u017ce pory staj\u0105 si\u0119 mniej widoczne, a sk\u00f3ra g\u0142adka i \u015bwie\u017ca. Korzy\u015bci dla sk\u00f3ry usuwa zask\u00f3rniki, sebum i zanieczyszczenia &#8230; <a title=\"PUREDERM &#8211; plastry na nos &#8220;Drzewo herbaciane&#8221;, 6szt.\" class=\"read-more\" href=\"https:\/\/admincentral.selleetools.com\/pl\/product\/purederm-plastry-na-nos-drzewo-herbaciane-6szt\/\">Read more<span class=\"screen-reader-text\">PUREDERM &#8211; plastry na nos &#8220;Drzewo herbaciane&#8221;, 6szt.<\/span><\/a><\/p>\n","protected":false},"featured_media":610143,"comment_status":"open","ping_status":"closed","template":"","meta":{"_links_to":"","_links_to_target":""},"yoast_head":"<!-- This site is optimized with the Yoast SEO plugin v19.4 - https:\/\/yoast.com\/wordpress\/plugins\/seo\/ -->\n<title>PUREDERM - plastry na nos &quot;Drzewo herbaciane&quot;, 6szt. - Selleetools.com<\/title>\n<meta name=\"robots\" content=\"index, follow, max-snippet:-1, max-image-preview:large, max-video-preview:-1\" \/>\n<link rel=\"canonical\" href=\"https:\/\/admincentral.selleetools.com\/pl\/product\/purederm-plastry-na-nos-drzewo-herbaciane-6szt\/\" \/>\n<meta property=\"og:locale\" content=\"pl_PL\" \/>\n<meta property=\"og:type\" content=\"article\" \/>\n<meta property=\"og:title\" content=\"PUREDERM - plastry na nos &quot;Drzewo herbaciane&quot;, 6szt. - Selleetools.com\" \/>\n<meta property=\"og:description\" content=\"Plastry na nos PUREDERM z ekstraktem z drzewa herbacianego to szybki i skuteczny spos\u00f3b na pozbycie si\u0119 zask\u00f3rnik\u00f3w oraz nadmiaru sebum. Wystarczy jedno u\u017cycie, aby odblokowa\u0107 pory i oczy\u015bci\u0107 sk\u00f3r\u0119 z nagromadzonych zanieczyszcze\u0144. Regularne stosowanie sprawia, \u017ce pory staj\u0105 si\u0119 mniej widoczne, a sk\u00f3ra g\u0142adka i \u015bwie\u017ca. Korzy\u015bci dla sk\u00f3ry usuwa zask\u00f3rniki, sebum i zanieczyszczenia ... Read morePUREDERM &#8211; plastry na nos &#8220;Drzewo herbaciane&#8221;, 6szt.\" \/>\n<meta property=\"og:url\" content=\"https:\/\/admincentral.selleetools.com\/pl\/product\/purederm-plastry-na-nos-drzewo-herbaciane-6szt\/\" \/>\n<meta property=\"og:site_name\" content=\"Selleetools.com\" \/>\n<meta property=\"article:modified_time\" content=\"2025-11-05T11:02:45+00:00\" \/>\n<meta property=\"og:image\" content=\"https:\/\/selleetools.com\/wp-content\/uploads\/2025\/10\/19815b770215fadf96ab124a209209c1.png\" \/>\n\t<meta property=\"og:image:width\" content=\"1200\" \/>\n\t<meta property=\"og:image:height\" content=\"1200\" \/>\n\t<meta property=\"og:image:type\" content=\"image\/png\" \/>\n<meta name=\"twitter:card\" content=\"summary_large_image\" \/>\n<meta name=\"twitter:label1\" content=\"Est. reading time\" \/>\n\t<meta name=\"twitter:data1\" content=\"1 minuta\" \/>\n<!-- \/ Yoast SEO plugin. -->","yoast_head_json":{"title":"PUREDERM - plastry na nos \"Drzewo herbaciane\", 6szt. - Selleetools.com","robots":{"index":"index","follow":"follow","max-snippet":"max-snippet:-1","max-image-preview":"max-image-preview:large","max-video-preview":"max-video-preview:-1"},"canonical":"https:\/\/admincentral.selleetools.com\/pl\/product\/purederm-plastry-na-nos-drzewo-herbaciane-6szt\/","og_locale":"pl_PL","og_type":"article","og_title":"PUREDERM - plastry na nos \"Drzewo herbaciane\", 6szt. - Selleetools.com","og_description":"Plastry na nos PUREDERM z ekstraktem z drzewa herbacianego to szybki i skuteczny spos\u00f3b na pozbycie si\u0119 zask\u00f3rnik\u00f3w oraz nadmiaru sebum. Wystarczy jedno u\u017cycie, aby odblokowa\u0107 pory i oczy\u015bci\u0107 sk\u00f3r\u0119 z nagromadzonych zanieczyszcze\u0144. Regularne stosowanie sprawia, \u017ce pory staj\u0105 si\u0119 mniej widoczne, a sk\u00f3ra g\u0142adka i \u015bwie\u017ca. Korzy\u015bci dla sk\u00f3ry usuwa zask\u00f3rniki, sebum i zanieczyszczenia ... Read morePUREDERM &#8211; plastry na nos &#8220;Drzewo herbaciane&#8221;, 6szt.","og_url":"https:\/\/admincentral.selleetools.com\/pl\/product\/purederm-plastry-na-nos-drzewo-herbaciane-6szt\/","og_site_name":"Selleetools.com","article_modified_time":"2025-11-05T11:02:45+00:00","og_image":[{"width":1200,"height":1200,"url":"https:\/\/selleetools.com\/wp-content\/uploads\/2025\/10\/19815b770215fadf96ab124a209209c1.png","type":"image\/png"}],"twitter_card":"summary_large_image","twitter_misc":{"Est. reading time":"1 minuta"},"schema":{"@context":"https:\/\/schema.org","@graph":[{"@type":"Organization","@id":"https:\/\/selleetools.com\/#organization","name":"Selleetools","url":"https:\/\/selleetools.com\/","sameAs":[],"logo":{"@type":"ImageObject","inLanguage":"pl-PL","@id":"https:\/\/selleetools.com\/#\/schema\/logo\/image\/","url":"https:\/\/selleetools.com\/wp-content\/uploads\/2021\/10\/logo-dark.png","contentUrl":"https:\/\/selleetools.com\/wp-content\/uploads\/2021\/10\/logo-dark.png","width":320,"height":76,"caption":"Selleetools"},"image":{"@id":"https:\/\/selleetools.com\/#\/schema\/logo\/image\/"}},{"@type":"WebSite","@id":"https:\/\/selleetools.com\/#website","url":"https:\/\/selleetools.com\/","name":"Selleetools.com","description":"","publisher":{"@id":"https:\/\/selleetools.com\/#organization"},"potentialAction":[{"@type":"SearchAction","target":{"@type":"EntryPoint","urlTemplate":"https:\/\/selleetools.com\/?s={search_term_string}"},"query-input":"required name=search_term_string"}],"inLanguage":"pl-PL"},{"@type":"WebPage","@id":"https:\/\/admincentral.selleetools.com\/pl\/product\/purederm-plastry-na-nos-drzewo-herbaciane-6szt\/","url":"https:\/\/admincentral.selleetools.com\/pl\/product\/purederm-plastry-na-nos-drzewo-herbaciane-6szt\/","name":"PUREDERM - plastry na nos \"Drzewo herbaciane\", 6szt. - Selleetools.com","isPartOf":{"@id":"https:\/\/selleetools.com\/#website"},"datePublished":"2025-10-24T12:45:24+00:00","dateModified":"2025-11-05T11:02:45+00:00","breadcrumb":{"@id":"https:\/\/admincentral.selleetools.com\/pl\/product\/purederm-plastry-na-nos-drzewo-herbaciane-6szt\/#breadcrumb"},"inLanguage":"pl-PL","potentialAction":[{"@type":"ReadAction","target":["https:\/\/admincentral.selleetools.com\/pl\/product\/purederm-plastry-na-nos-drzewo-herbaciane-6szt\/"]}]},{"@type":"BreadcrumbList","@id":"https:\/\/admincentral.selleetools.com\/pl\/product\/purederm-plastry-na-nos-drzewo-herbaciane-6szt\/#breadcrumb","itemListElement":[{"@type":"ListItem","position":1,"name":"Home","item":"https:\/\/selleetools.com\/pl\/"},{"@type":"ListItem","position":2,"name":"Katalog","item":"https:\/\/selleetools.com\/pl\/katalog\/"},{"@type":"ListItem","position":3,"name":"PUREDERM &#8211; plastry na nos &#8220;Drzewo herbaciane&#8221;, 6szt."}]}]}},"_links":{"self":[{"href":"https:\/\/admincentral.selleetools.com\/pl\/wp-json\/wp\/v2\/product\/610145"}],"collection":[{"href":"https:\/\/admincentral.selleetools.com\/pl\/wp-json\/wp\/v2\/product"}],"about":[{"href":"https:\/\/admincentral.selleetools.com\/pl\/wp-json\/wp\/v2\/types\/product"}],"replies":[{"embeddable":true,"href":"https:\/\/admincentral.selleetools.com\/pl\/wp-json\/wp\/v2\/comments?post=610145"}],"wp:featuredmedia":[{"embeddable":true,"href":"https:\/\/admincentral.selleetools.com\/pl\/wp-json\/wp\/v2\/media\/610143"}],"wp:attachment":[{"href":"https:\/\/admincentral.selleetools.com\/pl\/wp-json\/wp\/v2\/media?parent=610145"}],"curies":[{"name":"wp","href":"https:\/\/api.w.org\/{rel}","templated":true}]}}