{"id":610192,"date":"2025-10-24T14:46:13","date_gmt":"2025-10-24T12:46:13","guid":{"rendered":"https:\/\/selleetools.com\/?post_type=product&#038;p=610192"},"modified":"2026-01-16T10:40:55","modified_gmt":"2026-01-16T09:40:55","slug":"cosnori-whitening-dress-tone-up-cream-50ml-krem-tonujacy","status":"publish","type":"product","link":"https:\/\/admincentral.selleetools.com\/pl\/product\/cosnori-whitening-dress-tone-up-cream-50ml-krem-tonujacy\/","title":{"rendered":"COSNORI WHITENING DRESS TONE-UP CREAM, 50ML krem tonuj\u0105cy"},"content":{"rendered":"<p>Whitening Dress Tone-Up Cream to krem roz\u015bwietlaj\u0105cy, kt\u00f3ry natychmiast wyr\u00f3wnuje koloryt sk\u00f3ry, nadaj\u0105c jej promienny, zdrowy wygl\u0105d. Lekka, aksamitna formu\u0142a szybko si\u0119 wch\u0142ania, utrzymuje efekt przez ca\u0142y dzie\u0144. Wzbogacony o niacynamid oraz ekstrakt z kwiat\u00f3w wi\u015bni japo\u0144skiej, zapewnia nie tylko natychmiastowy efekt glow, ale te\u017c stopniow\u0105 popraw\u0119 kolorytu sk\u00f3ry przy regularnym stosowaniu. Wega\u0144ski i przebadany dermatologicznie, odpowiedni dla ka\u017cdego typu cery.<\/p>\n<p>Korzy\u015bci dla sk\u00f3ry<br \/>\nNatychmiastowy efekt roz\u015bwietlenia i wyr\u00f3wnania kolorytu.<br \/>\nZawiera niacynamid \u2013 sk\u0142adnik o udowodnionym dzia\u0142aniu rozja\u015bniaj\u0105cym.<br \/>\nEkstrakt z kwiat\u00f3w wi\u015bni i aloes koj\u0105 sk\u00f3r\u0119 i nawil\u017caj\u0105.<br \/>\nNaturalne olejki eteryczne wspieraj\u0105 piel\u0119gnacj\u0119 i chroni\u0105 przed przesuszeniem.<br \/>\nLekka, niet\u0142usta formu\u0142a \u2013 nie brudzi ubra\u0144, idealna na co dzie\u0144.<br \/>\nCertyfikowany produkt wega\u0144ski, bez sk\u0142adnik\u00f3w pochodzenia zwierz\u0119cego.<\/p>\n<p>Spos\u00f3b u\u017cycia<br \/>\nPo zako\u0144czeniu podstawowej piel\u0119gnacji na\u0142\u00f3\u017c niewielk\u0105 ilo\u015b\u0107 kremu.<br \/>\nRozprowad\u017a r\u00f3wnomiernie na sk\u00f3rze twarzy, szyi lub innych partiach cia\u0142a wymagaj\u0105cych rozja\u015bnienia.<br \/>\nDelikatnie wklep dla lepszego wch\u0142oni\u0119cia.<br \/>\nStosuj codziennie, aby uzyska\u0107 natychmiastowy efekt glow i stopniow\u0105 popraw\u0119 kolorytu sk\u00f3ry.<\/p>\n","protected":false},"excerpt":{"rendered":"<p>Whitening Dress Tone-Up Cream to krem roz\u015bwietlaj\u0105cy, kt\u00f3ry natychmiast wyr\u00f3wnuje koloryt sk\u00f3ry, nadaj\u0105c jej promienny, zdrowy wygl\u0105d. Lekka, aksamitna formu\u0142a szybko si\u0119 wch\u0142ania, utrzymuje efekt przez ca\u0142y dzie\u0144. Wzbogacony o niacynamid oraz ekstrakt z kwiat\u00f3w wi\u015bni japo\u0144skiej, zapewnia nie tylko natychmiastowy efekt glow, ale te\u017c stopniow\u0105 popraw\u0119 kolorytu sk\u00f3ry przy regularnym stosowaniu. Wega\u0144ski i przebadany &#8230; <a title=\"COSNORI WHITENING DRESS TONE-UP CREAM, 50ML krem tonuj\u0105cy\" class=\"read-more\" href=\"https:\/\/admincentral.selleetools.com\/pl\/product\/cosnori-whitening-dress-tone-up-cream-50ml-krem-tonujacy\/\">Read more<span class=\"screen-reader-text\">COSNORI WHITENING DRESS TONE-UP CREAM, 50ML krem tonuj\u0105cy<\/span><\/a><\/p>\n","protected":false},"featured_media":610190,"comment_status":"open","ping_status":"closed","template":"","meta":{"_links_to":"","_links_to_target":""},"yoast_head":"<!-- This site is optimized with the Yoast SEO plugin v19.4 - https:\/\/yoast.com\/wordpress\/plugins\/seo\/ -->\n<title>COSNORI WHITENING DRESS TONE-UP CREAM, 50ML krem tonuj\u0105cy - Selleetools.com<\/title>\n<meta name=\"robots\" content=\"index, follow, max-snippet:-1, max-image-preview:large, max-video-preview:-1\" \/>\n<link rel=\"canonical\" href=\"https:\/\/selleetools.com\/pl\/product\/cosnori-whitening-dress-tone-up-cream-50ml-krem-tonujacy\/\" \/>\n<meta property=\"og:locale\" content=\"pl_PL\" \/>\n<meta property=\"og:type\" content=\"article\" \/>\n<meta property=\"og:title\" content=\"COSNORI WHITENING DRESS TONE-UP CREAM, 50ML krem tonuj\u0105cy - Selleetools.com\" \/>\n<meta property=\"og:description\" content=\"Whitening Dress Tone-Up Cream to krem roz\u015bwietlaj\u0105cy, kt\u00f3ry natychmiast wyr\u00f3wnuje koloryt sk\u00f3ry, nadaj\u0105c jej promienny, zdrowy wygl\u0105d. Lekka, aksamitna formu\u0142a szybko si\u0119 wch\u0142ania, utrzymuje efekt przez ca\u0142y dzie\u0144. Wzbogacony o niacynamid oraz ekstrakt z kwiat\u00f3w wi\u015bni japo\u0144skiej, zapewnia nie tylko natychmiastowy efekt glow, ale te\u017c stopniow\u0105 popraw\u0119 kolorytu sk\u00f3ry przy regularnym stosowaniu. Wega\u0144ski i przebadany ... Read moreCOSNORI WHITENING DRESS TONE-UP CREAM, 50ML krem tonuj\u0105cy\" \/>\n<meta property=\"og:url\" content=\"https:\/\/selleetools.com\/pl\/product\/cosnori-whitening-dress-tone-up-cream-50ml-krem-tonujacy\/\" \/>\n<meta property=\"og:site_name\" content=\"Selleetools.com\" \/>\n<meta property=\"article:modified_time\" content=\"2026-01-16T09:40:55+00:00\" \/>\n<meta property=\"og:image\" content=\"https:\/\/selleetools.com\/wp-content\/uploads\/2025\/10\/4e871e9391c0d3065690343a232c13de.png\" \/>\n\t<meta property=\"og:image:width\" content=\"1200\" \/>\n\t<meta property=\"og:image:height\" content=\"1200\" \/>\n\t<meta property=\"og:image:type\" content=\"image\/png\" \/>\n<meta name=\"twitter:card\" content=\"summary_large_image\" \/>\n<meta name=\"twitter:label1\" content=\"Est. reading time\" \/>\n\t<meta name=\"twitter:data1\" content=\"1 minuta\" \/>\n<!-- \/ Yoast SEO plugin. -->","yoast_head_json":{"title":"COSNORI WHITENING DRESS TONE-UP CREAM, 50ML krem tonuj\u0105cy - Selleetools.com","robots":{"index":"index","follow":"follow","max-snippet":"max-snippet:-1","max-image-preview":"max-image-preview:large","max-video-preview":"max-video-preview:-1"},"canonical":"https:\/\/selleetools.com\/pl\/product\/cosnori-whitening-dress-tone-up-cream-50ml-krem-tonujacy\/","og_locale":"pl_PL","og_type":"article","og_title":"COSNORI WHITENING DRESS TONE-UP CREAM, 50ML krem tonuj\u0105cy - Selleetools.com","og_description":"Whitening Dress Tone-Up Cream to krem roz\u015bwietlaj\u0105cy, kt\u00f3ry natychmiast wyr\u00f3wnuje koloryt sk\u00f3ry, nadaj\u0105c jej promienny, zdrowy wygl\u0105d. Lekka, aksamitna formu\u0142a szybko si\u0119 wch\u0142ania, utrzymuje efekt przez ca\u0142y dzie\u0144. Wzbogacony o niacynamid oraz ekstrakt z kwiat\u00f3w wi\u015bni japo\u0144skiej, zapewnia nie tylko natychmiastowy efekt glow, ale te\u017c stopniow\u0105 popraw\u0119 kolorytu sk\u00f3ry przy regularnym stosowaniu. Wega\u0144ski i przebadany ... Read moreCOSNORI WHITENING DRESS TONE-UP CREAM, 50ML krem tonuj\u0105cy","og_url":"https:\/\/selleetools.com\/pl\/product\/cosnori-whitening-dress-tone-up-cream-50ml-krem-tonujacy\/","og_site_name":"Selleetools.com","article_modified_time":"2026-01-16T09:40:55+00:00","og_image":[{"width":1200,"height":1200,"url":"https:\/\/selleetools.com\/wp-content\/uploads\/2025\/10\/4e871e9391c0d3065690343a232c13de.png","type":"image\/png"}],"twitter_card":"summary_large_image","twitter_misc":{"Est. reading time":"1 minuta"},"schema":{"@context":"https:\/\/schema.org","@graph":[{"@type":"Organization","@id":"https:\/\/selleetools.com\/#organization","name":"Selleetools","url":"https:\/\/selleetools.com\/","sameAs":[],"logo":{"@type":"ImageObject","inLanguage":"pl-PL","@id":"https:\/\/selleetools.com\/#\/schema\/logo\/image\/","url":"https:\/\/selleetools.com\/wp-content\/uploads\/2021\/10\/logo-dark.png","contentUrl":"https:\/\/selleetools.com\/wp-content\/uploads\/2021\/10\/logo-dark.png","width":320,"height":76,"caption":"Selleetools"},"image":{"@id":"https:\/\/selleetools.com\/#\/schema\/logo\/image\/"}},{"@type":"WebSite","@id":"https:\/\/selleetools.com\/#website","url":"https:\/\/selleetools.com\/","name":"Selleetools.com","description":"","publisher":{"@id":"https:\/\/selleetools.com\/#organization"},"potentialAction":[{"@type":"SearchAction","target":{"@type":"EntryPoint","urlTemplate":"https:\/\/selleetools.com\/?s={search_term_string}"},"query-input":"required name=search_term_string"}],"inLanguage":"pl-PL"},{"@type":"WebPage","@id":"https:\/\/selleetools.com\/pl\/product\/cosnori-whitening-dress-tone-up-cream-50ml-krem-tonujacy\/","url":"https:\/\/selleetools.com\/pl\/product\/cosnori-whitening-dress-tone-up-cream-50ml-krem-tonujacy\/","name":"COSNORI WHITENING DRESS TONE-UP CREAM, 50ML krem tonuj\u0105cy - Selleetools.com","isPartOf":{"@id":"https:\/\/selleetools.com\/#website"},"datePublished":"2025-10-24T12:46:13+00:00","dateModified":"2026-01-16T09:40:55+00:00","breadcrumb":{"@id":"https:\/\/selleetools.com\/pl\/product\/cosnori-whitening-dress-tone-up-cream-50ml-krem-tonujacy\/#breadcrumb"},"inLanguage":"pl-PL","potentialAction":[{"@type":"ReadAction","target":["https:\/\/selleetools.com\/pl\/product\/cosnori-whitening-dress-tone-up-cream-50ml-krem-tonujacy\/"]}]},{"@type":"BreadcrumbList","@id":"https:\/\/selleetools.com\/pl\/product\/cosnori-whitening-dress-tone-up-cream-50ml-krem-tonujacy\/#breadcrumb","itemListElement":[{"@type":"ListItem","position":1,"name":"Home","item":"https:\/\/selleetools.com\/pl\/"},{"@type":"ListItem","position":2,"name":"Katalog","item":"https:\/\/selleetools.com\/pl\/katalog\/"},{"@type":"ListItem","position":3,"name":"COSNORI WHITENING DRESS TONE-UP CREAM, 50ML krem tonuj\u0105cy"}]}]}},"_links":{"self":[{"href":"https:\/\/admincentral.selleetools.com\/pl\/wp-json\/wp\/v2\/product\/610192"}],"collection":[{"href":"https:\/\/admincentral.selleetools.com\/pl\/wp-json\/wp\/v2\/product"}],"about":[{"href":"https:\/\/admincentral.selleetools.com\/pl\/wp-json\/wp\/v2\/types\/product"}],"replies":[{"embeddable":true,"href":"https:\/\/admincentral.selleetools.com\/pl\/wp-json\/wp\/v2\/comments?post=610192"}],"wp:featuredmedia":[{"embeddable":true,"href":"https:\/\/admincentral.selleetools.com\/pl\/wp-json\/wp\/v2\/media\/610190"}],"wp:attachment":[{"href":"https:\/\/admincentral.selleetools.com\/pl\/wp-json\/wp\/v2\/media?parent=610192"}],"curies":[{"name":"wp","href":"https:\/\/api.w.org\/{rel}","templated":true}]}}