{"id":610195,"date":"2025-10-24T14:46:16","date_gmt":"2025-10-24T12:46:16","guid":{"rendered":"https:\/\/selleetools.com\/?post_type=product&#038;p=610195"},"modified":"2026-04-01T22:30:14","modified_gmt":"2026-04-01T20:30:14","slug":"cosnori-avocado-eye-cream-all-face-30ml-odzywczy-krem-pod-oczy-i-do-calej-twarzy","status":"publish","type":"product","link":"https:\/\/admincentral.selleetools.com\/pl\/product\/cosnori-avocado-eye-cream-all-face-30ml-odzywczy-krem-pod-oczy-i-do-calej-twarzy\/","title":{"rendered":"COSNORI Avocado Eye Cream All Face 30ml &#8211; od\u017cywczy krem pod oczy i do ca\u0142ej twarzy"},"content":{"rendered":"<p>Uniwersalny krem pod oczy i do ca\u0142ej twarzy, kt\u00f3ry \u0142\u0105czy w sobie od\u017cywcz\u0105 moc organicznego oleju z awokado oraz 66,9% ekstraktu z ry\u017cu. Dzi\u0119ki nowoczesnej technologii mikroemulsji sk\u0142adniki aktywne rozbijane s\u0105 na ultradrobne cz\u0105steczki, co zapewnia ich szybkie i g\u0142\u0119bokie wch\u0142anianie. Krem zosta\u0142 stworzony z my\u015bl\u0105 o codziennej piel\u0119gnacji sk\u00f3ry suchej, wra\u017cliwej i pozbawionej blasku, oferuj\u0105c jednocze\u015bnie dzia\u0142anie przeciwzmarszczkowe i rozja\u015bniaj\u0105ce. Certyfikowany wega\u0144ski, bezpieczny i delikatny \u2013 odpowiedni dla ka\u017cdego typu sk\u00f3ry.<\/p>\n<p>Korzy\u015bci dla sk\u00f3ry:<br \/>\nIntensywnie nawil\u017ca i od\u017cywia dzi\u0119ki organicznemu olejowi z awokado.<br \/>\nWzmacnia barier\u0119 hydrolipidow\u0105 i pomaga utrzyma\u0107 odpowiedni poziom nawil\u017cenia.<br \/>\n66,9% ekstraktu z ry\u017cu rozja\u015bnia, poprawia koloryt i nadaje sk\u00f3rze zdrowy blask.<br \/>\nWspiera redukcj\u0119 zmarszczek i linii mimicznych, szczeg\u00f3lnie wok\u00f3\u0142 oczu i ust.<br \/>\nChroni sk\u00f3r\u0119 przed szkodliwym wp\u0142ywem czynnik\u00f3w zewn\u0119trznych.<br \/>\nLekka, kremowa konsystencja szybko si\u0119 wch\u0142ania, nie pozostawiaj\u0105c t\u0142ustego filmu.<br \/>\nBezpieczna formu\u0142a \u2013 przebadana dermatologicznie, wolna od 20 potencjalnie dra\u017cni\u0105cych sk\u0142adnik\u00f3w.<\/p>\n<p>Spos\u00f3b u\u017cycia<br \/>\nStosuj rano i wieczorem jako ostatni krok piel\u0119gnacji.<br \/>\nNa\u0142\u00f3\u017c niewielk\u0105 ilo\u015b\u0107 kremu na okolice oczu, ust, czo\u0142a i szyi.<br \/>\nDelikatnie wklep opuszkami palc\u00f3w, a\u017c do ca\u0142kowitego wch\u0142oni\u0119cia.<br \/>\nDla intensywnej piel\u0119gnacji na\u0142\u00f3\u017c dodatkow\u0105 warstw\u0119 na miejsca szczeg\u00f3lnie wymagaj\u0105ce (okolice oczu, bruzdy nosowo-wargowe).<\/p>\n","protected":false},"excerpt":{"rendered":"<p>Uniwersalny krem pod oczy i do ca\u0142ej twarzy, kt\u00f3ry \u0142\u0105czy w sobie od\u017cywcz\u0105 moc organicznego oleju z awokado oraz 66,9% ekstraktu z ry\u017cu. Dzi\u0119ki nowoczesnej technologii mikroemulsji sk\u0142adniki aktywne rozbijane s\u0105 na ultradrobne cz\u0105steczki, co zapewnia ich szybkie i g\u0142\u0119bokie wch\u0142anianie. Krem zosta\u0142 stworzony z my\u015bl\u0105 o codziennej piel\u0119gnacji sk\u00f3ry suchej, wra\u017cliwej i pozbawionej blasku, &#8230; <a title=\"COSNORI Avocado Eye Cream All Face 30ml &#8211; od\u017cywczy krem pod oczy i do ca\u0142ej twarzy\" class=\"read-more\" href=\"https:\/\/admincentral.selleetools.com\/pl\/product\/cosnori-avocado-eye-cream-all-face-30ml-odzywczy-krem-pod-oczy-i-do-calej-twarzy\/\">Read more<span class=\"screen-reader-text\">COSNORI Avocado Eye Cream All Face 30ml &#8211; od\u017cywczy krem pod oczy i do ca\u0142ej twarzy<\/span><\/a><\/p>\n","protected":false},"featured_media":610193,"comment_status":"open","ping_status":"closed","template":"","meta":{"_links_to":"","_links_to_target":""},"yoast_head":"<!-- This site is optimized with the Yoast SEO plugin v19.4 - https:\/\/yoast.com\/wordpress\/plugins\/seo\/ -->\n<title>COSNORI Avocado Eye Cream All Face 30ml - od\u017cywczy krem pod oczy i do ca\u0142ej twarzy - Selleetools.com<\/title>\n<meta name=\"robots\" content=\"index, follow, max-snippet:-1, max-image-preview:large, max-video-preview:-1\" \/>\n<link rel=\"canonical\" href=\"https:\/\/selleetools.com\/pl\/product\/cosnori-avocado-eye-cream-all-face-30ml-odzywczy-krem-pod-oczy-i-do-calej-twarzy\/\" \/>\n<meta property=\"og:locale\" content=\"pl_PL\" \/>\n<meta property=\"og:type\" content=\"article\" \/>\n<meta property=\"og:title\" content=\"COSNORI Avocado Eye Cream All Face 30ml - od\u017cywczy krem pod oczy i do ca\u0142ej twarzy - Selleetools.com\" \/>\n<meta property=\"og:description\" content=\"Uniwersalny krem pod oczy i do ca\u0142ej twarzy, kt\u00f3ry \u0142\u0105czy w sobie od\u017cywcz\u0105 moc organicznego oleju z awokado oraz 66,9% ekstraktu z ry\u017cu. Dzi\u0119ki nowoczesnej technologii mikroemulsji sk\u0142adniki aktywne rozbijane s\u0105 na ultradrobne cz\u0105steczki, co zapewnia ich szybkie i g\u0142\u0119bokie wch\u0142anianie. Krem zosta\u0142 stworzony z my\u015bl\u0105 o codziennej piel\u0119gnacji sk\u00f3ry suchej, wra\u017cliwej i pozbawionej blasku, ... Read moreCOSNORI Avocado Eye Cream All Face 30ml &#8211; od\u017cywczy krem pod oczy i do ca\u0142ej twarzy\" \/>\n<meta property=\"og:url\" content=\"https:\/\/selleetools.com\/pl\/product\/cosnori-avocado-eye-cream-all-face-30ml-odzywczy-krem-pod-oczy-i-do-calej-twarzy\/\" \/>\n<meta property=\"og:site_name\" content=\"Selleetools.com\" \/>\n<meta property=\"article:modified_time\" content=\"2026-04-01T20:30:14+00:00\" \/>\n<meta property=\"og:image\" content=\"https:\/\/selleetools.com\/wp-content\/uploads\/2025\/10\/dd0a963ea304cffc3fc1b6d0b72688dd.png\" \/>\n\t<meta property=\"og:image:width\" content=\"1200\" \/>\n\t<meta property=\"og:image:height\" content=\"1200\" \/>\n\t<meta property=\"og:image:type\" content=\"image\/png\" \/>\n<meta name=\"twitter:card\" content=\"summary_large_image\" \/>\n<meta name=\"twitter:label1\" content=\"Est. reading time\" \/>\n\t<meta name=\"twitter:data1\" content=\"1 minuta\" \/>\n<!-- \/ Yoast SEO plugin. -->","yoast_head_json":{"title":"COSNORI Avocado Eye Cream All Face 30ml - od\u017cywczy krem pod oczy i do ca\u0142ej twarzy - Selleetools.com","robots":{"index":"index","follow":"follow","max-snippet":"max-snippet:-1","max-image-preview":"max-image-preview:large","max-video-preview":"max-video-preview:-1"},"canonical":"https:\/\/selleetools.com\/pl\/product\/cosnori-avocado-eye-cream-all-face-30ml-odzywczy-krem-pod-oczy-i-do-calej-twarzy\/","og_locale":"pl_PL","og_type":"article","og_title":"COSNORI Avocado Eye Cream All Face 30ml - od\u017cywczy krem pod oczy i do ca\u0142ej twarzy - Selleetools.com","og_description":"Uniwersalny krem pod oczy i do ca\u0142ej twarzy, kt\u00f3ry \u0142\u0105czy w sobie od\u017cywcz\u0105 moc organicznego oleju z awokado oraz 66,9% ekstraktu z ry\u017cu. Dzi\u0119ki nowoczesnej technologii mikroemulsji sk\u0142adniki aktywne rozbijane s\u0105 na ultradrobne cz\u0105steczki, co zapewnia ich szybkie i g\u0142\u0119bokie wch\u0142anianie. Krem zosta\u0142 stworzony z my\u015bl\u0105 o codziennej piel\u0119gnacji sk\u00f3ry suchej, wra\u017cliwej i pozbawionej blasku, ... Read moreCOSNORI Avocado Eye Cream All Face 30ml &#8211; od\u017cywczy krem pod oczy i do ca\u0142ej twarzy","og_url":"https:\/\/selleetools.com\/pl\/product\/cosnori-avocado-eye-cream-all-face-30ml-odzywczy-krem-pod-oczy-i-do-calej-twarzy\/","og_site_name":"Selleetools.com","article_modified_time":"2026-04-01T20:30:14+00:00","og_image":[{"width":1200,"height":1200,"url":"https:\/\/selleetools.com\/wp-content\/uploads\/2025\/10\/dd0a963ea304cffc3fc1b6d0b72688dd.png","type":"image\/png"}],"twitter_card":"summary_large_image","twitter_misc":{"Est. reading time":"1 minuta"},"schema":{"@context":"https:\/\/schema.org","@graph":[{"@type":"Organization","@id":"https:\/\/selleetools.com\/#organization","name":"Selleetools","url":"https:\/\/selleetools.com\/","sameAs":[],"logo":{"@type":"ImageObject","inLanguage":"pl-PL","@id":"https:\/\/selleetools.com\/#\/schema\/logo\/image\/","url":"https:\/\/selleetools.com\/wp-content\/uploads\/2021\/10\/logo-dark.png","contentUrl":"https:\/\/selleetools.com\/wp-content\/uploads\/2021\/10\/logo-dark.png","width":320,"height":76,"caption":"Selleetools"},"image":{"@id":"https:\/\/selleetools.com\/#\/schema\/logo\/image\/"}},{"@type":"WebSite","@id":"https:\/\/selleetools.com\/#website","url":"https:\/\/selleetools.com\/","name":"Selleetools.com","description":"","publisher":{"@id":"https:\/\/selleetools.com\/#organization"},"potentialAction":[{"@type":"SearchAction","target":{"@type":"EntryPoint","urlTemplate":"https:\/\/selleetools.com\/?s={search_term_string}"},"query-input":"required name=search_term_string"}],"inLanguage":"pl-PL"},{"@type":"WebPage","@id":"https:\/\/selleetools.com\/pl\/product\/cosnori-avocado-eye-cream-all-face-30ml-odzywczy-krem-pod-oczy-i-do-calej-twarzy\/","url":"https:\/\/selleetools.com\/pl\/product\/cosnori-avocado-eye-cream-all-face-30ml-odzywczy-krem-pod-oczy-i-do-calej-twarzy\/","name":"COSNORI Avocado Eye Cream All Face 30ml - od\u017cywczy krem pod oczy i do ca\u0142ej twarzy - Selleetools.com","isPartOf":{"@id":"https:\/\/selleetools.com\/#website"},"datePublished":"2025-10-24T12:46:16+00:00","dateModified":"2026-04-01T20:30:14+00:00","breadcrumb":{"@id":"https:\/\/selleetools.com\/pl\/product\/cosnori-avocado-eye-cream-all-face-30ml-odzywczy-krem-pod-oczy-i-do-calej-twarzy\/#breadcrumb"},"inLanguage":"pl-PL","potentialAction":[{"@type":"ReadAction","target":["https:\/\/selleetools.com\/pl\/product\/cosnori-avocado-eye-cream-all-face-30ml-odzywczy-krem-pod-oczy-i-do-calej-twarzy\/"]}]},{"@type":"BreadcrumbList","@id":"https:\/\/selleetools.com\/pl\/product\/cosnori-avocado-eye-cream-all-face-30ml-odzywczy-krem-pod-oczy-i-do-calej-twarzy\/#breadcrumb","itemListElement":[{"@type":"ListItem","position":1,"name":"Home","item":"https:\/\/selleetools.com\/pl\/"},{"@type":"ListItem","position":2,"name":"Katalog","item":"https:\/\/selleetools.com\/pl\/katalog\/"},{"@type":"ListItem","position":3,"name":"COSNORI Avocado Eye Cream All Face 30ml &#8211; od\u017cywczy krem pod oczy i do ca\u0142ej twarzy"}]}]}},"_links":{"self":[{"href":"https:\/\/admincentral.selleetools.com\/pl\/wp-json\/wp\/v2\/product\/610195"}],"collection":[{"href":"https:\/\/admincentral.selleetools.com\/pl\/wp-json\/wp\/v2\/product"}],"about":[{"href":"https:\/\/admincentral.selleetools.com\/pl\/wp-json\/wp\/v2\/types\/product"}],"replies":[{"embeddable":true,"href":"https:\/\/admincentral.selleetools.com\/pl\/wp-json\/wp\/v2\/comments?post=610195"}],"wp:featuredmedia":[{"embeddable":true,"href":"https:\/\/admincentral.selleetools.com\/pl\/wp-json\/wp\/v2\/media\/610193"}],"wp:attachment":[{"href":"https:\/\/admincentral.selleetools.com\/pl\/wp-json\/wp\/v2\/media?parent=610195"}],"curies":[{"name":"wp","href":"https:\/\/api.w.org\/{rel}","templated":true}]}}