{"id":610218,"date":"2025-10-24T14:46:37","date_gmt":"2025-10-24T12:46:37","guid":{"rendered":"https:\/\/selleetools.com\/?post_type=product&#038;p=610218"},"modified":"2025-12-02T21:06:39","modified_gmt":"2025-12-02T20:06:39","slug":"biodance-vita-niacinamide-gel-toner-pad-60-szt-rozjasniajace-platki-do-twarzy","status":"publish","type":"product","link":"https:\/\/admincentral.selleetools.com\/pl\/product\/biodance-vita-niacinamide-gel-toner-pad-60-szt-rozjasniajace-platki-do-twarzy\/","title":{"rendered":"BIODANCE &#8211; Vita Niacinamide Gel Toner Pad 60 szt &#8211; rozja\u015bniaj\u0105ce p\u0142atki do twarzy"},"content":{"rendered":"<p>Innowacyjne p\u0142atki tonizuj\u0105ce nas\u0105czone \u017celow\u0105 esencj\u0105 z niacynamidem (2%), wod\u0105 z ananasa i glutationem. Dzia\u0142aj\u0105 potr\u00f3jnie: rozja\u015bniaj\u0105 przebarwienia, wyg\u0142adzaj\u0105 struktur\u0119 sk\u00f3ry i przywracaj\u0105 jej naturalny blask. Hydro\u017celowa formu\u0142a zapewnia intensywne nawil\u017cenie i ukojenie, jednocze\u015bnie minimalizuj\u0105c ryzyko podra\u017cnie\u0144 \u2013 produkt przebadany dermatologicznie, odpowiedni tak\u017ce dla sk\u00f3ry wra\u017cliwej.<\/p>\n<p>Korzy\u015bci dla sk\u00f3ry<br \/>\nWoda z ananasa \u2013 delikatnie z\u0142uszcza martwe kom\u00f3rki i od\u015bwie\u017ca cer\u0119<br \/>\nNiacynamid \u2013 wyr\u00f3wnuje koloryt, redukuje przebarwienia i \u015blady po niedoskona\u0142o\u015bciach<br \/>\nGlutation \u2013 silny antyoksydant, nadaje sk\u00f3rze zdrowy, promienny wygl\u0105d<br \/>\nKompleks kwas\u00f3w hialuronowych i ceramid \u2013 nawil\u017caj\u0105 i wzmacniaj\u0105 barier\u0119 ochronn\u0105<\/p>\n<p>Spos\u00f3b u\u017cycia: Po oczyszczeniu sk\u00f3ry delikatnie przetrzyj twarz p\u0142atkiem, omijaj\u0105c okolice oczu. Mo\u017cesz tak\u017ce pozostawi\u0107 p\u0142atki na wybranych partiach twarzy (np. policzki, czo\u0142o) do 20 minut, by wykorzysta\u0107 je jako maseczk\u0119. Stosuj codziennie, rano lub wieczorem.<\/p>\n","protected":false},"excerpt":{"rendered":"<p>Innowacyjne p\u0142atki tonizuj\u0105ce nas\u0105czone \u017celow\u0105 esencj\u0105 z niacynamidem (2%), wod\u0105 z ananasa i glutationem. Dzia\u0142aj\u0105 potr\u00f3jnie: rozja\u015bniaj\u0105 przebarwienia, wyg\u0142adzaj\u0105 struktur\u0119 sk\u00f3ry i przywracaj\u0105 jej naturalny blask. Hydro\u017celowa formu\u0142a zapewnia intensywne nawil\u017cenie i ukojenie, jednocze\u015bnie minimalizuj\u0105c ryzyko podra\u017cnie\u0144 \u2013 produkt przebadany dermatologicznie, odpowiedni tak\u017ce dla sk\u00f3ry wra\u017cliwej. Korzy\u015bci dla sk\u00f3ry Woda z ananasa \u2013 delikatnie z\u0142uszcza &#8230; <a title=\"BIODANCE &#8211; Vita Niacinamide Gel Toner Pad 60 szt &#8211; rozja\u015bniaj\u0105ce p\u0142atki do twarzy\" class=\"read-more\" href=\"https:\/\/admincentral.selleetools.com\/pl\/product\/biodance-vita-niacinamide-gel-toner-pad-60-szt-rozjasniajace-platki-do-twarzy\/\">Read more<span class=\"screen-reader-text\">BIODANCE &#8211; Vita Niacinamide Gel Toner Pad 60 szt &#8211; rozja\u015bniaj\u0105ce p\u0142atki do twarzy<\/span><\/a><\/p>\n","protected":false},"featured_media":610216,"comment_status":"open","ping_status":"closed","template":"","meta":{"_links_to":"","_links_to_target":""},"yoast_head":"<!-- This site is optimized with the Yoast SEO plugin v19.4 - https:\/\/yoast.com\/wordpress\/plugins\/seo\/ -->\n<title>BIODANCE - Vita Niacinamide Gel Toner Pad 60 szt - rozja\u015bniaj\u0105ce p\u0142atki do twarzy - Selleetools.com<\/title>\n<meta name=\"robots\" content=\"index, follow, max-snippet:-1, max-image-preview:large, max-video-preview:-1\" \/>\n<link rel=\"canonical\" href=\"https:\/\/admincentral.selleetools.com\/pl\/product\/biodance-vita-niacinamide-gel-toner-pad-60-szt-rozjasniajace-platki-do-twarzy\/\" \/>\n<meta property=\"og:locale\" content=\"pl_PL\" \/>\n<meta property=\"og:type\" content=\"article\" \/>\n<meta property=\"og:title\" content=\"BIODANCE - Vita Niacinamide Gel Toner Pad 60 szt - rozja\u015bniaj\u0105ce p\u0142atki do twarzy - Selleetools.com\" \/>\n<meta property=\"og:description\" content=\"Innowacyjne p\u0142atki tonizuj\u0105ce nas\u0105czone \u017celow\u0105 esencj\u0105 z niacynamidem (2%), wod\u0105 z ananasa i glutationem. Dzia\u0142aj\u0105 potr\u00f3jnie: rozja\u015bniaj\u0105 przebarwienia, wyg\u0142adzaj\u0105 struktur\u0119 sk\u00f3ry i przywracaj\u0105 jej naturalny blask. Hydro\u017celowa formu\u0142a zapewnia intensywne nawil\u017cenie i ukojenie, jednocze\u015bnie minimalizuj\u0105c ryzyko podra\u017cnie\u0144 \u2013 produkt przebadany dermatologicznie, odpowiedni tak\u017ce dla sk\u00f3ry wra\u017cliwej. Korzy\u015bci dla sk\u00f3ry Woda z ananasa \u2013 delikatnie z\u0142uszcza ... Read moreBIODANCE &#8211; Vita Niacinamide Gel Toner Pad 60 szt &#8211; rozja\u015bniaj\u0105ce p\u0142atki do twarzy\" \/>\n<meta property=\"og:url\" content=\"https:\/\/admincentral.selleetools.com\/pl\/product\/biodance-vita-niacinamide-gel-toner-pad-60-szt-rozjasniajace-platki-do-twarzy\/\" \/>\n<meta property=\"og:site_name\" content=\"Selleetools.com\" \/>\n<meta property=\"article:modified_time\" content=\"2025-12-02T20:06:39+00:00\" \/>\n<meta property=\"og:image\" content=\"https:\/\/selleetools.com\/wp-content\/uploads\/2025\/10\/c23e69db97d171ce0f8573fe4cce9ae5.jpg\" \/>\n\t<meta property=\"og:image:width\" content=\"1200\" \/>\n\t<meta property=\"og:image:height\" content=\"1200\" \/>\n\t<meta property=\"og:image:type\" content=\"image\/jpeg\" \/>\n<meta name=\"twitter:card\" content=\"summary_large_image\" \/>\n<meta name=\"twitter:label1\" content=\"Est. reading time\" \/>\n\t<meta name=\"twitter:data1\" content=\"1 minuta\" \/>\n<!-- \/ Yoast SEO plugin. -->","yoast_head_json":{"title":"BIODANCE - Vita Niacinamide Gel Toner Pad 60 szt - rozja\u015bniaj\u0105ce p\u0142atki do twarzy - Selleetools.com","robots":{"index":"index","follow":"follow","max-snippet":"max-snippet:-1","max-image-preview":"max-image-preview:large","max-video-preview":"max-video-preview:-1"},"canonical":"https:\/\/admincentral.selleetools.com\/pl\/product\/biodance-vita-niacinamide-gel-toner-pad-60-szt-rozjasniajace-platki-do-twarzy\/","og_locale":"pl_PL","og_type":"article","og_title":"BIODANCE - Vita Niacinamide Gel Toner Pad 60 szt - rozja\u015bniaj\u0105ce p\u0142atki do twarzy - Selleetools.com","og_description":"Innowacyjne p\u0142atki tonizuj\u0105ce nas\u0105czone \u017celow\u0105 esencj\u0105 z niacynamidem (2%), wod\u0105 z ananasa i glutationem. Dzia\u0142aj\u0105 potr\u00f3jnie: rozja\u015bniaj\u0105 przebarwienia, wyg\u0142adzaj\u0105 struktur\u0119 sk\u00f3ry i przywracaj\u0105 jej naturalny blask. Hydro\u017celowa formu\u0142a zapewnia intensywne nawil\u017cenie i ukojenie, jednocze\u015bnie minimalizuj\u0105c ryzyko podra\u017cnie\u0144 \u2013 produkt przebadany dermatologicznie, odpowiedni tak\u017ce dla sk\u00f3ry wra\u017cliwej. Korzy\u015bci dla sk\u00f3ry Woda z ananasa \u2013 delikatnie z\u0142uszcza ... Read moreBIODANCE &#8211; Vita Niacinamide Gel Toner Pad 60 szt &#8211; rozja\u015bniaj\u0105ce p\u0142atki do twarzy","og_url":"https:\/\/admincentral.selleetools.com\/pl\/product\/biodance-vita-niacinamide-gel-toner-pad-60-szt-rozjasniajace-platki-do-twarzy\/","og_site_name":"Selleetools.com","article_modified_time":"2025-12-02T20:06:39+00:00","og_image":[{"width":1200,"height":1200,"url":"https:\/\/selleetools.com\/wp-content\/uploads\/2025\/10\/c23e69db97d171ce0f8573fe4cce9ae5.jpg","type":"image\/jpeg"}],"twitter_card":"summary_large_image","twitter_misc":{"Est. reading time":"1 minuta"},"schema":{"@context":"https:\/\/schema.org","@graph":[{"@type":"Organization","@id":"https:\/\/selleetools.com\/#organization","name":"Selleetools","url":"https:\/\/selleetools.com\/","sameAs":[],"logo":{"@type":"ImageObject","inLanguage":"pl-PL","@id":"https:\/\/selleetools.com\/#\/schema\/logo\/image\/","url":"https:\/\/selleetools.com\/wp-content\/uploads\/2021\/10\/logo-dark.png","contentUrl":"https:\/\/selleetools.com\/wp-content\/uploads\/2021\/10\/logo-dark.png","width":320,"height":76,"caption":"Selleetools"},"image":{"@id":"https:\/\/selleetools.com\/#\/schema\/logo\/image\/"}},{"@type":"WebSite","@id":"https:\/\/selleetools.com\/#website","url":"https:\/\/selleetools.com\/","name":"Selleetools.com","description":"","publisher":{"@id":"https:\/\/selleetools.com\/#organization"},"potentialAction":[{"@type":"SearchAction","target":{"@type":"EntryPoint","urlTemplate":"https:\/\/selleetools.com\/?s={search_term_string}"},"query-input":"required name=search_term_string"}],"inLanguage":"pl-PL"},{"@type":"WebPage","@id":"https:\/\/admincentral.selleetools.com\/pl\/product\/biodance-vita-niacinamide-gel-toner-pad-60-szt-rozjasniajace-platki-do-twarzy\/","url":"https:\/\/admincentral.selleetools.com\/pl\/product\/biodance-vita-niacinamide-gel-toner-pad-60-szt-rozjasniajace-platki-do-twarzy\/","name":"BIODANCE - Vita Niacinamide Gel Toner Pad 60 szt - rozja\u015bniaj\u0105ce p\u0142atki do twarzy - Selleetools.com","isPartOf":{"@id":"https:\/\/selleetools.com\/#website"},"datePublished":"2025-10-24T12:46:37+00:00","dateModified":"2025-12-02T20:06:39+00:00","breadcrumb":{"@id":"https:\/\/admincentral.selleetools.com\/pl\/product\/biodance-vita-niacinamide-gel-toner-pad-60-szt-rozjasniajace-platki-do-twarzy\/#breadcrumb"},"inLanguage":"pl-PL","potentialAction":[{"@type":"ReadAction","target":["https:\/\/admincentral.selleetools.com\/pl\/product\/biodance-vita-niacinamide-gel-toner-pad-60-szt-rozjasniajace-platki-do-twarzy\/"]}]},{"@type":"BreadcrumbList","@id":"https:\/\/admincentral.selleetools.com\/pl\/product\/biodance-vita-niacinamide-gel-toner-pad-60-szt-rozjasniajace-platki-do-twarzy\/#breadcrumb","itemListElement":[{"@type":"ListItem","position":1,"name":"Home","item":"https:\/\/selleetools.com\/pl\/"},{"@type":"ListItem","position":2,"name":"Katalog","item":"https:\/\/selleetools.com\/pl\/katalog\/"},{"@type":"ListItem","position":3,"name":"BIODANCE &#8211; Vita Niacinamide Gel Toner Pad 60 szt &#8211; rozja\u015bniaj\u0105ce p\u0142atki do twarzy"}]}]}},"_links":{"self":[{"href":"https:\/\/admincentral.selleetools.com\/pl\/wp-json\/wp\/v2\/product\/610218"}],"collection":[{"href":"https:\/\/admincentral.selleetools.com\/pl\/wp-json\/wp\/v2\/product"}],"about":[{"href":"https:\/\/admincentral.selleetools.com\/pl\/wp-json\/wp\/v2\/types\/product"}],"replies":[{"embeddable":true,"href":"https:\/\/admincentral.selleetools.com\/pl\/wp-json\/wp\/v2\/comments?post=610218"}],"wp:featuredmedia":[{"embeddable":true,"href":"https:\/\/admincentral.selleetools.com\/pl\/wp-json\/wp\/v2\/media\/610216"}],"wp:attachment":[{"href":"https:\/\/admincentral.selleetools.com\/pl\/wp-json\/wp\/v2\/media?parent=610218"}],"curies":[{"name":"wp","href":"https:\/\/api.w.org\/{rel}","templated":true}]}}