{"id":610221,"date":"2025-10-24T14:46:39","date_gmt":"2025-10-24T12:46:39","guid":{"rendered":"https:\/\/selleetools.com\/?post_type=product&#038;p=610221"},"modified":"2025-11-05T12:03:07","modified_gmt":"2025-11-05T11:03:07","slug":"petitfee-beautifying-glow-on-hydrator-50-ml-krem-nawilzajacy","status":"publish","type":"product","link":"https:\/\/admincentral.selleetools.com\/pl\/product\/petitfee-beautifying-glow-on-hydrator-50-ml-krem-nawilzajacy\/","title":{"rendered":"Petitfee Beautifying Glow On Hydrator 50 ml &#8211; krem nawil\u017cajacy"},"content":{"rendered":"<p>Lekki, a jednocze\u015bnie intensywnie nawil\u017caj\u0105cy krem, kt\u00f3ry dzia\u0142a jak 2 w 1 \u2013 g\u0142\u0119boki nawil\u017cacz i baza pod makija\u017c. Zapewnia sk\u00f3rze \u015bwie\u017cy, promienny wygl\u0105d, poprawia elastyczno\u015b\u0107 i chroni przed przesuszeniem. Dzi\u0119ki obecno\u015bci ceramid\u00f3w oraz mieszanki od\u017cywczych olej\u00f3w (m.in. kameliowego, z wiesio\u0142ka i rokitnika) skutecznie wzmacnia barier\u0119 ochronn\u0105 sk\u00f3ry i zatrzymuje wilgo\u0107. Dodatkowo zawarte aromatyczne olejki dzia\u0142aj\u0105 relaksuj\u0105co i koj\u0105co, zamieniaj\u0105c codzienn\u0105 piel\u0119gnacj\u0119 w chwil\u0119 odpr\u0119\u017cenia.<\/p>\n<p>Korzy\u015bci dla sk\u00f3ry<br \/>\nDog\u0142\u0119bne i d\u0142ugotrwa\u0142e nawil\u017cenie \u2013 chroni sk\u00f3r\u0119 nawet w suchych warunkach.<br \/>\nEfekt \u201eglow\u201d \u2013 nadaje cerze zdrowy, promienny blask.<br \/>\nBooster makija\u017cu \u2013 zapobiega suchym sk\u00f3rkom, poprawia przyczepno\u015b\u0107 i trwa\u0142o\u015b\u0107 podk\u0142adu.<br \/>\nWzmacnia barier\u0119 hydrolipidow\u0105 \u2013 dzi\u0119ki ceramidom i kompleksowi od\u017cywczych olej\u00f3w.<br \/>\nBezpieczny nawet dla sk\u00f3ry wra\u017cliwej \u2013 przebadany dermatologicznie.<br \/>\nRelaks i ukojenie \u2013 aromatyczne olejki \u0142agodz\u0105 napi\u0119cie i stres.<\/p>\n<p>Spos\u00f3b u\u017cycia<br \/>\nJako krem nawil\u017caj\u0105cy: stosuj rano i wieczorem jako ostatni krok piel\u0119gnacji. W przypadku przesuszenia na\u0142\u00f3\u017c grubsz\u0105 warstw\u0119 jak maseczk\u0119 na noc.<br \/>\nJako booster makija\u017cu: aplikuj przed na\u0142o\u017ceniem makija\u017cu lub wymieszaj z podk\u0142adem, aby uzyska\u0107 efekt \u015bwie\u017cej, \u015bwietlistej cery.<\/p>\n","protected":false},"excerpt":{"rendered":"<p>Lekki, a jednocze\u015bnie intensywnie nawil\u017caj\u0105cy krem, kt\u00f3ry dzia\u0142a jak 2 w 1 \u2013 g\u0142\u0119boki nawil\u017cacz i baza pod makija\u017c. Zapewnia sk\u00f3rze \u015bwie\u017cy, promienny wygl\u0105d, poprawia elastyczno\u015b\u0107 i chroni przed przesuszeniem. Dzi\u0119ki obecno\u015bci ceramid\u00f3w oraz mieszanki od\u017cywczych olej\u00f3w (m.in. kameliowego, z wiesio\u0142ka i rokitnika) skutecznie wzmacnia barier\u0119 ochronn\u0105 sk\u00f3ry i zatrzymuje wilgo\u0107. Dodatkowo zawarte aromatyczne olejki &#8230; <a title=\"Petitfee Beautifying Glow On Hydrator 50 ml &#8211; krem nawil\u017cajacy\" class=\"read-more\" href=\"https:\/\/admincentral.selleetools.com\/pl\/product\/petitfee-beautifying-glow-on-hydrator-50-ml-krem-nawilzajacy\/\">Read more<span class=\"screen-reader-text\">Petitfee Beautifying Glow On Hydrator 50 ml &#8211; krem nawil\u017cajacy<\/span><\/a><\/p>\n","protected":false},"featured_media":610219,"comment_status":"open","ping_status":"closed","template":"","meta":{"_links_to":"","_links_to_target":""},"yoast_head":"<!-- This site is optimized with the Yoast SEO plugin v19.4 - https:\/\/yoast.com\/wordpress\/plugins\/seo\/ -->\n<title>Petitfee Beautifying Glow On Hydrator 50 ml - krem nawil\u017cajacy - Selleetools.com<\/title>\n<meta name=\"robots\" content=\"index, follow, max-snippet:-1, max-image-preview:large, max-video-preview:-1\" \/>\n<link rel=\"canonical\" href=\"https:\/\/admincentral.selleetools.com\/product\/petitfee-beautifying-glow-on-hydrator-50-ml-krem-nawilzajacy\/\" \/>\n<meta property=\"og:locale\" content=\"pl_PL\" \/>\n<meta property=\"og:type\" content=\"article\" \/>\n<meta property=\"og:title\" content=\"Petitfee Beautifying Glow On Hydrator 50 ml - krem nawil\u017cajacy - Selleetools.com\" \/>\n<meta property=\"og:description\" content=\"Lekki, a jednocze\u015bnie intensywnie nawil\u017caj\u0105cy krem, kt\u00f3ry dzia\u0142a jak 2 w 1 \u2013 g\u0142\u0119boki nawil\u017cacz i baza pod makija\u017c. Zapewnia sk\u00f3rze \u015bwie\u017cy, promienny wygl\u0105d, poprawia elastyczno\u015b\u0107 i chroni przed przesuszeniem. Dzi\u0119ki obecno\u015bci ceramid\u00f3w oraz mieszanki od\u017cywczych olej\u00f3w (m.in. kameliowego, z wiesio\u0142ka i rokitnika) skutecznie wzmacnia barier\u0119 ochronn\u0105 sk\u00f3ry i zatrzymuje wilgo\u0107. Dodatkowo zawarte aromatyczne olejki ... Read morePetitfee Beautifying Glow On Hydrator 50 ml &#8211; krem nawil\u017cajacy\" \/>\n<meta property=\"og:url\" content=\"https:\/\/admincentral.selleetools.com\/product\/petitfee-beautifying-glow-on-hydrator-50-ml-krem-nawilzajacy\/\" \/>\n<meta property=\"og:site_name\" content=\"Selleetools.com\" \/>\n<meta property=\"article:modified_time\" content=\"2025-11-05T11:03:07+00:00\" \/>\n<meta property=\"og:image\" content=\"https:\/\/selleetools.com\/wp-content\/uploads\/2025\/10\/65ffc78f6627ab4cdc4815a0454201d9.jpg\" \/>\n\t<meta property=\"og:image:width\" content=\"1200\" \/>\n\t<meta property=\"og:image:height\" content=\"1200\" \/>\n\t<meta property=\"og:image:type\" content=\"image\/jpeg\" \/>\n<meta name=\"twitter:card\" content=\"summary_large_image\" \/>\n<meta name=\"twitter:label1\" content=\"Est. reading time\" \/>\n\t<meta name=\"twitter:data1\" content=\"1 minuta\" \/>\n<!-- \/ Yoast SEO plugin. -->","yoast_head_json":{"title":"Petitfee Beautifying Glow On Hydrator 50 ml - krem nawil\u017cajacy - Selleetools.com","robots":{"index":"index","follow":"follow","max-snippet":"max-snippet:-1","max-image-preview":"max-image-preview:large","max-video-preview":"max-video-preview:-1"},"canonical":"https:\/\/admincentral.selleetools.com\/product\/petitfee-beautifying-glow-on-hydrator-50-ml-krem-nawilzajacy\/","og_locale":"pl_PL","og_type":"article","og_title":"Petitfee Beautifying Glow On Hydrator 50 ml - krem nawil\u017cajacy - Selleetools.com","og_description":"Lekki, a jednocze\u015bnie intensywnie nawil\u017caj\u0105cy krem, kt\u00f3ry dzia\u0142a jak 2 w 1 \u2013 g\u0142\u0119boki nawil\u017cacz i baza pod makija\u017c. Zapewnia sk\u00f3rze \u015bwie\u017cy, promienny wygl\u0105d, poprawia elastyczno\u015b\u0107 i chroni przed przesuszeniem. Dzi\u0119ki obecno\u015bci ceramid\u00f3w oraz mieszanki od\u017cywczych olej\u00f3w (m.in. kameliowego, z wiesio\u0142ka i rokitnika) skutecznie wzmacnia barier\u0119 ochronn\u0105 sk\u00f3ry i zatrzymuje wilgo\u0107. Dodatkowo zawarte aromatyczne olejki ... Read morePetitfee Beautifying Glow On Hydrator 50 ml &#8211; krem nawil\u017cajacy","og_url":"https:\/\/admincentral.selleetools.com\/product\/petitfee-beautifying-glow-on-hydrator-50-ml-krem-nawilzajacy\/","og_site_name":"Selleetools.com","article_modified_time":"2025-11-05T11:03:07+00:00","og_image":[{"width":1200,"height":1200,"url":"https:\/\/selleetools.com\/wp-content\/uploads\/2025\/10\/65ffc78f6627ab4cdc4815a0454201d9.jpg","type":"image\/jpeg"}],"twitter_card":"summary_large_image","twitter_misc":{"Est. reading time":"1 minuta"},"schema":{"@context":"https:\/\/schema.org","@graph":[{"@type":"Organization","@id":"https:\/\/selleetools.com\/#organization","name":"Selleetools","url":"https:\/\/selleetools.com\/","sameAs":[],"logo":{"@type":"ImageObject","inLanguage":"pl-PL","@id":"https:\/\/selleetools.com\/#\/schema\/logo\/image\/","url":"https:\/\/selleetools.com\/wp-content\/uploads\/2021\/10\/logo-dark.png","contentUrl":"https:\/\/selleetools.com\/wp-content\/uploads\/2021\/10\/logo-dark.png","width":320,"height":76,"caption":"Selleetools"},"image":{"@id":"https:\/\/selleetools.com\/#\/schema\/logo\/image\/"}},{"@type":"WebSite","@id":"https:\/\/selleetools.com\/#website","url":"https:\/\/selleetools.com\/","name":"Selleetools.com","description":"","publisher":{"@id":"https:\/\/selleetools.com\/#organization"},"potentialAction":[{"@type":"SearchAction","target":{"@type":"EntryPoint","urlTemplate":"https:\/\/selleetools.com\/?s={search_term_string}"},"query-input":"required name=search_term_string"}],"inLanguage":"pl-PL"},{"@type":"WebPage","@id":"https:\/\/admincentral.selleetools.com\/product\/petitfee-beautifying-glow-on-hydrator-50-ml-krem-nawilzajacy\/","url":"https:\/\/admincentral.selleetools.com\/product\/petitfee-beautifying-glow-on-hydrator-50-ml-krem-nawilzajacy\/","name":"Petitfee Beautifying Glow On Hydrator 50 ml - krem nawil\u017cajacy - Selleetools.com","isPartOf":{"@id":"https:\/\/selleetools.com\/#website"},"datePublished":"2025-10-24T12:46:39+00:00","dateModified":"2025-11-05T11:03:07+00:00","breadcrumb":{"@id":"https:\/\/admincentral.selleetools.com\/product\/petitfee-beautifying-glow-on-hydrator-50-ml-krem-nawilzajacy\/#breadcrumb"},"inLanguage":"pl-PL","potentialAction":[{"@type":"ReadAction","target":["https:\/\/admincentral.selleetools.com\/product\/petitfee-beautifying-glow-on-hydrator-50-ml-krem-nawilzajacy\/"]}]},{"@type":"BreadcrumbList","@id":"https:\/\/admincentral.selleetools.com\/product\/petitfee-beautifying-glow-on-hydrator-50-ml-krem-nawilzajacy\/#breadcrumb","itemListElement":[{"@type":"ListItem","position":1,"name":"Home","item":"https:\/\/selleetools.com\/pl\/"},{"@type":"ListItem","position":2,"name":"Katalog","item":"https:\/\/selleetools.com\/pl\/katalog\/"},{"@type":"ListItem","position":3,"name":"Petitfee Beautifying Glow On Hydrator 50 ml &#8211; krem nawil\u017cajacy"}]}]}},"_links":{"self":[{"href":"https:\/\/admincentral.selleetools.com\/pl\/wp-json\/wp\/v2\/product\/610221"}],"collection":[{"href":"https:\/\/admincentral.selleetools.com\/pl\/wp-json\/wp\/v2\/product"}],"about":[{"href":"https:\/\/admincentral.selleetools.com\/pl\/wp-json\/wp\/v2\/types\/product"}],"replies":[{"embeddable":true,"href":"https:\/\/admincentral.selleetools.com\/pl\/wp-json\/wp\/v2\/comments?post=610221"}],"wp:featuredmedia":[{"embeddable":true,"href":"https:\/\/admincentral.selleetools.com\/pl\/wp-json\/wp\/v2\/media\/610219"}],"wp:attachment":[{"href":"https:\/\/admincentral.selleetools.com\/pl\/wp-json\/wp\/v2\/media?parent=610221"}],"curies":[{"name":"wp","href":"https:\/\/api.w.org\/{rel}","templated":true}]}}