{"id":610224,"date":"2025-10-24T14:46:42","date_gmt":"2025-10-24T12:46:42","guid":{"rendered":"https:\/\/selleetools.com\/?post_type=product&#038;p=610224"},"modified":"2026-02-09T13:36:14","modified_gmt":"2026-02-09T12:36:14","slug":"petitfee-super-seed-lip-oil-3-g-olejek-do-ust","status":"publish","type":"product","link":"https:\/\/admincentral.selleetools.com\/pl\/product\/petitfee-super-seed-lip-oil-3-g-olejek-do-ust\/","title":{"rendered":"Petitfee Super Seed Lip Oil 3 g &#8211; olejek do ust"},"content":{"rendered":"<p>Luksusowy olejek do ust o bogatej formule \u0142\u0105cz\u0105cej 11 od\u017cywczych olej\u00f3w ro\u015blinnych z miodem i propolisem. Intensywnie nawil\u017ca, regeneruje i chroni delikatn\u0105 sk\u00f3r\u0119 ust przed przesuszeniem. Jego unikalna olejowa konsystencja otula wargi jak ochronna warstwa, wyg\u0142adzaj\u0105c suche sk\u00f3rki i nadaj\u0105c im zdrowy blask. Dzi\u0119ki praktycznemu silikonowemu aplikatorowi aplikacja jest higieniczna i precyzyjna.<\/p>\n<p>Korzy\u015bci dla ust<br \/>\nD\u0142ugotrwa\u0142e nawil\u017cenie i ochrona przed utrat\u0105 wilgoci<br \/>\nMi\u00f3d i propolis \u2013 wyg\u0142adzenie suchych sk\u00f3rek, regeneracja spierzchni\u0119tych ust<br \/>\n11 olej\u00f3w ro\u015blinnych \u2013 od\u017cywienie, poprawa elastyczno\u015bci i mi\u0119kko\u015bci ust<br \/>\nNaturalny, zdrowy blask i efekt \u201eplump lips\u201d bez lepko\u015bci<br \/>\nWzmacnia barier\u0119 ochronn\u0105 ust i chroni przed podra\u017cnieniami<\/p>\n<p>Spos\u00f3b u\u017cycia Aplikuj bezpo\u015brednio na usta w ci\u0105gu dnia zawsze, gdy potrzebujesz nawil\u017cenia. Mo\u017cesz stosowa\u0107 samodzielnie dla naturalnego efektu glow lub na ulubion\u0105 pomadk\u0119, aby podbi\u0107 kolor i nada\u0107 jej bardziej kremowe wyko\u0144czenie.<\/p>\n","protected":false},"excerpt":{"rendered":"<p>Luksusowy olejek do ust o bogatej formule \u0142\u0105cz\u0105cej 11 od\u017cywczych olej\u00f3w ro\u015blinnych z miodem i propolisem. Intensywnie nawil\u017ca, regeneruje i chroni delikatn\u0105 sk\u00f3r\u0119 ust przed przesuszeniem. Jego unikalna olejowa konsystencja otula wargi jak ochronna warstwa, wyg\u0142adzaj\u0105c suche sk\u00f3rki i nadaj\u0105c im zdrowy blask. Dzi\u0119ki praktycznemu silikonowemu aplikatorowi aplikacja jest higieniczna i precyzyjna. Korzy\u015bci dla ust &#8230; <a title=\"Petitfee Super Seed Lip Oil 3 g &#8211; olejek do ust\" class=\"read-more\" href=\"https:\/\/admincentral.selleetools.com\/pl\/product\/petitfee-super-seed-lip-oil-3-g-olejek-do-ust\/\">Read more<span class=\"screen-reader-text\">Petitfee Super Seed Lip Oil 3 g &#8211; olejek do ust<\/span><\/a><\/p>\n","protected":false},"featured_media":610222,"comment_status":"open","ping_status":"closed","template":"","meta":{"_links_to":"","_links_to_target":""},"yoast_head":"<!-- This site is optimized with the Yoast SEO plugin v19.4 - https:\/\/yoast.com\/wordpress\/plugins\/seo\/ -->\n<title>Petitfee Super Seed Lip Oil 3 g - olejek do ust - Selleetools.com<\/title>\n<meta name=\"robots\" content=\"index, follow, max-snippet:-1, max-image-preview:large, max-video-preview:-1\" \/>\n<link rel=\"canonical\" href=\"https:\/\/selleetools.com\/product\/petitfee-super-seed-lip-oil-3-g-olejek-do-ust\/\" \/>\n<meta property=\"og:locale\" content=\"pl_PL\" \/>\n<meta property=\"og:type\" content=\"article\" \/>\n<meta property=\"og:title\" content=\"Petitfee Super Seed Lip Oil 3 g - olejek do ust - Selleetools.com\" \/>\n<meta property=\"og:description\" content=\"Luksusowy olejek do ust o bogatej formule \u0142\u0105cz\u0105cej 11 od\u017cywczych olej\u00f3w ro\u015blinnych z miodem i propolisem. Intensywnie nawil\u017ca, regeneruje i chroni delikatn\u0105 sk\u00f3r\u0119 ust przed przesuszeniem. Jego unikalna olejowa konsystencja otula wargi jak ochronna warstwa, wyg\u0142adzaj\u0105c suche sk\u00f3rki i nadaj\u0105c im zdrowy blask. Dzi\u0119ki praktycznemu silikonowemu aplikatorowi aplikacja jest higieniczna i precyzyjna. Korzy\u015bci dla ust ... Read morePetitfee Super Seed Lip Oil 3 g &#8211; olejek do ust\" \/>\n<meta property=\"og:url\" content=\"https:\/\/selleetools.com\/product\/petitfee-super-seed-lip-oil-3-g-olejek-do-ust\/\" \/>\n<meta property=\"og:site_name\" content=\"Selleetools.com\" \/>\n<meta property=\"article:modified_time\" content=\"2026-02-09T12:36:14+00:00\" \/>\n<meta property=\"og:image\" content=\"https:\/\/selleetools.com\/wp-content\/uploads\/2025\/10\/6d2232cb57cce76c1b1c3cec5691eff8.jpg\" \/>\n\t<meta property=\"og:image:width\" content=\"1200\" \/>\n\t<meta property=\"og:image:height\" content=\"1200\" \/>\n\t<meta property=\"og:image:type\" content=\"image\/jpeg\" \/>\n<meta name=\"twitter:card\" content=\"summary_large_image\" \/>\n<meta name=\"twitter:label1\" content=\"Est. reading time\" \/>\n\t<meta name=\"twitter:data1\" content=\"1 minuta\" \/>\n<!-- \/ Yoast SEO plugin. -->","yoast_head_json":{"title":"Petitfee Super Seed Lip Oil 3 g - olejek do ust - Selleetools.com","robots":{"index":"index","follow":"follow","max-snippet":"max-snippet:-1","max-image-preview":"max-image-preview:large","max-video-preview":"max-video-preview:-1"},"canonical":"https:\/\/selleetools.com\/product\/petitfee-super-seed-lip-oil-3-g-olejek-do-ust\/","og_locale":"pl_PL","og_type":"article","og_title":"Petitfee Super Seed Lip Oil 3 g - olejek do ust - Selleetools.com","og_description":"Luksusowy olejek do ust o bogatej formule \u0142\u0105cz\u0105cej 11 od\u017cywczych olej\u00f3w ro\u015blinnych z miodem i propolisem. Intensywnie nawil\u017ca, regeneruje i chroni delikatn\u0105 sk\u00f3r\u0119 ust przed przesuszeniem. Jego unikalna olejowa konsystencja otula wargi jak ochronna warstwa, wyg\u0142adzaj\u0105c suche sk\u00f3rki i nadaj\u0105c im zdrowy blask. Dzi\u0119ki praktycznemu silikonowemu aplikatorowi aplikacja jest higieniczna i precyzyjna. Korzy\u015bci dla ust ... Read morePetitfee Super Seed Lip Oil 3 g &#8211; olejek do ust","og_url":"https:\/\/selleetools.com\/product\/petitfee-super-seed-lip-oil-3-g-olejek-do-ust\/","og_site_name":"Selleetools.com","article_modified_time":"2026-02-09T12:36:14+00:00","og_image":[{"width":1200,"height":1200,"url":"https:\/\/selleetools.com\/wp-content\/uploads\/2025\/10\/6d2232cb57cce76c1b1c3cec5691eff8.jpg","type":"image\/jpeg"}],"twitter_card":"summary_large_image","twitter_misc":{"Est. reading time":"1 minuta"},"schema":{"@context":"https:\/\/schema.org","@graph":[{"@type":"Organization","@id":"https:\/\/selleetools.com\/#organization","name":"Selleetools","url":"https:\/\/selleetools.com\/","sameAs":[],"logo":{"@type":"ImageObject","inLanguage":"pl-PL","@id":"https:\/\/selleetools.com\/#\/schema\/logo\/image\/","url":"https:\/\/selleetools.com\/wp-content\/uploads\/2021\/10\/logo-dark.png","contentUrl":"https:\/\/selleetools.com\/wp-content\/uploads\/2021\/10\/logo-dark.png","width":320,"height":76,"caption":"Selleetools"},"image":{"@id":"https:\/\/selleetools.com\/#\/schema\/logo\/image\/"}},{"@type":"WebSite","@id":"https:\/\/selleetools.com\/#website","url":"https:\/\/selleetools.com\/","name":"Selleetools.com","description":"","publisher":{"@id":"https:\/\/selleetools.com\/#organization"},"potentialAction":[{"@type":"SearchAction","target":{"@type":"EntryPoint","urlTemplate":"https:\/\/selleetools.com\/?s={search_term_string}"},"query-input":"required name=search_term_string"}],"inLanguage":"pl-PL"},{"@type":"WebPage","@id":"https:\/\/selleetools.com\/product\/petitfee-super-seed-lip-oil-3-g-olejek-do-ust\/","url":"https:\/\/selleetools.com\/product\/petitfee-super-seed-lip-oil-3-g-olejek-do-ust\/","name":"Petitfee Super Seed Lip Oil 3 g - olejek do ust - Selleetools.com","isPartOf":{"@id":"https:\/\/selleetools.com\/#website"},"datePublished":"2025-10-24T12:46:42+00:00","dateModified":"2026-02-09T12:36:14+00:00","breadcrumb":{"@id":"https:\/\/selleetools.com\/product\/petitfee-super-seed-lip-oil-3-g-olejek-do-ust\/#breadcrumb"},"inLanguage":"pl-PL","potentialAction":[{"@type":"ReadAction","target":["https:\/\/selleetools.com\/product\/petitfee-super-seed-lip-oil-3-g-olejek-do-ust\/"]}]},{"@type":"BreadcrumbList","@id":"https:\/\/selleetools.com\/product\/petitfee-super-seed-lip-oil-3-g-olejek-do-ust\/#breadcrumb","itemListElement":[{"@type":"ListItem","position":1,"name":"Home","item":"https:\/\/selleetools.com\/pl\/"},{"@type":"ListItem","position":2,"name":"Katalog","item":"https:\/\/selleetools.com\/pl\/katalog\/"},{"@type":"ListItem","position":3,"name":"Petitfee Super Seed Lip Oil 3 g &#8211; olejek do ust"}]}]}},"_links":{"self":[{"href":"https:\/\/admincentral.selleetools.com\/pl\/wp-json\/wp\/v2\/product\/610224"}],"collection":[{"href":"https:\/\/admincentral.selleetools.com\/pl\/wp-json\/wp\/v2\/product"}],"about":[{"href":"https:\/\/admincentral.selleetools.com\/pl\/wp-json\/wp\/v2\/types\/product"}],"replies":[{"embeddable":true,"href":"https:\/\/admincentral.selleetools.com\/pl\/wp-json\/wp\/v2\/comments?post=610224"}],"wp:featuredmedia":[{"embeddable":true,"href":"https:\/\/admincentral.selleetools.com\/pl\/wp-json\/wp\/v2\/media\/610222"}],"wp:attachment":[{"href":"https:\/\/admincentral.selleetools.com\/pl\/wp-json\/wp\/v2\/media?parent=610224"}],"curies":[{"name":"wp","href":"https:\/\/api.w.org\/{rel}","templated":true}]}}