{"id":610391,"date":"2025-10-24T14:49:25","date_gmt":"2025-10-24T12:49:25","guid":{"rendered":"https:\/\/selleetools.com\/?post_type=product&#038;p=610391"},"modified":"2025-11-05T12:03:26","modified_gmt":"2025-11-05T11:03:26","slug":"medicube-pdrn-pink-glutathione-serum-mist-100ml-dwufazowe-serum-w-formie-mgielki","status":"publish","type":"product","link":"https:\/\/admincentral.selleetools.com\/pl\/product\/medicube-pdrn-pink-glutathione-serum-mist-100ml-dwufazowe-serum-w-formie-mgielki\/","title":{"rendered":"Medicube PDRN Pink Glutathione Serum Mist 100ml dwufazowe serum w formie mgie\u0142ki"},"content":{"rendered":"<p>PDRN Pink Glutathione Serum Mist od Medicube to innowacyjna mgie\u0142ka-serum 3w1, kt\u00f3ra \u0142\u0105czy w sobie dzia\u0142anie koj\u0105ce, nawil\u017caj\u0105ce i uj\u0119drniaj\u0105ce. Zawiera Salmon PDRN wspieraj\u0105cy regeneracj\u0119 i witalno\u015b\u0107 sk\u00f3ry, glutation o silnych w\u0142a\u015bciwo\u015bciach rozja\u015bniaj\u0105cych oraz kompleks peptyd\u00f3w i niacynamid, kt\u00f3re wzmacniaj\u0105 barier\u0119 ochronn\u0105 sk\u00f3ry i poprawiaj\u0105 jej elastyczno\u015b\u0107. Dzi\u0119ki lekkiej formule wodno-olejowej mgie\u0142ka r\u00f3wnomiernie otula sk\u00f3r\u0119, zapewniaj\u0105c efekt natychmiastowego od\u015bwie\u017cenia i zdrowego blasku \u2013 bez uczucia lepko\u015bci. Idealna do stosowania w ci\u0105gu dnia, tak\u017ce na makija\u017c.<\/p>\n<p>Korzy\u015bci dla sk\u00f3ry<br \/>\nWspiera proces regeneracji i poprawia kondycj\u0119 sk\u00f3ry dzi\u0119ki PDRN.<br \/>\nRozja\u015bnia przebarwienia i wyr\u00f3wnuje koloryt za spraw\u0105 glutationu i niacynamidu.<br \/>\nNawil\u017ca, koi i przywraca sk\u00f3rze komfort.<br \/>\nZwi\u0119ksza elastyczno\u015b\u0107 i j\u0119drno\u015b\u0107, wspieraj\u0105c walk\u0119 z oznakami starzenia.<br \/>\nDodaje cerze promiennego blasku i \u015bwie\u017cego wygl\u0105du.<br \/>\nLekka, od\u015bwie\u017caj\u0105ca mgie\u0142ka odpowiednia dla ka\u017cdego typu sk\u00f3ry, tak\u017ce wra\u017cliwej.<\/p>\n<p>Spos\u00f3b u\u017cycia<br \/>\nWstrz\u0105\u015bnij przed u\u017cyciem, aby po\u0142\u0105czy\u0107 warstw\u0119 wodn\u0105 i olejow\u0105. Zamknij oczy i rozpyl mgie\u0142k\u0119 z odleg\u0142o\u015bci ok. 10\u201320 cm na ca\u0142\u0105 twarz. Pozw\u00f3l, by serum wch\u0142on\u0119\u0142o si\u0119 w sk\u00f3r\u0119. Stosuj o ka\u017cdej porze dnia \u2013 po oczyszczeniu sk\u00f3ry, przed lub po makija\u017cu, zawsze gdy sk\u00f3ra potrzebuje nawil\u017cenia i od\u015bwie\u017cenia.<\/p>\n","protected":false},"excerpt":{"rendered":"<p>PDRN Pink Glutathione Serum Mist od Medicube to innowacyjna mgie\u0142ka-serum 3w1, kt\u00f3ra \u0142\u0105czy w sobie dzia\u0142anie koj\u0105ce, nawil\u017caj\u0105ce i uj\u0119drniaj\u0105ce. Zawiera Salmon PDRN wspieraj\u0105cy regeneracj\u0119 i witalno\u015b\u0107 sk\u00f3ry, glutation o silnych w\u0142a\u015bciwo\u015bciach rozja\u015bniaj\u0105cych oraz kompleks peptyd\u00f3w i niacynamid, kt\u00f3re wzmacniaj\u0105 barier\u0119 ochronn\u0105 sk\u00f3ry i poprawiaj\u0105 jej elastyczno\u015b\u0107. Dzi\u0119ki lekkiej formule wodno-olejowej mgie\u0142ka r\u00f3wnomiernie otula sk\u00f3r\u0119, &#8230; <a title=\"Medicube PDRN Pink Glutathione Serum Mist 100ml dwufazowe serum w formie mgie\u0142ki\" class=\"read-more\" href=\"https:\/\/admincentral.selleetools.com\/pl\/product\/medicube-pdrn-pink-glutathione-serum-mist-100ml-dwufazowe-serum-w-formie-mgielki\/\">Read more<span class=\"screen-reader-text\">Medicube PDRN Pink Glutathione Serum Mist 100ml dwufazowe serum w formie mgie\u0142ki<\/span><\/a><\/p>\n","protected":false},"featured_media":610389,"comment_status":"open","ping_status":"closed","template":"","meta":{"_links_to":"","_links_to_target":""},"yoast_head":"<!-- This site is optimized with the Yoast SEO plugin v19.4 - https:\/\/yoast.com\/wordpress\/plugins\/seo\/ -->\n<title>Medicube PDRN Pink Glutathione Serum Mist 100ml dwufazowe serum w formie mgie\u0142ki - Selleetools.com<\/title>\n<meta name=\"robots\" content=\"index, follow, max-snippet:-1, max-image-preview:large, max-video-preview:-1\" \/>\n<link rel=\"canonical\" href=\"https:\/\/admincentral.selleetools.com\/pl\/product\/medicube-pdrn-pink-glutathione-serum-mist-100ml-dwufazowe-serum-w-formie-mgielki\/\" \/>\n<meta property=\"og:locale\" content=\"pl_PL\" \/>\n<meta property=\"og:type\" content=\"article\" \/>\n<meta property=\"og:title\" content=\"Medicube PDRN Pink Glutathione Serum Mist 100ml dwufazowe serum w formie mgie\u0142ki - Selleetools.com\" \/>\n<meta property=\"og:description\" content=\"PDRN Pink Glutathione Serum Mist od Medicube to innowacyjna mgie\u0142ka-serum 3w1, kt\u00f3ra \u0142\u0105czy w sobie dzia\u0142anie koj\u0105ce, nawil\u017caj\u0105ce i uj\u0119drniaj\u0105ce. Zawiera Salmon PDRN wspieraj\u0105cy regeneracj\u0119 i witalno\u015b\u0107 sk\u00f3ry, glutation o silnych w\u0142a\u015bciwo\u015bciach rozja\u015bniaj\u0105cych oraz kompleks peptyd\u00f3w i niacynamid, kt\u00f3re wzmacniaj\u0105 barier\u0119 ochronn\u0105 sk\u00f3ry i poprawiaj\u0105 jej elastyczno\u015b\u0107. Dzi\u0119ki lekkiej formule wodno-olejowej mgie\u0142ka r\u00f3wnomiernie otula sk\u00f3r\u0119, ... Read moreMedicube PDRN Pink Glutathione Serum Mist 100ml dwufazowe serum w formie mgie\u0142ki\" \/>\n<meta property=\"og:url\" content=\"https:\/\/admincentral.selleetools.com\/pl\/product\/medicube-pdrn-pink-glutathione-serum-mist-100ml-dwufazowe-serum-w-formie-mgielki\/\" \/>\n<meta property=\"og:site_name\" content=\"Selleetools.com\" \/>\n<meta property=\"article:modified_time\" content=\"2025-11-05T11:03:26+00:00\" \/>\n<meta property=\"og:image\" content=\"https:\/\/selleetools.com\/wp-content\/uploads\/2025\/10\/6bb6fc12f5869ad262ce93704d4ed393.png\" \/>\n\t<meta property=\"og:image:width\" content=\"1200\" \/>\n\t<meta property=\"og:image:height\" content=\"1200\" \/>\n\t<meta property=\"og:image:type\" content=\"image\/png\" \/>\n<meta name=\"twitter:card\" content=\"summary_large_image\" \/>\n<meta name=\"twitter:label1\" content=\"Est. reading time\" \/>\n\t<meta name=\"twitter:data1\" content=\"1 minuta\" \/>\n<!-- \/ Yoast SEO plugin. -->","yoast_head_json":{"title":"Medicube PDRN Pink Glutathione Serum Mist 100ml dwufazowe serum w formie mgie\u0142ki - Selleetools.com","robots":{"index":"index","follow":"follow","max-snippet":"max-snippet:-1","max-image-preview":"max-image-preview:large","max-video-preview":"max-video-preview:-1"},"canonical":"https:\/\/admincentral.selleetools.com\/pl\/product\/medicube-pdrn-pink-glutathione-serum-mist-100ml-dwufazowe-serum-w-formie-mgielki\/","og_locale":"pl_PL","og_type":"article","og_title":"Medicube PDRN Pink Glutathione Serum Mist 100ml dwufazowe serum w formie mgie\u0142ki - Selleetools.com","og_description":"PDRN Pink Glutathione Serum Mist od Medicube to innowacyjna mgie\u0142ka-serum 3w1, kt\u00f3ra \u0142\u0105czy w sobie dzia\u0142anie koj\u0105ce, nawil\u017caj\u0105ce i uj\u0119drniaj\u0105ce. Zawiera Salmon PDRN wspieraj\u0105cy regeneracj\u0119 i witalno\u015b\u0107 sk\u00f3ry, glutation o silnych w\u0142a\u015bciwo\u015bciach rozja\u015bniaj\u0105cych oraz kompleks peptyd\u00f3w i niacynamid, kt\u00f3re wzmacniaj\u0105 barier\u0119 ochronn\u0105 sk\u00f3ry i poprawiaj\u0105 jej elastyczno\u015b\u0107. Dzi\u0119ki lekkiej formule wodno-olejowej mgie\u0142ka r\u00f3wnomiernie otula sk\u00f3r\u0119, ... Read moreMedicube PDRN Pink Glutathione Serum Mist 100ml dwufazowe serum w formie mgie\u0142ki","og_url":"https:\/\/admincentral.selleetools.com\/pl\/product\/medicube-pdrn-pink-glutathione-serum-mist-100ml-dwufazowe-serum-w-formie-mgielki\/","og_site_name":"Selleetools.com","article_modified_time":"2025-11-05T11:03:26+00:00","og_image":[{"width":1200,"height":1200,"url":"https:\/\/selleetools.com\/wp-content\/uploads\/2025\/10\/6bb6fc12f5869ad262ce93704d4ed393.png","type":"image\/png"}],"twitter_card":"summary_large_image","twitter_misc":{"Est. reading time":"1 minuta"},"schema":{"@context":"https:\/\/schema.org","@graph":[{"@type":"Organization","@id":"https:\/\/selleetools.com\/#organization","name":"Selleetools","url":"https:\/\/selleetools.com\/","sameAs":[],"logo":{"@type":"ImageObject","inLanguage":"pl-PL","@id":"https:\/\/selleetools.com\/#\/schema\/logo\/image\/","url":"https:\/\/selleetools.com\/wp-content\/uploads\/2021\/10\/logo-dark.png","contentUrl":"https:\/\/selleetools.com\/wp-content\/uploads\/2021\/10\/logo-dark.png","width":320,"height":76,"caption":"Selleetools"},"image":{"@id":"https:\/\/selleetools.com\/#\/schema\/logo\/image\/"}},{"@type":"WebSite","@id":"https:\/\/selleetools.com\/#website","url":"https:\/\/selleetools.com\/","name":"Selleetools.com","description":"","publisher":{"@id":"https:\/\/selleetools.com\/#organization"},"potentialAction":[{"@type":"SearchAction","target":{"@type":"EntryPoint","urlTemplate":"https:\/\/selleetools.com\/?s={search_term_string}"},"query-input":"required name=search_term_string"}],"inLanguage":"pl-PL"},{"@type":"WebPage","@id":"https:\/\/admincentral.selleetools.com\/pl\/product\/medicube-pdrn-pink-glutathione-serum-mist-100ml-dwufazowe-serum-w-formie-mgielki\/","url":"https:\/\/admincentral.selleetools.com\/pl\/product\/medicube-pdrn-pink-glutathione-serum-mist-100ml-dwufazowe-serum-w-formie-mgielki\/","name":"Medicube PDRN Pink Glutathione Serum Mist 100ml dwufazowe serum w formie mgie\u0142ki - Selleetools.com","isPartOf":{"@id":"https:\/\/selleetools.com\/#website"},"datePublished":"2025-10-24T12:49:25+00:00","dateModified":"2025-11-05T11:03:26+00:00","breadcrumb":{"@id":"https:\/\/admincentral.selleetools.com\/pl\/product\/medicube-pdrn-pink-glutathione-serum-mist-100ml-dwufazowe-serum-w-formie-mgielki\/#breadcrumb"},"inLanguage":"pl-PL","potentialAction":[{"@type":"ReadAction","target":["https:\/\/admincentral.selleetools.com\/pl\/product\/medicube-pdrn-pink-glutathione-serum-mist-100ml-dwufazowe-serum-w-formie-mgielki\/"]}]},{"@type":"BreadcrumbList","@id":"https:\/\/admincentral.selleetools.com\/pl\/product\/medicube-pdrn-pink-glutathione-serum-mist-100ml-dwufazowe-serum-w-formie-mgielki\/#breadcrumb","itemListElement":[{"@type":"ListItem","position":1,"name":"Home","item":"https:\/\/selleetools.com\/pl\/"},{"@type":"ListItem","position":2,"name":"Katalog","item":"https:\/\/selleetools.com\/pl\/katalog\/"},{"@type":"ListItem","position":3,"name":"Medicube PDRN Pink Glutathione Serum Mist 100ml dwufazowe serum w formie mgie\u0142ki"}]}]}},"_links":{"self":[{"href":"https:\/\/admincentral.selleetools.com\/pl\/wp-json\/wp\/v2\/product\/610391"}],"collection":[{"href":"https:\/\/admincentral.selleetools.com\/pl\/wp-json\/wp\/v2\/product"}],"about":[{"href":"https:\/\/admincentral.selleetools.com\/pl\/wp-json\/wp\/v2\/types\/product"}],"replies":[{"embeddable":true,"href":"https:\/\/admincentral.selleetools.com\/pl\/wp-json\/wp\/v2\/comments?post=610391"}],"wp:featuredmedia":[{"embeddable":true,"href":"https:\/\/admincentral.selleetools.com\/pl\/wp-json\/wp\/v2\/media\/610389"}],"wp:attachment":[{"href":"https:\/\/admincentral.selleetools.com\/pl\/wp-json\/wp\/v2\/media?parent=610391"}],"curies":[{"name":"wp","href":"https:\/\/api.w.org\/{rel}","templated":true}]}}