{"id":610484,"date":"2025-10-24T14:51:00","date_gmt":"2025-10-24T12:51:00","guid":{"rendered":"https:\/\/selleetools.com\/?post_type=product&#038;p=610484"},"modified":"2025-11-03T17:00:44","modified_gmt":"2025-11-03T16:00:44","slug":"haruharu-wonder-black-rice-hyaluronic-toner-original-150ml-tonik-nawilzajacy","status":"publish","type":"product","link":"https:\/\/admincentral.selleetools.com\/pl\/product\/haruharu-wonder-black-rice-hyaluronic-toner-original-150ml-tonik-nawilzajacy\/","title":{"rendered":"Haruharu Wonder &#8211; Black Rice Hyaluronic Toner Original, 150ml tonik nawil\u017caj\u0105cy"},"content":{"rendered":"<p>Haruharu Wonder Black Rice Hyaluronic Toner Original to lekki, od\u015bwie\u017caj\u0105cy toner stworzony, aby natychmiast przywr\u00f3ci\u0107 sk\u00f3rze nawil\u017cenie i przygotowa\u0107 j\u0105 do dalszej piel\u0119gnacji. Formu\u0142a oparta na fermentowanym ekstrakcie z czarnego ry\u017cu bogatego w antyoksydanty wspiera regeneracj\u0119, dzia\u0142a koj\u0105co i roz\u015bwietlaj\u0105co, a opatentowana Ultra Deep Technology zapewnia skuteczne przenikanie sk\u0142adnik\u00f3w aktywnych w g\u0142\u0105b sk\u00f3ry. Kwas hialuronowy i beta-glukan dodatkowo wzmacniaj\u0105 barier\u0119 hydrolipidow\u0105, \u0142agodz\u0105c uczucie sucho\u015bci i \u015bci\u0105gni\u0119cia. Toner jest w 95% naturalny, wega\u0144ski i cruelty-free \u2013 idealny do codziennej piel\u0119gnacji ka\u017cdego rodzaju sk\u00f3ry, w tym wra\u017cliwej.<\/p>\n<p>Korzy\u015bci dla sk\u00f3ry<br \/>\nIntensywnie i d\u0142ugotrwale nawil\u017ca.<br \/>\n\u0141agodzi podra\u017cnienia i zmniejsza zaczerwienienia.<br \/>\nPoprawia elastyczno\u015b\u0107 i spr\u0119\u017cysto\u015b\u0107 sk\u00f3ry.<br \/>\nPrzygotowuje cer\u0119 do lepszego wch\u0142aniania kolejnych etap\u00f3w piel\u0119gnacji.<br \/>\nRozja\u015bnia i wyr\u00f3wnuje koloryt.<br \/>\nWzmacnia barier\u0119 ochronn\u0105 sk\u00f3ry.<\/p>\n<p>Spos\u00f3b u\u017cycia<br \/>\nPo umyciu twarzy nas\u0105cz wacik tonerem i delikatnie przetrzyj sk\u00f3r\u0119, nast\u0119pnie wklep dla lepszego wch\u0142oni\u0119cia. Mo\u017cna stosowa\u0107 codziennie, rano i wieczorem.<\/p>\n","protected":false},"excerpt":{"rendered":"<p>Haruharu Wonder Black Rice Hyaluronic Toner Original to lekki, od\u015bwie\u017caj\u0105cy toner stworzony, aby natychmiast przywr\u00f3ci\u0107 sk\u00f3rze nawil\u017cenie i przygotowa\u0107 j\u0105 do dalszej piel\u0119gnacji. Formu\u0142a oparta na fermentowanym ekstrakcie z czarnego ry\u017cu bogatego w antyoksydanty wspiera regeneracj\u0119, dzia\u0142a koj\u0105co i roz\u015bwietlaj\u0105co, a opatentowana Ultra Deep Technology zapewnia skuteczne przenikanie sk\u0142adnik\u00f3w aktywnych w g\u0142\u0105b sk\u00f3ry. Kwas hialuronowy &#8230; <a title=\"Haruharu Wonder &#8211; Black Rice Hyaluronic Toner Original, 150ml tonik nawil\u017caj\u0105cy\" class=\"read-more\" href=\"https:\/\/admincentral.selleetools.com\/pl\/product\/haruharu-wonder-black-rice-hyaluronic-toner-original-150ml-tonik-nawilzajacy\/\">Read more<span class=\"screen-reader-text\">Haruharu Wonder &#8211; Black Rice Hyaluronic Toner Original, 150ml tonik nawil\u017caj\u0105cy<\/span><\/a><\/p>\n","protected":false},"featured_media":610482,"comment_status":"open","ping_status":"closed","template":"","meta":{"_links_to":"","_links_to_target":""},"yoast_head":"<!-- This site is optimized with the Yoast SEO plugin v19.4 - https:\/\/yoast.com\/wordpress\/plugins\/seo\/ -->\n<title>Haruharu Wonder - Black Rice Hyaluronic Toner Original, 150ml tonik nawil\u017caj\u0105cy - Selleetools.com<\/title>\n<meta name=\"robots\" content=\"index, follow, max-snippet:-1, max-image-preview:large, max-video-preview:-1\" \/>\n<link rel=\"canonical\" href=\"https:\/\/selleetools.com\/pl\/product\/haruharu-wonder-black-rice-hyaluronic-toner-original-150ml-tonik-nawilzajacy\/\" \/>\n<meta property=\"og:locale\" content=\"pl_PL\" \/>\n<meta property=\"og:type\" content=\"article\" \/>\n<meta property=\"og:title\" content=\"Haruharu Wonder - Black Rice Hyaluronic Toner Original, 150ml tonik nawil\u017caj\u0105cy - Selleetools.com\" \/>\n<meta property=\"og:description\" content=\"Haruharu Wonder Black Rice Hyaluronic Toner Original to lekki, od\u015bwie\u017caj\u0105cy toner stworzony, aby natychmiast przywr\u00f3ci\u0107 sk\u00f3rze nawil\u017cenie i przygotowa\u0107 j\u0105 do dalszej piel\u0119gnacji. Formu\u0142a oparta na fermentowanym ekstrakcie z czarnego ry\u017cu bogatego w antyoksydanty wspiera regeneracj\u0119, dzia\u0142a koj\u0105co i roz\u015bwietlaj\u0105co, a opatentowana Ultra Deep Technology zapewnia skuteczne przenikanie sk\u0142adnik\u00f3w aktywnych w g\u0142\u0105b sk\u00f3ry. Kwas hialuronowy ... Read moreHaruharu Wonder &#8211; Black Rice Hyaluronic Toner Original, 150ml tonik nawil\u017caj\u0105cy\" \/>\n<meta property=\"og:url\" content=\"https:\/\/selleetools.com\/pl\/product\/haruharu-wonder-black-rice-hyaluronic-toner-original-150ml-tonik-nawilzajacy\/\" \/>\n<meta property=\"og:site_name\" content=\"Selleetools.com\" \/>\n<meta property=\"article:modified_time\" content=\"2025-11-03T16:00:44+00:00\" \/>\n<meta property=\"og:image\" content=\"https:\/\/selleetools.com\/wp-content\/uploads\/2025\/10\/d0c7de97ff60aab2a7f8106a5bc09e17.png\" \/>\n\t<meta property=\"og:image:width\" content=\"1200\" \/>\n\t<meta property=\"og:image:height\" content=\"1200\" \/>\n\t<meta property=\"og:image:type\" content=\"image\/png\" \/>\n<meta name=\"twitter:card\" content=\"summary_large_image\" \/>\n<meta name=\"twitter:label1\" content=\"Est. reading time\" \/>\n\t<meta name=\"twitter:data1\" content=\"1 minuta\" \/>\n<!-- \/ Yoast SEO plugin. -->","yoast_head_json":{"title":"Haruharu Wonder - Black Rice Hyaluronic Toner Original, 150ml tonik nawil\u017caj\u0105cy - Selleetools.com","robots":{"index":"index","follow":"follow","max-snippet":"max-snippet:-1","max-image-preview":"max-image-preview:large","max-video-preview":"max-video-preview:-1"},"canonical":"https:\/\/selleetools.com\/pl\/product\/haruharu-wonder-black-rice-hyaluronic-toner-original-150ml-tonik-nawilzajacy\/","og_locale":"pl_PL","og_type":"article","og_title":"Haruharu Wonder - Black Rice Hyaluronic Toner Original, 150ml tonik nawil\u017caj\u0105cy - Selleetools.com","og_description":"Haruharu Wonder Black Rice Hyaluronic Toner Original to lekki, od\u015bwie\u017caj\u0105cy toner stworzony, aby natychmiast przywr\u00f3ci\u0107 sk\u00f3rze nawil\u017cenie i przygotowa\u0107 j\u0105 do dalszej piel\u0119gnacji. Formu\u0142a oparta na fermentowanym ekstrakcie z czarnego ry\u017cu bogatego w antyoksydanty wspiera regeneracj\u0119, dzia\u0142a koj\u0105co i roz\u015bwietlaj\u0105co, a opatentowana Ultra Deep Technology zapewnia skuteczne przenikanie sk\u0142adnik\u00f3w aktywnych w g\u0142\u0105b sk\u00f3ry. Kwas hialuronowy ... Read moreHaruharu Wonder &#8211; Black Rice Hyaluronic Toner Original, 150ml tonik nawil\u017caj\u0105cy","og_url":"https:\/\/selleetools.com\/pl\/product\/haruharu-wonder-black-rice-hyaluronic-toner-original-150ml-tonik-nawilzajacy\/","og_site_name":"Selleetools.com","article_modified_time":"2025-11-03T16:00:44+00:00","og_image":[{"width":1200,"height":1200,"url":"https:\/\/selleetools.com\/wp-content\/uploads\/2025\/10\/d0c7de97ff60aab2a7f8106a5bc09e17.png","type":"image\/png"}],"twitter_card":"summary_large_image","twitter_misc":{"Est. reading time":"1 minuta"},"schema":{"@context":"https:\/\/schema.org","@graph":[{"@type":"Organization","@id":"https:\/\/selleetools.com\/#organization","name":"Selleetools","url":"https:\/\/selleetools.com\/","sameAs":[],"logo":{"@type":"ImageObject","inLanguage":"pl-PL","@id":"https:\/\/selleetools.com\/#\/schema\/logo\/image\/","url":"https:\/\/selleetools.com\/wp-content\/uploads\/2021\/10\/logo-dark.png","contentUrl":"https:\/\/selleetools.com\/wp-content\/uploads\/2021\/10\/logo-dark.png","width":320,"height":76,"caption":"Selleetools"},"image":{"@id":"https:\/\/selleetools.com\/#\/schema\/logo\/image\/"}},{"@type":"WebSite","@id":"https:\/\/selleetools.com\/#website","url":"https:\/\/selleetools.com\/","name":"Selleetools.com","description":"","publisher":{"@id":"https:\/\/selleetools.com\/#organization"},"potentialAction":[{"@type":"SearchAction","target":{"@type":"EntryPoint","urlTemplate":"https:\/\/selleetools.com\/?s={search_term_string}"},"query-input":"required name=search_term_string"}],"inLanguage":"pl-PL"},{"@type":"WebPage","@id":"https:\/\/selleetools.com\/pl\/product\/haruharu-wonder-black-rice-hyaluronic-toner-original-150ml-tonik-nawilzajacy\/","url":"https:\/\/selleetools.com\/pl\/product\/haruharu-wonder-black-rice-hyaluronic-toner-original-150ml-tonik-nawilzajacy\/","name":"Haruharu Wonder - Black Rice Hyaluronic Toner Original, 150ml tonik nawil\u017caj\u0105cy - Selleetools.com","isPartOf":{"@id":"https:\/\/selleetools.com\/#website"},"datePublished":"2025-10-24T12:51:00+00:00","dateModified":"2025-11-03T16:00:44+00:00","breadcrumb":{"@id":"https:\/\/selleetools.com\/pl\/product\/haruharu-wonder-black-rice-hyaluronic-toner-original-150ml-tonik-nawilzajacy\/#breadcrumb"},"inLanguage":"pl-PL","potentialAction":[{"@type":"ReadAction","target":["https:\/\/selleetools.com\/pl\/product\/haruharu-wonder-black-rice-hyaluronic-toner-original-150ml-tonik-nawilzajacy\/"]}]},{"@type":"BreadcrumbList","@id":"https:\/\/selleetools.com\/pl\/product\/haruharu-wonder-black-rice-hyaluronic-toner-original-150ml-tonik-nawilzajacy\/#breadcrumb","itemListElement":[{"@type":"ListItem","position":1,"name":"Home","item":"https:\/\/selleetools.com\/pl\/"},{"@type":"ListItem","position":2,"name":"Katalog","item":"https:\/\/selleetools.com\/pl\/katalog\/"},{"@type":"ListItem","position":3,"name":"Haruharu Wonder &#8211; Black Rice Hyaluronic Toner Original, 150ml tonik nawil\u017caj\u0105cy"}]}]}},"_links":{"self":[{"href":"https:\/\/admincentral.selleetools.com\/pl\/wp-json\/wp\/v2\/product\/610484"}],"collection":[{"href":"https:\/\/admincentral.selleetools.com\/pl\/wp-json\/wp\/v2\/product"}],"about":[{"href":"https:\/\/admincentral.selleetools.com\/pl\/wp-json\/wp\/v2\/types\/product"}],"replies":[{"embeddable":true,"href":"https:\/\/admincentral.selleetools.com\/pl\/wp-json\/wp\/v2\/comments?post=610484"}],"wp:featuredmedia":[{"embeddable":true,"href":"https:\/\/admincentral.selleetools.com\/pl\/wp-json\/wp\/v2\/media\/610482"}],"wp:attachment":[{"href":"https:\/\/admincentral.selleetools.com\/pl\/wp-json\/wp\/v2\/media?parent=610484"}],"curies":[{"name":"wp","href":"https:\/\/api.w.org\/{rel}","templated":true}]}}