{"id":610487,"date":"2025-10-24T14:51:03","date_gmt":"2025-10-24T12:51:03","guid":{"rendered":"https:\/\/selleetools.com\/?post_type=product&#038;p=610487"},"modified":"2026-03-13T19:55:18","modified_gmt":"2026-03-13T18:55:18","slug":"haruharu-wonder-miniature-wonder-black-rice-hyaluronic-toner-30ml-tonik-nawilzajacy","status":"publish","type":"product","link":"https:\/\/admincentral.selleetools.com\/pl\/product\/haruharu-wonder-miniature-wonder-black-rice-hyaluronic-toner-30ml-tonik-nawilzajacy\/","title":{"rendered":"Haruharu Wonder [Miniature] WONDER Black Rice Hyaluronic Toner 30ml &#8211; tonik nawil\u017caj\u0105cy"},"content":{"rendered":"<p>Lekki, nawil\u017caj\u0105cy tonik w por\u0119cznej wersji mini, idealnej do podr\u00f3\u017cy lub testowania. Zawiera fermentowany ekstrakt z czarnego ry\u017cu, kt\u00f3ry przywraca sk\u00f3rze spr\u0119\u017cysto\u015b\u0107, a kwas hialuronowy oraz beta-glukan g\u0142\u0119boko nawil\u017caj\u0105 i \u0142agodz\u0105 uczucie \u015bci\u0105gni\u0119cia.<br \/>\nDzi\u0119ki opatentowanej technologii Ultra Deep Technology\u2122 sk\u0142adniki aktywne wnikaj\u0105 g\u0142\u0119biej, wspieraj\u0105c od\u017cywienie i regeneracj\u0119 sk\u00f3ry. Tonik natychmiast od\u015bwie\u017ca, przygotowuj\u0105c cer\u0119 do dalszych etap\u00f3w piel\u0119gnacji. Produkt jest wega\u0144ski i w 95% oparty na sk\u0142adnikach naturalnych.<\/p>\n<p>Korzy\u015bci dla sk\u00f3ry:<br \/>\nIntensywne nawil\u017cenie i ukojenie<br \/>\nPrzywr\u00f3cenie elastyczno\u015bci i spr\u0119\u017cysto\u015bci<br \/>\nWsparcie regeneracji i ochrona antyoksydacyjna<br \/>\nLepsze przygotowanie sk\u00f3ry do dalszej piel\u0119gnacji<br \/>\nLekka, od\u015bwie\u017caj\u0105ca formu\u0142a przyjazna cerze wra\u017cliwej<\/p>\n<p>Spos\u00f3b u\u017cycia:<br \/>\nPo umyciu twarzy nanie\u015b toner na wacik lub d\u0142onie, rozprowad\u017a r\u00f3wnomiernie na sk\u00f3rze i delikatnie wklep, aby u\u0142atwi\u0107 wch\u0142anianie.<\/p>\n","protected":false},"excerpt":{"rendered":"<p>Lekki, nawil\u017caj\u0105cy tonik w por\u0119cznej wersji mini, idealnej do podr\u00f3\u017cy lub testowania. Zawiera fermentowany ekstrakt z czarnego ry\u017cu, kt\u00f3ry przywraca sk\u00f3rze spr\u0119\u017cysto\u015b\u0107, a kwas hialuronowy oraz beta-glukan g\u0142\u0119boko nawil\u017caj\u0105 i \u0142agodz\u0105 uczucie \u015bci\u0105gni\u0119cia. Dzi\u0119ki opatentowanej technologii Ultra Deep Technology\u2122 sk\u0142adniki aktywne wnikaj\u0105 g\u0142\u0119biej, wspieraj\u0105c od\u017cywienie i regeneracj\u0119 sk\u00f3ry. Tonik natychmiast od\u015bwie\u017ca, przygotowuj\u0105c cer\u0119 do dalszych &#8230; <a title=\"Haruharu Wonder [Miniature] WONDER Black Rice Hyaluronic Toner 30ml &#8211; tonik nawil\u017caj\u0105cy\" class=\"read-more\" href=\"https:\/\/admincentral.selleetools.com\/pl\/product\/haruharu-wonder-miniature-wonder-black-rice-hyaluronic-toner-30ml-tonik-nawilzajacy\/\">Read more<span class=\"screen-reader-text\">Haruharu Wonder [Miniature] WONDER Black Rice Hyaluronic Toner 30ml &#8211; tonik nawil\u017caj\u0105cy<\/span><\/a><\/p>\n","protected":false},"featured_media":610485,"comment_status":"open","ping_status":"closed","template":"","meta":{"_links_to":"","_links_to_target":""},"yoast_head":"<!-- This site is optimized with the Yoast SEO plugin v19.4 - https:\/\/yoast.com\/wordpress\/plugins\/seo\/ -->\n<title>Haruharu Wonder [Miniature] WONDER Black Rice Hyaluronic Toner 30ml - tonik nawil\u017caj\u0105cy - Selleetools.com<\/title>\n<meta name=\"robots\" content=\"index, follow, max-snippet:-1, max-image-preview:large, max-video-preview:-1\" \/>\n<link rel=\"canonical\" href=\"https:\/\/selleetools.com\/pl\/product\/haruharu-wonder-miniature-wonder-black-rice-hyaluronic-toner-30ml-tonik-nawilzajacy\/\" \/>\n<meta property=\"og:locale\" content=\"pl_PL\" \/>\n<meta property=\"og:type\" content=\"article\" \/>\n<meta property=\"og:title\" content=\"Haruharu Wonder [Miniature] WONDER Black Rice Hyaluronic Toner 30ml - tonik nawil\u017caj\u0105cy - Selleetools.com\" \/>\n<meta property=\"og:description\" content=\"Lekki, nawil\u017caj\u0105cy tonik w por\u0119cznej wersji mini, idealnej do podr\u00f3\u017cy lub testowania. Zawiera fermentowany ekstrakt z czarnego ry\u017cu, kt\u00f3ry przywraca sk\u00f3rze spr\u0119\u017cysto\u015b\u0107, a kwas hialuronowy oraz beta-glukan g\u0142\u0119boko nawil\u017caj\u0105 i \u0142agodz\u0105 uczucie \u015bci\u0105gni\u0119cia. Dzi\u0119ki opatentowanej technologii Ultra Deep Technology\u2122 sk\u0142adniki aktywne wnikaj\u0105 g\u0142\u0119biej, wspieraj\u0105c od\u017cywienie i regeneracj\u0119 sk\u00f3ry. Tonik natychmiast od\u015bwie\u017ca, przygotowuj\u0105c cer\u0119 do dalszych ... Read moreHaruharu Wonder [Miniature] WONDER Black Rice Hyaluronic Toner 30ml &#8211; tonik nawil\u017caj\u0105cy\" \/>\n<meta property=\"og:url\" content=\"https:\/\/selleetools.com\/pl\/product\/haruharu-wonder-miniature-wonder-black-rice-hyaluronic-toner-30ml-tonik-nawilzajacy\/\" \/>\n<meta property=\"og:site_name\" content=\"Selleetools.com\" \/>\n<meta property=\"article:modified_time\" content=\"2026-03-13T18:55:18+00:00\" \/>\n<meta property=\"og:image\" content=\"https:\/\/selleetools.com\/wp-content\/uploads\/2025\/10\/f041814c47617ceef2be0e029c7b0b85.png\" \/>\n\t<meta property=\"og:image:width\" content=\"1200\" \/>\n\t<meta property=\"og:image:height\" content=\"1200\" \/>\n\t<meta property=\"og:image:type\" content=\"image\/png\" \/>\n<meta name=\"twitter:card\" content=\"summary_large_image\" \/>\n<meta name=\"twitter:label1\" content=\"Est. reading time\" \/>\n\t<meta name=\"twitter:data1\" content=\"1 minuta\" \/>\n<!-- \/ Yoast SEO plugin. -->","yoast_head_json":{"title":"Haruharu Wonder [Miniature] WONDER Black Rice Hyaluronic Toner 30ml - tonik nawil\u017caj\u0105cy - Selleetools.com","robots":{"index":"index","follow":"follow","max-snippet":"max-snippet:-1","max-image-preview":"max-image-preview:large","max-video-preview":"max-video-preview:-1"},"canonical":"https:\/\/selleetools.com\/pl\/product\/haruharu-wonder-miniature-wonder-black-rice-hyaluronic-toner-30ml-tonik-nawilzajacy\/","og_locale":"pl_PL","og_type":"article","og_title":"Haruharu Wonder [Miniature] WONDER Black Rice Hyaluronic Toner 30ml - tonik nawil\u017caj\u0105cy - Selleetools.com","og_description":"Lekki, nawil\u017caj\u0105cy tonik w por\u0119cznej wersji mini, idealnej do podr\u00f3\u017cy lub testowania. Zawiera fermentowany ekstrakt z czarnego ry\u017cu, kt\u00f3ry przywraca sk\u00f3rze spr\u0119\u017cysto\u015b\u0107, a kwas hialuronowy oraz beta-glukan g\u0142\u0119boko nawil\u017caj\u0105 i \u0142agodz\u0105 uczucie \u015bci\u0105gni\u0119cia. Dzi\u0119ki opatentowanej technologii Ultra Deep Technology\u2122 sk\u0142adniki aktywne wnikaj\u0105 g\u0142\u0119biej, wspieraj\u0105c od\u017cywienie i regeneracj\u0119 sk\u00f3ry. Tonik natychmiast od\u015bwie\u017ca, przygotowuj\u0105c cer\u0119 do dalszych ... Read moreHaruharu Wonder [Miniature] WONDER Black Rice Hyaluronic Toner 30ml &#8211; tonik nawil\u017caj\u0105cy","og_url":"https:\/\/selleetools.com\/pl\/product\/haruharu-wonder-miniature-wonder-black-rice-hyaluronic-toner-30ml-tonik-nawilzajacy\/","og_site_name":"Selleetools.com","article_modified_time":"2026-03-13T18:55:18+00:00","og_image":[{"width":1200,"height":1200,"url":"https:\/\/selleetools.com\/wp-content\/uploads\/2025\/10\/f041814c47617ceef2be0e029c7b0b85.png","type":"image\/png"}],"twitter_card":"summary_large_image","twitter_misc":{"Est. reading time":"1 minuta"},"schema":{"@context":"https:\/\/schema.org","@graph":[{"@type":"Organization","@id":"https:\/\/selleetools.com\/#organization","name":"Selleetools","url":"https:\/\/selleetools.com\/","sameAs":[],"logo":{"@type":"ImageObject","inLanguage":"pl-PL","@id":"https:\/\/selleetools.com\/#\/schema\/logo\/image\/","url":"https:\/\/selleetools.com\/wp-content\/uploads\/2021\/10\/logo-dark.png","contentUrl":"https:\/\/selleetools.com\/wp-content\/uploads\/2021\/10\/logo-dark.png","width":320,"height":76,"caption":"Selleetools"},"image":{"@id":"https:\/\/selleetools.com\/#\/schema\/logo\/image\/"}},{"@type":"WebSite","@id":"https:\/\/selleetools.com\/#website","url":"https:\/\/selleetools.com\/","name":"Selleetools.com","description":"","publisher":{"@id":"https:\/\/selleetools.com\/#organization"},"potentialAction":[{"@type":"SearchAction","target":{"@type":"EntryPoint","urlTemplate":"https:\/\/selleetools.com\/?s={search_term_string}"},"query-input":"required name=search_term_string"}],"inLanguage":"pl-PL"},{"@type":"WebPage","@id":"https:\/\/selleetools.com\/pl\/product\/haruharu-wonder-miniature-wonder-black-rice-hyaluronic-toner-30ml-tonik-nawilzajacy\/","url":"https:\/\/selleetools.com\/pl\/product\/haruharu-wonder-miniature-wonder-black-rice-hyaluronic-toner-30ml-tonik-nawilzajacy\/","name":"Haruharu Wonder [Miniature] WONDER Black Rice Hyaluronic Toner 30ml - tonik nawil\u017caj\u0105cy - Selleetools.com","isPartOf":{"@id":"https:\/\/selleetools.com\/#website"},"datePublished":"2025-10-24T12:51:03+00:00","dateModified":"2026-03-13T18:55:18+00:00","breadcrumb":{"@id":"https:\/\/selleetools.com\/pl\/product\/haruharu-wonder-miniature-wonder-black-rice-hyaluronic-toner-30ml-tonik-nawilzajacy\/#breadcrumb"},"inLanguage":"pl-PL","potentialAction":[{"@type":"ReadAction","target":["https:\/\/selleetools.com\/pl\/product\/haruharu-wonder-miniature-wonder-black-rice-hyaluronic-toner-30ml-tonik-nawilzajacy\/"]}]},{"@type":"BreadcrumbList","@id":"https:\/\/selleetools.com\/pl\/product\/haruharu-wonder-miniature-wonder-black-rice-hyaluronic-toner-30ml-tonik-nawilzajacy\/#breadcrumb","itemListElement":[{"@type":"ListItem","position":1,"name":"Home","item":"https:\/\/selleetools.com\/pl\/"},{"@type":"ListItem","position":2,"name":"Katalog","item":"https:\/\/selleetools.com\/pl\/katalog\/"},{"@type":"ListItem","position":3,"name":"Haruharu Wonder [Miniature] WONDER Black Rice Hyaluronic Toner 30ml &#8211; tonik nawil\u017caj\u0105cy"}]}]}},"_links":{"self":[{"href":"https:\/\/admincentral.selleetools.com\/pl\/wp-json\/wp\/v2\/product\/610487"}],"collection":[{"href":"https:\/\/admincentral.selleetools.com\/pl\/wp-json\/wp\/v2\/product"}],"about":[{"href":"https:\/\/admincentral.selleetools.com\/pl\/wp-json\/wp\/v2\/types\/product"}],"replies":[{"embeddable":true,"href":"https:\/\/admincentral.selleetools.com\/pl\/wp-json\/wp\/v2\/comments?post=610487"}],"wp:featuredmedia":[{"embeddable":true,"href":"https:\/\/admincentral.selleetools.com\/pl\/wp-json\/wp\/v2\/media\/610485"}],"wp:attachment":[{"href":"https:\/\/admincentral.selleetools.com\/pl\/wp-json\/wp\/v2\/media?parent=610487"}],"curies":[{"name":"wp","href":"https:\/\/api.w.org\/{rel}","templated":true}]}}