{"id":610496,"date":"2025-10-24T14:51:13","date_gmt":"2025-10-24T12:51:13","guid":{"rendered":"https:\/\/selleetools.com\/?post_type=product&#038;p=610496"},"modified":"2025-11-05T12:05:13","modified_gmt":"2025-11-05T11:05:13","slug":"fwee-lipcheek-blurry-pudding-pot-mv02-hurt-5g-pudding-do-makijazu-ust-i-policzkow","status":"publish","type":"product","link":"https:\/\/admincentral.selleetools.com\/pl\/product\/fwee-lipcheek-blurry-pudding-pot-mv02-hurt-5g-pudding-do-makijazu-ust-i-policzkow\/","title":{"rendered":"FWEE Lip&#038;Cheek Blurry Pudding Pot MV02 Hurt 5g pudding do makija\u017cu ust i policzk\u00f3w"},"content":{"rendered":"<p>FWEE Lip&#038;Cheek Blurry Pudding Pot to wielofunkcyjny kosmetyk, kt\u00f3ry nadaje sk\u00f3rze efekt mi\u0119kkiego, rozmytego koloru \u2013 zar\u00f3wno na policzkach, jak i ustach. Lekka, puszysta konsystencja typu \u201epudding\u201d \u0142\u0105czy zalety r\u00f3\u017cu w kremie i r\u00f3\u017cu w pudrze, pozostawiaj\u0105c naturalne, g\u0142adkie wyko\u0144czenie bez smug. Wysoko napigmentowana formu\u0142a jest \u0142atwa do budowania \u2013 od delikatnego mu\u015bni\u0119cia po intensywny, wyrazisty kolor.<\/p>\n<p>Kolor: MV02 Hurt (Mauve Brown) \u2013 pudding w ch\u0142odnym br\u0105zie z r\u00f3\u017cowo-fioletowym tonem.<\/p>\n<p>Korzy\u015bci dla sk\u00f3ry i makija\u017cu<br \/>\nEfekt soft-focus \u2013 naturalne, rozmyte wyko\u0144czenie bez widocznych granic.<br \/>\nWielozadaniowo\u015b\u0107 \u2013 produkt do ust i policzk\u00f3w.<br \/>\nIntensywna pigmentacja \u2013 niewielka ilo\u015b\u0107 wystarcza na ca\u0142y makija\u017c.<br \/>\nLekka, puddingowa konsystencja \u2013 \u0142atwo si\u0119 rozprowadza i stapia ze sk\u00f3r\u0105.<br \/>\nZawiera mas\u0142o kakaowe i ekstrakt z agawy \u2013 dla komfortu, nawil\u017cenia i piel\u0119gnacji.<\/p>\n<p>Spos\u00f3b u\u017cycia<br \/>\nNa\u0142\u00f3\u017c niewielk\u0105 ilo\u015b\u0107 opuszkami palc\u00f3w lub p\u0119dzlem na policzki i\/lub usta. Delikatnie wklep lub rozetrzyj dla efektu naturalnej mgie\u0142ki koloru. Intensywno\u015b\u0107 mo\u017cna stopniowa\u0107 w zale\u017cno\u015bci od potrzeb.<\/p>\n","protected":false},"excerpt":{"rendered":"<p>FWEE Lip&#038;Cheek Blurry Pudding Pot to wielofunkcyjny kosmetyk, kt\u00f3ry nadaje sk\u00f3rze efekt mi\u0119kkiego, rozmytego koloru \u2013 zar\u00f3wno na policzkach, jak i ustach. Lekka, puszysta konsystencja typu \u201epudding\u201d \u0142\u0105czy zalety r\u00f3\u017cu w kremie i r\u00f3\u017cu w pudrze, pozostawiaj\u0105c naturalne, g\u0142adkie wyko\u0144czenie bez smug. Wysoko napigmentowana formu\u0142a jest \u0142atwa do budowania \u2013 od delikatnego mu\u015bni\u0119cia po intensywny, &#8230; <a title=\"FWEE Lip&#038;Cheek Blurry Pudding Pot MV02 Hurt 5g pudding do makija\u017cu ust i policzk\u00f3w\" class=\"read-more\" href=\"https:\/\/admincentral.selleetools.com\/pl\/product\/fwee-lipcheek-blurry-pudding-pot-mv02-hurt-5g-pudding-do-makijazu-ust-i-policzkow\/\">Read more<span class=\"screen-reader-text\">FWEE Lip&#038;Cheek Blurry Pudding Pot MV02 Hurt 5g pudding do makija\u017cu ust i policzk\u00f3w<\/span><\/a><\/p>\n","protected":false},"featured_media":610494,"comment_status":"open","ping_status":"closed","template":"","meta":{"_links_to":"","_links_to_target":""},"yoast_head":"<!-- This site is optimized with the Yoast SEO plugin v19.4 - https:\/\/yoast.com\/wordpress\/plugins\/seo\/ -->\n<title>FWEE Lip&amp;Cheek Blurry Pudding Pot MV02 Hurt 5g pudding do makija\u017cu ust i policzk\u00f3w - Selleetools.com<\/title>\n<meta name=\"robots\" content=\"index, follow, max-snippet:-1, max-image-preview:large, max-video-preview:-1\" \/>\n<link rel=\"canonical\" href=\"https:\/\/admincentral.selleetools.com\/pl\/product\/fwee-lipcheek-blurry-pudding-pot-mv02-hurt-5g-pudding-do-makijazu-ust-i-policzkow\/\" \/>\n<meta property=\"og:locale\" content=\"pl_PL\" \/>\n<meta property=\"og:type\" content=\"article\" \/>\n<meta property=\"og:title\" content=\"FWEE Lip&amp;Cheek Blurry Pudding Pot MV02 Hurt 5g pudding do makija\u017cu ust i policzk\u00f3w - Selleetools.com\" \/>\n<meta property=\"og:description\" content=\"FWEE Lip&#038;Cheek Blurry Pudding Pot to wielofunkcyjny kosmetyk, kt\u00f3ry nadaje sk\u00f3rze efekt mi\u0119kkiego, rozmytego koloru \u2013 zar\u00f3wno na policzkach, jak i ustach. Lekka, puszysta konsystencja typu \u201epudding\u201d \u0142\u0105czy zalety r\u00f3\u017cu w kremie i r\u00f3\u017cu w pudrze, pozostawiaj\u0105c naturalne, g\u0142adkie wyko\u0144czenie bez smug. Wysoko napigmentowana formu\u0142a jest \u0142atwa do budowania \u2013 od delikatnego mu\u015bni\u0119cia po intensywny, ... Read moreFWEE Lip&#038;Cheek Blurry Pudding Pot MV02 Hurt 5g pudding do makija\u017cu ust i policzk\u00f3w\" \/>\n<meta property=\"og:url\" content=\"https:\/\/admincentral.selleetools.com\/pl\/product\/fwee-lipcheek-blurry-pudding-pot-mv02-hurt-5g-pudding-do-makijazu-ust-i-policzkow\/\" \/>\n<meta property=\"og:site_name\" content=\"Selleetools.com\" \/>\n<meta property=\"article:modified_time\" content=\"2025-11-05T11:05:13+00:00\" \/>\n<meta property=\"og:image\" content=\"https:\/\/selleetools.com\/wp-content\/uploads\/2025\/10\/3cc32f36b6f8cd7e77b85dc11772935d.png\" \/>\n\t<meta property=\"og:image:width\" content=\"1200\" \/>\n\t<meta property=\"og:image:height\" content=\"1200\" \/>\n\t<meta property=\"og:image:type\" content=\"image\/png\" \/>\n<meta name=\"twitter:card\" content=\"summary_large_image\" \/>\n<meta name=\"twitter:label1\" content=\"Est. reading time\" \/>\n\t<meta name=\"twitter:data1\" content=\"1 minuta\" \/>\n<!-- \/ Yoast SEO plugin. -->","yoast_head_json":{"title":"FWEE Lip&Cheek Blurry Pudding Pot MV02 Hurt 5g pudding do makija\u017cu ust i policzk\u00f3w - Selleetools.com","robots":{"index":"index","follow":"follow","max-snippet":"max-snippet:-1","max-image-preview":"max-image-preview:large","max-video-preview":"max-video-preview:-1"},"canonical":"https:\/\/admincentral.selleetools.com\/pl\/product\/fwee-lipcheek-blurry-pudding-pot-mv02-hurt-5g-pudding-do-makijazu-ust-i-policzkow\/","og_locale":"pl_PL","og_type":"article","og_title":"FWEE Lip&Cheek Blurry Pudding Pot MV02 Hurt 5g pudding do makija\u017cu ust i policzk\u00f3w - Selleetools.com","og_description":"FWEE Lip&#038;Cheek Blurry Pudding Pot to wielofunkcyjny kosmetyk, kt\u00f3ry nadaje sk\u00f3rze efekt mi\u0119kkiego, rozmytego koloru \u2013 zar\u00f3wno na policzkach, jak i ustach. Lekka, puszysta konsystencja typu \u201epudding\u201d \u0142\u0105czy zalety r\u00f3\u017cu w kremie i r\u00f3\u017cu w pudrze, pozostawiaj\u0105c naturalne, g\u0142adkie wyko\u0144czenie bez smug. Wysoko napigmentowana formu\u0142a jest \u0142atwa do budowania \u2013 od delikatnego mu\u015bni\u0119cia po intensywny, ... Read moreFWEE Lip&#038;Cheek Blurry Pudding Pot MV02 Hurt 5g pudding do makija\u017cu ust i policzk\u00f3w","og_url":"https:\/\/admincentral.selleetools.com\/pl\/product\/fwee-lipcheek-blurry-pudding-pot-mv02-hurt-5g-pudding-do-makijazu-ust-i-policzkow\/","og_site_name":"Selleetools.com","article_modified_time":"2025-11-05T11:05:13+00:00","og_image":[{"width":1200,"height":1200,"url":"https:\/\/selleetools.com\/wp-content\/uploads\/2025\/10\/3cc32f36b6f8cd7e77b85dc11772935d.png","type":"image\/png"}],"twitter_card":"summary_large_image","twitter_misc":{"Est. reading time":"1 minuta"},"schema":{"@context":"https:\/\/schema.org","@graph":[{"@type":"Organization","@id":"https:\/\/selleetools.com\/#organization","name":"Selleetools","url":"https:\/\/selleetools.com\/","sameAs":[],"logo":{"@type":"ImageObject","inLanguage":"pl-PL","@id":"https:\/\/selleetools.com\/#\/schema\/logo\/image\/","url":"https:\/\/selleetools.com\/wp-content\/uploads\/2021\/10\/logo-dark.png","contentUrl":"https:\/\/selleetools.com\/wp-content\/uploads\/2021\/10\/logo-dark.png","width":320,"height":76,"caption":"Selleetools"},"image":{"@id":"https:\/\/selleetools.com\/#\/schema\/logo\/image\/"}},{"@type":"WebSite","@id":"https:\/\/selleetools.com\/#website","url":"https:\/\/selleetools.com\/","name":"Selleetools.com","description":"","publisher":{"@id":"https:\/\/selleetools.com\/#organization"},"potentialAction":[{"@type":"SearchAction","target":{"@type":"EntryPoint","urlTemplate":"https:\/\/selleetools.com\/?s={search_term_string}"},"query-input":"required name=search_term_string"}],"inLanguage":"pl-PL"},{"@type":"WebPage","@id":"https:\/\/admincentral.selleetools.com\/pl\/product\/fwee-lipcheek-blurry-pudding-pot-mv02-hurt-5g-pudding-do-makijazu-ust-i-policzkow\/","url":"https:\/\/admincentral.selleetools.com\/pl\/product\/fwee-lipcheek-blurry-pudding-pot-mv02-hurt-5g-pudding-do-makijazu-ust-i-policzkow\/","name":"FWEE Lip&Cheek Blurry Pudding Pot MV02 Hurt 5g pudding do makija\u017cu ust i policzk\u00f3w - Selleetools.com","isPartOf":{"@id":"https:\/\/selleetools.com\/#website"},"datePublished":"2025-10-24T12:51:13+00:00","dateModified":"2025-11-05T11:05:13+00:00","breadcrumb":{"@id":"https:\/\/admincentral.selleetools.com\/pl\/product\/fwee-lipcheek-blurry-pudding-pot-mv02-hurt-5g-pudding-do-makijazu-ust-i-policzkow\/#breadcrumb"},"inLanguage":"pl-PL","potentialAction":[{"@type":"ReadAction","target":["https:\/\/admincentral.selleetools.com\/pl\/product\/fwee-lipcheek-blurry-pudding-pot-mv02-hurt-5g-pudding-do-makijazu-ust-i-policzkow\/"]}]},{"@type":"BreadcrumbList","@id":"https:\/\/admincentral.selleetools.com\/pl\/product\/fwee-lipcheek-blurry-pudding-pot-mv02-hurt-5g-pudding-do-makijazu-ust-i-policzkow\/#breadcrumb","itemListElement":[{"@type":"ListItem","position":1,"name":"Home","item":"https:\/\/selleetools.com\/pl\/"},{"@type":"ListItem","position":2,"name":"Katalog","item":"https:\/\/selleetools.com\/pl\/katalog\/"},{"@type":"ListItem","position":3,"name":"FWEE Lip&#038;Cheek Blurry Pudding Pot MV02 Hurt 5g pudding do makija\u017cu ust i policzk\u00f3w"}]}]}},"_links":{"self":[{"href":"https:\/\/admincentral.selleetools.com\/pl\/wp-json\/wp\/v2\/product\/610496"}],"collection":[{"href":"https:\/\/admincentral.selleetools.com\/pl\/wp-json\/wp\/v2\/product"}],"about":[{"href":"https:\/\/admincentral.selleetools.com\/pl\/wp-json\/wp\/v2\/types\/product"}],"replies":[{"embeddable":true,"href":"https:\/\/admincentral.selleetools.com\/pl\/wp-json\/wp\/v2\/comments?post=610496"}],"wp:featuredmedia":[{"embeddable":true,"href":"https:\/\/admincentral.selleetools.com\/pl\/wp-json\/wp\/v2\/media\/610494"}],"wp:attachment":[{"href":"https:\/\/admincentral.selleetools.com\/pl\/wp-json\/wp\/v2\/media?parent=610496"}],"curies":[{"name":"wp","href":"https:\/\/api.w.org\/{rel}","templated":true}]}}