{"id":610732,"date":"2025-10-24T14:55:18","date_gmt":"2025-10-24T12:55:18","guid":{"rendered":"https:\/\/selleetools.com\/?post_type=product&#038;p=610732"},"modified":"2025-11-05T12:09:32","modified_gmt":"2025-11-05T11:09:32","slug":"jumiso-snail-mucin-peptide-facial-toner-205ml-tonik-z-peptydami","status":"publish","type":"product","link":"https:\/\/admincentral.selleetools.com\/pl\/product\/jumiso-snail-mucin-peptide-facial-toner-205ml-tonik-z-peptydami\/","title":{"rendered":"Jumiso Snail Mucin + Peptide Facial Toner 205ml tonik z peptydami"},"content":{"rendered":"<p>Jumiso Snail Mucin + Peptide Facial Toner to lekki, niet\u0142usty tonik, kt\u00f3ry intensywnie nawil\u017ca, koi i wspiera regeneracj\u0119 sk\u00f3ry ju\u017c od pierwszego u\u017cycia. Formu\u0142a \u0142\u0105czy filtrat ze \u015bluzu \u015blimaka z kompleksem peptyd\u00f3w oraz sk\u0142adnikami \u0142agodz\u0105cymi, aby odbudowa\u0107 barier\u0119 hydrolipidow\u0105, poprawi\u0107 elastyczno\u015b\u0107 sk\u00f3ry i nada\u0107 jej zdrowy blask. Dzi\u0119ki obecno\u015bci delikatnie z\u0142uszczaj\u0105cego PHA (glukonolaktonu) tonik wspiera oczyszczanie sk\u00f3ry i zapobiega powstawaniu niedoskona\u0142o\u015bci.<\/p>\n<p>Korzy\u015bci dla sk\u00f3ry:<br \/>\nnatychmiast \u0142agodzi podra\u017cnienia i zaczerwienienia,<br \/>\nintensywnie nawil\u017ca i przywraca r\u00f3wnowag\u0119 hydrolipidow\u0105,<br \/>\nwspiera regeneracj\u0119 i wzmacnia barier\u0119 ochronn\u0105 sk\u00f3ry,<br \/>\ndelikatnie wyg\u0142adza struktur\u0119 sk\u00f3ry i od\u015bwie\u017ca cer\u0119,<br \/>\nwspomaga redukcj\u0119 sebum i niedoskona\u0142o\u015bci,<br \/>\npoprawia spr\u0119\u017cysto\u015b\u0107 i elastyczno\u015b\u0107 sk\u00f3ry dzi\u0119ki peptydom.<\/p>\n<p>Spos\u00f3b u\u017cycia:<br \/>\nStosuj po oczyszczeniu twarzy jako pierwszy krok piel\u0119gnacji. Nanie\u015b niewielk\u0105 ilo\u015b\u0107 toniku na d\u0142o\u0144 lub p\u0142atek kosmetyczny i delikatnie wklep w sk\u00f3r\u0119. U\u017cywaj rano i wieczorem.<\/p>\n","protected":false},"excerpt":{"rendered":"<p>Jumiso Snail Mucin + Peptide Facial Toner to lekki, niet\u0142usty tonik, kt\u00f3ry intensywnie nawil\u017ca, koi i wspiera regeneracj\u0119 sk\u00f3ry ju\u017c od pierwszego u\u017cycia. Formu\u0142a \u0142\u0105czy filtrat ze \u015bluzu \u015blimaka z kompleksem peptyd\u00f3w oraz sk\u0142adnikami \u0142agodz\u0105cymi, aby odbudowa\u0107 barier\u0119 hydrolipidow\u0105, poprawi\u0107 elastyczno\u015b\u0107 sk\u00f3ry i nada\u0107 jej zdrowy blask. Dzi\u0119ki obecno\u015bci delikatnie z\u0142uszczaj\u0105cego PHA (glukonolaktonu) tonik wspiera &#8230; <a title=\"Jumiso Snail Mucin + Peptide Facial Toner 205ml tonik z peptydami\" class=\"read-more\" href=\"https:\/\/admincentral.selleetools.com\/pl\/product\/jumiso-snail-mucin-peptide-facial-toner-205ml-tonik-z-peptydami\/\">Read more<span class=\"screen-reader-text\">Jumiso Snail Mucin + Peptide Facial Toner 205ml tonik z peptydami<\/span><\/a><\/p>\n","protected":false},"featured_media":610730,"comment_status":"open","ping_status":"closed","template":"","meta":{"_links_to":"","_links_to_target":""},"yoast_head":"<!-- This site is optimized with the Yoast SEO plugin v19.4 - https:\/\/yoast.com\/wordpress\/plugins\/seo\/ -->\n<title>Jumiso Snail Mucin + Peptide Facial Toner 205ml tonik z peptydami - Selleetools.com<\/title>\n<meta name=\"robots\" content=\"index, follow, max-snippet:-1, max-image-preview:large, max-video-preview:-1\" \/>\n<link rel=\"canonical\" href=\"https:\/\/selleetools.com\/pl\/product\/jumiso-snail-mucin-peptide-facial-toner-205ml-tonik-z-peptydami\/\" \/>\n<meta property=\"og:locale\" content=\"pl_PL\" \/>\n<meta property=\"og:type\" content=\"article\" \/>\n<meta property=\"og:title\" content=\"Jumiso Snail Mucin + Peptide Facial Toner 205ml tonik z peptydami - Selleetools.com\" \/>\n<meta property=\"og:description\" content=\"Jumiso Snail Mucin + Peptide Facial Toner to lekki, niet\u0142usty tonik, kt\u00f3ry intensywnie nawil\u017ca, koi i wspiera regeneracj\u0119 sk\u00f3ry ju\u017c od pierwszego u\u017cycia. Formu\u0142a \u0142\u0105czy filtrat ze \u015bluzu \u015blimaka z kompleksem peptyd\u00f3w oraz sk\u0142adnikami \u0142agodz\u0105cymi, aby odbudowa\u0107 barier\u0119 hydrolipidow\u0105, poprawi\u0107 elastyczno\u015b\u0107 sk\u00f3ry i nada\u0107 jej zdrowy blask. Dzi\u0119ki obecno\u015bci delikatnie z\u0142uszczaj\u0105cego PHA (glukonolaktonu) tonik wspiera ... Read moreJumiso Snail Mucin + Peptide Facial Toner 205ml tonik z peptydami\" \/>\n<meta property=\"og:url\" content=\"https:\/\/selleetools.com\/pl\/product\/jumiso-snail-mucin-peptide-facial-toner-205ml-tonik-z-peptydami\/\" \/>\n<meta property=\"og:site_name\" content=\"Selleetools.com\" \/>\n<meta property=\"article:modified_time\" content=\"2025-11-05T11:09:32+00:00\" \/>\n<meta property=\"og:image\" content=\"https:\/\/selleetools.com\/wp-content\/uploads\/2025\/10\/f49f54f8fbb5cc641dd3c7feb324fe36.png\" \/>\n\t<meta property=\"og:image:width\" content=\"1200\" \/>\n\t<meta property=\"og:image:height\" content=\"1200\" \/>\n\t<meta property=\"og:image:type\" content=\"image\/png\" \/>\n<meta name=\"twitter:card\" content=\"summary_large_image\" \/>\n<meta name=\"twitter:label1\" content=\"Est. reading time\" \/>\n\t<meta name=\"twitter:data1\" content=\"1 minuta\" \/>\n<!-- \/ Yoast SEO plugin. -->","yoast_head_json":{"title":"Jumiso Snail Mucin + Peptide Facial Toner 205ml tonik z peptydami - Selleetools.com","robots":{"index":"index","follow":"follow","max-snippet":"max-snippet:-1","max-image-preview":"max-image-preview:large","max-video-preview":"max-video-preview:-1"},"canonical":"https:\/\/selleetools.com\/pl\/product\/jumiso-snail-mucin-peptide-facial-toner-205ml-tonik-z-peptydami\/","og_locale":"pl_PL","og_type":"article","og_title":"Jumiso Snail Mucin + Peptide Facial Toner 205ml tonik z peptydami - Selleetools.com","og_description":"Jumiso Snail Mucin + Peptide Facial Toner to lekki, niet\u0142usty tonik, kt\u00f3ry intensywnie nawil\u017ca, koi i wspiera regeneracj\u0119 sk\u00f3ry ju\u017c od pierwszego u\u017cycia. Formu\u0142a \u0142\u0105czy filtrat ze \u015bluzu \u015blimaka z kompleksem peptyd\u00f3w oraz sk\u0142adnikami \u0142agodz\u0105cymi, aby odbudowa\u0107 barier\u0119 hydrolipidow\u0105, poprawi\u0107 elastyczno\u015b\u0107 sk\u00f3ry i nada\u0107 jej zdrowy blask. Dzi\u0119ki obecno\u015bci delikatnie z\u0142uszczaj\u0105cego PHA (glukonolaktonu) tonik wspiera ... Read moreJumiso Snail Mucin + Peptide Facial Toner 205ml tonik z peptydami","og_url":"https:\/\/selleetools.com\/pl\/product\/jumiso-snail-mucin-peptide-facial-toner-205ml-tonik-z-peptydami\/","og_site_name":"Selleetools.com","article_modified_time":"2025-11-05T11:09:32+00:00","og_image":[{"width":1200,"height":1200,"url":"https:\/\/selleetools.com\/wp-content\/uploads\/2025\/10\/f49f54f8fbb5cc641dd3c7feb324fe36.png","type":"image\/png"}],"twitter_card":"summary_large_image","twitter_misc":{"Est. reading time":"1 minuta"},"schema":{"@context":"https:\/\/schema.org","@graph":[{"@type":"Organization","@id":"https:\/\/selleetools.com\/#organization","name":"Selleetools","url":"https:\/\/selleetools.com\/","sameAs":[],"logo":{"@type":"ImageObject","inLanguage":"pl-PL","@id":"https:\/\/selleetools.com\/#\/schema\/logo\/image\/","url":"https:\/\/selleetools.com\/wp-content\/uploads\/2021\/10\/logo-dark.png","contentUrl":"https:\/\/selleetools.com\/wp-content\/uploads\/2021\/10\/logo-dark.png","width":320,"height":76,"caption":"Selleetools"},"image":{"@id":"https:\/\/selleetools.com\/#\/schema\/logo\/image\/"}},{"@type":"WebSite","@id":"https:\/\/selleetools.com\/#website","url":"https:\/\/selleetools.com\/","name":"Selleetools.com","description":"","publisher":{"@id":"https:\/\/selleetools.com\/#organization"},"potentialAction":[{"@type":"SearchAction","target":{"@type":"EntryPoint","urlTemplate":"https:\/\/selleetools.com\/?s={search_term_string}"},"query-input":"required name=search_term_string"}],"inLanguage":"pl-PL"},{"@type":"WebPage","@id":"https:\/\/selleetools.com\/pl\/product\/jumiso-snail-mucin-peptide-facial-toner-205ml-tonik-z-peptydami\/","url":"https:\/\/selleetools.com\/pl\/product\/jumiso-snail-mucin-peptide-facial-toner-205ml-tonik-z-peptydami\/","name":"Jumiso Snail Mucin + Peptide Facial Toner 205ml tonik z peptydami - Selleetools.com","isPartOf":{"@id":"https:\/\/selleetools.com\/#website"},"datePublished":"2025-10-24T12:55:18+00:00","dateModified":"2025-11-05T11:09:32+00:00","breadcrumb":{"@id":"https:\/\/selleetools.com\/pl\/product\/jumiso-snail-mucin-peptide-facial-toner-205ml-tonik-z-peptydami\/#breadcrumb"},"inLanguage":"pl-PL","potentialAction":[{"@type":"ReadAction","target":["https:\/\/selleetools.com\/pl\/product\/jumiso-snail-mucin-peptide-facial-toner-205ml-tonik-z-peptydami\/"]}]},{"@type":"BreadcrumbList","@id":"https:\/\/selleetools.com\/pl\/product\/jumiso-snail-mucin-peptide-facial-toner-205ml-tonik-z-peptydami\/#breadcrumb","itemListElement":[{"@type":"ListItem","position":1,"name":"Home","item":"https:\/\/selleetools.com\/pl\/"},{"@type":"ListItem","position":2,"name":"Katalog","item":"https:\/\/selleetools.com\/pl\/katalog\/"},{"@type":"ListItem","position":3,"name":"Jumiso Snail Mucin + Peptide Facial Toner 205ml tonik z peptydami"}]}]}},"_links":{"self":[{"href":"https:\/\/admincentral.selleetools.com\/pl\/wp-json\/wp\/v2\/product\/610732"}],"collection":[{"href":"https:\/\/admincentral.selleetools.com\/pl\/wp-json\/wp\/v2\/product"}],"about":[{"href":"https:\/\/admincentral.selleetools.com\/pl\/wp-json\/wp\/v2\/types\/product"}],"replies":[{"embeddable":true,"href":"https:\/\/admincentral.selleetools.com\/pl\/wp-json\/wp\/v2\/comments?post=610732"}],"wp:featuredmedia":[{"embeddable":true,"href":"https:\/\/admincentral.selleetools.com\/pl\/wp-json\/wp\/v2\/media\/610730"}],"wp:attachment":[{"href":"https:\/\/admincentral.selleetools.com\/pl\/wp-json\/wp\/v2\/media?parent=610732"}],"curies":[{"name":"wp","href":"https:\/\/api.w.org\/{rel}","templated":true}]}}