{"id":610762,"date":"2025-10-24T14:55:47","date_gmt":"2025-10-24T12:55:47","guid":{"rendered":"https:\/\/selleetools.com\/?post_type=product&#038;p=610762"},"modified":"2025-12-12T11:08:34","modified_gmt":"2025-12-12T10:08:34","slug":"aestura-atobarrier-365-bubble-cleanser-150ml-pianka-do-mycia-twarzy","status":"publish","type":"product","link":"https:\/\/admincentral.selleetools.com\/pl\/product\/aestura-atobarrier-365-bubble-cleanser-150ml-pianka-do-mycia-twarzy\/","title":{"rendered":"AESTURA Atobarrier 365 Bubble Cleanser 150ml pianka do mycia twarzy"},"content":{"rendered":"<p>Delikatna pianka oczyszczaj\u0105ca AESTURA Atobarrier 365 Bubble Cleanser zosta\u0142a opracowana z my\u015bl\u0105 o codziennej piel\u0119gnacji sk\u00f3ry wra\u017cliwej, suchej i sk\u0142onnej do podra\u017cnie\u0144. Dzi\u0119ki \u0142agodnym \u015brodkom myj\u0105cym skutecznie usuwa zanieczyszczenia, sebum i resztki makija\u017cu, nie naruszaj\u0105c naturalnej bariery hydrolipidowej sk\u00f3ry. Formu\u0142a na bazie sk\u0142adnik\u00f3w pochodzenia ro\u015blinnego pozostawia cer\u0119 czyst\u0105, g\u0142adk\u0105 i komfortowo nawil\u017con\u0105.<\/p>\n<p>Korzy\u015bci ze stosowania:<br \/>\nSkutecznie, ale delikatnie oczyszcza sk\u00f3r\u0119 z zanieczyszcze\u0144.<br \/>\nNie powoduje uczucia \u015bci\u0105gni\u0119cia ani przesuszenia.<br \/>\nPomaga utrzyma\u0107 prawid\u0142ow\u0105 r\u00f3wnowag\u0119 bariery ochronnej sk\u00f3ry.<br \/>\nZawiera ekstrakt z li\u015bci zielonej herbaty (Camellia Sinensis Leaf Extract), kt\u00f3ry dzia\u0142a antyoksydacyjnie i \u0142agodz\u0105co.<br \/>\nWzbogacona o witamin\u0119 E (Tocopherol), wspiera regeneracj\u0119 sk\u00f3ry i chroni j\u0105 przed dzia\u0142aniem wolnych rodnik\u00f3w.<br \/>\nOdpowiednia dla sk\u00f3ry wra\u017cliwej i suchej, mo\u017ce by\u0107 stosowana codziennie.<\/p>\n<p>Spos\u00f3b u\u017cycia:<br \/>\nNiewielk\u0105 ilo\u015b\u0107 produktu nanie\u015b na wilgotn\u0105 sk\u00f3r\u0119 twarzy. Delikatnie masuj kolistymi ruchami, a\u017c do uzyskania lekkiej piany. Nast\u0119pnie dok\u0142adnie sp\u0142ucz letni\u0105 wod\u0105 i osusz sk\u00f3r\u0119. Stosuj rano i wieczorem jako pierwszy etap piel\u0119gnacji.<\/p>\n","protected":false},"excerpt":{"rendered":"<p>Delikatna pianka oczyszczaj\u0105ca AESTURA Atobarrier 365 Bubble Cleanser zosta\u0142a opracowana z my\u015bl\u0105 o codziennej piel\u0119gnacji sk\u00f3ry wra\u017cliwej, suchej i sk\u0142onnej do podra\u017cnie\u0144. Dzi\u0119ki \u0142agodnym \u015brodkom myj\u0105cym skutecznie usuwa zanieczyszczenia, sebum i resztki makija\u017cu, nie naruszaj\u0105c naturalnej bariery hydrolipidowej sk\u00f3ry. Formu\u0142a na bazie sk\u0142adnik\u00f3w pochodzenia ro\u015blinnego pozostawia cer\u0119 czyst\u0105, g\u0142adk\u0105 i komfortowo nawil\u017con\u0105. Korzy\u015bci ze stosowania: &#8230; <a title=\"AESTURA Atobarrier 365 Bubble Cleanser 150ml pianka do mycia twarzy\" class=\"read-more\" href=\"https:\/\/admincentral.selleetools.com\/pl\/product\/aestura-atobarrier-365-bubble-cleanser-150ml-pianka-do-mycia-twarzy\/\">Read more<span class=\"screen-reader-text\">AESTURA Atobarrier 365 Bubble Cleanser 150ml pianka do mycia twarzy<\/span><\/a><\/p>\n","protected":false},"featured_media":610760,"comment_status":"open","ping_status":"closed","template":"","meta":{"_links_to":"","_links_to_target":""},"yoast_head":"<!-- This site is optimized with the Yoast SEO plugin v19.4 - https:\/\/yoast.com\/wordpress\/plugins\/seo\/ -->\n<title>AESTURA Atobarrier 365 Bubble Cleanser 150ml pianka do mycia twarzy - Selleetools.com<\/title>\n<meta name=\"robots\" content=\"index, follow, max-snippet:-1, max-image-preview:large, max-video-preview:-1\" \/>\n<link rel=\"canonical\" href=\"https:\/\/admincentral.selleetools.com\/product\/aestura-atobarrier-365-bubble-cleanser-150ml-pianka-do-mycia-twarzy\/\" \/>\n<meta property=\"og:locale\" content=\"pl_PL\" \/>\n<meta property=\"og:type\" content=\"article\" \/>\n<meta property=\"og:title\" content=\"AESTURA Atobarrier 365 Bubble Cleanser 150ml pianka do mycia twarzy - Selleetools.com\" \/>\n<meta property=\"og:description\" content=\"Delikatna pianka oczyszczaj\u0105ca AESTURA Atobarrier 365 Bubble Cleanser zosta\u0142a opracowana z my\u015bl\u0105 o codziennej piel\u0119gnacji sk\u00f3ry wra\u017cliwej, suchej i sk\u0142onnej do podra\u017cnie\u0144. Dzi\u0119ki \u0142agodnym \u015brodkom myj\u0105cym skutecznie usuwa zanieczyszczenia, sebum i resztki makija\u017cu, nie naruszaj\u0105c naturalnej bariery hydrolipidowej sk\u00f3ry. Formu\u0142a na bazie sk\u0142adnik\u00f3w pochodzenia ro\u015blinnego pozostawia cer\u0119 czyst\u0105, g\u0142adk\u0105 i komfortowo nawil\u017con\u0105. Korzy\u015bci ze stosowania: ... Read moreAESTURA Atobarrier 365 Bubble Cleanser 150ml pianka do mycia twarzy\" \/>\n<meta property=\"og:url\" content=\"https:\/\/admincentral.selleetools.com\/product\/aestura-atobarrier-365-bubble-cleanser-150ml-pianka-do-mycia-twarzy\/\" \/>\n<meta property=\"og:site_name\" content=\"Selleetools.com\" \/>\n<meta property=\"article:modified_time\" content=\"2025-12-12T10:08:34+00:00\" \/>\n<meta property=\"og:image\" content=\"https:\/\/selleetools.com\/wp-content\/uploads\/2025\/10\/c450624c1cb95872ddaa866e5c98b1e0.png\" \/>\n\t<meta property=\"og:image:width\" content=\"1200\" \/>\n\t<meta property=\"og:image:height\" content=\"1200\" \/>\n\t<meta property=\"og:image:type\" content=\"image\/png\" \/>\n<meta name=\"twitter:card\" content=\"summary_large_image\" \/>\n<meta name=\"twitter:label1\" content=\"Est. reading time\" \/>\n\t<meta name=\"twitter:data1\" content=\"1 minuta\" \/>\n<!-- \/ Yoast SEO plugin. -->","yoast_head_json":{"title":"AESTURA Atobarrier 365 Bubble Cleanser 150ml pianka do mycia twarzy - Selleetools.com","robots":{"index":"index","follow":"follow","max-snippet":"max-snippet:-1","max-image-preview":"max-image-preview:large","max-video-preview":"max-video-preview:-1"},"canonical":"https:\/\/admincentral.selleetools.com\/product\/aestura-atobarrier-365-bubble-cleanser-150ml-pianka-do-mycia-twarzy\/","og_locale":"pl_PL","og_type":"article","og_title":"AESTURA Atobarrier 365 Bubble Cleanser 150ml pianka do mycia twarzy - Selleetools.com","og_description":"Delikatna pianka oczyszczaj\u0105ca AESTURA Atobarrier 365 Bubble Cleanser zosta\u0142a opracowana z my\u015bl\u0105 o codziennej piel\u0119gnacji sk\u00f3ry wra\u017cliwej, suchej i sk\u0142onnej do podra\u017cnie\u0144. Dzi\u0119ki \u0142agodnym \u015brodkom myj\u0105cym skutecznie usuwa zanieczyszczenia, sebum i resztki makija\u017cu, nie naruszaj\u0105c naturalnej bariery hydrolipidowej sk\u00f3ry. Formu\u0142a na bazie sk\u0142adnik\u00f3w pochodzenia ro\u015blinnego pozostawia cer\u0119 czyst\u0105, g\u0142adk\u0105 i komfortowo nawil\u017con\u0105. Korzy\u015bci ze stosowania: ... Read moreAESTURA Atobarrier 365 Bubble Cleanser 150ml pianka do mycia twarzy","og_url":"https:\/\/admincentral.selleetools.com\/product\/aestura-atobarrier-365-bubble-cleanser-150ml-pianka-do-mycia-twarzy\/","og_site_name":"Selleetools.com","article_modified_time":"2025-12-12T10:08:34+00:00","og_image":[{"width":1200,"height":1200,"url":"https:\/\/selleetools.com\/wp-content\/uploads\/2025\/10\/c450624c1cb95872ddaa866e5c98b1e0.png","type":"image\/png"}],"twitter_card":"summary_large_image","twitter_misc":{"Est. reading time":"1 minuta"},"schema":{"@context":"https:\/\/schema.org","@graph":[{"@type":"Organization","@id":"https:\/\/selleetools.com\/#organization","name":"Selleetools","url":"https:\/\/selleetools.com\/","sameAs":[],"logo":{"@type":"ImageObject","inLanguage":"pl-PL","@id":"https:\/\/selleetools.com\/#\/schema\/logo\/image\/","url":"https:\/\/selleetools.com\/wp-content\/uploads\/2021\/10\/logo-dark.png","contentUrl":"https:\/\/selleetools.com\/wp-content\/uploads\/2021\/10\/logo-dark.png","width":320,"height":76,"caption":"Selleetools"},"image":{"@id":"https:\/\/selleetools.com\/#\/schema\/logo\/image\/"}},{"@type":"WebSite","@id":"https:\/\/selleetools.com\/#website","url":"https:\/\/selleetools.com\/","name":"Selleetools.com","description":"","publisher":{"@id":"https:\/\/selleetools.com\/#organization"},"potentialAction":[{"@type":"SearchAction","target":{"@type":"EntryPoint","urlTemplate":"https:\/\/selleetools.com\/?s={search_term_string}"},"query-input":"required name=search_term_string"}],"inLanguage":"pl-PL"},{"@type":"WebPage","@id":"https:\/\/admincentral.selleetools.com\/product\/aestura-atobarrier-365-bubble-cleanser-150ml-pianka-do-mycia-twarzy\/","url":"https:\/\/admincentral.selleetools.com\/product\/aestura-atobarrier-365-bubble-cleanser-150ml-pianka-do-mycia-twarzy\/","name":"AESTURA Atobarrier 365 Bubble Cleanser 150ml pianka do mycia twarzy - Selleetools.com","isPartOf":{"@id":"https:\/\/selleetools.com\/#website"},"datePublished":"2025-10-24T12:55:47+00:00","dateModified":"2025-12-12T10:08:34+00:00","breadcrumb":{"@id":"https:\/\/admincentral.selleetools.com\/product\/aestura-atobarrier-365-bubble-cleanser-150ml-pianka-do-mycia-twarzy\/#breadcrumb"},"inLanguage":"pl-PL","potentialAction":[{"@type":"ReadAction","target":["https:\/\/admincentral.selleetools.com\/product\/aestura-atobarrier-365-bubble-cleanser-150ml-pianka-do-mycia-twarzy\/"]}]},{"@type":"BreadcrumbList","@id":"https:\/\/admincentral.selleetools.com\/product\/aestura-atobarrier-365-bubble-cleanser-150ml-pianka-do-mycia-twarzy\/#breadcrumb","itemListElement":[{"@type":"ListItem","position":1,"name":"Home","item":"https:\/\/selleetools.com\/pl\/"},{"@type":"ListItem","position":2,"name":"Katalog","item":"https:\/\/selleetools.com\/pl\/katalog\/"},{"@type":"ListItem","position":3,"name":"AESTURA Atobarrier 365 Bubble Cleanser 150ml pianka do mycia twarzy"}]}]}},"_links":{"self":[{"href":"https:\/\/admincentral.selleetools.com\/pl\/wp-json\/wp\/v2\/product\/610762"}],"collection":[{"href":"https:\/\/admincentral.selleetools.com\/pl\/wp-json\/wp\/v2\/product"}],"about":[{"href":"https:\/\/admincentral.selleetools.com\/pl\/wp-json\/wp\/v2\/types\/product"}],"replies":[{"embeddable":true,"href":"https:\/\/admincentral.selleetools.com\/pl\/wp-json\/wp\/v2\/comments?post=610762"}],"wp:featuredmedia":[{"embeddable":true,"href":"https:\/\/admincentral.selleetools.com\/pl\/wp-json\/wp\/v2\/media\/610760"}],"wp:attachment":[{"href":"https:\/\/admincentral.selleetools.com\/pl\/wp-json\/wp\/v2\/media?parent=610762"}],"curies":[{"name":"wp","href":"https:\/\/api.w.org\/{rel}","templated":true}]}}