{"id":610786,"date":"2025-10-24T14:56:12","date_gmt":"2025-10-24T12:56:12","guid":{"rendered":"https:\/\/selleetools.com\/?post_type=product&#038;p=610786"},"modified":"2025-11-04T18:19:33","modified_gmt":"2025-11-04T17:19:33","slug":"pyunkang-yul-body-lotion-dancheong-350ml-lotion-nawilzajacy-do-ciala","status":"publish","type":"product","link":"https:\/\/admincentral.selleetools.com\/pl\/product\/pyunkang-yul-body-lotion-dancheong-350ml-lotion-nawilzajacy-do-ciala\/","title":{"rendered":"Pyunkang yul Body Lotion Dancheong 350ml lotion nawil\u017caj\u0105cy do cia\u0142a"},"content":{"rendered":"<p>Eleganckie, od\u017cywcze mleczko do cia\u0142a Pyunkang Yul Dancheong otula sk\u00f3r\u0119 intensywnym nawil\u017ceniem i subtelnym, relaksuj\u0105cym zapachem zio\u0142owo-cytrusowych olejk\u00f3w eterycznych. Formu\u0142a inspirowana korea\u0144sk\u0105 sztuk\u0105 Dancheong \u0142\u0105czy tradycj\u0119 z nowoczesn\u0105 piel\u0119gnacj\u0105 \u2013 piel\u0119gnuje cia\u0142o i koi zmys\u0142y.<br \/>\nZawiera olej jojoba, mas\u0142o shea, oliw\u0119 z oliwek oraz olej z awokado, kt\u00f3re od\u017cywiaj\u0105 i regeneruj\u0105 such\u0105 sk\u00f3r\u0119, a kompleks pi\u0119ciu form kwasu hialuronowego zapewnia d\u0142ugotrwa\u0142e nawil\u017cenie i mi\u0119kko\u015b\u0107. Dodatkowo ekstrakty z centelli azjatyckiej, rokitnika i ro\u015bliny zmartwychwstania wspieraj\u0105 odbudow\u0119 bariery ochronnej, poprawiaj\u0105c elastyczno\u015b\u0107 i kondycj\u0119 sk\u00f3ry.<\/p>\n<p>Korzy\u015bci dla sk\u00f3ry<br \/>\nDog\u0142\u0119bnie nawil\u017ca i wyg\u0142adza such\u0105, szorstk\u0105 sk\u00f3r\u0119.<br \/>\nWzmacnia barier\u0119 hydrolipidow\u0105 i chroni przed utrat\u0105 wilgoci.<br \/>\nOd\u017cywia i regeneruje dzi\u0119ki naturalnym olejom ro\u015blinnym.<br \/>\nZawiera ro\u015blinne ekstrakty wspieraj\u0105ce j\u0119drno\u015b\u0107 i elastyczno\u015b\u0107 sk\u00f3ry.<br \/>\nPozostawia subtelny zapach geranium, lawendy i pomara\u0144czy, kt\u00f3ry koi i odpr\u0119\u017ca.<\/p>\n<p>Spos\u00f3b u\u017cycia<br \/>\nNanie\u015b\u0107 odpowiedni\u0105 ilo\u015b\u0107 balsamu na czyst\u0105, such\u0105 sk\u00f3r\u0119 i r\u00f3wnomiernie rozprowadzi\u0107.<br \/>\nStosowa\u0107 codziennie, zw\u0142aszcza po k\u0105pieli lub na przesuszone partie cia\u0142a.<\/p>\n","protected":false},"excerpt":{"rendered":"<p>Eleganckie, od\u017cywcze mleczko do cia\u0142a Pyunkang Yul Dancheong otula sk\u00f3r\u0119 intensywnym nawil\u017ceniem i subtelnym, relaksuj\u0105cym zapachem zio\u0142owo-cytrusowych olejk\u00f3w eterycznych. Formu\u0142a inspirowana korea\u0144sk\u0105 sztuk\u0105 Dancheong \u0142\u0105czy tradycj\u0119 z nowoczesn\u0105 piel\u0119gnacj\u0105 \u2013 piel\u0119gnuje cia\u0142o i koi zmys\u0142y. Zawiera olej jojoba, mas\u0142o shea, oliw\u0119 z oliwek oraz olej z awokado, kt\u00f3re od\u017cywiaj\u0105 i regeneruj\u0105 such\u0105 sk\u00f3r\u0119, a kompleks &#8230; <a title=\"Pyunkang yul Body Lotion Dancheong 350ml lotion nawil\u017caj\u0105cy do cia\u0142a\" class=\"read-more\" href=\"https:\/\/admincentral.selleetools.com\/pl\/product\/pyunkang-yul-body-lotion-dancheong-350ml-lotion-nawilzajacy-do-ciala\/\">Read more<span class=\"screen-reader-text\">Pyunkang yul Body Lotion Dancheong 350ml lotion nawil\u017caj\u0105cy do cia\u0142a<\/span><\/a><\/p>\n","protected":false},"featured_media":610784,"comment_status":"open","ping_status":"closed","template":"","meta":{"_links_to":"","_links_to_target":""},"yoast_head":"<!-- This site is optimized with the Yoast SEO plugin v19.4 - https:\/\/yoast.com\/wordpress\/plugins\/seo\/ -->\n<title>Pyunkang yul Body Lotion Dancheong 350ml lotion nawil\u017caj\u0105cy do cia\u0142a - Selleetools.com<\/title>\n<meta name=\"robots\" content=\"index, follow, max-snippet:-1, max-image-preview:large, max-video-preview:-1\" \/>\n<link rel=\"canonical\" href=\"https:\/\/selleetools.com\/pl\/product\/pyunkang-yul-body-lotion-dancheong-350ml-lotion-nawilzajacy-do-ciala\/\" \/>\n<meta property=\"og:locale\" content=\"pl_PL\" \/>\n<meta property=\"og:type\" content=\"article\" \/>\n<meta property=\"og:title\" content=\"Pyunkang yul Body Lotion Dancheong 350ml lotion nawil\u017caj\u0105cy do cia\u0142a - Selleetools.com\" \/>\n<meta property=\"og:description\" content=\"Eleganckie, od\u017cywcze mleczko do cia\u0142a Pyunkang Yul Dancheong otula sk\u00f3r\u0119 intensywnym nawil\u017ceniem i subtelnym, relaksuj\u0105cym zapachem zio\u0142owo-cytrusowych olejk\u00f3w eterycznych. Formu\u0142a inspirowana korea\u0144sk\u0105 sztuk\u0105 Dancheong \u0142\u0105czy tradycj\u0119 z nowoczesn\u0105 piel\u0119gnacj\u0105 \u2013 piel\u0119gnuje cia\u0142o i koi zmys\u0142y. Zawiera olej jojoba, mas\u0142o shea, oliw\u0119 z oliwek oraz olej z awokado, kt\u00f3re od\u017cywiaj\u0105 i regeneruj\u0105 such\u0105 sk\u00f3r\u0119, a kompleks ... Read morePyunkang yul Body Lotion Dancheong 350ml lotion nawil\u017caj\u0105cy do cia\u0142a\" \/>\n<meta property=\"og:url\" content=\"https:\/\/selleetools.com\/pl\/product\/pyunkang-yul-body-lotion-dancheong-350ml-lotion-nawilzajacy-do-ciala\/\" \/>\n<meta property=\"og:site_name\" content=\"Selleetools.com\" \/>\n<meta property=\"article:modified_time\" content=\"2025-11-04T17:19:33+00:00\" \/>\n<meta property=\"og:image\" content=\"https:\/\/selleetools.com\/wp-content\/uploads\/2025\/10\/2a20d1847447da17115b263f80f21817.png\" \/>\n\t<meta property=\"og:image:width\" content=\"1200\" \/>\n\t<meta property=\"og:image:height\" content=\"1200\" \/>\n\t<meta property=\"og:image:type\" content=\"image\/png\" \/>\n<meta name=\"twitter:card\" content=\"summary_large_image\" \/>\n<meta name=\"twitter:label1\" content=\"Est. reading time\" \/>\n\t<meta name=\"twitter:data1\" content=\"1 minuta\" \/>\n<!-- \/ Yoast SEO plugin. -->","yoast_head_json":{"title":"Pyunkang yul Body Lotion Dancheong 350ml lotion nawil\u017caj\u0105cy do cia\u0142a - Selleetools.com","robots":{"index":"index","follow":"follow","max-snippet":"max-snippet:-1","max-image-preview":"max-image-preview:large","max-video-preview":"max-video-preview:-1"},"canonical":"https:\/\/selleetools.com\/pl\/product\/pyunkang-yul-body-lotion-dancheong-350ml-lotion-nawilzajacy-do-ciala\/","og_locale":"pl_PL","og_type":"article","og_title":"Pyunkang yul Body Lotion Dancheong 350ml lotion nawil\u017caj\u0105cy do cia\u0142a - Selleetools.com","og_description":"Eleganckie, od\u017cywcze mleczko do cia\u0142a Pyunkang Yul Dancheong otula sk\u00f3r\u0119 intensywnym nawil\u017ceniem i subtelnym, relaksuj\u0105cym zapachem zio\u0142owo-cytrusowych olejk\u00f3w eterycznych. Formu\u0142a inspirowana korea\u0144sk\u0105 sztuk\u0105 Dancheong \u0142\u0105czy tradycj\u0119 z nowoczesn\u0105 piel\u0119gnacj\u0105 \u2013 piel\u0119gnuje cia\u0142o i koi zmys\u0142y. Zawiera olej jojoba, mas\u0142o shea, oliw\u0119 z oliwek oraz olej z awokado, kt\u00f3re od\u017cywiaj\u0105 i regeneruj\u0105 such\u0105 sk\u00f3r\u0119, a kompleks ... Read morePyunkang yul Body Lotion Dancheong 350ml lotion nawil\u017caj\u0105cy do cia\u0142a","og_url":"https:\/\/selleetools.com\/pl\/product\/pyunkang-yul-body-lotion-dancheong-350ml-lotion-nawilzajacy-do-ciala\/","og_site_name":"Selleetools.com","article_modified_time":"2025-11-04T17:19:33+00:00","og_image":[{"width":1200,"height":1200,"url":"https:\/\/selleetools.com\/wp-content\/uploads\/2025\/10\/2a20d1847447da17115b263f80f21817.png","type":"image\/png"}],"twitter_card":"summary_large_image","twitter_misc":{"Est. reading time":"1 minuta"},"schema":{"@context":"https:\/\/schema.org","@graph":[{"@type":"Organization","@id":"https:\/\/selleetools.com\/#organization","name":"Selleetools","url":"https:\/\/selleetools.com\/","sameAs":[],"logo":{"@type":"ImageObject","inLanguage":"pl-PL","@id":"https:\/\/selleetools.com\/#\/schema\/logo\/image\/","url":"https:\/\/selleetools.com\/wp-content\/uploads\/2021\/10\/logo-dark.png","contentUrl":"https:\/\/selleetools.com\/wp-content\/uploads\/2021\/10\/logo-dark.png","width":320,"height":76,"caption":"Selleetools"},"image":{"@id":"https:\/\/selleetools.com\/#\/schema\/logo\/image\/"}},{"@type":"WebSite","@id":"https:\/\/selleetools.com\/#website","url":"https:\/\/selleetools.com\/","name":"Selleetools.com","description":"","publisher":{"@id":"https:\/\/selleetools.com\/#organization"},"potentialAction":[{"@type":"SearchAction","target":{"@type":"EntryPoint","urlTemplate":"https:\/\/selleetools.com\/?s={search_term_string}"},"query-input":"required name=search_term_string"}],"inLanguage":"pl-PL"},{"@type":"WebPage","@id":"https:\/\/selleetools.com\/pl\/product\/pyunkang-yul-body-lotion-dancheong-350ml-lotion-nawilzajacy-do-ciala\/","url":"https:\/\/selleetools.com\/pl\/product\/pyunkang-yul-body-lotion-dancheong-350ml-lotion-nawilzajacy-do-ciala\/","name":"Pyunkang yul Body Lotion Dancheong 350ml lotion nawil\u017caj\u0105cy do cia\u0142a - Selleetools.com","isPartOf":{"@id":"https:\/\/selleetools.com\/#website"},"datePublished":"2025-10-24T12:56:12+00:00","dateModified":"2025-11-04T17:19:33+00:00","breadcrumb":{"@id":"https:\/\/selleetools.com\/pl\/product\/pyunkang-yul-body-lotion-dancheong-350ml-lotion-nawilzajacy-do-ciala\/#breadcrumb"},"inLanguage":"pl-PL","potentialAction":[{"@type":"ReadAction","target":["https:\/\/selleetools.com\/pl\/product\/pyunkang-yul-body-lotion-dancheong-350ml-lotion-nawilzajacy-do-ciala\/"]}]},{"@type":"BreadcrumbList","@id":"https:\/\/selleetools.com\/pl\/product\/pyunkang-yul-body-lotion-dancheong-350ml-lotion-nawilzajacy-do-ciala\/#breadcrumb","itemListElement":[{"@type":"ListItem","position":1,"name":"Home","item":"https:\/\/selleetools.com\/pl\/"},{"@type":"ListItem","position":2,"name":"Katalog","item":"https:\/\/selleetools.com\/pl\/katalog\/"},{"@type":"ListItem","position":3,"name":"Pyunkang yul Body Lotion Dancheong 350ml lotion nawil\u017caj\u0105cy do cia\u0142a"}]}]}},"_links":{"self":[{"href":"https:\/\/admincentral.selleetools.com\/pl\/wp-json\/wp\/v2\/product\/610786"}],"collection":[{"href":"https:\/\/admincentral.selleetools.com\/pl\/wp-json\/wp\/v2\/product"}],"about":[{"href":"https:\/\/admincentral.selleetools.com\/pl\/wp-json\/wp\/v2\/types\/product"}],"replies":[{"embeddable":true,"href":"https:\/\/admincentral.selleetools.com\/pl\/wp-json\/wp\/v2\/comments?post=610786"}],"wp:featuredmedia":[{"embeddable":true,"href":"https:\/\/admincentral.selleetools.com\/pl\/wp-json\/wp\/v2\/media\/610784"}],"wp:attachment":[{"href":"https:\/\/admincentral.selleetools.com\/pl\/wp-json\/wp\/v2\/media?parent=610786"}],"curies":[{"name":"wp","href":"https:\/\/api.w.org\/{rel}","templated":true}]}}