{"id":610827,"date":"2025-10-24T14:56:53","date_gmt":"2025-10-24T12:56:53","guid":{"rendered":"https:\/\/selleetools.com\/?post_type=product&#038;p=610827"},"modified":"2025-12-26T16:23:32","modified_gmt":"2025-12-26T15:23:32","slug":"medicube-zero-pore-one-day-serum-30ml-serum-zluszczajace","status":"publish","type":"product","link":"https:\/\/admincentral.selleetools.com\/pl\/product\/medicube-zero-pore-one-day-serum-30ml-serum-zluszczajace\/","title":{"rendered":"Medicube ZERO PORE ONE DAY SERUM 30ml serum z\u0142uszczaj\u0105ce"},"content":{"rendered":"<p>Medicube Zero Pore One-Day Serum to zaawansowane serum z\u0142uszczaj\u0105co-rozja\u015bniaj\u0105ce, kt\u00f3re \u0142\u0105czy 15,2% kompleks kwas\u00f3w AHA, BHA i PHA z niacynamidem i ekstraktami ro\u015blinnymi. Dzia\u0142a wielopoziomowo \u2013 delikatnie usuwa martwy nask\u00f3rek, redukuje widoczno\u015b\u0107 por\u00f3w, reguluje wydzielanie sebum i roz\u015bwietla cer\u0119.<br \/>\nFormu\u0142a o wysokiej skuteczno\u015bci i niskiej reaktywno\u015bci zapewnia efekty ju\u017c po pierwszym u\u017cyciu \u2013 sk\u00f3ra staje si\u0119 g\u0142adsza, \u015bwie\u017csza i bardziej napi\u0119ta. Dzi\u0119ki obecno\u015bci centelli azjatyckiej, madecassoside i fermentu Lactobacillus, serum \u0142agodzi podra\u017cnienia i wspiera regeneracj\u0119, dzi\u0119ki czemu jest odpowiednie nawet dla sk\u00f3ry wra\u017cliwej.<\/p>\n<p>Korzy\u015bci dla sk\u00f3ry<br \/>\nWidocznie zmniejsza pory.<br \/>\nOczyszcza i usuwa martwy nask\u00f3rek dzi\u0119ki po\u0142\u0105czeniu AHA, BHA i PHA.<br \/>\nWyg\u0142adza i roz\u015bwietla cer\u0119, poprawiaj\u0105c jej struktur\u0119.<br \/>\nReguluje wydzielanie sebum i zapobiega powstawaniu zask\u00f3rnik\u00f3w.<br \/>\nWspiera elastyczno\u015b\u0107 sk\u00f3ry i wyr\u00f3wnuje koloryt.<\/p>\n<p>Spos\u00f3b u\u017cycia<br \/>\nPo tonizacji nanie\u015b niewielk\u0105 ilo\u015b\u0107 serum na ca\u0142\u0105 twarz.<br \/>\nDelikatnie wklep, a\u017c do wch\u0142oni\u0119cia.<br \/>\nStosuj wieczorem.<\/p>\n","protected":false},"excerpt":{"rendered":"<p>Medicube Zero Pore One-Day Serum to zaawansowane serum z\u0142uszczaj\u0105co-rozja\u015bniaj\u0105ce, kt\u00f3re \u0142\u0105czy 15,2% kompleks kwas\u00f3w AHA, BHA i PHA z niacynamidem i ekstraktami ro\u015blinnymi. Dzia\u0142a wielopoziomowo \u2013 delikatnie usuwa martwy nask\u00f3rek, redukuje widoczno\u015b\u0107 por\u00f3w, reguluje wydzielanie sebum i roz\u015bwietla cer\u0119. Formu\u0142a o wysokiej skuteczno\u015bci i niskiej reaktywno\u015bci zapewnia efekty ju\u017c po pierwszym u\u017cyciu \u2013 sk\u00f3ra staje &#8230; <a title=\"Medicube ZERO PORE ONE DAY SERUM 30ml serum z\u0142uszczaj\u0105ce\" class=\"read-more\" href=\"https:\/\/admincentral.selleetools.com\/pl\/product\/medicube-zero-pore-one-day-serum-30ml-serum-zluszczajace\/\">Read more<span class=\"screen-reader-text\">Medicube ZERO PORE ONE DAY SERUM 30ml serum z\u0142uszczaj\u0105ce<\/span><\/a><\/p>\n","protected":false},"featured_media":610825,"comment_status":"open","ping_status":"closed","template":"","meta":{"_links_to":"","_links_to_target":""},"yoast_head":"<!-- This site is optimized with the Yoast SEO plugin v19.4 - https:\/\/yoast.com\/wordpress\/plugins\/seo\/ -->\n<title>Medicube ZERO PORE ONE DAY SERUM 30ml serum z\u0142uszczaj\u0105ce - Selleetools.com<\/title>\n<meta name=\"robots\" content=\"index, follow, max-snippet:-1, max-image-preview:large, max-video-preview:-1\" \/>\n<link rel=\"canonical\" href=\"https:\/\/selleetools.com\/pl\/product\/medicube-zero-pore-one-day-serum-30ml-serum-zluszczajace\/\" \/>\n<meta property=\"og:locale\" content=\"pl_PL\" \/>\n<meta property=\"og:type\" content=\"article\" \/>\n<meta property=\"og:title\" content=\"Medicube ZERO PORE ONE DAY SERUM 30ml serum z\u0142uszczaj\u0105ce - Selleetools.com\" \/>\n<meta property=\"og:description\" content=\"Medicube Zero Pore One-Day Serum to zaawansowane serum z\u0142uszczaj\u0105co-rozja\u015bniaj\u0105ce, kt\u00f3re \u0142\u0105czy 15,2% kompleks kwas\u00f3w AHA, BHA i PHA z niacynamidem i ekstraktami ro\u015blinnymi. Dzia\u0142a wielopoziomowo \u2013 delikatnie usuwa martwy nask\u00f3rek, redukuje widoczno\u015b\u0107 por\u00f3w, reguluje wydzielanie sebum i roz\u015bwietla cer\u0119. Formu\u0142a o wysokiej skuteczno\u015bci i niskiej reaktywno\u015bci zapewnia efekty ju\u017c po pierwszym u\u017cyciu \u2013 sk\u00f3ra staje ... Read moreMedicube ZERO PORE ONE DAY SERUM 30ml serum z\u0142uszczaj\u0105ce\" \/>\n<meta property=\"og:url\" content=\"https:\/\/selleetools.com\/pl\/product\/medicube-zero-pore-one-day-serum-30ml-serum-zluszczajace\/\" \/>\n<meta property=\"og:site_name\" content=\"Selleetools.com\" \/>\n<meta property=\"article:modified_time\" content=\"2025-12-26T15:23:32+00:00\" \/>\n<meta property=\"og:image\" content=\"https:\/\/selleetools.com\/wp-content\/uploads\/2025\/10\/1798c9c77a3516d8e0d9a96c3ebe55a0.png\" \/>\n\t<meta property=\"og:image:width\" content=\"1200\" \/>\n\t<meta property=\"og:image:height\" content=\"1200\" \/>\n\t<meta property=\"og:image:type\" content=\"image\/png\" \/>\n<meta name=\"twitter:card\" content=\"summary_large_image\" \/>\n<meta name=\"twitter:label1\" content=\"Est. reading time\" \/>\n\t<meta name=\"twitter:data1\" content=\"1 minuta\" \/>\n<!-- \/ Yoast SEO plugin. -->","yoast_head_json":{"title":"Medicube ZERO PORE ONE DAY SERUM 30ml serum z\u0142uszczaj\u0105ce - Selleetools.com","robots":{"index":"index","follow":"follow","max-snippet":"max-snippet:-1","max-image-preview":"max-image-preview:large","max-video-preview":"max-video-preview:-1"},"canonical":"https:\/\/selleetools.com\/pl\/product\/medicube-zero-pore-one-day-serum-30ml-serum-zluszczajace\/","og_locale":"pl_PL","og_type":"article","og_title":"Medicube ZERO PORE ONE DAY SERUM 30ml serum z\u0142uszczaj\u0105ce - Selleetools.com","og_description":"Medicube Zero Pore One-Day Serum to zaawansowane serum z\u0142uszczaj\u0105co-rozja\u015bniaj\u0105ce, kt\u00f3re \u0142\u0105czy 15,2% kompleks kwas\u00f3w AHA, BHA i PHA z niacynamidem i ekstraktami ro\u015blinnymi. Dzia\u0142a wielopoziomowo \u2013 delikatnie usuwa martwy nask\u00f3rek, redukuje widoczno\u015b\u0107 por\u00f3w, reguluje wydzielanie sebum i roz\u015bwietla cer\u0119. Formu\u0142a o wysokiej skuteczno\u015bci i niskiej reaktywno\u015bci zapewnia efekty ju\u017c po pierwszym u\u017cyciu \u2013 sk\u00f3ra staje ... Read moreMedicube ZERO PORE ONE DAY SERUM 30ml serum z\u0142uszczaj\u0105ce","og_url":"https:\/\/selleetools.com\/pl\/product\/medicube-zero-pore-one-day-serum-30ml-serum-zluszczajace\/","og_site_name":"Selleetools.com","article_modified_time":"2025-12-26T15:23:32+00:00","og_image":[{"width":1200,"height":1200,"url":"https:\/\/selleetools.com\/wp-content\/uploads\/2025\/10\/1798c9c77a3516d8e0d9a96c3ebe55a0.png","type":"image\/png"}],"twitter_card":"summary_large_image","twitter_misc":{"Est. reading time":"1 minuta"},"schema":{"@context":"https:\/\/schema.org","@graph":[{"@type":"Organization","@id":"https:\/\/selleetools.com\/#organization","name":"Selleetools","url":"https:\/\/selleetools.com\/","sameAs":[],"logo":{"@type":"ImageObject","inLanguage":"pl-PL","@id":"https:\/\/selleetools.com\/#\/schema\/logo\/image\/","url":"https:\/\/selleetools.com\/wp-content\/uploads\/2021\/10\/logo-dark.png","contentUrl":"https:\/\/selleetools.com\/wp-content\/uploads\/2021\/10\/logo-dark.png","width":320,"height":76,"caption":"Selleetools"},"image":{"@id":"https:\/\/selleetools.com\/#\/schema\/logo\/image\/"}},{"@type":"WebSite","@id":"https:\/\/selleetools.com\/#website","url":"https:\/\/selleetools.com\/","name":"Selleetools.com","description":"","publisher":{"@id":"https:\/\/selleetools.com\/#organization"},"potentialAction":[{"@type":"SearchAction","target":{"@type":"EntryPoint","urlTemplate":"https:\/\/selleetools.com\/?s={search_term_string}"},"query-input":"required name=search_term_string"}],"inLanguage":"pl-PL"},{"@type":"WebPage","@id":"https:\/\/selleetools.com\/pl\/product\/medicube-zero-pore-one-day-serum-30ml-serum-zluszczajace\/","url":"https:\/\/selleetools.com\/pl\/product\/medicube-zero-pore-one-day-serum-30ml-serum-zluszczajace\/","name":"Medicube ZERO PORE ONE DAY SERUM 30ml serum z\u0142uszczaj\u0105ce - Selleetools.com","isPartOf":{"@id":"https:\/\/selleetools.com\/#website"},"datePublished":"2025-10-24T12:56:53+00:00","dateModified":"2025-12-26T15:23:32+00:00","breadcrumb":{"@id":"https:\/\/selleetools.com\/pl\/product\/medicube-zero-pore-one-day-serum-30ml-serum-zluszczajace\/#breadcrumb"},"inLanguage":"pl-PL","potentialAction":[{"@type":"ReadAction","target":["https:\/\/selleetools.com\/pl\/product\/medicube-zero-pore-one-day-serum-30ml-serum-zluszczajace\/"]}]},{"@type":"BreadcrumbList","@id":"https:\/\/selleetools.com\/pl\/product\/medicube-zero-pore-one-day-serum-30ml-serum-zluszczajace\/#breadcrumb","itemListElement":[{"@type":"ListItem","position":1,"name":"Home","item":"https:\/\/selleetools.com\/pl\/"},{"@type":"ListItem","position":2,"name":"Katalog","item":"https:\/\/selleetools.com\/pl\/katalog\/"},{"@type":"ListItem","position":3,"name":"Medicube ZERO PORE ONE DAY SERUM 30ml serum z\u0142uszczaj\u0105ce"}]}]}},"_links":{"self":[{"href":"https:\/\/admincentral.selleetools.com\/pl\/wp-json\/wp\/v2\/product\/610827"}],"collection":[{"href":"https:\/\/admincentral.selleetools.com\/pl\/wp-json\/wp\/v2\/product"}],"about":[{"href":"https:\/\/admincentral.selleetools.com\/pl\/wp-json\/wp\/v2\/types\/product"}],"replies":[{"embeddable":true,"href":"https:\/\/admincentral.selleetools.com\/pl\/wp-json\/wp\/v2\/comments?post=610827"}],"wp:featuredmedia":[{"embeddable":true,"href":"https:\/\/admincentral.selleetools.com\/pl\/wp-json\/wp\/v2\/media\/610825"}],"wp:attachment":[{"href":"https:\/\/admincentral.selleetools.com\/pl\/wp-json\/wp\/v2\/media?parent=610827"}],"curies":[{"name":"wp","href":"https:\/\/api.w.org\/{rel}","templated":true}]}}