{"id":610839,"date":"2025-10-24T14:57:05","date_gmt":"2025-10-24T12:57:05","guid":{"rendered":"https:\/\/selleetools.com\/?post_type=product&#038;p=610839"},"modified":"2025-11-04T18:20:50","modified_gmt":"2025-11-04T17:20:50","slug":"vt-cosmetics-tx-toning-toner-200ml-tonik-rozjasniajacy","status":"publish","type":"product","link":"https:\/\/admincentral.selleetools.com\/pl\/product\/vt-cosmetics-tx-toning-toner-200ml-tonik-rozjasniajacy\/","title":{"rendered":"VT Cosmetics TX-Toning Toner 200ml tonik rozja\u015bniaj\u0105cy"},"content":{"rendered":"<p>VT Cosmetics TX-Toning Toner to lekki, bezzapachowy tonik rozja\u015bniaj\u0105cy, kt\u00f3ry \u0142\u0105czy dzia\u0142anie kwasu traneksamowego (TXA), glutationu i niacynamidu, tworz\u0105c potr\u00f3jny kompleks tonizuj\u0105cy. Wspiera redukcj\u0119 przebarwie\u0144, rozja\u015bnia sk\u00f3r\u0119 i poprawia jej struktur\u0119, nadaj\u0105c efekt \u201eglass skin\u201d. Zawiera r\u00f3wnie\u017c papain\u0119, kt\u00f3ra delikatnie z\u0142uszcza martwy nask\u00f3rek, oraz madecassoside i alantoin\u0119, kt\u00f3re \u0142agodz\u0105 i regeneruj\u0105 podra\u017cnion\u0105 cer\u0119. Dzi\u0119ki technologii TX Capsule i systemowi ER-Delivery, aktywne sk\u0142adniki wnikaj\u0105 g\u0142\u0119boko w sk\u00f3r\u0119 bez podra\u017cnie\u0144, zapewniaj\u0105c skuteczne i bezpieczne rozja\u015bnianie.<\/p>\n<p>Korzy\u015bci dla sk\u00f3ry<br \/>\nRozja\u015bnia przebarwienia, \u015blady potr\u0105dzikowe i nier\u00f3wny koloryt.<br \/>\nWspiera redukcj\u0119 melaniny \u2013 ogranicza powstawanie przebarwie\u0144.<br \/>\nWyg\u0142adza, nawil\u017ca i koi sk\u00f3r\u0119, przywracaj\u0105c jej promienny blask.<br \/>\nDelikatnie z\u0142uszcza i poprawia tekstur\u0119 sk\u00f3ry.<br \/>\nBezzapachowa formu\u0142a odpowiednia dla sk\u00f3ry wra\u017cliwej.<\/p>\n<p>Spos\u00f3b u\u017cycia<br \/>\nPo oczyszczeniu twarzy, nanie\u015b niewielk\u0105 ilo\u015b\u0107 toniku na d\u0142o\u0144 lub wacik.<br \/>\nRozprowad\u017a r\u00f3wnomiernie od \u015brodka twarzy ku zewn\u0105trz i delikatnie wklep.<br \/>\nStosuj rano i wieczorem przed serum lub kremem<\/p>\n","protected":false},"excerpt":{"rendered":"<p>VT Cosmetics TX-Toning Toner to lekki, bezzapachowy tonik rozja\u015bniaj\u0105cy, kt\u00f3ry \u0142\u0105czy dzia\u0142anie kwasu traneksamowego (TXA), glutationu i niacynamidu, tworz\u0105c potr\u00f3jny kompleks tonizuj\u0105cy. Wspiera redukcj\u0119 przebarwie\u0144, rozja\u015bnia sk\u00f3r\u0119 i poprawia jej struktur\u0119, nadaj\u0105c efekt \u201eglass skin\u201d. Zawiera r\u00f3wnie\u017c papain\u0119, kt\u00f3ra delikatnie z\u0142uszcza martwy nask\u00f3rek, oraz madecassoside i alantoin\u0119, kt\u00f3re \u0142agodz\u0105 i regeneruj\u0105 podra\u017cnion\u0105 cer\u0119. Dzi\u0119ki technologii &#8230; <a title=\"VT Cosmetics TX-Toning Toner 200ml tonik rozja\u015bniaj\u0105cy\" class=\"read-more\" href=\"https:\/\/admincentral.selleetools.com\/pl\/product\/vt-cosmetics-tx-toning-toner-200ml-tonik-rozjasniajacy\/\">Read more<span class=\"screen-reader-text\">VT Cosmetics TX-Toning Toner 200ml tonik rozja\u015bniaj\u0105cy<\/span><\/a><\/p>\n","protected":false},"featured_media":610837,"comment_status":"open","ping_status":"closed","template":"","meta":{"_links_to":"","_links_to_target":""},"yoast_head":"<!-- This site is optimized with the Yoast SEO plugin v19.4 - https:\/\/yoast.com\/wordpress\/plugins\/seo\/ -->\n<title>VT Cosmetics TX-Toning Toner 200ml tonik rozja\u015bniaj\u0105cy - Selleetools.com<\/title>\n<meta name=\"robots\" content=\"index, follow, max-snippet:-1, max-image-preview:large, max-video-preview:-1\" \/>\n<link rel=\"canonical\" href=\"https:\/\/admincentral.selleetools.com\/product\/vt-cosmetics-tx-toning-toner-200ml-tonik-rozjasniajacy\/\" \/>\n<meta property=\"og:locale\" content=\"pl_PL\" \/>\n<meta property=\"og:type\" content=\"article\" \/>\n<meta property=\"og:title\" content=\"VT Cosmetics TX-Toning Toner 200ml tonik rozja\u015bniaj\u0105cy - Selleetools.com\" \/>\n<meta property=\"og:description\" content=\"VT Cosmetics TX-Toning Toner to lekki, bezzapachowy tonik rozja\u015bniaj\u0105cy, kt\u00f3ry \u0142\u0105czy dzia\u0142anie kwasu traneksamowego (TXA), glutationu i niacynamidu, tworz\u0105c potr\u00f3jny kompleks tonizuj\u0105cy. Wspiera redukcj\u0119 przebarwie\u0144, rozja\u015bnia sk\u00f3r\u0119 i poprawia jej struktur\u0119, nadaj\u0105c efekt \u201eglass skin\u201d. Zawiera r\u00f3wnie\u017c papain\u0119, kt\u00f3ra delikatnie z\u0142uszcza martwy nask\u00f3rek, oraz madecassoside i alantoin\u0119, kt\u00f3re \u0142agodz\u0105 i regeneruj\u0105 podra\u017cnion\u0105 cer\u0119. Dzi\u0119ki technologii ... Read moreVT Cosmetics TX-Toning Toner 200ml tonik rozja\u015bniaj\u0105cy\" \/>\n<meta property=\"og:url\" content=\"https:\/\/admincentral.selleetools.com\/product\/vt-cosmetics-tx-toning-toner-200ml-tonik-rozjasniajacy\/\" \/>\n<meta property=\"og:site_name\" content=\"Selleetools.com\" \/>\n<meta property=\"article:modified_time\" content=\"2025-11-04T17:20:50+00:00\" \/>\n<meta property=\"og:image\" content=\"https:\/\/selleetools.com\/wp-content\/uploads\/2025\/10\/9c5f27bc012f3ec7e383c2276dd4ccba.png\" \/>\n\t<meta property=\"og:image:width\" content=\"1200\" \/>\n\t<meta property=\"og:image:height\" content=\"1200\" \/>\n\t<meta property=\"og:image:type\" content=\"image\/png\" \/>\n<meta name=\"twitter:card\" content=\"summary_large_image\" \/>\n<meta name=\"twitter:label1\" content=\"Est. reading time\" \/>\n\t<meta name=\"twitter:data1\" content=\"1 minuta\" \/>\n<!-- \/ Yoast SEO plugin. -->","yoast_head_json":{"title":"VT Cosmetics TX-Toning Toner 200ml tonik rozja\u015bniaj\u0105cy - Selleetools.com","robots":{"index":"index","follow":"follow","max-snippet":"max-snippet:-1","max-image-preview":"max-image-preview:large","max-video-preview":"max-video-preview:-1"},"canonical":"https:\/\/admincentral.selleetools.com\/product\/vt-cosmetics-tx-toning-toner-200ml-tonik-rozjasniajacy\/","og_locale":"pl_PL","og_type":"article","og_title":"VT Cosmetics TX-Toning Toner 200ml tonik rozja\u015bniaj\u0105cy - Selleetools.com","og_description":"VT Cosmetics TX-Toning Toner to lekki, bezzapachowy tonik rozja\u015bniaj\u0105cy, kt\u00f3ry \u0142\u0105czy dzia\u0142anie kwasu traneksamowego (TXA), glutationu i niacynamidu, tworz\u0105c potr\u00f3jny kompleks tonizuj\u0105cy. Wspiera redukcj\u0119 przebarwie\u0144, rozja\u015bnia sk\u00f3r\u0119 i poprawia jej struktur\u0119, nadaj\u0105c efekt \u201eglass skin\u201d. Zawiera r\u00f3wnie\u017c papain\u0119, kt\u00f3ra delikatnie z\u0142uszcza martwy nask\u00f3rek, oraz madecassoside i alantoin\u0119, kt\u00f3re \u0142agodz\u0105 i regeneruj\u0105 podra\u017cnion\u0105 cer\u0119. Dzi\u0119ki technologii ... Read moreVT Cosmetics TX-Toning Toner 200ml tonik rozja\u015bniaj\u0105cy","og_url":"https:\/\/admincentral.selleetools.com\/product\/vt-cosmetics-tx-toning-toner-200ml-tonik-rozjasniajacy\/","og_site_name":"Selleetools.com","article_modified_time":"2025-11-04T17:20:50+00:00","og_image":[{"width":1200,"height":1200,"url":"https:\/\/selleetools.com\/wp-content\/uploads\/2025\/10\/9c5f27bc012f3ec7e383c2276dd4ccba.png","type":"image\/png"}],"twitter_card":"summary_large_image","twitter_misc":{"Est. reading time":"1 minuta"},"schema":{"@context":"https:\/\/schema.org","@graph":[{"@type":"Organization","@id":"https:\/\/selleetools.com\/#organization","name":"Selleetools","url":"https:\/\/selleetools.com\/","sameAs":[],"logo":{"@type":"ImageObject","inLanguage":"pl-PL","@id":"https:\/\/selleetools.com\/#\/schema\/logo\/image\/","url":"https:\/\/selleetools.com\/wp-content\/uploads\/2021\/10\/logo-dark.png","contentUrl":"https:\/\/selleetools.com\/wp-content\/uploads\/2021\/10\/logo-dark.png","width":320,"height":76,"caption":"Selleetools"},"image":{"@id":"https:\/\/selleetools.com\/#\/schema\/logo\/image\/"}},{"@type":"WebSite","@id":"https:\/\/selleetools.com\/#website","url":"https:\/\/selleetools.com\/","name":"Selleetools.com","description":"","publisher":{"@id":"https:\/\/selleetools.com\/#organization"},"potentialAction":[{"@type":"SearchAction","target":{"@type":"EntryPoint","urlTemplate":"https:\/\/selleetools.com\/?s={search_term_string}"},"query-input":"required name=search_term_string"}],"inLanguage":"pl-PL"},{"@type":"WebPage","@id":"https:\/\/admincentral.selleetools.com\/product\/vt-cosmetics-tx-toning-toner-200ml-tonik-rozjasniajacy\/","url":"https:\/\/admincentral.selleetools.com\/product\/vt-cosmetics-tx-toning-toner-200ml-tonik-rozjasniajacy\/","name":"VT Cosmetics TX-Toning Toner 200ml tonik rozja\u015bniaj\u0105cy - Selleetools.com","isPartOf":{"@id":"https:\/\/selleetools.com\/#website"},"datePublished":"2025-10-24T12:57:05+00:00","dateModified":"2025-11-04T17:20:50+00:00","breadcrumb":{"@id":"https:\/\/admincentral.selleetools.com\/product\/vt-cosmetics-tx-toning-toner-200ml-tonik-rozjasniajacy\/#breadcrumb"},"inLanguage":"pl-PL","potentialAction":[{"@type":"ReadAction","target":["https:\/\/admincentral.selleetools.com\/product\/vt-cosmetics-tx-toning-toner-200ml-tonik-rozjasniajacy\/"]}]},{"@type":"BreadcrumbList","@id":"https:\/\/admincentral.selleetools.com\/product\/vt-cosmetics-tx-toning-toner-200ml-tonik-rozjasniajacy\/#breadcrumb","itemListElement":[{"@type":"ListItem","position":1,"name":"Home","item":"https:\/\/selleetools.com\/pl\/"},{"@type":"ListItem","position":2,"name":"Katalog","item":"https:\/\/selleetools.com\/pl\/katalog\/"},{"@type":"ListItem","position":3,"name":"VT Cosmetics TX-Toning Toner 200ml tonik rozja\u015bniaj\u0105cy"}]}]}},"_links":{"self":[{"href":"https:\/\/admincentral.selleetools.com\/pl\/wp-json\/wp\/v2\/product\/610839"}],"collection":[{"href":"https:\/\/admincentral.selleetools.com\/pl\/wp-json\/wp\/v2\/product"}],"about":[{"href":"https:\/\/admincentral.selleetools.com\/pl\/wp-json\/wp\/v2\/types\/product"}],"replies":[{"embeddable":true,"href":"https:\/\/admincentral.selleetools.com\/pl\/wp-json\/wp\/v2\/comments?post=610839"}],"wp:featuredmedia":[{"embeddable":true,"href":"https:\/\/admincentral.selleetools.com\/pl\/wp-json\/wp\/v2\/media\/610837"}],"wp:attachment":[{"href":"https:\/\/admincentral.selleetools.com\/pl\/wp-json\/wp\/v2\/media?parent=610839"}],"curies":[{"name":"wp","href":"https:\/\/api.w.org\/{rel}","templated":true}]}}