{"id":610845,"date":"2025-10-24T14:57:12","date_gmt":"2025-10-24T12:57:12","guid":{"rendered":"https:\/\/selleetools.com\/?post_type=product&#038;p=610845"},"modified":"2025-11-04T18:21:14","modified_gmt":"2025-11-04T17:21:14","slug":"vt-cosmetics-mild-reedle-shot-50-2-step-mask-21-5-g-dwuetapowa-kuracja-do-twarzy","status":"publish","type":"product","link":"https:\/\/admincentral.selleetools.com\/pl\/product\/vt-cosmetics-mild-reedle-shot-50-2-step-mask-21-5-g-dwuetapowa-kuracja-do-twarzy\/","title":{"rendered":"VT COSMETICS MILD REEDLE SHOT 50 2-STEP MASK, 21.5 g dwuetapowa kuracja do twarzy"},"content":{"rendered":"<p>VT Cosmetics Mild Reedle Shot 50 2-Step Mask to dwustopniowa kuracja piel\u0119gnacyjna, kt\u00f3ra \u0142\u0105czy delikatne mikroigie\u0142ki Cica Reedle\u2122 z koj\u0105c\u0105 mask\u0105 w p\u0142acie, aby wspom\u00f3c regeneracj\u0119 i wyg\u0142adzenie sk\u00f3ry. Etap pierwszy \u2013 Mild Reedle Shot 50 \u2013 pobudza sk\u00f3r\u0119 i poprawia wch\u0142anianie sk\u0142adnik\u00f3w aktywnych, a etap drugi \u2013 Reedle Shot Comfort Mask \u2013 intensywnie nawil\u017ca i \u0142agodzi, przynosz\u0105c uczucie ukojenia. Formu\u0142a oparta na ekstrakcie z w\u0105kroty azjatyckiej, aloesie, propolisie i astaksantynie wspiera odbudow\u0119 bariery ochronnej oraz nadaje cerze zdrowy, promienny wygl\u0105d.<\/p>\n<p>Korzy\u015bci dla sk\u00f3ry:<br \/>\nPoprawa wch\u0142aniania sk\u0142adnik\u00f3w aktywnych i wyg\u0142adzenie sk\u00f3ry<br \/>\nUkojenie i intensywne nawil\u017cenie po zabiegach lub wra\u017ceniu sucho\u015bci<br \/>\nWzmocnienie bariery ochronnej i nadanie sk\u00f3rze elastyczno\u015bci<br \/>\nSk\u00f3ra staje si\u0119 g\u0142adsza, mi\u0119kka i pe\u0142na blasku<\/p>\n<p>Spos\u00f3b u\u017cycia:<br \/>\nPo oczyszczeniu sk\u00f3ry na\u0142\u00f3\u017c zawarto\u015b\u0107 saszetki STEP 1 (Mild Reedle Shot 50) i delikatnie wmasuj. Nast\u0119pnie na\u0142\u00f3\u017c STEP 2 (Reedle Shot Comfort Mask) i pozostaw na 10\u201320 minut. Po zdj\u0119ciu maski wklep pozosta\u0142\u0105 esencj\u0119 w sk\u00f3r\u0119.<\/p>\n","protected":false},"excerpt":{"rendered":"<p>VT Cosmetics Mild Reedle Shot 50 2-Step Mask to dwustopniowa kuracja piel\u0119gnacyjna, kt\u00f3ra \u0142\u0105czy delikatne mikroigie\u0142ki Cica Reedle\u2122 z koj\u0105c\u0105 mask\u0105 w p\u0142acie, aby wspom\u00f3c regeneracj\u0119 i wyg\u0142adzenie sk\u00f3ry. Etap pierwszy \u2013 Mild Reedle Shot 50 \u2013 pobudza sk\u00f3r\u0119 i poprawia wch\u0142anianie sk\u0142adnik\u00f3w aktywnych, a etap drugi \u2013 Reedle Shot Comfort Mask \u2013 intensywnie nawil\u017ca &#8230; <a title=\"VT COSMETICS MILD REEDLE SHOT 50 2-STEP MASK, 21.5 g dwuetapowa kuracja do twarzy\" class=\"read-more\" href=\"https:\/\/admincentral.selleetools.com\/pl\/product\/vt-cosmetics-mild-reedle-shot-50-2-step-mask-21-5-g-dwuetapowa-kuracja-do-twarzy\/\">Read more<span class=\"screen-reader-text\">VT COSMETICS MILD REEDLE SHOT 50 2-STEP MASK, 21.5 g dwuetapowa kuracja do twarzy<\/span><\/a><\/p>\n","protected":false},"featured_media":610843,"comment_status":"open","ping_status":"closed","template":"","meta":{"_links_to":"","_links_to_target":""},"yoast_head":"<!-- This site is optimized with the Yoast SEO plugin v19.4 - https:\/\/yoast.com\/wordpress\/plugins\/seo\/ -->\n<title>VT COSMETICS MILD REEDLE SHOT 50 2-STEP MASK, 21.5 g dwuetapowa kuracja do twarzy - Selleetools.com<\/title>\n<meta name=\"robots\" content=\"index, follow, max-snippet:-1, max-image-preview:large, max-video-preview:-1\" \/>\n<link rel=\"canonical\" href=\"https:\/\/selleetools.com\/pl\/product\/vt-cosmetics-mild-reedle-shot-50-2-step-mask-21-5-g-dwuetapowa-kuracja-do-twarzy\/\" \/>\n<meta property=\"og:locale\" content=\"pl_PL\" \/>\n<meta property=\"og:type\" content=\"article\" \/>\n<meta property=\"og:title\" content=\"VT COSMETICS MILD REEDLE SHOT 50 2-STEP MASK, 21.5 g dwuetapowa kuracja do twarzy - Selleetools.com\" \/>\n<meta property=\"og:description\" content=\"VT Cosmetics Mild Reedle Shot 50 2-Step Mask to dwustopniowa kuracja piel\u0119gnacyjna, kt\u00f3ra \u0142\u0105czy delikatne mikroigie\u0142ki Cica Reedle\u2122 z koj\u0105c\u0105 mask\u0105 w p\u0142acie, aby wspom\u00f3c regeneracj\u0119 i wyg\u0142adzenie sk\u00f3ry. Etap pierwszy \u2013 Mild Reedle Shot 50 \u2013 pobudza sk\u00f3r\u0119 i poprawia wch\u0142anianie sk\u0142adnik\u00f3w aktywnych, a etap drugi \u2013 Reedle Shot Comfort Mask \u2013 intensywnie nawil\u017ca ... Read moreVT COSMETICS MILD REEDLE SHOT 50 2-STEP MASK, 21.5 g dwuetapowa kuracja do twarzy\" \/>\n<meta property=\"og:url\" content=\"https:\/\/selleetools.com\/pl\/product\/vt-cosmetics-mild-reedle-shot-50-2-step-mask-21-5-g-dwuetapowa-kuracja-do-twarzy\/\" \/>\n<meta property=\"og:site_name\" content=\"Selleetools.com\" \/>\n<meta property=\"article:modified_time\" content=\"2025-11-04T17:21:14+00:00\" \/>\n<meta property=\"og:image\" content=\"https:\/\/selleetools.com\/wp-content\/uploads\/2025\/10\/64763de41acbc143b352fe222fd05aaf.png\" \/>\n\t<meta property=\"og:image:width\" content=\"1200\" \/>\n\t<meta property=\"og:image:height\" content=\"1200\" \/>\n\t<meta property=\"og:image:type\" content=\"image\/png\" \/>\n<meta name=\"twitter:card\" content=\"summary_large_image\" \/>\n<meta name=\"twitter:label1\" content=\"Est. reading time\" \/>\n\t<meta name=\"twitter:data1\" content=\"1 minuta\" \/>\n<!-- \/ Yoast SEO plugin. -->","yoast_head_json":{"title":"VT COSMETICS MILD REEDLE SHOT 50 2-STEP MASK, 21.5 g dwuetapowa kuracja do twarzy - Selleetools.com","robots":{"index":"index","follow":"follow","max-snippet":"max-snippet:-1","max-image-preview":"max-image-preview:large","max-video-preview":"max-video-preview:-1"},"canonical":"https:\/\/selleetools.com\/pl\/product\/vt-cosmetics-mild-reedle-shot-50-2-step-mask-21-5-g-dwuetapowa-kuracja-do-twarzy\/","og_locale":"pl_PL","og_type":"article","og_title":"VT COSMETICS MILD REEDLE SHOT 50 2-STEP MASK, 21.5 g dwuetapowa kuracja do twarzy - Selleetools.com","og_description":"VT Cosmetics Mild Reedle Shot 50 2-Step Mask to dwustopniowa kuracja piel\u0119gnacyjna, kt\u00f3ra \u0142\u0105czy delikatne mikroigie\u0142ki Cica Reedle\u2122 z koj\u0105c\u0105 mask\u0105 w p\u0142acie, aby wspom\u00f3c regeneracj\u0119 i wyg\u0142adzenie sk\u00f3ry. Etap pierwszy \u2013 Mild Reedle Shot 50 \u2013 pobudza sk\u00f3r\u0119 i poprawia wch\u0142anianie sk\u0142adnik\u00f3w aktywnych, a etap drugi \u2013 Reedle Shot Comfort Mask \u2013 intensywnie nawil\u017ca ... Read moreVT COSMETICS MILD REEDLE SHOT 50 2-STEP MASK, 21.5 g dwuetapowa kuracja do twarzy","og_url":"https:\/\/selleetools.com\/pl\/product\/vt-cosmetics-mild-reedle-shot-50-2-step-mask-21-5-g-dwuetapowa-kuracja-do-twarzy\/","og_site_name":"Selleetools.com","article_modified_time":"2025-11-04T17:21:14+00:00","og_image":[{"width":1200,"height":1200,"url":"https:\/\/selleetools.com\/wp-content\/uploads\/2025\/10\/64763de41acbc143b352fe222fd05aaf.png","type":"image\/png"}],"twitter_card":"summary_large_image","twitter_misc":{"Est. reading time":"1 minuta"},"schema":{"@context":"https:\/\/schema.org","@graph":[{"@type":"Organization","@id":"https:\/\/selleetools.com\/#organization","name":"Selleetools","url":"https:\/\/selleetools.com\/","sameAs":[],"logo":{"@type":"ImageObject","inLanguage":"pl-PL","@id":"https:\/\/selleetools.com\/#\/schema\/logo\/image\/","url":"https:\/\/selleetools.com\/wp-content\/uploads\/2021\/10\/logo-dark.png","contentUrl":"https:\/\/selleetools.com\/wp-content\/uploads\/2021\/10\/logo-dark.png","width":320,"height":76,"caption":"Selleetools"},"image":{"@id":"https:\/\/selleetools.com\/#\/schema\/logo\/image\/"}},{"@type":"WebSite","@id":"https:\/\/selleetools.com\/#website","url":"https:\/\/selleetools.com\/","name":"Selleetools.com","description":"","publisher":{"@id":"https:\/\/selleetools.com\/#organization"},"potentialAction":[{"@type":"SearchAction","target":{"@type":"EntryPoint","urlTemplate":"https:\/\/selleetools.com\/?s={search_term_string}"},"query-input":"required name=search_term_string"}],"inLanguage":"pl-PL"},{"@type":"WebPage","@id":"https:\/\/selleetools.com\/pl\/product\/vt-cosmetics-mild-reedle-shot-50-2-step-mask-21-5-g-dwuetapowa-kuracja-do-twarzy\/","url":"https:\/\/selleetools.com\/pl\/product\/vt-cosmetics-mild-reedle-shot-50-2-step-mask-21-5-g-dwuetapowa-kuracja-do-twarzy\/","name":"VT COSMETICS MILD REEDLE SHOT 50 2-STEP MASK, 21.5 g dwuetapowa kuracja do twarzy - Selleetools.com","isPartOf":{"@id":"https:\/\/selleetools.com\/#website"},"datePublished":"2025-10-24T12:57:12+00:00","dateModified":"2025-11-04T17:21:14+00:00","breadcrumb":{"@id":"https:\/\/selleetools.com\/pl\/product\/vt-cosmetics-mild-reedle-shot-50-2-step-mask-21-5-g-dwuetapowa-kuracja-do-twarzy\/#breadcrumb"},"inLanguage":"pl-PL","potentialAction":[{"@type":"ReadAction","target":["https:\/\/selleetools.com\/pl\/product\/vt-cosmetics-mild-reedle-shot-50-2-step-mask-21-5-g-dwuetapowa-kuracja-do-twarzy\/"]}]},{"@type":"BreadcrumbList","@id":"https:\/\/selleetools.com\/pl\/product\/vt-cosmetics-mild-reedle-shot-50-2-step-mask-21-5-g-dwuetapowa-kuracja-do-twarzy\/#breadcrumb","itemListElement":[{"@type":"ListItem","position":1,"name":"Home","item":"https:\/\/selleetools.com\/pl\/"},{"@type":"ListItem","position":2,"name":"Katalog","item":"https:\/\/selleetools.com\/pl\/katalog\/"},{"@type":"ListItem","position":3,"name":"VT COSMETICS MILD REEDLE SHOT 50 2-STEP MASK, 21.5 g dwuetapowa kuracja do twarzy"}]}]}},"_links":{"self":[{"href":"https:\/\/admincentral.selleetools.com\/pl\/wp-json\/wp\/v2\/product\/610845"}],"collection":[{"href":"https:\/\/admincentral.selleetools.com\/pl\/wp-json\/wp\/v2\/product"}],"about":[{"href":"https:\/\/admincentral.selleetools.com\/pl\/wp-json\/wp\/v2\/types\/product"}],"replies":[{"embeddable":true,"href":"https:\/\/admincentral.selleetools.com\/pl\/wp-json\/wp\/v2\/comments?post=610845"}],"wp:featuredmedia":[{"embeddable":true,"href":"https:\/\/admincentral.selleetools.com\/pl\/wp-json\/wp\/v2\/media\/610843"}],"wp:attachment":[{"href":"https:\/\/admincentral.selleetools.com\/pl\/wp-json\/wp\/v2\/media?parent=610845"}],"curies":[{"name":"wp","href":"https:\/\/api.w.org\/{rel}","templated":true}]}}