{"id":613775,"date":"2025-10-28T14:45:05","date_gmt":"2025-10-28T13:45:05","guid":{"rendered":"https:\/\/selleetools.com\/?post_type=product&#038;p=613775"},"modified":"2026-01-25T14:43:51","modified_gmt":"2026-01-25T13:43:51","slug":"celimax-the-vita-a-retinol-shot-tightening-serum-30-ml-serum-z-retinolem","status":"publish","type":"product","link":"https:\/\/admincentral.selleetools.com\/pl\/product\/celimax-the-vita-a-retinol-shot-tightening-serum-30-ml-serum-z-retinolem\/","title":{"rendered":"celimax THE VITA-A Retinol Shot Tightening Serum 30 ml &#8211; serum z retinolem"},"content":{"rendered":"<p>Celimax THE VITA-A Retinol Shot Tightening Serum to serum przeciwzmarszczkowe, kt\u00f3re skutecznie uj\u0119drnia sk\u00f3r\u0119, zmniejsza widoczno\u015b\u0107 rozszerzonych por\u00f3w oraz poprawia wygl\u0105d drobnych zmarszczek. Dzi\u0119ki formule wzbogaconej o retinol (0.1%) oraz kompleks 9 peptyd\u00f3w, serum dzia\u0142a intensywnie na sk\u00f3r\u0119, poprawiaj\u0105c jej elastyczno\u015b\u0107 i promienno\u015b\u0107. Serum jest idealne dla os\u00f3b poszukuj\u0105cych rozwi\u0105zania na oznaki starzenia sk\u00f3ry.<\/p>\n<p>Korzy\u015bci dla sk\u00f3ry:<br \/>\nPoprawa j\u0119drno\u015bci sk\u00f3ry \u2013 serum intensywnie uj\u0119drnia sk\u00f3r\u0119, poprawiaj\u0105c jej elastyczno\u015b\u0107 i g\u0119sto\u015b\u0107.<br \/>\nRedukcja widoczno\u015bci por\u00f3w i zmarszczek \u2013 retinol wspomaga procesy regeneracyjne sk\u00f3ry, przyczyniaj\u0105c si\u0119 do zmniejszenia widoczno\u015bci por\u00f3w i drobnych zmarszczek.<br \/>\nIntensywne nawil\u017cenie i regeneracja \u2013 dzi\u0119ki zawarto\u015bci panthenolu (1%), serum dostarcza sk\u00f3rze g\u0142\u0119bokiego nawil\u017cenia i wspomaga jej regeneracj\u0119.<br \/>\nWzmocnienie bariery sk\u00f3rnej \u2013 kompleks peptyd\u00f3w i ekstrakty ro\u015blinne wspieraj\u0105 odbudow\u0119 bariery ochronnej sk\u00f3ry, chroni\u0105c j\u0105 przed utrat\u0105 wilgoci.<\/p>\n<p>Spos\u00f3b u\u017cycia:<br \/>\nNa oczyszczon\u0105 sk\u00f3r\u0119, po aplikacji toniku, na\u0142\u00f3\u017c niewielk\u0105 ilo\u015b\u0107 serum na ca\u0142\u0105 twarz, rozprowadzaj\u0105c je delikatnie w kierunku zewn\u0119trznym.<br \/>\nZe wzgl\u0119du na wysok\u0105 skuteczno\u015b\u0107 produktu, zaleca si\u0119 przetestowanie go na delikatnych obszarach sk\u00f3ry, takich jak wewn\u0119trzna strona ramion lub tylna cz\u0119\u015b\u0107 szyi, przed pe\u0142nym zastosowaniem.<br \/>\nNajlepiej stosowa\u0107 serum na noc. Je\u015bli u\u017cywasz go w ci\u0105gu dnia, pami\u0119taj o aplikacji kremu przeciws\u0142onecznego.<\/p>\n","protected":false},"excerpt":{"rendered":"<p>Celimax THE VITA-A Retinol Shot Tightening Serum to serum przeciwzmarszczkowe, kt\u00f3re skutecznie uj\u0119drnia sk\u00f3r\u0119, zmniejsza widoczno\u015b\u0107 rozszerzonych por\u00f3w oraz poprawia wygl\u0105d drobnych zmarszczek. Dzi\u0119ki formule wzbogaconej o retinol (0.1%) oraz kompleks 9 peptyd\u00f3w, serum dzia\u0142a intensywnie na sk\u00f3r\u0119, poprawiaj\u0105c jej elastyczno\u015b\u0107 i promienno\u015b\u0107. Serum jest idealne dla os\u00f3b poszukuj\u0105cych rozwi\u0105zania na oznaki starzenia sk\u00f3ry. Korzy\u015bci &#8230; <a title=\"celimax THE VITA-A Retinol Shot Tightening Serum 30 ml &#8211; serum z retinolem\" class=\"read-more\" href=\"https:\/\/admincentral.selleetools.com\/pl\/product\/celimax-the-vita-a-retinol-shot-tightening-serum-30-ml-serum-z-retinolem\/\">Read more<span class=\"screen-reader-text\">celimax THE VITA-A Retinol Shot Tightening Serum 30 ml &#8211; serum z retinolem<\/span><\/a><\/p>\n","protected":false},"featured_media":613773,"comment_status":"open","ping_status":"closed","template":"","meta":{"_links_to":"","_links_to_target":""},"yoast_head":"<!-- This site is optimized with the Yoast SEO plugin v19.4 - https:\/\/yoast.com\/wordpress\/plugins\/seo\/ -->\n<title>celimax THE VITA-A Retinol Shot Tightening Serum 30 ml - serum z retinolem - Selleetools.com<\/title>\n<meta name=\"robots\" content=\"index, follow, max-snippet:-1, max-image-preview:large, max-video-preview:-1\" \/>\n<link rel=\"canonical\" href=\"https:\/\/selleetools.com\/pl\/product\/celimax-the-vita-a-retinol-shot-tightening-serum-30-ml-serum-z-retinolem\/\" \/>\n<meta property=\"og:locale\" content=\"pl_PL\" \/>\n<meta property=\"og:type\" content=\"article\" \/>\n<meta property=\"og:title\" content=\"celimax THE VITA-A Retinol Shot Tightening Serum 30 ml - serum z retinolem - Selleetools.com\" \/>\n<meta property=\"og:description\" content=\"Celimax THE VITA-A Retinol Shot Tightening Serum to serum przeciwzmarszczkowe, kt\u00f3re skutecznie uj\u0119drnia sk\u00f3r\u0119, zmniejsza widoczno\u015b\u0107 rozszerzonych por\u00f3w oraz poprawia wygl\u0105d drobnych zmarszczek. Dzi\u0119ki formule wzbogaconej o retinol (0.1%) oraz kompleks 9 peptyd\u00f3w, serum dzia\u0142a intensywnie na sk\u00f3r\u0119, poprawiaj\u0105c jej elastyczno\u015b\u0107 i promienno\u015b\u0107. Serum jest idealne dla os\u00f3b poszukuj\u0105cych rozwi\u0105zania na oznaki starzenia sk\u00f3ry. Korzy\u015bci ... Read morecelimax THE VITA-A Retinol Shot Tightening Serum 30 ml &#8211; serum z retinolem\" \/>\n<meta property=\"og:url\" content=\"https:\/\/selleetools.com\/pl\/product\/celimax-the-vita-a-retinol-shot-tightening-serum-30-ml-serum-z-retinolem\/\" \/>\n<meta property=\"og:site_name\" content=\"Selleetools.com\" \/>\n<meta property=\"article:modified_time\" content=\"2026-01-25T13:43:51+00:00\" \/>\n<meta property=\"og:image\" content=\"https:\/\/selleetools.com\/wp-content\/uploads\/2025\/10\/c0a3152316badaf6b5052ef7670ecd45.png\" \/>\n\t<meta property=\"og:image:width\" content=\"1200\" \/>\n\t<meta property=\"og:image:height\" content=\"1200\" \/>\n\t<meta property=\"og:image:type\" content=\"image\/png\" \/>\n<meta name=\"twitter:card\" content=\"summary_large_image\" \/>\n<meta name=\"twitter:label1\" content=\"Est. reading time\" \/>\n\t<meta name=\"twitter:data1\" content=\"1 minuta\" \/>\n<!-- \/ Yoast SEO plugin. -->","yoast_head_json":{"title":"celimax THE VITA-A Retinol Shot Tightening Serum 30 ml - serum z retinolem - Selleetools.com","robots":{"index":"index","follow":"follow","max-snippet":"max-snippet:-1","max-image-preview":"max-image-preview:large","max-video-preview":"max-video-preview:-1"},"canonical":"https:\/\/selleetools.com\/pl\/product\/celimax-the-vita-a-retinol-shot-tightening-serum-30-ml-serum-z-retinolem\/","og_locale":"pl_PL","og_type":"article","og_title":"celimax THE VITA-A Retinol Shot Tightening Serum 30 ml - serum z retinolem - Selleetools.com","og_description":"Celimax THE VITA-A Retinol Shot Tightening Serum to serum przeciwzmarszczkowe, kt\u00f3re skutecznie uj\u0119drnia sk\u00f3r\u0119, zmniejsza widoczno\u015b\u0107 rozszerzonych por\u00f3w oraz poprawia wygl\u0105d drobnych zmarszczek. Dzi\u0119ki formule wzbogaconej o retinol (0.1%) oraz kompleks 9 peptyd\u00f3w, serum dzia\u0142a intensywnie na sk\u00f3r\u0119, poprawiaj\u0105c jej elastyczno\u015b\u0107 i promienno\u015b\u0107. Serum jest idealne dla os\u00f3b poszukuj\u0105cych rozwi\u0105zania na oznaki starzenia sk\u00f3ry. Korzy\u015bci ... Read morecelimax THE VITA-A Retinol Shot Tightening Serum 30 ml &#8211; serum z retinolem","og_url":"https:\/\/selleetools.com\/pl\/product\/celimax-the-vita-a-retinol-shot-tightening-serum-30-ml-serum-z-retinolem\/","og_site_name":"Selleetools.com","article_modified_time":"2026-01-25T13:43:51+00:00","og_image":[{"width":1200,"height":1200,"url":"https:\/\/selleetools.com\/wp-content\/uploads\/2025\/10\/c0a3152316badaf6b5052ef7670ecd45.png","type":"image\/png"}],"twitter_card":"summary_large_image","twitter_misc":{"Est. reading time":"1 minuta"},"schema":{"@context":"https:\/\/schema.org","@graph":[{"@type":"Organization","@id":"https:\/\/selleetools.com\/#organization","name":"Selleetools","url":"https:\/\/selleetools.com\/","sameAs":[],"logo":{"@type":"ImageObject","inLanguage":"pl-PL","@id":"https:\/\/selleetools.com\/#\/schema\/logo\/image\/","url":"https:\/\/selleetools.com\/wp-content\/uploads\/2021\/10\/logo-dark.png","contentUrl":"https:\/\/selleetools.com\/wp-content\/uploads\/2021\/10\/logo-dark.png","width":320,"height":76,"caption":"Selleetools"},"image":{"@id":"https:\/\/selleetools.com\/#\/schema\/logo\/image\/"}},{"@type":"WebSite","@id":"https:\/\/selleetools.com\/#website","url":"https:\/\/selleetools.com\/","name":"Selleetools.com","description":"","publisher":{"@id":"https:\/\/selleetools.com\/#organization"},"potentialAction":[{"@type":"SearchAction","target":{"@type":"EntryPoint","urlTemplate":"https:\/\/selleetools.com\/?s={search_term_string}"},"query-input":"required name=search_term_string"}],"inLanguage":"pl-PL"},{"@type":"WebPage","@id":"https:\/\/selleetools.com\/pl\/product\/celimax-the-vita-a-retinol-shot-tightening-serum-30-ml-serum-z-retinolem\/","url":"https:\/\/selleetools.com\/pl\/product\/celimax-the-vita-a-retinol-shot-tightening-serum-30-ml-serum-z-retinolem\/","name":"celimax THE VITA-A Retinol Shot Tightening Serum 30 ml - serum z retinolem - Selleetools.com","isPartOf":{"@id":"https:\/\/selleetools.com\/#website"},"datePublished":"2025-10-28T13:45:05+00:00","dateModified":"2026-01-25T13:43:51+00:00","breadcrumb":{"@id":"https:\/\/selleetools.com\/pl\/product\/celimax-the-vita-a-retinol-shot-tightening-serum-30-ml-serum-z-retinolem\/#breadcrumb"},"inLanguage":"pl-PL","potentialAction":[{"@type":"ReadAction","target":["https:\/\/selleetools.com\/pl\/product\/celimax-the-vita-a-retinol-shot-tightening-serum-30-ml-serum-z-retinolem\/"]}]},{"@type":"BreadcrumbList","@id":"https:\/\/selleetools.com\/pl\/product\/celimax-the-vita-a-retinol-shot-tightening-serum-30-ml-serum-z-retinolem\/#breadcrumb","itemListElement":[{"@type":"ListItem","position":1,"name":"Home","item":"https:\/\/selleetools.com\/pl\/"},{"@type":"ListItem","position":2,"name":"Katalog","item":"https:\/\/selleetools.com\/pl\/katalog\/"},{"@type":"ListItem","position":3,"name":"celimax THE VITA-A Retinol Shot Tightening Serum 30 ml &#8211; serum z retinolem"}]}]}},"_links":{"self":[{"href":"https:\/\/admincentral.selleetools.com\/pl\/wp-json\/wp\/v2\/product\/613775"}],"collection":[{"href":"https:\/\/admincentral.selleetools.com\/pl\/wp-json\/wp\/v2\/product"}],"about":[{"href":"https:\/\/admincentral.selleetools.com\/pl\/wp-json\/wp\/v2\/types\/product"}],"replies":[{"embeddable":true,"href":"https:\/\/admincentral.selleetools.com\/pl\/wp-json\/wp\/v2\/comments?post=613775"}],"wp:featuredmedia":[{"embeddable":true,"href":"https:\/\/admincentral.selleetools.com\/pl\/wp-json\/wp\/v2\/media\/613773"}],"wp:attachment":[{"href":"https:\/\/admincentral.selleetools.com\/pl\/wp-json\/wp\/v2\/media?parent=613775"}],"curies":[{"name":"wp","href":"https:\/\/api.w.org\/{rel}","templated":true}]}}