{"id":624444,"date":"2025-11-13T15:36:02","date_gmt":"2025-11-13T14:36:02","guid":{"rendered":"https:\/\/selleetools.com\/product\/bajo-ul-pszczela-rodzina-drewniane-klocki-97580\/"},"modified":"2025-11-13T15:52:59","modified_gmt":"2025-11-13T14:52:59","slug":"bajo-ul-pszczela-rodzina-drewniane-klocki-97580","status":"publish","type":"product","link":"https:\/\/admincentral.selleetools.com\/pl\/product\/bajo-ul-pszczela-rodzina-drewniane-klocki-97580\/","title":{"rendered":"BAJO &#8211; Ul &#8211; Pszczela Rodzina &#8211; drewniane klocki &#8211; 97580"},"content":{"rendered":"<h1 class=\"h1\">Plaster miodu<\/h1>\n<div class=\"product-prices\">\n<div class=\"product-price h5\">\u00a0<\/div>\n<div class=\"tax-shipping-delivery-label\">\u00a0<\/div>\n<\/div>\n<p><!-- x-tinymce\/html --><\/p>\n<div class=\"product-information\">\n<div id=\"product-description-short-278\">Zestaw klock\u00f3w &#8220;Plaster miodu&#8221; sk\u0142ada si\u0119 z 30 element\u00f3w, kt\u00f3re mo\u017cna ze sob\u0105 \u0142\u0105czy\u0107 w dowolnej konfiguracji.<\/p>\n<h2>Ul &#8211; Pszczela Rodzina<\/h2>\n<p>Pszczo\u0142y to jedne z najwa\u017cniejszych stworze\u0144 na Ziemi. Dzi\u0119ki ich pracy na ziemi istnieje wiele odmian ro\u015blin, warzyw i owoc\u00f3w. Mieszka\u0144cy ula musz\u0105 wsp\u00f3\u0142pracowa\u0107 by wsp\u00f3lnie zadba\u0107 o swoje bezpiecze\u0144stwo i zdrowie. Ul to zestaw 30 drewnianych klock\u00f3w wprowadzaj\u0105cych w geniusz rodziny pszcz\u00f3\u0142. Sze\u015bciok\u0105tne bloki ucz\u0105 nie tylko budowy plastra miodu, ale s\u0105 drzwiami do fantastycznego \u015bwiata pszcz\u00f3\u0142 ukrytego w ulu. Klocki maj\u0105 r\u00f3\u017cne kolory i nadruki przedstawiaj\u0105ce: mi\u00f3d, robotnice, jajka, larwy, trutnie i kr\u00f3low\u0105. Klocki mog\u0105 s\u0142u\u017cy\u0107 do odtwarzania\u00a0ekosystemu pszcz\u00f3\u0142. Dodatkowo z klock\u00f3w mo\u017cna te\u017c budowa\u0107 zwariowane konstrukcje,\u00a0co rozwija wyobra\u017anie przestrzenn\u0105. \u00a0<\/p>\n<div class=\"product-manufacturer\"><label class=\"label\">Marka: BAJO<\/label><\/div>\n<div class=\"product-manufacturer\"><a href=\"https:\/\/buybajo.com\/pl\/brand\/1-bajo\"><img loading=\"lazy\" class=\"img img-thumbnail manufacturer-logo\" src=\"https:\/\/buybajo.com\/img\/m\/1.jpg\" alt=\"BAJO\" width=\"70\" height=\"70\" \/><\/a><\/div>\n<div class=\"product-quantities\">\u00a0<\/div>\n<div class=\"product-reference\"><label class=\"label\">Indeks:<\/label>\u00a097580<\/div>\n<div class=\"product-reference\"><label class=\"label\">EAN13:<\/label>\u00a05906554297581<\/div>\n<div class=\"product-reference\"><label class=\"label\">MPN:<\/label>\u00a097580<\/div>\n<div class=\"product-out-of-stock\">\u00a0<\/div>\n<section class=\"product-features\">\n<h3 class=\"h6\">Opis<\/h3>\n<dl class=\"data-sheet\">\n<dt class=\"name\">Grupa wiekowa<\/dt>\n<dd class=\"value\">3+<\/dd>\n<dt class=\"name\">Materia\u0142<\/dt>\n<dd class=\"value\">Drewno buk<\/dd>\n<dt class=\"name\">Materia\u0142<\/dt>\n<dd class=\"value\">Drewno jawor<\/dd>\n<dt class=\"name\">Ilo\u015b\u0107 element\u00f3w<\/dt>\n<dd class=\"value\">30<\/dd>\n<\/dl>\n<\/section>\n<section class=\"product-features\">\n<h3 class=\"h6\">Wymiary<\/h3>\n<dl class=\"data-sheet\">\n<dt class=\"name\">Szeroko\u015b\u0107\u00a0\/\u00a0Wysoko\u015b\u0107\u00a0\/\u00a0G\u0142\u0119boko\u015b\u0107<\/dt>\n<dd class=\"value\">13.50\u00a0cm\u00a0\/\u00a0 14.00\u00a0cm\u00a0\/\u00a0 15.00\u00a0cm<\/dd>\n<dt class=\"name\">Waga<\/dt>\n<dd class=\"value\">0.50 kg<\/dd>\n<\/dl>\n<\/section>\n<\/div>\n<\/div>\n","protected":false},"excerpt":{"rendered":"<p>Plaster miodu \u00a0 \u00a0 Zestaw klock\u00f3w &#8220;Plaster miodu&#8221; sk\u0142ada si\u0119 z 30 element\u00f3w, kt\u00f3re mo\u017cna ze sob\u0105 \u0142\u0105czy\u0107 w dowolnej konfiguracji. Ul &#8211; Pszczela Rodzina Pszczo\u0142y to jedne z najwa\u017cniejszych stworze\u0144 na Ziemi. Dzi\u0119ki ich pracy na ziemi istnieje wiele odmian ro\u015blin, warzyw i owoc\u00f3w. Mieszka\u0144cy ula musz\u0105 wsp\u00f3\u0142pracowa\u0107 by wsp\u00f3lnie zadba\u0107 o swoje bezpiecze\u0144stwo &#8230; <a title=\"BAJO &#8211; Ul &#8211; Pszczela Rodzina &#8211; drewniane klocki &#8211; 97580\" class=\"read-more\" href=\"https:\/\/admincentral.selleetools.com\/pl\/product\/bajo-ul-pszczela-rodzina-drewniane-klocki-97580\/\">Read more<span class=\"screen-reader-text\">BAJO &#8211; Ul &#8211; Pszczela Rodzina &#8211; drewniane klocki &#8211; 97580<\/span><\/a><\/p>\n","protected":false},"featured_media":624434,"comment_status":"closed","ping_status":"closed","template":"","meta":{"_links_to":"","_links_to_target":""},"yoast_head":"<!-- This site is optimized with the Yoast SEO plugin v19.4 - https:\/\/yoast.com\/wordpress\/plugins\/seo\/ -->\n<title>BAJO - Ul - Pszczela Rodzina - drewniane klocki - 97580 - Selleetools.com<\/title>\n<meta name=\"robots\" content=\"index, follow, max-snippet:-1, max-image-preview:large, max-video-preview:-1\" \/>\n<link rel=\"canonical\" href=\"https:\/\/selleetools.com\/product\/bajo-ul-pszczela-rodzina-drewniane-klocki-97580\/\" \/>\n<meta property=\"og:locale\" content=\"pl_PL\" \/>\n<meta property=\"og:type\" content=\"article\" \/>\n<meta property=\"og:title\" content=\"BAJO - Ul - Pszczela Rodzina - drewniane klocki - 97580 - Selleetools.com\" \/>\n<meta property=\"og:description\" content=\"Plaster miodu \u00a0 \u00a0 Zestaw klock\u00f3w &#8220;Plaster miodu&#8221; sk\u0142ada si\u0119 z 30 element\u00f3w, kt\u00f3re mo\u017cna ze sob\u0105 \u0142\u0105czy\u0107 w dowolnej konfiguracji. Ul &#8211; Pszczela Rodzina Pszczo\u0142y to jedne z najwa\u017cniejszych stworze\u0144 na Ziemi. Dzi\u0119ki ich pracy na ziemi istnieje wiele odmian ro\u015blin, warzyw i owoc\u00f3w. Mieszka\u0144cy ula musz\u0105 wsp\u00f3\u0142pracowa\u0107 by wsp\u00f3lnie zadba\u0107 o swoje bezpiecze\u0144stwo ... Read moreBAJO &#8211; Ul &#8211; Pszczela Rodzina &#8211; drewniane klocki &#8211; 97580\" \/>\n<meta property=\"og:url\" content=\"https:\/\/selleetools.com\/product\/bajo-ul-pszczela-rodzina-drewniane-klocki-97580\/\" \/>\n<meta property=\"og:site_name\" content=\"Selleetools.com\" \/>\n<meta property=\"article:modified_time\" content=\"2025-11-13T14:52:59+00:00\" \/>\n<meta property=\"og:image\" content=\"https:\/\/selleetools.com\/wp-content\/uploads\/2025\/11\/plaster-miodu-4.jpg\" \/>\n\t<meta property=\"og:image:width\" content=\"800\" \/>\n\t<meta property=\"og:image:height\" content=\"800\" \/>\n\t<meta property=\"og:image:type\" content=\"image\/jpeg\" \/>\n<meta name=\"twitter:card\" content=\"summary_large_image\" \/>\n<meta name=\"twitter:label1\" content=\"Est. reading time\" \/>\n\t<meta name=\"twitter:data1\" content=\"1 minuta\" \/>\n<!-- \/ Yoast SEO plugin. -->","yoast_head_json":{"title":"BAJO - Ul - Pszczela Rodzina - drewniane klocki - 97580 - Selleetools.com","robots":{"index":"index","follow":"follow","max-snippet":"max-snippet:-1","max-image-preview":"max-image-preview:large","max-video-preview":"max-video-preview:-1"},"canonical":"https:\/\/selleetools.com\/product\/bajo-ul-pszczela-rodzina-drewniane-klocki-97580\/","og_locale":"pl_PL","og_type":"article","og_title":"BAJO - Ul - Pszczela Rodzina - drewniane klocki - 97580 - Selleetools.com","og_description":"Plaster miodu \u00a0 \u00a0 Zestaw klock\u00f3w &#8220;Plaster miodu&#8221; sk\u0142ada si\u0119 z 30 element\u00f3w, kt\u00f3re mo\u017cna ze sob\u0105 \u0142\u0105czy\u0107 w dowolnej konfiguracji. Ul &#8211; Pszczela Rodzina Pszczo\u0142y to jedne z najwa\u017cniejszych stworze\u0144 na Ziemi. Dzi\u0119ki ich pracy na ziemi istnieje wiele odmian ro\u015blin, warzyw i owoc\u00f3w. Mieszka\u0144cy ula musz\u0105 wsp\u00f3\u0142pracowa\u0107 by wsp\u00f3lnie zadba\u0107 o swoje bezpiecze\u0144stwo ... Read moreBAJO &#8211; Ul &#8211; Pszczela Rodzina &#8211; drewniane klocki &#8211; 97580","og_url":"https:\/\/selleetools.com\/product\/bajo-ul-pszczela-rodzina-drewniane-klocki-97580\/","og_site_name":"Selleetools.com","article_modified_time":"2025-11-13T14:52:59+00:00","og_image":[{"width":800,"height":800,"url":"https:\/\/selleetools.com\/wp-content\/uploads\/2025\/11\/plaster-miodu-4.jpg","type":"image\/jpeg"}],"twitter_card":"summary_large_image","twitter_misc":{"Est. reading time":"1 minuta"},"schema":{"@context":"https:\/\/schema.org","@graph":[{"@type":"Organization","@id":"https:\/\/selleetools.com\/#organization","name":"Selleetools","url":"https:\/\/selleetools.com\/","sameAs":[],"logo":{"@type":"ImageObject","inLanguage":"pl-PL","@id":"https:\/\/selleetools.com\/#\/schema\/logo\/image\/","url":"https:\/\/selleetools.com\/wp-content\/uploads\/2021\/10\/logo-dark.png","contentUrl":"https:\/\/selleetools.com\/wp-content\/uploads\/2021\/10\/logo-dark.png","width":320,"height":76,"caption":"Selleetools"},"image":{"@id":"https:\/\/selleetools.com\/#\/schema\/logo\/image\/"}},{"@type":"WebSite","@id":"https:\/\/selleetools.com\/#website","url":"https:\/\/selleetools.com\/","name":"Selleetools.com","description":"","publisher":{"@id":"https:\/\/selleetools.com\/#organization"},"potentialAction":[{"@type":"SearchAction","target":{"@type":"EntryPoint","urlTemplate":"https:\/\/selleetools.com\/?s={search_term_string}"},"query-input":"required name=search_term_string"}],"inLanguage":"pl-PL"},{"@type":"WebPage","@id":"https:\/\/selleetools.com\/product\/bajo-ul-pszczela-rodzina-drewniane-klocki-97580\/","url":"https:\/\/selleetools.com\/product\/bajo-ul-pszczela-rodzina-drewniane-klocki-97580\/","name":"BAJO - Ul - Pszczela Rodzina - drewniane klocki - 97580 - Selleetools.com","isPartOf":{"@id":"https:\/\/selleetools.com\/#website"},"datePublished":"2025-11-13T14:36:02+00:00","dateModified":"2025-11-13T14:52:59+00:00","breadcrumb":{"@id":"https:\/\/selleetools.com\/product\/bajo-ul-pszczela-rodzina-drewniane-klocki-97580\/#breadcrumb"},"inLanguage":"pl-PL","potentialAction":[{"@type":"ReadAction","target":["https:\/\/selleetools.com\/product\/bajo-ul-pszczela-rodzina-drewniane-klocki-97580\/"]}]},{"@type":"BreadcrumbList","@id":"https:\/\/selleetools.com\/product\/bajo-ul-pszczela-rodzina-drewniane-klocki-97580\/#breadcrumb","itemListElement":[{"@type":"ListItem","position":1,"name":"Home","item":"https:\/\/selleetools.com\/pl\/"},{"@type":"ListItem","position":2,"name":"Katalog","item":"https:\/\/selleetools.com\/pl\/katalog\/"},{"@type":"ListItem","position":3,"name":"BAJO &#8211; Ul &#8211; Pszczela Rodzina &#8211; drewniane klocki &#8211; 97580"}]}]}},"_links":{"self":[{"href":"https:\/\/admincentral.selleetools.com\/pl\/wp-json\/wp\/v2\/product\/624444"}],"collection":[{"href":"https:\/\/admincentral.selleetools.com\/pl\/wp-json\/wp\/v2\/product"}],"about":[{"href":"https:\/\/admincentral.selleetools.com\/pl\/wp-json\/wp\/v2\/types\/product"}],"replies":[{"embeddable":true,"href":"https:\/\/admincentral.selleetools.com\/pl\/wp-json\/wp\/v2\/comments?post=624444"}],"wp:featuredmedia":[{"embeddable":true,"href":"https:\/\/admincentral.selleetools.com\/pl\/wp-json\/wp\/v2\/media\/624434"}],"wp:attachment":[{"href":"https:\/\/admincentral.selleetools.com\/pl\/wp-json\/wp\/v2\/media?parent=624444"}],"curies":[{"name":"wp","href":"https:\/\/api.w.org\/{rel}","templated":true}]}}