{"id":624450,"date":"2025-11-14T09:02:34","date_gmt":"2025-11-14T08:02:34","guid":{"rendered":"https:\/\/selleetools.com\/product\/bajo-zamek-drewniany-z-klockow-33910\/"},"modified":"2025-11-18T11:54:05","modified_gmt":"2025-11-18T10:54:05","slug":"bajo-zamek-drewniany-z-klockow-33910","status":"publish","type":"product","link":"https:\/\/admincentral.selleetools.com\/pl\/product\/bajo-zamek-drewniany-z-klockow-33910\/","title":{"rendered":"BAJO &#8211; Zamek drewniany z klock\u00f3w &#8211; 33910"},"content":{"rendered":"<h2>Zamek w Wi\u015bniczu<\/h2>\n<p class=\"p1\"><span class=\"s1\"><b>Zamek do samodzielnego z\u0142o\u017cenia<\/b><\/span>\u00a0to unikalna drewniana zabawka konstrukcyjna, kt\u00f3ra przenosi dzieci w \u015bwiat \u015bredniowiecznych zamk\u00f3w i rycerskich przyg\u00f3d. Zestaw sk\u0142ada si\u0119 z\u00a0<span class=\"s1\"><b>25<\/b><\/span>\u00a0starannie wykonanych drewnianych element\u00f3w, kt\u00f3re pozwalaj\u0105 na budowanie r\u00f3\u017cnych wersji zamku, pobudzaj\u0105c kreatywno\u015b\u0107 i rozwijaj\u0105c zdolno\u015bci manualne. Dzi\u0119ki realistycznym detalom i solidnej konstrukcji, zabawka \u0142\u0105czy nauk\u0119 historii z nieko\u0144cz\u0105c\u0105 si\u0119 zabaw\u0105.<\/p>\n<p class=\"p3\"><b>Dlaczego warto wybra\u0107 Zamek w Wi\u015bniczu od BAJO?<\/b><\/p>\n<p class=\"p1\">\u2022\u00a0<span class=\"s1\"><b>Rozw\u00f3j kreatywno\u015bci<\/b><\/span>\u00a0\u2013 Mo\u017cliwo\u015b\u0107 budowania r\u00f3\u017cnych wersji zamku rozwija wyobra\u017ani\u0119 przestrzenn\u0105 i kreatywne my\u015blenie.<\/p>\n<p class=\"p1\">\u2022\u00a0<span class=\"s1\"><b>Nauka historii przez zabaw\u0119<\/b><\/span>\u00a0\u2013 Dziecko poznaje elementy architektury zamkowej i mo\u017ce wymy\u015bla\u0107 przygody z rycerzami i ksi\u0119\u017cniczkami.<\/p>\n<p class=\"p1\">\u2022\u00a0<span class=\"s1\"><b>Rozw\u00f3j zdolno\u015bci manualnych<\/b><\/span>\u00a0\u2013 Uk\u0142adanie i \u0142\u0105czenie element\u00f3w wspiera rozw\u00f3j koordynacji r\u0119ka-oko oraz precyzj\u0119 ruch\u00f3w.<\/p>\n<p class=\"p1\">\u2022\u00a0<span class=\"s1\"><b>Zabawa edukacyjna<\/b><\/span>\u00a0\u2013 Rozwijanie logicznego my\u015blenia oraz umiej\u0119tno\u015bci planowania przestrzennego.<\/p>\n<p class=\"p1\">\u2022\u00a0<span class=\"s1\"><b>Bezpieczny i ekologiczny<\/b><\/span>\u00a0\u2013 Wykonany z naturalnego drewna i pomalowany bezpiecznymi farbami na bazie wody, co czyni go przyjaznym dla dzieci i \u015brodowiska.<\/p>\n<p class=\"p1\">Produkt w ca\u0142o\u015bci\u00a0<span class=\"s1\"><b>wykonany w Europie<\/b><\/span>\u00a0z polskiego certyfikowanego drewna, pozyskanego w spos\u00f3b zr\u00f3wnowa\u017cony z karkonoskich las\u00f3w. Zabawka spe\u0142nia wszystkie europejskie normy bezpiecze\u0144stwa i przesz\u0142a rygorystyczne testy, gwarantuj\u0105c bezpieczn\u0105 zabaw\u0119.<\/p>\n<p class=\"p1\">Zabawki\u00a0<span class=\"s1\"><b>BAJO<\/b><\/span>\u00a0charakteryzuje trwa\u0142o\u015b\u0107, estetyczny design i ekologiczny wymiar. Wybieraj\u0105c nasze produkty wspierasz lokalne rzemios\u0142o i \u015bwiadome podej\u015bcie do \u015brodowiska. To wyb\u00f3r, kt\u00f3ry \u0142\u0105czy warto\u015bciow\u0105 zabaw\u0119 z dba\u0142o\u015bci\u0105 o przysz\u0142o\u015b\u0107 naszej planety.<\/p>\n<p class=\"p1\"><span class=\"s1\"><b>Rozmiar zabawki:<\/b><\/span>\u00a015 cm x 15 cm x 10,8 cm<\/p>\n<p class=\"p1\"><span class=\"s1\"><b>Opakowanie:<\/b><\/span>\u00a016,3 cm x 15,5 cm x 12 cm<\/p>\n<div class=\"product-manufacturer\"><label class=\"label\">Marka: BAJO<\/label><\/div>\n<div class=\"product-manufacturer\"><a href=\"https:\/\/buybajo.com\/pl\/brand\/1-bajo\"><img loading=\"lazy\" class=\"img img-thumbnail manufacturer-logo\" src=\"https:\/\/buybajo.com\/img\/m\/1.jpg\" alt=\"BAJO\" width=\"117\" height=\"117\" \/><\/a><\/div>\n<div class=\"product-reference\"><\/div>\n<div class=\"product-reference\"><label class=\"label\">EAN13:<\/label>\u00a05906554233916<\/div>\n<div class=\"product-reference\"><label class=\"label\">MPN:<\/label>\u00a033910<\/div>\n<div class=\"product-out-of-stock\"><\/div>\n<section class=\"product-features\">\n<h3 class=\"h6\">Opis<\/h3>\n<dl class=\"data-sheet\">\n<dt class=\"name\">Grupa wiekowa<\/dt>\n<dd class=\"value\">1,5+<\/dd>\n<dt class=\"name\">Materia\u0142<\/dt>\n<dd class=\"value\">Drewno buk<\/dd>\n<dt class=\"name\">Materia\u0142<\/dt>\n<dd class=\"value\">Drewno jawor<\/dd>\n<dt class=\"name\">Ilo\u015b\u0107 element\u00f3w<\/dt>\n<dd class=\"value\">25<\/dd>\n<\/dl>\n<\/section>\n<p><!-- x-tinymce\/html --><\/p>\n<section class=\"product-features\">\n<h3 class=\"h6\">Wymiary<\/h3>\n<dl class=\"data-sheet\">\n<dt class=\"name\">Szeroko\u015b\u0107\u00a0\/\u00a0Wysoko\u015b\u0107\u00a0\/\u00a0G\u0142\u0119boko\u015b\u0107<\/dt>\n<dd class=\"value\">16.30 cm \/\u00a0 15.50 cm \/\u00a0 12.00 cm<\/dd>\n<\/dl>\n<\/section>\n","protected":false},"excerpt":{"rendered":"<p>Zamek w Wi\u015bniczu Zamek do samodzielnego z\u0142o\u017cenia\u00a0to unikalna drewniana zabawka konstrukcyjna, kt\u00f3ra przenosi dzieci w \u015bwiat \u015bredniowiecznych zamk\u00f3w i rycerskich przyg\u00f3d. Zestaw sk\u0142ada si\u0119 z\u00a025\u00a0starannie wykonanych drewnianych element\u00f3w, kt\u00f3re pozwalaj\u0105 na budowanie r\u00f3\u017cnych wersji zamku, pobudzaj\u0105c kreatywno\u015b\u0107 i rozwijaj\u0105c zdolno\u015bci manualne. Dzi\u0119ki realistycznym detalom i solidnej konstrukcji, zabawka \u0142\u0105czy nauk\u0119 historii z nieko\u0144cz\u0105c\u0105 si\u0119 zabaw\u0105. &#8230; <a title=\"BAJO &#8211; Zamek drewniany z klock\u00f3w &#8211; 33910\" class=\"read-more\" href=\"https:\/\/admincentral.selleetools.com\/pl\/product\/bajo-zamek-drewniany-z-klockow-33910\/\">Read more<span class=\"screen-reader-text\">BAJO &#8211; Zamek drewniany z klock\u00f3w &#8211; 33910<\/span><\/a><\/p>\n","protected":false},"featured_media":624446,"comment_status":"open","ping_status":"closed","template":"","meta":{"_links_to":"","_links_to_target":""},"yoast_head":"<!-- This site is optimized with the Yoast SEO plugin v19.4 - https:\/\/yoast.com\/wordpress\/plugins\/seo\/ -->\n<title>BAJO - Zamek drewniany z klock\u00f3w - 33910 - Selleetools.com<\/title>\n<meta name=\"robots\" content=\"index, follow, max-snippet:-1, max-image-preview:large, max-video-preview:-1\" \/>\n<link rel=\"canonical\" href=\"https:\/\/selleetools.com\/product\/bajo-zamek-drewniany-z-klockow-33910\/\" \/>\n<meta property=\"og:locale\" content=\"pl_PL\" \/>\n<meta property=\"og:type\" content=\"article\" \/>\n<meta property=\"og:title\" content=\"BAJO - Zamek drewniany z klock\u00f3w - 33910 - Selleetools.com\" \/>\n<meta property=\"og:description\" content=\"Zamek w Wi\u015bniczu Zamek do samodzielnego z\u0142o\u017cenia\u00a0to unikalna drewniana zabawka konstrukcyjna, kt\u00f3ra przenosi dzieci w \u015bwiat \u015bredniowiecznych zamk\u00f3w i rycerskich przyg\u00f3d. Zestaw sk\u0142ada si\u0119 z\u00a025\u00a0starannie wykonanych drewnianych element\u00f3w, kt\u00f3re pozwalaj\u0105 na budowanie r\u00f3\u017cnych wersji zamku, pobudzaj\u0105c kreatywno\u015b\u0107 i rozwijaj\u0105c zdolno\u015bci manualne. Dzi\u0119ki realistycznym detalom i solidnej konstrukcji, zabawka \u0142\u0105czy nauk\u0119 historii z nieko\u0144cz\u0105c\u0105 si\u0119 zabaw\u0105. ... Read moreBAJO &#8211; Zamek drewniany z klock\u00f3w &#8211; 33910\" \/>\n<meta property=\"og:url\" content=\"https:\/\/selleetools.com\/product\/bajo-zamek-drewniany-z-klockow-33910\/\" \/>\n<meta property=\"og:site_name\" content=\"Selleetools.com\" \/>\n<meta property=\"article:modified_time\" content=\"2025-11-18T10:54:05+00:00\" \/>\n<meta property=\"og:image\" content=\"https:\/\/selleetools.com\/wp-content\/uploads\/2025\/11\/zamek-1.jpg\" \/>\n\t<meta property=\"og:image:width\" content=\"800\" \/>\n\t<meta property=\"og:image:height\" content=\"800\" \/>\n\t<meta property=\"og:image:type\" content=\"image\/jpeg\" \/>\n<meta name=\"twitter:card\" content=\"summary_large_image\" \/>\n<meta name=\"twitter:label1\" content=\"Est. reading time\" \/>\n\t<meta name=\"twitter:data1\" content=\"1 minuta\" \/>\n<!-- \/ Yoast SEO plugin. -->","yoast_head_json":{"title":"BAJO - Zamek drewniany z klock\u00f3w - 33910 - Selleetools.com","robots":{"index":"index","follow":"follow","max-snippet":"max-snippet:-1","max-image-preview":"max-image-preview:large","max-video-preview":"max-video-preview:-1"},"canonical":"https:\/\/selleetools.com\/product\/bajo-zamek-drewniany-z-klockow-33910\/","og_locale":"pl_PL","og_type":"article","og_title":"BAJO - Zamek drewniany z klock\u00f3w - 33910 - Selleetools.com","og_description":"Zamek w Wi\u015bniczu Zamek do samodzielnego z\u0142o\u017cenia\u00a0to unikalna drewniana zabawka konstrukcyjna, kt\u00f3ra przenosi dzieci w \u015bwiat \u015bredniowiecznych zamk\u00f3w i rycerskich przyg\u00f3d. Zestaw sk\u0142ada si\u0119 z\u00a025\u00a0starannie wykonanych drewnianych element\u00f3w, kt\u00f3re pozwalaj\u0105 na budowanie r\u00f3\u017cnych wersji zamku, pobudzaj\u0105c kreatywno\u015b\u0107 i rozwijaj\u0105c zdolno\u015bci manualne. Dzi\u0119ki realistycznym detalom i solidnej konstrukcji, zabawka \u0142\u0105czy nauk\u0119 historii z nieko\u0144cz\u0105c\u0105 si\u0119 zabaw\u0105. ... Read moreBAJO &#8211; Zamek drewniany z klock\u00f3w &#8211; 33910","og_url":"https:\/\/selleetools.com\/product\/bajo-zamek-drewniany-z-klockow-33910\/","og_site_name":"Selleetools.com","article_modified_time":"2025-11-18T10:54:05+00:00","og_image":[{"width":800,"height":800,"url":"https:\/\/selleetools.com\/wp-content\/uploads\/2025\/11\/zamek-1.jpg","type":"image\/jpeg"}],"twitter_card":"summary_large_image","twitter_misc":{"Est. reading time":"1 minuta"},"schema":{"@context":"https:\/\/schema.org","@graph":[{"@type":"Organization","@id":"https:\/\/selleetools.com\/#organization","name":"Selleetools","url":"https:\/\/selleetools.com\/","sameAs":[],"logo":{"@type":"ImageObject","inLanguage":"pl-PL","@id":"https:\/\/selleetools.com\/#\/schema\/logo\/image\/","url":"https:\/\/selleetools.com\/wp-content\/uploads\/2021\/10\/logo-dark.png","contentUrl":"https:\/\/selleetools.com\/wp-content\/uploads\/2021\/10\/logo-dark.png","width":320,"height":76,"caption":"Selleetools"},"image":{"@id":"https:\/\/selleetools.com\/#\/schema\/logo\/image\/"}},{"@type":"WebSite","@id":"https:\/\/selleetools.com\/#website","url":"https:\/\/selleetools.com\/","name":"Selleetools.com","description":"","publisher":{"@id":"https:\/\/selleetools.com\/#organization"},"potentialAction":[{"@type":"SearchAction","target":{"@type":"EntryPoint","urlTemplate":"https:\/\/selleetools.com\/?s={search_term_string}"},"query-input":"required name=search_term_string"}],"inLanguage":"pl-PL"},{"@type":"WebPage","@id":"https:\/\/selleetools.com\/product\/bajo-zamek-drewniany-z-klockow-33910\/","url":"https:\/\/selleetools.com\/product\/bajo-zamek-drewniany-z-klockow-33910\/","name":"BAJO - Zamek drewniany z klock\u00f3w - 33910 - Selleetools.com","isPartOf":{"@id":"https:\/\/selleetools.com\/#website"},"datePublished":"2025-11-14T08:02:34+00:00","dateModified":"2025-11-18T10:54:05+00:00","breadcrumb":{"@id":"https:\/\/selleetools.com\/product\/bajo-zamek-drewniany-z-klockow-33910\/#breadcrumb"},"inLanguage":"pl-PL","potentialAction":[{"@type":"ReadAction","target":["https:\/\/selleetools.com\/product\/bajo-zamek-drewniany-z-klockow-33910\/"]}]},{"@type":"BreadcrumbList","@id":"https:\/\/selleetools.com\/product\/bajo-zamek-drewniany-z-klockow-33910\/#breadcrumb","itemListElement":[{"@type":"ListItem","position":1,"name":"Home","item":"https:\/\/selleetools.com\/pl\/"},{"@type":"ListItem","position":2,"name":"Katalog","item":"https:\/\/selleetools.com\/pl\/katalog\/"},{"@type":"ListItem","position":3,"name":"BAJO &#8211; Zamek drewniany z klock\u00f3w &#8211; 33910"}]}]}},"_links":{"self":[{"href":"https:\/\/admincentral.selleetools.com\/pl\/wp-json\/wp\/v2\/product\/624450"}],"collection":[{"href":"https:\/\/admincentral.selleetools.com\/pl\/wp-json\/wp\/v2\/product"}],"about":[{"href":"https:\/\/admincentral.selleetools.com\/pl\/wp-json\/wp\/v2\/types\/product"}],"replies":[{"embeddable":true,"href":"https:\/\/admincentral.selleetools.com\/pl\/wp-json\/wp\/v2\/comments?post=624450"}],"wp:featuredmedia":[{"embeddable":true,"href":"https:\/\/admincentral.selleetools.com\/pl\/wp-json\/wp\/v2\/media\/624446"}],"wp:attachment":[{"href":"https:\/\/admincentral.selleetools.com\/pl\/wp-json\/wp\/v2\/media?parent=624450"}],"curies":[{"name":"wp","href":"https:\/\/api.w.org\/{rel}","templated":true}]}}