{"id":624455,"date":"2025-11-14T09:05:27","date_gmt":"2025-11-14T08:05:27","guid":{"rendered":"https:\/\/selleetools.com\/product\/bajo-waga-drewniana-sensoryczna-34610\/"},"modified":"2025-11-14T09:05:27","modified_gmt":"2025-11-14T08:05:27","slug":"bajo-waga-drewniana-sensoryczna-34610","status":"publish","type":"product","link":"https:\/\/admincentral.selleetools.com\/pl\/product\/bajo-waga-drewniana-sensoryczna-34610\/","title":{"rendered":"BAJO &#8211; Waga drewniana sensoryczna &#8211; 34610"},"content":{"rendered":"<h2>Waga<\/h2>\n<p class=\"p1\">Waga to zabawka edukacyjna, kt\u00f3ra pozwala dzieciom na eksperymentowanie z r\u00f3wnowag\u0105, wag\u0105 i rozmieszczeniem obci\u0105\u017ce\u0144. Dzi\u0119ki niej maluchy odkrywaj\u0105 zale\u017cno\u015bci mi\u0119dzy wielko\u015bci\u0105, ci\u0119\u017carem i po\u0142o\u017ceniem element\u00f3w, ucz\u0105c si\u0119 przy tym podstawowych zasad fizyki w przyst\u0119pny i anga\u017cuj\u0105cy spos\u00f3b.<\/p>\n<p class=\"p1\">Suma wag klock\u00f3w po obu stronach platformy mo\u017ce by\u0107 jednakowa, ale ich rozmiar, ci\u0119\u017car i kolor s\u0105 r\u00f3\u017cne. Poziom wagi zmienia si\u0119 w zale\u017cno\u015bci od tego, w jaki spos\u00f3b klocki zostan\u0105 rozmieszczone. Zadaniem dziecka jest takie u\u0142o\u017cenie klock\u00f3w, aby uzyska\u0107 idealn\u0105 r\u00f3wnowag\u0119 mi\u0119dzy obiema stronami. Mo\u017cliwo\u015b\u0107 niestandardowego rozmieszczania element\u00f3w sprawia, \u017ce zabawa staje si\u0119 prawdziwym wyzwaniem i zach\u0119ca do eksperymentowania.<\/p>\n<p class=\"p3\">\n<p class=\"p3\"><b>Co rozwija zabawa wag\u0105?<\/b><\/p>\n<p class=\"p1\">\u2022 Wprowadza w \u015bwiat podstawowych zasad fizyki<\/p>\n<p class=\"p1\">\u2022 Wspiera logiczne my\u015blenie i rozwi\u0105zywanie problem\u00f3w<\/p>\n<p class=\"p1\">\u2022 \u0106wiczy precyzj\u0119 ruch\u00f3w i zdolno\u015bci manualne<\/p>\n<p class=\"p1\">\u2022 Rozwija koncentracj\u0119 i cierpliwo\u015b\u0107<\/p>\n<p class=\"p2\">\n<p class=\"p1\">Produkt w ca\u0142o\u015bci wykonany w Europie<strong>\u00a0z polskiego certyfikowanego drewna, pozyskanego w spos\u00f3b zr\u00f3wnowa\u017cony z karkonoskich las\u00f3w.<\/strong>\u00a0Zabawka spe\u0142nia wszystkie europejskie normy bezpiecze\u0144stwa i przesz\u0142a rygorystyczne testy, gwarantuj\u0105c bezpieczn\u0105 zabaw\u0119.<\/p>\n<p class=\"p1\">Zabawki\u00a0<strong>BAJO<\/strong>\u00a0charakteryzuje trwa\u0142o\u015b\u0107, estetyczny design i ekologiczny wymiar. Wybieraj\u0105c nasze produkty, wspierasz lokalne rzemios\u0142o i \u015bwiadome podej\u015bcie do \u015brodowiska. To wyb\u00f3r, kt\u00f3ry \u0142\u0105czy warto\u015bciow\u0105 zabaw\u0119 z dba\u0142o\u015bci\u0105 o przysz\u0142o\u015b\u0107 naszej planety.<\/p>\n<p class=\"p1\"><span class=\"s1\"><b>Rozmiar zabawki:<\/b><\/span>\u00a037 cm x 7,5 cm x 16,5 cm<\/p>\n<p><span class=\"s1\"><b>Rozmiar opakowania:<\/b><\/span>\u00a042 cm x 8,5 cm x 10 cm<\/p>\n<p>&nbsp;<\/p>\n<div class=\"product-manufacturer\"><label class=\"label\">Marka: BAJO<\/label><\/div>\n<div class=\"product-manufacturer\"><a href=\"https:\/\/buybajo.com\/pl\/brand\/1-bajo\"><img loading=\"lazy\" class=\"img img-thumbnail manufacturer-logo\" src=\"https:\/\/buybajo.com\/img\/m\/1.jpg\" alt=\"BAJO\" width=\"69\" height=\"69\" \/><\/a><\/div>\n<div class=\"product-reference\"><\/div>\n<div class=\"product-reference\"><label class=\"label\">EAN13:<\/label>\u00a05906554234616<\/div>\n<div class=\"product-reference\"><label class=\"label\">MPN:<\/label>\u00a034610<\/div>\n<div class=\"product-out-of-stock\"><\/div>\n<section class=\"product-features\">\n<h3 class=\"h6\">Opis<\/h3>\n<dl class=\"data-sheet\">\n<dt class=\"name\">Grupa wiekowa<\/dt>\n<dd class=\"value\">1+<\/dd>\n<dt class=\"name\">Materia\u0142<\/dt>\n<dd class=\"value\">Drewno buk<\/dd>\n<dt class=\"name\">Materia\u0142<\/dt>\n<dd class=\"value\">Drewno jawor<\/dd>\n<dt class=\"name\">Ilo\u015b\u0107 element\u00f3w<\/dt>\n<dd class=\"value\">11<\/dd>\n<\/dl>\n<\/section>\n<p><!-- x-tinymce\/html --><\/p>\n<section class=\"product-features\">\n<h3 class=\"h6\">Wymiary<\/h3>\n<dl class=\"data-sheet\">\n<dt class=\"name\">Szeroko\u015b\u0107\u00a0\/\u00a0Wysoko\u015b\u0107\u00a0\/\u00a0G\u0142\u0119boko\u015b\u0107<\/dt>\n<dd class=\"value\">42.00 cm \/\u00a0 8.50 cm \/\u00a0 10.00 cm<\/dd>\n<\/dl>\n<\/section>\n","protected":false},"excerpt":{"rendered":"<p>Waga Waga to zabawka edukacyjna, kt\u00f3ra pozwala dzieciom na eksperymentowanie z r\u00f3wnowag\u0105, wag\u0105 i rozmieszczeniem obci\u0105\u017ce\u0144. Dzi\u0119ki niej maluchy odkrywaj\u0105 zale\u017cno\u015bci mi\u0119dzy wielko\u015bci\u0105, ci\u0119\u017carem i po\u0142o\u017ceniem element\u00f3w, ucz\u0105c si\u0119 przy tym podstawowych zasad fizyki w przyst\u0119pny i anga\u017cuj\u0105cy spos\u00f3b. Suma wag klock\u00f3w po obu stronach platformy mo\u017ce by\u0107 jednakowa, ale ich rozmiar, ci\u0119\u017car i kolor &#8230; <a title=\"BAJO &#8211; Waga drewniana sensoryczna &#8211; 34610\" class=\"read-more\" href=\"https:\/\/admincentral.selleetools.com\/pl\/product\/bajo-waga-drewniana-sensoryczna-34610\/\">Read more<span class=\"screen-reader-text\">BAJO &#8211; Waga drewniana sensoryczna &#8211; 34610<\/span><\/a><\/p>\n","protected":false},"featured_media":624451,"comment_status":"open","ping_status":"closed","template":"","meta":{"_links_to":"","_links_to_target":""},"yoast_head":"<!-- This site is optimized with the Yoast SEO plugin v19.4 - https:\/\/yoast.com\/wordpress\/plugins\/seo\/ -->\n<title>BAJO - Waga drewniana sensoryczna - 34610 - Selleetools.com<\/title>\n<meta name=\"robots\" content=\"index, follow, max-snippet:-1, max-image-preview:large, max-video-preview:-1\" \/>\n<link rel=\"canonical\" href=\"https:\/\/admincentral.selleetools.com\/product\/bajo-waga-drewniana-sensoryczna-34610\/\" \/>\n<meta property=\"og:locale\" content=\"pl_PL\" \/>\n<meta property=\"og:type\" content=\"article\" \/>\n<meta property=\"og:title\" content=\"BAJO - Waga drewniana sensoryczna - 34610 - Selleetools.com\" \/>\n<meta property=\"og:description\" content=\"Waga Waga to zabawka edukacyjna, kt\u00f3ra pozwala dzieciom na eksperymentowanie z r\u00f3wnowag\u0105, wag\u0105 i rozmieszczeniem obci\u0105\u017ce\u0144. Dzi\u0119ki niej maluchy odkrywaj\u0105 zale\u017cno\u015bci mi\u0119dzy wielko\u015bci\u0105, ci\u0119\u017carem i po\u0142o\u017ceniem element\u00f3w, ucz\u0105c si\u0119 przy tym podstawowych zasad fizyki w przyst\u0119pny i anga\u017cuj\u0105cy spos\u00f3b. Suma wag klock\u00f3w po obu stronach platformy mo\u017ce by\u0107 jednakowa, ale ich rozmiar, ci\u0119\u017car i kolor ... Read moreBAJO &#8211; Waga drewniana sensoryczna &#8211; 34610\" \/>\n<meta property=\"og:url\" content=\"https:\/\/admincentral.selleetools.com\/product\/bajo-waga-drewniana-sensoryczna-34610\/\" \/>\n<meta property=\"og:site_name\" content=\"Selleetools.com\" \/>\n<meta property=\"og:image\" content=\"https:\/\/selleetools.com\/wp-content\/uploads\/2025\/11\/waga-1.jpg\" \/>\n\t<meta property=\"og:image:width\" content=\"800\" \/>\n\t<meta property=\"og:image:height\" content=\"800\" \/>\n\t<meta property=\"og:image:type\" content=\"image\/jpeg\" \/>\n<meta name=\"twitter:card\" content=\"summary_large_image\" \/>\n<meta name=\"twitter:label1\" content=\"Est. reading time\" \/>\n\t<meta name=\"twitter:data1\" content=\"1 minuta\" \/>\n<!-- \/ Yoast SEO plugin. -->","yoast_head_json":{"title":"BAJO - Waga drewniana sensoryczna - 34610 - Selleetools.com","robots":{"index":"index","follow":"follow","max-snippet":"max-snippet:-1","max-image-preview":"max-image-preview:large","max-video-preview":"max-video-preview:-1"},"canonical":"https:\/\/admincentral.selleetools.com\/product\/bajo-waga-drewniana-sensoryczna-34610\/","og_locale":"pl_PL","og_type":"article","og_title":"BAJO - Waga drewniana sensoryczna - 34610 - Selleetools.com","og_description":"Waga Waga to zabawka edukacyjna, kt\u00f3ra pozwala dzieciom na eksperymentowanie z r\u00f3wnowag\u0105, wag\u0105 i rozmieszczeniem obci\u0105\u017ce\u0144. Dzi\u0119ki niej maluchy odkrywaj\u0105 zale\u017cno\u015bci mi\u0119dzy wielko\u015bci\u0105, ci\u0119\u017carem i po\u0142o\u017ceniem element\u00f3w, ucz\u0105c si\u0119 przy tym podstawowych zasad fizyki w przyst\u0119pny i anga\u017cuj\u0105cy spos\u00f3b. Suma wag klock\u00f3w po obu stronach platformy mo\u017ce by\u0107 jednakowa, ale ich rozmiar, ci\u0119\u017car i kolor ... Read moreBAJO &#8211; Waga drewniana sensoryczna &#8211; 34610","og_url":"https:\/\/admincentral.selleetools.com\/product\/bajo-waga-drewniana-sensoryczna-34610\/","og_site_name":"Selleetools.com","og_image":[{"width":800,"height":800,"url":"https:\/\/selleetools.com\/wp-content\/uploads\/2025\/11\/waga-1.jpg","type":"image\/jpeg"}],"twitter_card":"summary_large_image","twitter_misc":{"Est. reading time":"1 minuta"},"schema":{"@context":"https:\/\/schema.org","@graph":[{"@type":"Organization","@id":"https:\/\/selleetools.com\/#organization","name":"Selleetools","url":"https:\/\/selleetools.com\/","sameAs":[],"logo":{"@type":"ImageObject","inLanguage":"pl-PL","@id":"https:\/\/selleetools.com\/#\/schema\/logo\/image\/","url":"https:\/\/selleetools.com\/wp-content\/uploads\/2021\/10\/logo-dark.png","contentUrl":"https:\/\/selleetools.com\/wp-content\/uploads\/2021\/10\/logo-dark.png","width":320,"height":76,"caption":"Selleetools"},"image":{"@id":"https:\/\/selleetools.com\/#\/schema\/logo\/image\/"}},{"@type":"WebSite","@id":"https:\/\/selleetools.com\/#website","url":"https:\/\/selleetools.com\/","name":"Selleetools.com","description":"","publisher":{"@id":"https:\/\/selleetools.com\/#organization"},"potentialAction":[{"@type":"SearchAction","target":{"@type":"EntryPoint","urlTemplate":"https:\/\/selleetools.com\/?s={search_term_string}"},"query-input":"required name=search_term_string"}],"inLanguage":"pl-PL"},{"@type":"WebPage","@id":"https:\/\/admincentral.selleetools.com\/product\/bajo-waga-drewniana-sensoryczna-34610\/","url":"https:\/\/admincentral.selleetools.com\/product\/bajo-waga-drewniana-sensoryczna-34610\/","name":"BAJO - Waga drewniana sensoryczna - 34610 - Selleetools.com","isPartOf":{"@id":"https:\/\/selleetools.com\/#website"},"datePublished":"2025-11-14T08:05:27+00:00","dateModified":"2025-11-14T08:05:27+00:00","breadcrumb":{"@id":"https:\/\/admincentral.selleetools.com\/product\/bajo-waga-drewniana-sensoryczna-34610\/#breadcrumb"},"inLanguage":"pl-PL","potentialAction":[{"@type":"ReadAction","target":["https:\/\/admincentral.selleetools.com\/product\/bajo-waga-drewniana-sensoryczna-34610\/"]}]},{"@type":"BreadcrumbList","@id":"https:\/\/admincentral.selleetools.com\/product\/bajo-waga-drewniana-sensoryczna-34610\/#breadcrumb","itemListElement":[{"@type":"ListItem","position":1,"name":"Home","item":"https:\/\/selleetools.com\/pl\/"},{"@type":"ListItem","position":2,"name":"Katalog","item":"https:\/\/selleetools.com\/pl\/katalog\/"},{"@type":"ListItem","position":3,"name":"BAJO &#8211; Waga drewniana sensoryczna &#8211; 34610"}]}]}},"_links":{"self":[{"href":"https:\/\/admincentral.selleetools.com\/pl\/wp-json\/wp\/v2\/product\/624455"}],"collection":[{"href":"https:\/\/admincentral.selleetools.com\/pl\/wp-json\/wp\/v2\/product"}],"about":[{"href":"https:\/\/admincentral.selleetools.com\/pl\/wp-json\/wp\/v2\/types\/product"}],"replies":[{"embeddable":true,"href":"https:\/\/admincentral.selleetools.com\/pl\/wp-json\/wp\/v2\/comments?post=624455"}],"wp:featuredmedia":[{"embeddable":true,"href":"https:\/\/admincentral.selleetools.com\/pl\/wp-json\/wp\/v2\/media\/624451"}],"wp:attachment":[{"href":"https:\/\/admincentral.selleetools.com\/pl\/wp-json\/wp\/v2\/media?parent=624455"}],"curies":[{"name":"wp","href":"https:\/\/api.w.org\/{rel}","templated":true}]}}