{"id":669954,"date":"2026-02-19T15:35:09","date_gmt":"2026-02-19T14:35:09","guid":{"rendered":"https:\/\/selleetools.com\/?post_type=product&#038;p=669954"},"modified":"2026-04-09T16:40:29","modified_gmt":"2026-04-09T14:40:29","slug":"uchwyt-metalowy-do-doniczki-drtc500","status":"publish","type":"product","link":"https:\/\/admincentral.selleetools.com\/pl\/product\/uchwyt-metalowy-do-doniczki-drtc500\/","title":{"rendered":"Uchwyt metalowy do doniczki DRTC500"},"content":{"rendered":"<p>Uchwyt metalowy do doniczki DRTC500<br \/>\n &#8211; unikatowa konstrukcja \u015bwietnie utrzymuje doniczk\u0119,<br \/>\n &#8211; uchwyt jest stabilny,<br \/>\n &#8211; solidnie wykonany, zatem pi\u0119knie ukwiecony balkon na d\u0142ugo b\u0119dzie cieszy\u0142\u00a0 oko.\u00a0<\/p>\n<p>Maksymalna szeroko\u015b\u0107 barierki:<br \/>\n &#8211; 6cm na barierk\u0119 okr\u0105g\u0142\u0105<br \/>\n &#8211; 5-5,5 cm na barierk\u0119 prostok\u0105tn\u0105.\u00a0<br \/>\nAukcja dotyczy pojedynczej sztuki.<\/p>\n<p>Uchwyt metalowy do doniczki DRTC500<br \/>\n &#8211; unikatowa konstrukcja \u015bwietnie utrzymuje doniczk\u0119,<br \/>\n &#8211; uchwyt jest stabilny,<br \/>\n &#8211; solidnie wykonany, zatem pi\u0119knie ukwiecony balkon na d\u0142ugo b\u0119dzie cieszy\u0142\u00a0 oko.\u00a0<\/p>\n<p>Maksymalna szeroko\u015b\u0107 barierki:<br \/>\n &#8211; 6cm na barierk\u0119 okr\u0105g\u0142\u0105<br \/>\n &#8211; 5-5,5 cm na barierk\u0119 prostok\u0105tn\u0105.\u00a0<br \/>\nAukcja dotyczy pojedynczej sztuki.<\/p>\n","protected":false},"excerpt":{"rendered":"<p>Uchwyt metalowy do doniczki DRTC500 &#8211; unikatowa konstrukcja \u015bwietnie utrzymuje doniczk\u0119, &#8211; uchwyt jest stabilny, &#8211; solidnie wykonany, zatem pi\u0119knie ukwiecony balkon na d\u0142ugo b\u0119dzie cieszy\u0142\u00a0 oko.\u00a0 Maksymalna szeroko\u015b\u0107 barierki: &#8211; 6cm na barierk\u0119 okr\u0105g\u0142\u0105 &#8211; 5-5,5 cm na barierk\u0119 prostok\u0105tn\u0105.\u00a0 Aukcja dotyczy pojedynczej sztuki. Uchwyt metalowy do doniczki DRTC500 &#8211; unikatowa konstrukcja \u015bwietnie utrzymuje &#8230; <a title=\"Uchwyt metalowy do doniczki DRTC500\" class=\"read-more\" href=\"https:\/\/admincentral.selleetools.com\/pl\/product\/uchwyt-metalowy-do-doniczki-drtc500\/\">Read more<span class=\"screen-reader-text\">Uchwyt metalowy do doniczki DRTC500<\/span><\/a><\/p>\n","protected":false},"featured_media":669946,"comment_status":"open","ping_status":"closed","template":"","meta":{"_links_to":"","_links_to_target":""},"yoast_head":"<!-- This site is optimized with the Yoast SEO plugin v19.4 - https:\/\/yoast.com\/wordpress\/plugins\/seo\/ -->\n<title>Uchwyt metalowy do doniczki DRTC500 - Selleetools.com<\/title>\n<meta name=\"robots\" content=\"index, follow, max-snippet:-1, max-image-preview:large, max-video-preview:-1\" \/>\n<link rel=\"canonical\" href=\"https:\/\/admincentral.selleetools.com\/product\/uchwyt-metalowy-do-doniczki-drtc500\/\" \/>\n<meta property=\"og:locale\" content=\"pl_PL\" \/>\n<meta property=\"og:type\" content=\"article\" \/>\n<meta property=\"og:title\" content=\"Uchwyt metalowy do doniczki DRTC500 - Selleetools.com\" \/>\n<meta property=\"og:description\" content=\"Uchwyt metalowy do doniczki DRTC500 &#8211; unikatowa konstrukcja \u015bwietnie utrzymuje doniczk\u0119, &#8211; uchwyt jest stabilny, &#8211; solidnie wykonany, zatem pi\u0119knie ukwiecony balkon na d\u0142ugo b\u0119dzie cieszy\u0142\u00a0 oko.\u00a0 Maksymalna szeroko\u015b\u0107 barierki: &#8211; 6cm na barierk\u0119 okr\u0105g\u0142\u0105 &#8211; 5-5,5 cm na barierk\u0119 prostok\u0105tn\u0105.\u00a0 Aukcja dotyczy pojedynczej sztuki. Uchwyt metalowy do doniczki DRTC500 &#8211; unikatowa konstrukcja \u015bwietnie utrzymuje ... Read moreUchwyt metalowy do doniczki DRTC500\" \/>\n<meta property=\"og:url\" content=\"https:\/\/admincentral.selleetools.com\/product\/uchwyt-metalowy-do-doniczki-drtc500\/\" \/>\n<meta property=\"og:site_name\" content=\"Selleetools.com\" \/>\n<meta property=\"article:modified_time\" content=\"2026-04-09T14:40:29+00:00\" \/>\n<meta property=\"og:image\" content=\"https:\/\/selleetools.com\/wp-content\/uploads\/2026\/02\/d96764a18e5158e4225cddf9aed5ff0b.jpg\" \/>\n\t<meta property=\"og:image:width\" content=\"2500\" \/>\n\t<meta property=\"og:image:height\" content=\"1850\" \/>\n\t<meta property=\"og:image:type\" content=\"image\/jpeg\" \/>\n<meta name=\"twitter:card\" content=\"summary_large_image\" \/>\n<meta name=\"twitter:label1\" content=\"Est. reading time\" \/>\n\t<meta name=\"twitter:data1\" content=\"1 minuta\" \/>\n<!-- \/ Yoast SEO plugin. -->","yoast_head_json":{"title":"Uchwyt metalowy do doniczki DRTC500 - Selleetools.com","robots":{"index":"index","follow":"follow","max-snippet":"max-snippet:-1","max-image-preview":"max-image-preview:large","max-video-preview":"max-video-preview:-1"},"canonical":"https:\/\/admincentral.selleetools.com\/product\/uchwyt-metalowy-do-doniczki-drtc500\/","og_locale":"pl_PL","og_type":"article","og_title":"Uchwyt metalowy do doniczki DRTC500 - Selleetools.com","og_description":"Uchwyt metalowy do doniczki DRTC500 &#8211; unikatowa konstrukcja \u015bwietnie utrzymuje doniczk\u0119, &#8211; uchwyt jest stabilny, &#8211; solidnie wykonany, zatem pi\u0119knie ukwiecony balkon na d\u0142ugo b\u0119dzie cieszy\u0142\u00a0 oko.\u00a0 Maksymalna szeroko\u015b\u0107 barierki: &#8211; 6cm na barierk\u0119 okr\u0105g\u0142\u0105 &#8211; 5-5,5 cm na barierk\u0119 prostok\u0105tn\u0105.\u00a0 Aukcja dotyczy pojedynczej sztuki. Uchwyt metalowy do doniczki DRTC500 &#8211; unikatowa konstrukcja \u015bwietnie utrzymuje ... Read moreUchwyt metalowy do doniczki DRTC500","og_url":"https:\/\/admincentral.selleetools.com\/product\/uchwyt-metalowy-do-doniczki-drtc500\/","og_site_name":"Selleetools.com","article_modified_time":"2026-04-09T14:40:29+00:00","og_image":[{"width":2500,"height":1850,"url":"https:\/\/selleetools.com\/wp-content\/uploads\/2026\/02\/d96764a18e5158e4225cddf9aed5ff0b.jpg","type":"image\/jpeg"}],"twitter_card":"summary_large_image","twitter_misc":{"Est. reading time":"1 minuta"},"schema":{"@context":"https:\/\/schema.org","@graph":[{"@type":"Organization","@id":"https:\/\/selleetools.com\/#organization","name":"Selleetools","url":"https:\/\/selleetools.com\/","sameAs":[],"logo":{"@type":"ImageObject","inLanguage":"pl-PL","@id":"https:\/\/selleetools.com\/#\/schema\/logo\/image\/","url":"https:\/\/selleetools.com\/wp-content\/uploads\/2021\/10\/logo-dark.png","contentUrl":"https:\/\/selleetools.com\/wp-content\/uploads\/2021\/10\/logo-dark.png","width":320,"height":76,"caption":"Selleetools"},"image":{"@id":"https:\/\/selleetools.com\/#\/schema\/logo\/image\/"}},{"@type":"WebSite","@id":"https:\/\/selleetools.com\/#website","url":"https:\/\/selleetools.com\/","name":"Selleetools.com","description":"","publisher":{"@id":"https:\/\/selleetools.com\/#organization"},"potentialAction":[{"@type":"SearchAction","target":{"@type":"EntryPoint","urlTemplate":"https:\/\/selleetools.com\/?s={search_term_string}"},"query-input":"required name=search_term_string"}],"inLanguage":"pl-PL"},{"@type":"WebPage","@id":"https:\/\/admincentral.selleetools.com\/product\/uchwyt-metalowy-do-doniczki-drtc500\/","url":"https:\/\/admincentral.selleetools.com\/product\/uchwyt-metalowy-do-doniczki-drtc500\/","name":"Uchwyt metalowy do doniczki DRTC500 - Selleetools.com","isPartOf":{"@id":"https:\/\/selleetools.com\/#website"},"datePublished":"2026-02-19T14:35:09+00:00","dateModified":"2026-04-09T14:40:29+00:00","breadcrumb":{"@id":"https:\/\/admincentral.selleetools.com\/product\/uchwyt-metalowy-do-doniczki-drtc500\/#breadcrumb"},"inLanguage":"pl-PL","potentialAction":[{"@type":"ReadAction","target":["https:\/\/admincentral.selleetools.com\/product\/uchwyt-metalowy-do-doniczki-drtc500\/"]}]},{"@type":"BreadcrumbList","@id":"https:\/\/admincentral.selleetools.com\/product\/uchwyt-metalowy-do-doniczki-drtc500\/#breadcrumb","itemListElement":[{"@type":"ListItem","position":1,"name":"Home","item":"https:\/\/selleetools.com\/pl\/"},{"@type":"ListItem","position":2,"name":"Katalog","item":"https:\/\/selleetools.com\/pl\/katalog\/"},{"@type":"ListItem","position":3,"name":"Uchwyt metalowy do doniczki DRTC500"}]}]}},"_links":{"self":[{"href":"https:\/\/admincentral.selleetools.com\/pl\/wp-json\/wp\/v2\/product\/669954"}],"collection":[{"href":"https:\/\/admincentral.selleetools.com\/pl\/wp-json\/wp\/v2\/product"}],"about":[{"href":"https:\/\/admincentral.selleetools.com\/pl\/wp-json\/wp\/v2\/types\/product"}],"replies":[{"embeddable":true,"href":"https:\/\/admincentral.selleetools.com\/pl\/wp-json\/wp\/v2\/comments?post=669954"}],"wp:featuredmedia":[{"embeddable":true,"href":"https:\/\/admincentral.selleetools.com\/pl\/wp-json\/wp\/v2\/media\/669946"}],"wp:attachment":[{"href":"https:\/\/admincentral.selleetools.com\/pl\/wp-json\/wp\/v2\/media?parent=669954"}],"curies":[{"name":"wp","href":"https:\/\/api.w.org\/{rel}","templated":true}]}}