{"id":670047,"date":"2026-02-19T15:35:54","date_gmt":"2026-02-19T14:35:54","guid":{"rendered":"https:\/\/selleetools.com\/?post_type=product&#038;p=670047"},"modified":"2026-04-09T17:21:33","modified_gmt":"2026-04-09T15:21:33","slug":"ogrod-wertykalny-stojacy-cascade-garden","status":"publish","type":"product","link":"https:\/\/admincentral.selleetools.com\/pl\/product\/ogrod-wertykalny-stojacy-cascade-garden\/","title":{"rendered":"Ogr\u00f3d wertykalny stoj\u0105cy CASCADE GARDEN"},"content":{"rendered":"<p>Ogr\u00f3d wertykalny stoj\u0105cy CASCADE GARDEN &#8211; Antracyt<br \/>\nDoniczka Kaskadowa<br \/>\nSpecyfikacja:<br \/>\n &#8211; szeroko\u015b\u0107 &#8211; 68.5 cm<br \/>\n &#8211; g\u0142\u0119boko\u015b\u0107 &#8211; 19 cm<br \/>\n &#8211; wysoko\u015b\u0107 ca\u0142kowita &#8211;\u00a056 cm<br \/>\n &#8211; wysoko\u015b\u0107 jednego elementu &#8211; 14,5 cm<br \/>\n &#8211; materia\u0142 &#8211; tworzywo sztuczne<br \/>\nW sk\u0142ad zestawu wchodzi:<br \/>\n &#8211; Ociekacz<br \/>\n &#8211; Cztery modu\u0142y o wymiarze (57,5cm x 19cm x 14,5cm)<br \/>\n &#8211; 12 x doniczka o \u015brednicy 12,5cm<\/p>\n<p>Producent:<\/p>\n<p>Nowoczesny system ogrod\u00f3w wertykalnych wprowadza do wn\u0119trz i otoczenia niezwykle efektowny element przyrody, zapewniaj\u0105cy kontakt z natur\u0105 bez wychodzenia z domu i w\u0142a\u015bciwy mikroklimat w pomieszczeniach.<br \/>\nDzi\u0119ki przep\u0142ywowemu systemowi nawadniania ro\u015bliny s\u0105 r\u00f3wnomiernie zaopatrzone w wod\u0119.<br \/>\nIdealnie sprawdzi si\u0119 do zagospodarowania w ka\u017cdej kuchni np. zielnika.<br \/>\nDoniczki \u0142\u0105czone w r\u00f3\u017cnych konfiguracjach tworz\u0105 spektakularne przeno\u015bne jedno- lub dwustronne zielone elementy dekoracyjne naszych wn\u0119trz.<\/p>\n<p>Istnieje mo\u017cliwo\u015b\u0107 po\u0142\u0105czenia dw\u00f3ch zestaw\u00f3w tworz\u0105c dwustronn\u0105 zielon\u0105 \u015bcian\u0119.<\/p>\n<p>Galeria:<\/p>\n<p>Ogr\u00f3d wertykalny stoj\u0105cy CASCADE GARDEN &#8211; Antracyt<br \/>\nDoniczka Kaskadowa<br \/>\nSpecyfikacja:<br \/>\n &#8211; szeroko\u015b\u0107 &#8211; 68.5 cm<br \/>\n &#8211; g\u0142\u0119boko\u015b\u0107 &#8211; 19 cm<br \/>\n &#8211; wysoko\u015b\u0107 ca\u0142kowita &#8211;\u00a056 cm<br \/>\n &#8211; wysoko\u015b\u0107 jednego elementu &#8211; 14,5 cm<br \/>\n &#8211; materia\u0142 &#8211; tworzywo sztuczne<br \/>\nW sk\u0142ad zestawu wchodzi:<br \/>\n &#8211; Ociekacz<br \/>\n &#8211; Cztery modu\u0142y o wymiarze (57,5cm x 19cm x 14,5cm)<br \/>\n &#8211; 12 x doniczka o \u015brednicy 12,5cm<\/p>\n<p>Producent:<\/p>\n<p>Nowoczesny system ogrod\u00f3w wertykalnych wprowadza do wn\u0119trz i otoczenia niezwykle efektowny element przyrody, zapewniaj\u0105cy kontakt z natur\u0105 bez wychodzenia z domu i w\u0142a\u015bciwy mikroklimat w pomieszczeniach.<br \/>\nDzi\u0119ki przep\u0142ywowemu systemowi nawadniania ro\u015bliny s\u0105 r\u00f3wnomiernie zaopatrzone w wod\u0119.<br \/>\nIdealnie sprawdzi si\u0119 do zagospodarowania w ka\u017cdej kuchni np. zielnika.<br \/>\nDoniczki \u0142\u0105czone w r\u00f3\u017cnych konfiguracjach tworz\u0105 spektakularne przeno\u015bne jedno- lub dwustronne zielone elementy dekoracyjne naszych wn\u0119trz.<\/p>\n<p>Istnieje mo\u017cliwo\u015b\u0107 po\u0142\u0105czenia dw\u00f3ch zestaw\u00f3w tworz\u0105c dwustronn\u0105 zielon\u0105 \u015bcian\u0119.<\/p>\n<p>Galeria:<\/p>\n","protected":false},"excerpt":{"rendered":"<p>Ogr\u00f3d wertykalny stoj\u0105cy CASCADE GARDEN &#8211; Antracyt Doniczka Kaskadowa Specyfikacja: &#8211; szeroko\u015b\u0107 &#8211; 68.5 cm &#8211; g\u0142\u0119boko\u015b\u0107 &#8211; 19 cm &#8211; wysoko\u015b\u0107 ca\u0142kowita &#8211;\u00a056 cm &#8211; wysoko\u015b\u0107 jednego elementu &#8211; 14,5 cm &#8211; materia\u0142 &#8211; tworzywo sztuczne W sk\u0142ad zestawu wchodzi: &#8211; Ociekacz &#8211; Cztery modu\u0142y o wymiarze (57,5cm x 19cm x 14,5cm) &#8211; 12 &#8230; <a title=\"Ogr\u00f3d wertykalny stoj\u0105cy CASCADE GARDEN\" class=\"read-more\" href=\"https:\/\/admincentral.selleetools.com\/pl\/product\/ogrod-wertykalny-stojacy-cascade-garden\/\">Read more<span class=\"screen-reader-text\">Ogr\u00f3d wertykalny stoj\u0105cy CASCADE GARDEN<\/span><\/a><\/p>\n","protected":false},"featured_media":670025,"comment_status":"open","ping_status":"closed","template":"","meta":{"_links_to":"","_links_to_target":""},"yoast_head":"<!-- This site is optimized with the Yoast SEO plugin v19.4 - https:\/\/yoast.com\/wordpress\/plugins\/seo\/ -->\n<title>Ogr\u00f3d wertykalny stoj\u0105cy CASCADE GARDEN - Selleetools.com<\/title>\n<meta name=\"robots\" content=\"index, follow, max-snippet:-1, max-image-preview:large, max-video-preview:-1\" \/>\n<link rel=\"canonical\" href=\"https:\/\/admincentral.selleetools.com\/product\/ogrod-wertykalny-stojacy-cascade-garden\/\" \/>\n<meta property=\"og:locale\" content=\"pl_PL\" \/>\n<meta property=\"og:type\" content=\"article\" \/>\n<meta property=\"og:title\" content=\"Ogr\u00f3d wertykalny stoj\u0105cy CASCADE GARDEN - Selleetools.com\" \/>\n<meta property=\"og:description\" content=\"Ogr\u00f3d wertykalny stoj\u0105cy CASCADE GARDEN &#8211; Antracyt Doniczka Kaskadowa Specyfikacja: &#8211; szeroko\u015b\u0107 &#8211; 68.5 cm &#8211; g\u0142\u0119boko\u015b\u0107 &#8211; 19 cm &#8211; wysoko\u015b\u0107 ca\u0142kowita &#8211;\u00a056 cm &#8211; wysoko\u015b\u0107 jednego elementu &#8211; 14,5 cm &#8211; materia\u0142 &#8211; tworzywo sztuczne W sk\u0142ad zestawu wchodzi: &#8211; Ociekacz &#8211; Cztery modu\u0142y o wymiarze (57,5cm x 19cm x 14,5cm) &#8211; 12 ... Read moreOgr\u00f3d wertykalny stoj\u0105cy CASCADE GARDEN\" \/>\n<meta property=\"og:url\" content=\"https:\/\/admincentral.selleetools.com\/product\/ogrod-wertykalny-stojacy-cascade-garden\/\" \/>\n<meta property=\"og:site_name\" content=\"Selleetools.com\" \/>\n<meta property=\"article:modified_time\" content=\"2026-04-09T15:21:33+00:00\" \/>\n<meta property=\"og:image\" content=\"https:\/\/selleetools.com\/wp-content\/uploads\/2026\/02\/5470fb3aac2bcf181c41c5f4d573be4a.jpg\" \/>\n\t<meta property=\"og:image:width\" content=\"1500\" \/>\n\t<meta property=\"og:image:height\" content=\"1547\" \/>\n\t<meta property=\"og:image:type\" content=\"image\/jpeg\" \/>\n<meta name=\"twitter:card\" content=\"summary_large_image\" \/>\n<meta name=\"twitter:label1\" content=\"Est. reading time\" \/>\n\t<meta name=\"twitter:data1\" content=\"2 minuty\" \/>\n<!-- \/ Yoast SEO plugin. -->","yoast_head_json":{"title":"Ogr\u00f3d wertykalny stoj\u0105cy CASCADE GARDEN - Selleetools.com","robots":{"index":"index","follow":"follow","max-snippet":"max-snippet:-1","max-image-preview":"max-image-preview:large","max-video-preview":"max-video-preview:-1"},"canonical":"https:\/\/admincentral.selleetools.com\/product\/ogrod-wertykalny-stojacy-cascade-garden\/","og_locale":"pl_PL","og_type":"article","og_title":"Ogr\u00f3d wertykalny stoj\u0105cy CASCADE GARDEN - Selleetools.com","og_description":"Ogr\u00f3d wertykalny stoj\u0105cy CASCADE GARDEN &#8211; Antracyt Doniczka Kaskadowa Specyfikacja: &#8211; szeroko\u015b\u0107 &#8211; 68.5 cm &#8211; g\u0142\u0119boko\u015b\u0107 &#8211; 19 cm &#8211; wysoko\u015b\u0107 ca\u0142kowita &#8211;\u00a056 cm &#8211; wysoko\u015b\u0107 jednego elementu &#8211; 14,5 cm &#8211; materia\u0142 &#8211; tworzywo sztuczne W sk\u0142ad zestawu wchodzi: &#8211; Ociekacz &#8211; Cztery modu\u0142y o wymiarze (57,5cm x 19cm x 14,5cm) &#8211; 12 ... Read moreOgr\u00f3d wertykalny stoj\u0105cy CASCADE GARDEN","og_url":"https:\/\/admincentral.selleetools.com\/product\/ogrod-wertykalny-stojacy-cascade-garden\/","og_site_name":"Selleetools.com","article_modified_time":"2026-04-09T15:21:33+00:00","og_image":[{"width":1500,"height":1547,"url":"https:\/\/selleetools.com\/wp-content\/uploads\/2026\/02\/5470fb3aac2bcf181c41c5f4d573be4a.jpg","type":"image\/jpeg"}],"twitter_card":"summary_large_image","twitter_misc":{"Est. reading time":"2 minuty"},"schema":{"@context":"https:\/\/schema.org","@graph":[{"@type":"Organization","@id":"https:\/\/selleetools.com\/#organization","name":"Selleetools","url":"https:\/\/selleetools.com\/","sameAs":[],"logo":{"@type":"ImageObject","inLanguage":"pl-PL","@id":"https:\/\/selleetools.com\/#\/schema\/logo\/image\/","url":"https:\/\/selleetools.com\/wp-content\/uploads\/2021\/10\/logo-dark.png","contentUrl":"https:\/\/selleetools.com\/wp-content\/uploads\/2021\/10\/logo-dark.png","width":320,"height":76,"caption":"Selleetools"},"image":{"@id":"https:\/\/selleetools.com\/#\/schema\/logo\/image\/"}},{"@type":"WebSite","@id":"https:\/\/selleetools.com\/#website","url":"https:\/\/selleetools.com\/","name":"Selleetools.com","description":"","publisher":{"@id":"https:\/\/selleetools.com\/#organization"},"potentialAction":[{"@type":"SearchAction","target":{"@type":"EntryPoint","urlTemplate":"https:\/\/selleetools.com\/?s={search_term_string}"},"query-input":"required name=search_term_string"}],"inLanguage":"pl-PL"},{"@type":"WebPage","@id":"https:\/\/admincentral.selleetools.com\/product\/ogrod-wertykalny-stojacy-cascade-garden\/","url":"https:\/\/admincentral.selleetools.com\/product\/ogrod-wertykalny-stojacy-cascade-garden\/","name":"Ogr\u00f3d wertykalny stoj\u0105cy CASCADE GARDEN - Selleetools.com","isPartOf":{"@id":"https:\/\/selleetools.com\/#website"},"datePublished":"2026-02-19T14:35:54+00:00","dateModified":"2026-04-09T15:21:33+00:00","breadcrumb":{"@id":"https:\/\/admincentral.selleetools.com\/product\/ogrod-wertykalny-stojacy-cascade-garden\/#breadcrumb"},"inLanguage":"pl-PL","potentialAction":[{"@type":"ReadAction","target":["https:\/\/admincentral.selleetools.com\/product\/ogrod-wertykalny-stojacy-cascade-garden\/"]}]},{"@type":"BreadcrumbList","@id":"https:\/\/admincentral.selleetools.com\/product\/ogrod-wertykalny-stojacy-cascade-garden\/#breadcrumb","itemListElement":[{"@type":"ListItem","position":1,"name":"Home","item":"https:\/\/selleetools.com\/pl\/"},{"@type":"ListItem","position":2,"name":"Katalog","item":"https:\/\/selleetools.com\/pl\/katalog\/"},{"@type":"ListItem","position":3,"name":"Ogr\u00f3d wertykalny stoj\u0105cy CASCADE GARDEN"}]}]}},"_links":{"self":[{"href":"https:\/\/admincentral.selleetools.com\/pl\/wp-json\/wp\/v2\/product\/670047"}],"collection":[{"href":"https:\/\/admincentral.selleetools.com\/pl\/wp-json\/wp\/v2\/product"}],"about":[{"href":"https:\/\/admincentral.selleetools.com\/pl\/wp-json\/wp\/v2\/types\/product"}],"replies":[{"embeddable":true,"href":"https:\/\/admincentral.selleetools.com\/pl\/wp-json\/wp\/v2\/comments?post=670047"}],"wp:featuredmedia":[{"embeddable":true,"href":"https:\/\/admincentral.selleetools.com\/pl\/wp-json\/wp\/v2\/media\/670025"}],"wp:attachment":[{"href":"https:\/\/admincentral.selleetools.com\/pl\/wp-json\/wp\/v2\/media?parent=670047"}],"curies":[{"name":"wp","href":"https:\/\/api.w.org\/{rel}","templated":true}]}}