{"id":670169,"date":"2026-02-19T15:36:43","date_gmt":"2026-02-19T14:36:43","guid":{"rendered":"https:\/\/selleetools.com\/?post_type=product&#038;p=670169"},"modified":"2026-04-09T17:23:09","modified_gmt":"2026-04-09T15:23:09","slug":"doniczka-rato-niska-drts325l-z-wkladem-bialy","status":"publish","type":"product","link":"https:\/\/admincentral.selleetools.com\/pl\/product\/doniczka-rato-niska-drts325l-z-wkladem-bialy\/","title":{"rendered":"Doniczka RATO niska DRTS325L z wk\u0142adem | Bia\u0142y"},"content":{"rendered":"<p>Doniczka RATO Low DRTS325L z wk\u0142adem &#8211; bia\u0142a<br \/>\nSpecyfikacja\u00a0doniczki:<br \/>\n &#8211; Szeroko\u015b\u0107 zewn\u0119trzna (g\u00f3ra) &#8211;\u00a032,5 cm<br \/>\n &#8211; Szeroko\u015b\u0107 zewn\u0119trzna (podstawa) &#8211;\u00a029 cm<br \/>\n &#8211; Wysoko\u015b\u0107 zewn\u0119trzna &#8211;\u00a032,5 cm<br \/>\n &#8211; Pojemno\u015b\u0107 &#8211;\u00a035 l<br \/>\n &#8211; Materia\u0142 &#8211; tworzywo sztuczne<br \/>\nInformacj\u0119 dodatkowe:<br \/>\n &#8211; doniczka posiada gumowy korek do zatkania odp\u0142ywu wody.<br \/>\n &#8211; doniczka nie posiada podstawki<br \/>\n &#8211; doniczka nie posiada otwor\u00f3w w dnie<br \/>\n &#8211; mrozoodporna<br \/>\n &#8211; odporna na UV<br \/>\nDoniczka na spodzie posiada dwa wyznaczone przez producenta miejsca w kt\u00f3rych mo\u017cna wywierci\u0107 otwory do odp\u0142ywu nadmiaru wody.<br \/>\nMo\u017cemy j\u0105 umie\u015bci\u0107:<br \/>\n &#8211; w domu<br \/>\n &#8211; przestronnym wn\u0119trzu<br \/>\n &#8211; na tarasie<br \/>\n &#8211; na balkonie<br \/>\n &#8211; w ogrodzie<br \/>\n &#8211; w patio<br \/>\n &#8211; w pasa\u017cach<br \/>\n &#8211; w galeriach<br \/>\n &#8211; na skwerach<br \/>\nNa aukcji kupujesz zestaw zawieraj\u0105cy:<br \/>\n &#8211; doniczk\u0119 (os\u0142onk\u0119)<br \/>\n &#8211; wk\u0142ad wewn\u0119trzny<\/p>\n<p>Wk\u0142ad wewn\u0119trzny do doniczek RATO pozwala na zmniejszenie przestrzeni wewn\u0119trznej a tym samym wykorzystanie mniejszej ilo\u015bci ziemi.<br \/>\nDane techniczne wk\u0142adu:<br \/>\n &#8211; Szeroko\u015b\u0107 zewn\u0119trzna (g\u00f3ra) &#8211; 32 cm<br \/>\n &#8211; Szeroko\u015b\u0107 zewn\u0119trzna (podstawa) &#8211;\u00a029 cm<br \/>\n &#8211; Wysoko\u015b\u0107 zewn\u0119trzna &#8211; 25,5 cm<br \/>\n &#8211; Pojemno\u015b\u0107-\u00a022 l<br \/>\n &#8211; Materia\u0142 &#8211; tworzywo sztuczne<\/p>\n<p> &#8211; Charakteryzuje si\u0119 zgrabn\u0105 form\u0105.<br \/>\n &#8211; Nowoczesna, pasuje do ka\u017cdego wn\u0119trza.<br \/>\n &#8211; Stanowi elegancki i stylowy element zar\u00f3wno we wn\u0119trzach nowoczesnych, jak i tradycyjnych.<br \/>\n &#8211; \u0141atwa w utrzymaniu czysto\u015bci.<br \/>\n &#8211; Odporna na dzia\u0142anie warunk\u00f3w atmosferycznych i promieni UV.<br \/>\n &#8211; Przestrze\u0144 mi\u0119dzy doniczk\u0105 a os\u0142onk\u0105 zapobiega przelewaniu i r\u00f3wnocze\u015bnie zapewnia odpowiedni\u0105 wilgotno\u015b\u0107 korzeniom.<\/p>\n<p>Producent:<\/p>\n<p>Doniczka RATO Low DRTS325L z wk\u0142adem &#8211; bia\u0142a<br \/>\nSpecyfikacja\u00a0doniczki:<br \/>\n &#8211; Szeroko\u015b\u0107 zewn\u0119trzna (g\u00f3ra) &#8211;\u00a032,5 cm<br \/>\n &#8211; Szeroko\u015b\u0107 zewn\u0119trzna (podstawa) &#8211;\u00a029 cm<br \/>\n &#8211; Wysoko\u015b\u0107 zewn\u0119trzna &#8211;\u00a032,5 cm<br \/>\n &#8211; Pojemno\u015b\u0107 &#8211;\u00a035 l<br \/>\n &#8211; Materia\u0142 &#8211; tworzywo sztuczne<br \/>\nInformacj\u0119 dodatkowe:<br \/>\n &#8211; doniczka posiada gumowy korek do zatkania odp\u0142ywu wody.<br \/>\n &#8211; doniczka nie posiada podstawki<br \/>\n &#8211; doniczka nie posiada otwor\u00f3w w dnie<br \/>\n &#8211; mrozoodporna<br \/>\n &#8211; odporna na UV<br \/>\nDoniczka na spodzie posiada dwa wyznaczone przez producenta miejsca w kt\u00f3rych mo\u017cna wywierci\u0107 otwory do odp\u0142ywu nadmiaru wody.<br \/>\nMo\u017cemy j\u0105 umie\u015bci\u0107:<br \/>\n &#8211; w domu<br \/>\n &#8211; przestronnym wn\u0119trzu<br \/>\n &#8211; na tarasie<br \/>\n &#8211; na balkonie<br \/>\n &#8211; w ogrodzie<br \/>\n &#8211; w patio<br \/>\n &#8211; w pasa\u017cach<br \/>\n &#8211; w galeriach<br \/>\n &#8211; na skwerach<br \/>\nNa aukcji kupujesz zestaw zawieraj\u0105cy:<br \/>\n &#8211; doniczk\u0119 (os\u0142onk\u0119)<br \/>\n &#8211; wk\u0142ad wewn\u0119trzny<\/p>\n<p>Wk\u0142ad wewn\u0119trzny do doniczek RATO pozwala na zmniejszenie przestrzeni wewn\u0119trznej a tym samym wykorzystanie mniejszej ilo\u015bci ziemi.<br \/>\nDane techniczne wk\u0142adu:<br \/>\n &#8211; Szeroko\u015b\u0107 zewn\u0119trzna (g\u00f3ra) &#8211; 32 cm<br \/>\n &#8211; Szeroko\u015b\u0107 zewn\u0119trzna (podstawa) &#8211;\u00a029 cm<br \/>\n &#8211; Wysoko\u015b\u0107 zewn\u0119trzna &#8211; 25,5 cm<br \/>\n &#8211; Pojemno\u015b\u0107-\u00a022 l<br \/>\n &#8211; Materia\u0142 &#8211; tworzywo sztuczne<\/p>\n<p> &#8211; Charakteryzuje si\u0119 zgrabn\u0105 form\u0105.<br \/>\n &#8211; Nowoczesna, pasuje do ka\u017cdego wn\u0119trza.<br \/>\n &#8211; Stanowi elegancki i stylowy element zar\u00f3wno we wn\u0119trzach nowoczesnych, jak i tradycyjnych.<br \/>\n &#8211; \u0141atwa w utrzymaniu czysto\u015bci.<br \/>\n &#8211; Odporna na dzia\u0142anie warunk\u00f3w atmosferycznych i promieni UV.<br \/>\n &#8211; Przestrze\u0144 mi\u0119dzy doniczk\u0105 a os\u0142onk\u0105 zapobiega przelewaniu i r\u00f3wnocze\u015bnie zapewnia odpowiedni\u0105 wilgotno\u015b\u0107 korzeniom.<\/p>\n<p>Producent:<\/p>\n","protected":false},"excerpt":{"rendered":"<p>Doniczka RATO Low DRTS325L z wk\u0142adem &#8211; bia\u0142a Specyfikacja\u00a0doniczki: &#8211; Szeroko\u015b\u0107 zewn\u0119trzna (g\u00f3ra) &#8211;\u00a032,5 cm &#8211; Szeroko\u015b\u0107 zewn\u0119trzna (podstawa) &#8211;\u00a029 cm &#8211; Wysoko\u015b\u0107 zewn\u0119trzna &#8211;\u00a032,5 cm &#8211; Pojemno\u015b\u0107 &#8211;\u00a035 l &#8211; Materia\u0142 &#8211; tworzywo sztuczne Informacj\u0119 dodatkowe: &#8211; doniczka posiada gumowy korek do zatkania odp\u0142ywu wody. &#8211; doniczka nie posiada podstawki &#8211; doniczka nie posiada &#8230; <a title=\"Doniczka RATO niska DRTS325L z wk\u0142adem | Bia\u0142y\" class=\"read-more\" href=\"https:\/\/admincentral.selleetools.com\/pl\/product\/doniczka-rato-niska-drts325l-z-wkladem-bialy\/\">Read more<span class=\"screen-reader-text\">Doniczka RATO niska DRTS325L z wk\u0142adem | Bia\u0142y<\/span><\/a><\/p>\n","protected":false},"featured_media":670151,"comment_status":"open","ping_status":"closed","template":"","meta":{"_links_to":"","_links_to_target":""},"yoast_head":"<!-- This site is optimized with the Yoast SEO plugin v19.4 - https:\/\/yoast.com\/wordpress\/plugins\/seo\/ -->\n<title>Doniczka RATO niska DRTS325L z wk\u0142adem | Bia\u0142y - Selleetools.com<\/title>\n<meta name=\"robots\" content=\"index, follow, max-snippet:-1, max-image-preview:large, max-video-preview:-1\" \/>\n<link rel=\"canonical\" href=\"https:\/\/admincentral.selleetools.com\/pl\/product\/doniczka-rato-niska-drts325l-z-wkladem-bialy\/\" \/>\n<meta property=\"og:locale\" content=\"pl_PL\" \/>\n<meta property=\"og:type\" content=\"article\" \/>\n<meta property=\"og:title\" content=\"Doniczka RATO niska DRTS325L z wk\u0142adem | Bia\u0142y - Selleetools.com\" \/>\n<meta property=\"og:description\" content=\"Doniczka RATO Low DRTS325L z wk\u0142adem &#8211; bia\u0142a Specyfikacja\u00a0doniczki: &#8211; Szeroko\u015b\u0107 zewn\u0119trzna (g\u00f3ra) &#8211;\u00a032,5 cm &#8211; Szeroko\u015b\u0107 zewn\u0119trzna (podstawa) &#8211;\u00a029 cm &#8211; Wysoko\u015b\u0107 zewn\u0119trzna &#8211;\u00a032,5 cm &#8211; Pojemno\u015b\u0107 &#8211;\u00a035 l &#8211; Materia\u0142 &#8211; tworzywo sztuczne Informacj\u0119 dodatkowe: &#8211; doniczka posiada gumowy korek do zatkania odp\u0142ywu wody. &#8211; doniczka nie posiada podstawki &#8211; doniczka nie posiada ... Read moreDoniczka RATO niska DRTS325L z wk\u0142adem | Bia\u0142y\" \/>\n<meta property=\"og:url\" content=\"https:\/\/admincentral.selleetools.com\/pl\/product\/doniczka-rato-niska-drts325l-z-wkladem-bialy\/\" \/>\n<meta property=\"og:site_name\" content=\"Selleetools.com\" \/>\n<meta property=\"article:modified_time\" content=\"2026-04-09T15:23:09+00:00\" \/>\n<meta property=\"og:image\" content=\"https:\/\/selleetools.com\/wp-content\/uploads\/2026\/02\/6dd0ac4cce5ac0ca48725c1c8187f9ee.jpg\" \/>\n\t<meta property=\"og:image:width\" content=\"1500\" \/>\n\t<meta property=\"og:image:height\" content=\"1500\" \/>\n\t<meta property=\"og:image:type\" content=\"image\/jpeg\" \/>\n<meta name=\"twitter:card\" content=\"summary_large_image\" \/>\n<meta name=\"twitter:label1\" content=\"Est. reading time\" \/>\n\t<meta name=\"twitter:data1\" content=\"3 minuty\" \/>\n<!-- \/ Yoast SEO plugin. -->","yoast_head_json":{"title":"Doniczka RATO niska DRTS325L z wk\u0142adem | Bia\u0142y - Selleetools.com","robots":{"index":"index","follow":"follow","max-snippet":"max-snippet:-1","max-image-preview":"max-image-preview:large","max-video-preview":"max-video-preview:-1"},"canonical":"https:\/\/admincentral.selleetools.com\/pl\/product\/doniczka-rato-niska-drts325l-z-wkladem-bialy\/","og_locale":"pl_PL","og_type":"article","og_title":"Doniczka RATO niska DRTS325L z wk\u0142adem | Bia\u0142y - Selleetools.com","og_description":"Doniczka RATO Low DRTS325L z wk\u0142adem &#8211; bia\u0142a Specyfikacja\u00a0doniczki: &#8211; Szeroko\u015b\u0107 zewn\u0119trzna (g\u00f3ra) &#8211;\u00a032,5 cm &#8211; Szeroko\u015b\u0107 zewn\u0119trzna (podstawa) &#8211;\u00a029 cm &#8211; Wysoko\u015b\u0107 zewn\u0119trzna &#8211;\u00a032,5 cm &#8211; Pojemno\u015b\u0107 &#8211;\u00a035 l &#8211; Materia\u0142 &#8211; tworzywo sztuczne Informacj\u0119 dodatkowe: &#8211; doniczka posiada gumowy korek do zatkania odp\u0142ywu wody. &#8211; doniczka nie posiada podstawki &#8211; doniczka nie posiada ... Read moreDoniczka RATO niska DRTS325L z wk\u0142adem | Bia\u0142y","og_url":"https:\/\/admincentral.selleetools.com\/pl\/product\/doniczka-rato-niska-drts325l-z-wkladem-bialy\/","og_site_name":"Selleetools.com","article_modified_time":"2026-04-09T15:23:09+00:00","og_image":[{"width":1500,"height":1500,"url":"https:\/\/selleetools.com\/wp-content\/uploads\/2026\/02\/6dd0ac4cce5ac0ca48725c1c8187f9ee.jpg","type":"image\/jpeg"}],"twitter_card":"summary_large_image","twitter_misc":{"Est. reading time":"3 minuty"},"schema":{"@context":"https:\/\/schema.org","@graph":[{"@type":"Organization","@id":"https:\/\/selleetools.com\/#organization","name":"Selleetools","url":"https:\/\/selleetools.com\/","sameAs":[],"logo":{"@type":"ImageObject","inLanguage":"pl-PL","@id":"https:\/\/selleetools.com\/#\/schema\/logo\/image\/","url":"https:\/\/selleetools.com\/wp-content\/uploads\/2021\/10\/logo-dark.png","contentUrl":"https:\/\/selleetools.com\/wp-content\/uploads\/2021\/10\/logo-dark.png","width":320,"height":76,"caption":"Selleetools"},"image":{"@id":"https:\/\/selleetools.com\/#\/schema\/logo\/image\/"}},{"@type":"WebSite","@id":"https:\/\/selleetools.com\/#website","url":"https:\/\/selleetools.com\/","name":"Selleetools.com","description":"","publisher":{"@id":"https:\/\/selleetools.com\/#organization"},"potentialAction":[{"@type":"SearchAction","target":{"@type":"EntryPoint","urlTemplate":"https:\/\/selleetools.com\/?s={search_term_string}"},"query-input":"required name=search_term_string"}],"inLanguage":"pl-PL"},{"@type":"WebPage","@id":"https:\/\/admincentral.selleetools.com\/pl\/product\/doniczka-rato-niska-drts325l-z-wkladem-bialy\/","url":"https:\/\/admincentral.selleetools.com\/pl\/product\/doniczka-rato-niska-drts325l-z-wkladem-bialy\/","name":"Doniczka RATO niska DRTS325L z wk\u0142adem | Bia\u0142y - Selleetools.com","isPartOf":{"@id":"https:\/\/selleetools.com\/#website"},"datePublished":"2026-02-19T14:36:43+00:00","dateModified":"2026-04-09T15:23:09+00:00","breadcrumb":{"@id":"https:\/\/admincentral.selleetools.com\/pl\/product\/doniczka-rato-niska-drts325l-z-wkladem-bialy\/#breadcrumb"},"inLanguage":"pl-PL","potentialAction":[{"@type":"ReadAction","target":["https:\/\/admincentral.selleetools.com\/pl\/product\/doniczka-rato-niska-drts325l-z-wkladem-bialy\/"]}]},{"@type":"BreadcrumbList","@id":"https:\/\/admincentral.selleetools.com\/pl\/product\/doniczka-rato-niska-drts325l-z-wkladem-bialy\/#breadcrumb","itemListElement":[{"@type":"ListItem","position":1,"name":"Home","item":"https:\/\/selleetools.com\/pl\/"},{"@type":"ListItem","position":2,"name":"Katalog","item":"https:\/\/selleetools.com\/pl\/katalog\/"},{"@type":"ListItem","position":3,"name":"Doniczka RATO niska DRTS325L z wk\u0142adem | Bia\u0142y"}]}]}},"_links":{"self":[{"href":"https:\/\/admincentral.selleetools.com\/pl\/wp-json\/wp\/v2\/product\/670169"}],"collection":[{"href":"https:\/\/admincentral.selleetools.com\/pl\/wp-json\/wp\/v2\/product"}],"about":[{"href":"https:\/\/admincentral.selleetools.com\/pl\/wp-json\/wp\/v2\/types\/product"}],"replies":[{"embeddable":true,"href":"https:\/\/admincentral.selleetools.com\/pl\/wp-json\/wp\/v2\/comments?post=670169"}],"wp:featuredmedia":[{"embeddable":true,"href":"https:\/\/admincentral.selleetools.com\/pl\/wp-json\/wp\/v2\/media\/670151"}],"wp:attachment":[{"href":"https:\/\/admincentral.selleetools.com\/pl\/wp-json\/wp\/v2\/media?parent=670169"}],"curies":[{"name":"wp","href":"https:\/\/api.w.org\/{rel}","templated":true}]}}