{"id":670324,"date":"2026-02-19T15:37:59","date_gmt":"2026-02-19T14:37:59","guid":{"rendered":"https:\/\/selleetools.com\/?post_type=product&#038;p=670324"},"modified":"2026-04-09T17:25:41","modified_gmt":"2026-04-09T15:25:41","slug":"palisada-ogrodowa-wysoka-ipal5-brazowy","status":"publish","type":"product","link":"https:\/\/admincentral.selleetools.com\/pl\/product\/palisada-ogrodowa-wysoka-ipal5-brazowy\/","title":{"rendered":"Palisada ogrodowa wysoka IPAL5 | Br\u0105zowy"},"content":{"rendered":"<p>Palisada ogrodowa IPAL5 &#8211; br\u0105z<br \/>\nIPAL5 daj\u0119 swobod\u0119 w aran\u017cowaniu przestrzeni, doskonale sprawdza si\u0119 przy oddzielaniu rabat od \u015bcie\u017cek. Palisada posiada system \u0142\u0105czenia modu\u0142\u00f3w. Prosty system monta\u017cu pozwala na samodzielne u\u0142o\u017cenie kraw\u0119\u017cnika, uzyskuj\u0105c w kr\u00f3tkim czasie 2,7 metra obrze\u017ca pe\u0142nego uroku.<br \/>\nZestaw zawiera 10 modu\u0142\u00f3w po 5 sztuk o \u0142\u0105cznej d\u0142ugo\u015bci 2,7 m.<br \/>\nPalisada dost\u0119pna w 2 kolorach:<br \/>\n &#8211; br\u0105z,<\/p>\n<p>Specyfikacja:<br \/>\n &#8211; \u015brednica palisady u g\u00f3ry &#8211; 4,5 cm<br \/>\n &#8211; \u015brednica palisady u do\u0142u &#8211; 5,5 cm<br \/>\n &#8211; d\u0142ugo\u015b\u0107 jednego elementu &#8211; 27 cm<br \/>\n &#8211; d\u0142ugo\u015b\u0107 ca\u0142ego kompletu &#8211; 2,7 m<br \/>\n &#8211; wysoko\u015b\u0107 palisady &#8211; 15,5 cm<br \/>\n &#8211; wysoko\u015b\u0107 ca\u0142kowita &#8211; 24 cm<br \/>\n &#8211; materia\u0142 &#8211; tworzywo sztuczne<br \/>\n &#8211; waga &#8211; 2 kg<\/p>\n<p>Cechy palisady IPAL5:<br \/>\n &#8211; lekka i wytrzyma\u0142a,<br \/>\n &#8211; odporna na niskie temperatury i wilgo\u0107,<br \/>\n &#8211; odporna na mr\u00f3z,<br \/>\n &#8211; wysoko\u015b\u0107 tej palisady pozwala na stosowanie jej nawet w przypadku mocno podwy\u017cszonego terenu lub bardzo bujnej ro\u015blinno\u015bci.<\/p>\n<p>Palisada ogrodowa IPAL5 &#8211; br\u0105z<br \/>\nIPAL5 daj\u0119 swobod\u0119 w aran\u017cowaniu przestrzeni, doskonale sprawdza si\u0119 przy oddzielaniu rabat od \u015bcie\u017cek. Palisada posiada system \u0142\u0105czenia modu\u0142\u00f3w. Prosty system monta\u017cu pozwala na samodzielne u\u0142o\u017cenie kraw\u0119\u017cnika, uzyskuj\u0105c w kr\u00f3tkim czasie 2,7 metra obrze\u017ca pe\u0142nego uroku.<br \/>\nZestaw zawiera 10 modu\u0142\u00f3w po 5 sztuk o \u0142\u0105cznej d\u0142ugo\u015bci 2,7 m.<br \/>\nPalisada dost\u0119pna w 2 kolorach:<br \/>\n &#8211; br\u0105z,<\/p>\n<p>Specyfikacja:<br \/>\n &#8211; \u015brednica palisady u g\u00f3ry &#8211; 4,5 cm<br \/>\n &#8211; \u015brednica palisady u do\u0142u &#8211; 5,5 cm<br \/>\n &#8211; d\u0142ugo\u015b\u0107 jednego elementu &#8211; 27 cm<br \/>\n &#8211; d\u0142ugo\u015b\u0107 ca\u0142ego kompletu &#8211; 2,7 m<br \/>\n &#8211; wysoko\u015b\u0107 palisady &#8211; 15,5 cm<br \/>\n &#8211; wysoko\u015b\u0107 ca\u0142kowita &#8211; 24 cm<br \/>\n &#8211; materia\u0142 &#8211; tworzywo sztuczne<br \/>\n &#8211; waga &#8211; 2 kg<\/p>\n<p>Cechy palisady IPAL5:<br \/>\n &#8211; lekka i wytrzyma\u0142a,<br \/>\n &#8211; odporna na niskie temperatury i wilgo\u0107,<br \/>\n &#8211; odporna na mr\u00f3z,<br \/>\n &#8211; wysoko\u015b\u0107 tej palisady pozwala na stosowanie jej nawet w przypadku mocno podwy\u017cszonego terenu lub bardzo bujnej ro\u015blinno\u015bci.<\/p>\n","protected":false},"excerpt":{"rendered":"<p>Palisada ogrodowa IPAL5 &#8211; br\u0105z IPAL5 daj\u0119 swobod\u0119 w aran\u017cowaniu przestrzeni, doskonale sprawdza si\u0119 przy oddzielaniu rabat od \u015bcie\u017cek. Palisada posiada system \u0142\u0105czenia modu\u0142\u00f3w. Prosty system monta\u017cu pozwala na samodzielne u\u0142o\u017cenie kraw\u0119\u017cnika, uzyskuj\u0105c w kr\u00f3tkim czasie 2,7 metra obrze\u017ca pe\u0142nego uroku. Zestaw zawiera 10 modu\u0142\u00f3w po 5 sztuk o \u0142\u0105cznej d\u0142ugo\u015bci 2,7 m. Palisada dost\u0119pna &#8230; <a title=\"Palisada ogrodowa wysoka IPAL5 | Br\u0105zowy\" class=\"read-more\" href=\"https:\/\/admincentral.selleetools.com\/pl\/product\/palisada-ogrodowa-wysoka-ipal5-brazowy\/\">Read more<span class=\"screen-reader-text\">Palisada ogrodowa wysoka IPAL5 | Br\u0105zowy<\/span><\/a><\/p>\n","protected":false},"featured_media":670316,"comment_status":"open","ping_status":"closed","template":"","meta":{"_links_to":"","_links_to_target":""},"yoast_head":"<!-- This site is optimized with the Yoast SEO plugin v19.4 - https:\/\/yoast.com\/wordpress\/plugins\/seo\/ -->\n<title>Palisada ogrodowa wysoka IPAL5 | Br\u0105zowy - Selleetools.com<\/title>\n<meta name=\"robots\" content=\"index, follow, max-snippet:-1, max-image-preview:large, max-video-preview:-1\" \/>\n<link rel=\"canonical\" href=\"https:\/\/admincentral.selleetools.com\/pl\/product\/palisada-ogrodowa-wysoka-ipal5-brazowy\/\" \/>\n<meta property=\"og:locale\" content=\"pl_PL\" \/>\n<meta property=\"og:type\" content=\"article\" \/>\n<meta property=\"og:title\" content=\"Palisada ogrodowa wysoka IPAL5 | Br\u0105zowy - Selleetools.com\" \/>\n<meta property=\"og:description\" content=\"Palisada ogrodowa IPAL5 &#8211; br\u0105z IPAL5 daj\u0119 swobod\u0119 w aran\u017cowaniu przestrzeni, doskonale sprawdza si\u0119 przy oddzielaniu rabat od \u015bcie\u017cek. Palisada posiada system \u0142\u0105czenia modu\u0142\u00f3w. Prosty system monta\u017cu pozwala na samodzielne u\u0142o\u017cenie kraw\u0119\u017cnika, uzyskuj\u0105c w kr\u00f3tkim czasie 2,7 metra obrze\u017ca pe\u0142nego uroku. Zestaw zawiera 10 modu\u0142\u00f3w po 5 sztuk o \u0142\u0105cznej d\u0142ugo\u015bci 2,7 m. Palisada dost\u0119pna ... Read morePalisada ogrodowa wysoka IPAL5 | Br\u0105zowy\" \/>\n<meta property=\"og:url\" content=\"https:\/\/admincentral.selleetools.com\/pl\/product\/palisada-ogrodowa-wysoka-ipal5-brazowy\/\" \/>\n<meta property=\"og:site_name\" content=\"Selleetools.com\" \/>\n<meta property=\"article:modified_time\" content=\"2026-04-09T15:25:41+00:00\" \/>\n<meta property=\"og:image\" content=\"https:\/\/selleetools.com\/wp-content\/uploads\/2026\/02\/088d8f9f86955242491202fd393095ef.jpg\" \/>\n\t<meta property=\"og:image:width\" content=\"800\" \/>\n\t<meta property=\"og:image:height\" content=\"800\" \/>\n\t<meta property=\"og:image:type\" content=\"image\/jpeg\" \/>\n<meta name=\"twitter:card\" content=\"summary_large_image\" \/>\n<meta name=\"twitter:label1\" content=\"Est. reading time\" \/>\n\t<meta name=\"twitter:data1\" content=\"2 minuty\" \/>\n<!-- \/ Yoast SEO plugin. -->","yoast_head_json":{"title":"Palisada ogrodowa wysoka IPAL5 | Br\u0105zowy - Selleetools.com","robots":{"index":"index","follow":"follow","max-snippet":"max-snippet:-1","max-image-preview":"max-image-preview:large","max-video-preview":"max-video-preview:-1"},"canonical":"https:\/\/admincentral.selleetools.com\/pl\/product\/palisada-ogrodowa-wysoka-ipal5-brazowy\/","og_locale":"pl_PL","og_type":"article","og_title":"Palisada ogrodowa wysoka IPAL5 | Br\u0105zowy - Selleetools.com","og_description":"Palisada ogrodowa IPAL5 &#8211; br\u0105z IPAL5 daj\u0119 swobod\u0119 w aran\u017cowaniu przestrzeni, doskonale sprawdza si\u0119 przy oddzielaniu rabat od \u015bcie\u017cek. Palisada posiada system \u0142\u0105czenia modu\u0142\u00f3w. Prosty system monta\u017cu pozwala na samodzielne u\u0142o\u017cenie kraw\u0119\u017cnika, uzyskuj\u0105c w kr\u00f3tkim czasie 2,7 metra obrze\u017ca pe\u0142nego uroku. Zestaw zawiera 10 modu\u0142\u00f3w po 5 sztuk o \u0142\u0105cznej d\u0142ugo\u015bci 2,7 m. Palisada dost\u0119pna ... Read morePalisada ogrodowa wysoka IPAL5 | Br\u0105zowy","og_url":"https:\/\/admincentral.selleetools.com\/pl\/product\/palisada-ogrodowa-wysoka-ipal5-brazowy\/","og_site_name":"Selleetools.com","article_modified_time":"2026-04-09T15:25:41+00:00","og_image":[{"width":800,"height":800,"url":"https:\/\/selleetools.com\/wp-content\/uploads\/2026\/02\/088d8f9f86955242491202fd393095ef.jpg","type":"image\/jpeg"}],"twitter_card":"summary_large_image","twitter_misc":{"Est. reading time":"2 minuty"},"schema":{"@context":"https:\/\/schema.org","@graph":[{"@type":"Organization","@id":"https:\/\/selleetools.com\/#organization","name":"Selleetools","url":"https:\/\/selleetools.com\/","sameAs":[],"logo":{"@type":"ImageObject","inLanguage":"pl-PL","@id":"https:\/\/selleetools.com\/#\/schema\/logo\/image\/","url":"https:\/\/selleetools.com\/wp-content\/uploads\/2021\/10\/logo-dark.png","contentUrl":"https:\/\/selleetools.com\/wp-content\/uploads\/2021\/10\/logo-dark.png","width":320,"height":76,"caption":"Selleetools"},"image":{"@id":"https:\/\/selleetools.com\/#\/schema\/logo\/image\/"}},{"@type":"WebSite","@id":"https:\/\/selleetools.com\/#website","url":"https:\/\/selleetools.com\/","name":"Selleetools.com","description":"","publisher":{"@id":"https:\/\/selleetools.com\/#organization"},"potentialAction":[{"@type":"SearchAction","target":{"@type":"EntryPoint","urlTemplate":"https:\/\/selleetools.com\/?s={search_term_string}"},"query-input":"required name=search_term_string"}],"inLanguage":"pl-PL"},{"@type":"WebPage","@id":"https:\/\/admincentral.selleetools.com\/pl\/product\/palisada-ogrodowa-wysoka-ipal5-brazowy\/","url":"https:\/\/admincentral.selleetools.com\/pl\/product\/palisada-ogrodowa-wysoka-ipal5-brazowy\/","name":"Palisada ogrodowa wysoka IPAL5 | Br\u0105zowy - Selleetools.com","isPartOf":{"@id":"https:\/\/selleetools.com\/#website"},"datePublished":"2026-02-19T14:37:59+00:00","dateModified":"2026-04-09T15:25:41+00:00","breadcrumb":{"@id":"https:\/\/admincentral.selleetools.com\/pl\/product\/palisada-ogrodowa-wysoka-ipal5-brazowy\/#breadcrumb"},"inLanguage":"pl-PL","potentialAction":[{"@type":"ReadAction","target":["https:\/\/admincentral.selleetools.com\/pl\/product\/palisada-ogrodowa-wysoka-ipal5-brazowy\/"]}]},{"@type":"BreadcrumbList","@id":"https:\/\/admincentral.selleetools.com\/pl\/product\/palisada-ogrodowa-wysoka-ipal5-brazowy\/#breadcrumb","itemListElement":[{"@type":"ListItem","position":1,"name":"Home","item":"https:\/\/selleetools.com\/pl\/"},{"@type":"ListItem","position":2,"name":"Katalog","item":"https:\/\/selleetools.com\/pl\/katalog\/"},{"@type":"ListItem","position":3,"name":"Palisada ogrodowa wysoka IPAL5 | Br\u0105zowy"}]}]}},"_links":{"self":[{"href":"https:\/\/admincentral.selleetools.com\/pl\/wp-json\/wp\/v2\/product\/670324"}],"collection":[{"href":"https:\/\/admincentral.selleetools.com\/pl\/wp-json\/wp\/v2\/product"}],"about":[{"href":"https:\/\/admincentral.selleetools.com\/pl\/wp-json\/wp\/v2\/types\/product"}],"replies":[{"embeddable":true,"href":"https:\/\/admincentral.selleetools.com\/pl\/wp-json\/wp\/v2\/comments?post=670324"}],"wp:featuredmedia":[{"embeddable":true,"href":"https:\/\/admincentral.selleetools.com\/pl\/wp-json\/wp\/v2\/media\/670316"}],"wp:attachment":[{"href":"https:\/\/admincentral.selleetools.com\/pl\/wp-json\/wp\/v2\/media?parent=670324"}],"curies":[{"name":"wp","href":"https:\/\/api.w.org\/{rel}","templated":true}]}}