{"id":671239,"date":"2026-02-19T15:45:43","date_gmt":"2026-02-19T14:45:43","guid":{"rendered":"https:\/\/selleetools.com\/?post_type=product&#038;p=671239"},"modified":"2026-04-18T16:01:31","modified_gmt":"2026-04-18T14:01:31","slug":"bros-siatka-na-okno-dachowe-120x170-biala","status":"publish","type":"product","link":"https:\/\/admincentral.selleetools.com\/pl\/product\/bros-siatka-na-okno-dachowe-120x170-biala\/","title":{"rendered":"BROS Siatka na okno dachowe 120&#215;170 &#8211; bia\u0142a"},"content":{"rendered":"<p>BROS Siatka na okno dachowe 120&#215;170<br \/>\nZabezpiecza okna dachowe przed owadami (muchami, komarami, osami, \u0107mami, owadami biegaj\u0105cymi) Specjalna konstrukcja siatki i spos\u00f3b monta\u017cu sprawiaj\u0105, \u017ce mo\u017ce by\u0107 ona u\u017cywana do ochrony okien dachowych o r\u00f3\u017cnych rozmiarach i kszta\u0142tach (dzi\u0119ki wszyciu elastycznej gumki na brzegach siatki oraz zastosowaniu specjalnych haczyk\u00f3w, kt\u00f3re mo\u017cna zamontowa\u0107 w dowolnym miejscu) Wyj\u0105tkowo prosty i szybki spos\u00f3b zak\u0142adania siatki daje mo\u017cliwo\u015b\u0107 \u0142atwego dost\u0119pu do klamki okna, celem jego otwarcia lub zamkni\u0119cia. Siatka jest wykonana z trwa\u0142ego, estetycznego materia\u0142u, kt\u00f3ry nie ogranicza dist\u0119pu \u015bwiat\u0142a do pomieszczenia.<br \/>\nMo\u017ce by\u0107 stosowana na wszystkie rodzaje drzwi:<br \/>\n &#8211; PVC<br \/>\n &#8211; Aluminium<br \/>\n &#8211; Drewno<br \/>\nW zestawie znajduje si\u0119:<br \/>\n &#8211; 1 siatka<br \/>\n &#8211; 6 plastr\u00f3w monta\u017cowych<br \/>\n &#8211; 4 haczyki<\/p>\n<p>Spos\u00f3b monta\u017cu:<br \/>\nSiatk\u0119 montowa\u0107 na czystej, suchej i r\u00f3wnej \u015bcianie. W razie potrzeby \u015bcian\u0119 nale\u017cy przed monta\u017cem oczy\u015bci\u0107 i odt\u0142u\u015bci\u0107 za pomoc\u0105alkoholu, p\u0142ynu do mycia okien lub ciep\u0142ej wody z dodatkiem p\u0142ynu do mycia naczy\u0107.<br \/>\n &#8211; Pozplanowa\u0107 umiejscowienie haczyk\u00f3w do zaczepienia siatki w taki spos\u00f3b aby po na\u0142o\u017ceniu siatka by\u0142a naci\u0105gni\u0119ta w stopniu \u015brednim (siatka nie powinna\u00a0by\u0107 maksymalnie napi\u0119ta). Taki stopie\u0144 naci\u0105gni\u0119cia siatki uzyskuje si\u0119 przy jej rozpi\u0119ciu na wymiar 120x170cm lub na inny wymiar, ale przy zachowaniu podobnej d\u0142ugo\u015bci bok\u00f3w siatki (+\/- 20cm) i zbli\u017conego obwodu (580cm)<br \/>\n &#8211; Naklei\u0107 plaster monta\u017cowy w zewnetrznym naro\u017cniku wn\u0119ki,w taki spos\u00f3b, aby ko\u0144c\u00f3wka z czerwonymi strza\u0142kami by\u0142a skierowana dok\u0142adnie na \u015brodek naro\u017cnika.<br \/>\n &#8211; Dociska\u0107\u00a0 plaster do \u015bciany przez kilka sekund, aby zapewni\u0107 mu trwa\u0142e umocowanie.<br \/>\n &#8211; Zdj\u0105\u0107 z plastra zabezpieczaj\u0105c\u0105 wartsw\u0119 papieru i przyklei\u0107 do niego plastikowy haczyk w taki spos\u00f3b, aby zaokroglona i odstaj\u0105ca cz\u0119\u015b\u0107 by\u0142a skierowana na zewn\u0105trz wn\u0119ki.<br \/>\n &#8211; Dociska\u0107 haczyk do plastra przez kilka sekund aby zapewni\u0107 mu trwa\u0142e umocowanie.<br \/>\n &#8211; W podobny spos\u00f3b zamontowa\u0107 plastikowe haczyki w pozosta\u0142ych naro\u017cnikach wn\u0119ki.<br \/>\n &#8211; Odczeka\u0107 ok. 1 godzin\u0119.<br \/>\n &#8211; Na\u0142o\u017cy\u0107 siatk\u0119 na haczyki w taki spos\u00f3b, aby gumka by\u0142a r\u00f3wnomiernie naci\u0105gni\u0119ta na wszystkich jej bokach.<br \/>\nDemonta\u017c siatki:<br \/>\n &#8211; Zdj\u0105\u0107 siatk\u0119 z haczyk\u00f3w.<br \/>\n &#8211; Delikatnie odgi\u0105\u0107 p\u0142aski koniec haczyka i chwyci\u0107 ko\u0144c\u00f3wk\u0119 plastra oznaczon\u0105 czerwonymi strza\u0142kami.<br \/>\n &#8211; Delikatnie poci\u0105gn\u0105\u0107 za plaster, zwracaj\u0105c uwag\u0119 na to, aby przez ca\u0142y czas znajdowa\u0142 si\u0119 on w pozycji r\u00f3wnoleg\u0142ej do \u015bciany. Jednocze\u015bnie drug\u0105 r\u0119k\u0105 lekko dociska\u0107 haczyk. Czynno\u015b\u0107 kontynuowa\u0107 do momentu ca\u0142kowitego odklejenia plastra wraz z haczykiem. Zbyt gwa\u0142towne odrywanie lub odci\u0105ganie plastra w kierunku prostopad\u0142ym do \u015bciany mo\u017ce spowodowa\u0107 jej uszkodzenie.<br \/>\n &#8211; W podobny spos\u00f3b odklei\u0107 pozosta\u0142e plastry monta\u017cowe.<\/p>\n<p>Producent:<\/p>\n<p>BROS Siatka na okno dachowe 120&#215;170<br \/>\nZabezpiecza okna dachowe przed owadami (muchami, komarami, osami, \u0107mami, owadami biegaj\u0105cymi) Specjalna konstrukcja siatki i spos\u00f3b monta\u017cu sprawiaj\u0105, \u017ce mo\u017ce by\u0107 ona u\u017cywana do ochrony okien dachowych o r\u00f3\u017cnych rozmiarach i kszta\u0142tach (dzi\u0119ki wszyciu elastycznej gumki na brzegach siatki oraz zastosowaniu specjalnych haczyk\u00f3w, kt\u00f3re mo\u017cna zamontowa\u0107 w dowolnym miejscu) Wyj\u0105tkowo prosty i szybki spos\u00f3b zak\u0142adania siatki daje mo\u017cliwo\u015b\u0107 \u0142atwego dost\u0119pu do klamki okna, celem jego otwarcia lub zamkni\u0119cia. Siatka jest wykonana z trwa\u0142ego, estetycznego materia\u0142u, kt\u00f3ry nie ogranicza dist\u0119pu \u015bwiat\u0142a do pomieszczenia.<br \/>\nMo\u017ce by\u0107 stosowana na wszystkie rodzaje drzwi:<br \/>\n &#8211; PVC<br \/>\n &#8211; Aluminium<br \/>\n &#8211; Drewno<br \/>\nW zestawie znajduje si\u0119:<br \/>\n &#8211; 1 siatka<br \/>\n &#8211; 6 plastr\u00f3w monta\u017cowych<br \/>\n &#8211; 4 haczyki<\/p>\n<p>Spos\u00f3b monta\u017cu:<br \/>\nSiatk\u0119 montowa\u0107 na czystej, suchej i r\u00f3wnej \u015bcianie. W razie potrzeby \u015bcian\u0119 nale\u017cy przed monta\u017cem oczy\u015bci\u0107 i odt\u0142u\u015bci\u0107 za pomoc\u0105alkoholu, p\u0142ynu do mycia okien lub ciep\u0142ej wody z dodatkiem p\u0142ynu do mycia naczy\u0107.<br \/>\n &#8211; Pozplanowa\u0107 umiejscowienie haczyk\u00f3w do zaczepienia siatki w taki spos\u00f3b aby po na\u0142o\u017ceniu siatka by\u0142a naci\u0105gni\u0119ta w stopniu \u015brednim (siatka nie powinna\u00a0by\u0107 maksymalnie napi\u0119ta). Taki stopie\u0144 naci\u0105gni\u0119cia siatki uzyskuje si\u0119 przy jej rozpi\u0119ciu na wymiar 120x170cm lub na inny wymiar, ale przy zachowaniu podobnej d\u0142ugo\u015bci bok\u00f3w siatki (+\/- 20cm) i zbli\u017conego obwodu (580cm)<br \/>\n &#8211; Naklei\u0107 plaster monta\u017cowy w zewnetrznym naro\u017cniku wn\u0119ki,w taki spos\u00f3b, aby ko\u0144c\u00f3wka z czerwonymi strza\u0142kami by\u0142a skierowana dok\u0142adnie na \u015brodek naro\u017cnika.<br \/>\n &#8211; Dociska\u0107\u00a0 plaster do \u015bciany przez kilka sekund, aby zapewni\u0107 mu trwa\u0142e umocowanie.<br \/>\n &#8211; Zdj\u0105\u0107 z plastra zabezpieczaj\u0105c\u0105 wartsw\u0119 papieru i przyklei\u0107 do niego plastikowy haczyk w taki spos\u00f3b, aby zaokroglona i odstaj\u0105ca cz\u0119\u015b\u0107 by\u0142a skierowana na zewn\u0105trz wn\u0119ki.<br \/>\n &#8211; Dociska\u0107 haczyk do plastra przez kilka sekund aby zapewni\u0107 mu trwa\u0142e umocowanie.<br \/>\n &#8211; W podobny spos\u00f3b zamontowa\u0107 plastikowe haczyki w pozosta\u0142ych naro\u017cnikach wn\u0119ki.<br \/>\n &#8211; Odczeka\u0107 ok. 1 godzin\u0119.<br \/>\n &#8211; Na\u0142o\u017cy\u0107 siatk\u0119 na haczyki w taki spos\u00f3b, aby gumka by\u0142a r\u00f3wnomiernie naci\u0105gni\u0119ta na wszystkich jej bokach.<br \/>\nDemonta\u017c siatki:<br \/>\n &#8211; Zdj\u0105\u0107 siatk\u0119 z haczyk\u00f3w.<br \/>\n &#8211; Delikatnie odgi\u0105\u0107 p\u0142aski koniec haczyka i chwyci\u0107 ko\u0144c\u00f3wk\u0119 plastra oznaczon\u0105 czerwonymi strza\u0142kami.<br \/>\n &#8211; Delikatnie poci\u0105gn\u0105\u0107 za plaster, zwracaj\u0105c uwag\u0119 na to, aby przez ca\u0142y czas znajdowa\u0142 si\u0119 on w pozycji r\u00f3wnoleg\u0142ej do \u015bciany. Jednocze\u015bnie drug\u0105 r\u0119k\u0105 lekko dociska\u0107 haczyk. Czynno\u015b\u0107 kontynuowa\u0107 do momentu ca\u0142kowitego odklejenia plastra wraz z haczykiem. Zbyt gwa\u0142towne odrywanie lub odci\u0105ganie plastra w kierunku prostopad\u0142ym do \u015bciany mo\u017ce spowodowa\u0107 jej uszkodzenie.<br \/>\n &#8211; W podobny spos\u00f3b odklei\u0107 pozosta\u0142e plastry monta\u017cowe.<\/p>\n<p>Producent:<\/p>\n","protected":false},"excerpt":{"rendered":"<p>BROS Siatka na okno dachowe 120&#215;170 Zabezpiecza okna dachowe przed owadami (muchami, komarami, osami, \u0107mami, owadami biegaj\u0105cymi) Specjalna konstrukcja siatki i spos\u00f3b monta\u017cu sprawiaj\u0105, \u017ce mo\u017ce by\u0107 ona u\u017cywana do ochrony okien dachowych o r\u00f3\u017cnych rozmiarach i kszta\u0142tach (dzi\u0119ki wszyciu elastycznej gumki na brzegach siatki oraz zastosowaniu specjalnych haczyk\u00f3w, kt\u00f3re mo\u017cna zamontowa\u0107 w dowolnym miejscu) &#8230; <a title=\"BROS Siatka na okno dachowe 120&#215;170 &#8211; bia\u0142a\" class=\"read-more\" href=\"https:\/\/admincentral.selleetools.com\/pl\/product\/bros-siatka-na-okno-dachowe-120x170-biala\/\">Read more<span class=\"screen-reader-text\">BROS Siatka na okno dachowe 120&#215;170 &#8211; bia\u0142a<\/span><\/a><\/p>\n","protected":false},"featured_media":671235,"comment_status":"open","ping_status":"closed","template":"","meta":{"_links_to":"","_links_to_target":""},"yoast_head":"<!-- This site is optimized with the Yoast SEO plugin v19.4 - https:\/\/yoast.com\/wordpress\/plugins\/seo\/ -->\n<title>BROS Siatka na okno dachowe 120x170 - bia\u0142a - Selleetools.com<\/title>\n<meta name=\"robots\" content=\"index, follow, max-snippet:-1, max-image-preview:large, max-video-preview:-1\" \/>\n<link rel=\"canonical\" href=\"https:\/\/selleetools.com\/pl\/product\/bros-siatka-na-okno-dachowe-120x170-biala\/\" \/>\n<meta property=\"og:locale\" content=\"pl_PL\" \/>\n<meta property=\"og:type\" content=\"article\" \/>\n<meta property=\"og:title\" content=\"BROS Siatka na okno dachowe 120x170 - bia\u0142a - Selleetools.com\" \/>\n<meta property=\"og:description\" content=\"BROS Siatka na okno dachowe 120&#215;170 Zabezpiecza okna dachowe przed owadami (muchami, komarami, osami, \u0107mami, owadami biegaj\u0105cymi) Specjalna konstrukcja siatki i spos\u00f3b monta\u017cu sprawiaj\u0105, \u017ce mo\u017ce by\u0107 ona u\u017cywana do ochrony okien dachowych o r\u00f3\u017cnych rozmiarach i kszta\u0142tach (dzi\u0119ki wszyciu elastycznej gumki na brzegach siatki oraz zastosowaniu specjalnych haczyk\u00f3w, kt\u00f3re mo\u017cna zamontowa\u0107 w dowolnym miejscu) ... Read moreBROS Siatka na okno dachowe 120&#215;170 &#8211; bia\u0142a\" \/>\n<meta property=\"og:url\" content=\"https:\/\/selleetools.com\/pl\/product\/bros-siatka-na-okno-dachowe-120x170-biala\/\" \/>\n<meta property=\"og:site_name\" content=\"Selleetools.com\" \/>\n<meta property=\"article:modified_time\" content=\"2026-04-18T14:01:31+00:00\" \/>\n<meta property=\"og:image\" content=\"https:\/\/selleetools.com\/wp-content\/uploads\/2026\/02\/04e15df817b6069706da5c54c17367ed.jpg\" \/>\n\t<meta property=\"og:image:width\" content=\"600\" \/>\n\t<meta property=\"og:image:height\" content=\"1150\" \/>\n\t<meta property=\"og:image:type\" content=\"image\/jpeg\" \/>\n<meta name=\"twitter:card\" content=\"summary_large_image\" \/>\n<meta name=\"twitter:label1\" content=\"Est. reading time\" \/>\n\t<meta name=\"twitter:data1\" content=\"5 minut\" \/>\n<!-- \/ Yoast SEO plugin. -->","yoast_head_json":{"title":"BROS Siatka na okno dachowe 120x170 - bia\u0142a - Selleetools.com","robots":{"index":"index","follow":"follow","max-snippet":"max-snippet:-1","max-image-preview":"max-image-preview:large","max-video-preview":"max-video-preview:-1"},"canonical":"https:\/\/selleetools.com\/pl\/product\/bros-siatka-na-okno-dachowe-120x170-biala\/","og_locale":"pl_PL","og_type":"article","og_title":"BROS Siatka na okno dachowe 120x170 - bia\u0142a - Selleetools.com","og_description":"BROS Siatka na okno dachowe 120&#215;170 Zabezpiecza okna dachowe przed owadami (muchami, komarami, osami, \u0107mami, owadami biegaj\u0105cymi) Specjalna konstrukcja siatki i spos\u00f3b monta\u017cu sprawiaj\u0105, \u017ce mo\u017ce by\u0107 ona u\u017cywana do ochrony okien dachowych o r\u00f3\u017cnych rozmiarach i kszta\u0142tach (dzi\u0119ki wszyciu elastycznej gumki na brzegach siatki oraz zastosowaniu specjalnych haczyk\u00f3w, kt\u00f3re mo\u017cna zamontowa\u0107 w dowolnym miejscu) ... Read moreBROS Siatka na okno dachowe 120&#215;170 &#8211; bia\u0142a","og_url":"https:\/\/selleetools.com\/pl\/product\/bros-siatka-na-okno-dachowe-120x170-biala\/","og_site_name":"Selleetools.com","article_modified_time":"2026-04-18T14:01:31+00:00","og_image":[{"width":600,"height":1150,"url":"https:\/\/selleetools.com\/wp-content\/uploads\/2026\/02\/04e15df817b6069706da5c54c17367ed.jpg","type":"image\/jpeg"}],"twitter_card":"summary_large_image","twitter_misc":{"Est. reading time":"5 minut"},"schema":{"@context":"https:\/\/schema.org","@graph":[{"@type":"Organization","@id":"https:\/\/selleetools.com\/#organization","name":"Selleetools","url":"https:\/\/selleetools.com\/","sameAs":[],"logo":{"@type":"ImageObject","inLanguage":"pl-PL","@id":"https:\/\/selleetools.com\/#\/schema\/logo\/image\/","url":"https:\/\/selleetools.com\/wp-content\/uploads\/2021\/10\/logo-dark.png","contentUrl":"https:\/\/selleetools.com\/wp-content\/uploads\/2021\/10\/logo-dark.png","width":320,"height":76,"caption":"Selleetools"},"image":{"@id":"https:\/\/selleetools.com\/#\/schema\/logo\/image\/"}},{"@type":"WebSite","@id":"https:\/\/selleetools.com\/#website","url":"https:\/\/selleetools.com\/","name":"Selleetools.com","description":"","publisher":{"@id":"https:\/\/selleetools.com\/#organization"},"potentialAction":[{"@type":"SearchAction","target":{"@type":"EntryPoint","urlTemplate":"https:\/\/selleetools.com\/?s={search_term_string}"},"query-input":"required name=search_term_string"}],"inLanguage":"pl-PL"},{"@type":"WebPage","@id":"https:\/\/selleetools.com\/pl\/product\/bros-siatka-na-okno-dachowe-120x170-biala\/","url":"https:\/\/selleetools.com\/pl\/product\/bros-siatka-na-okno-dachowe-120x170-biala\/","name":"BROS Siatka na okno dachowe 120x170 - bia\u0142a - Selleetools.com","isPartOf":{"@id":"https:\/\/selleetools.com\/#website"},"datePublished":"2026-02-19T14:45:43+00:00","dateModified":"2026-04-18T14:01:31+00:00","breadcrumb":{"@id":"https:\/\/selleetools.com\/pl\/product\/bros-siatka-na-okno-dachowe-120x170-biala\/#breadcrumb"},"inLanguage":"pl-PL","potentialAction":[{"@type":"ReadAction","target":["https:\/\/selleetools.com\/pl\/product\/bros-siatka-na-okno-dachowe-120x170-biala\/"]}]},{"@type":"BreadcrumbList","@id":"https:\/\/selleetools.com\/pl\/product\/bros-siatka-na-okno-dachowe-120x170-biala\/#breadcrumb","itemListElement":[{"@type":"ListItem","position":1,"name":"Home","item":"https:\/\/selleetools.com\/pl\/"},{"@type":"ListItem","position":2,"name":"Katalog","item":"https:\/\/selleetools.com\/pl\/katalog\/"},{"@type":"ListItem","position":3,"name":"BROS Siatka na okno dachowe 120&#215;170 &#8211; bia\u0142a"}]}]}},"_links":{"self":[{"href":"https:\/\/admincentral.selleetools.com\/pl\/wp-json\/wp\/v2\/product\/671239"}],"collection":[{"href":"https:\/\/admincentral.selleetools.com\/pl\/wp-json\/wp\/v2\/product"}],"about":[{"href":"https:\/\/admincentral.selleetools.com\/pl\/wp-json\/wp\/v2\/types\/product"}],"replies":[{"embeddable":true,"href":"https:\/\/admincentral.selleetools.com\/pl\/wp-json\/wp\/v2\/comments?post=671239"}],"wp:featuredmedia":[{"embeddable":true,"href":"https:\/\/admincentral.selleetools.com\/pl\/wp-json\/wp\/v2\/media\/671235"}],"wp:attachment":[{"href":"https:\/\/admincentral.selleetools.com\/pl\/wp-json\/wp\/v2\/media?parent=671239"}],"curies":[{"name":"wp","href":"https:\/\/api.w.org\/{rel}","templated":true}]}}