{"id":671244,"date":"2026-02-19T15:45:47","date_gmt":"2026-02-19T14:45:47","guid":{"rendered":"https:\/\/selleetools.com\/?post_type=product&#038;p=671244"},"modified":"2026-04-18T16:01:34","modified_gmt":"2026-04-18T14:01:34","slug":"bros-siatka-na-okno-130x150-biala","status":"publish","type":"product","link":"https:\/\/admincentral.selleetools.com\/pl\/product\/bros-siatka-na-okno-130x150-biala\/","title":{"rendered":"BROS Siatka na okno 130&#215;150 &#8211; bia\u0142a"},"content":{"rendered":"<section class=\"section\">\n<div class=\"item item-12\">\n<section class=\"text-item\">\n<h1>BROS Siatka na okno 130&#215;150 &#8211; bia\u0142a<\/h1>\n<p>Zabezpiecza pomieszczenia przed wszelkimi owadami (muchami, komarami, \u0107mami oraz owadami biegaj\u0105cymi). Konstrukcja zapewnia \u0142atwy i szybki monta\u017c oraz demonta\u017c. Zabrudzon\u0105 siatk\u0119 mo\u017cna wypra\u0107.<\/p>\n<p>Mo\u017ce by\u0107 stosowana na wszystkie rodzaje drzwi:<\/p>\n<ul>\n<li>PVC<\/li>\n<li>Aluminium<\/li>\n<li>Drewno<\/li>\n<\/ul>\n<p><b>Spos\u00f3b monta\u017cu:<\/b><\/p>\n<ol>\n<li>Po otwarciu okna wyczy\u015bci\u0107 ram\u0119 (najlepiej alkoholem)<\/li>\n<li>Przyklei\u0107 ta\u015bm\u0119 do ramy okna.<\/li>\n<li>Pozostawi\u0107 na oko\u0142o 2 godziny.<\/li>\n<li>Przymocowa\u0107siatk\u0119 do ramy.<\/li>\n<li>W razie potrzeby obci\u0105\u0107 wystaj\u0105ce cz\u0119\u015bci siatki.<\/li>\n<\/ol>\n<p>W zestawie ta\u015bma samoprzylepna o d\u0142ugo\u015bci 560cm<\/p>\n<\/section><\/div>\n<\/section>\n<section class=\"section\">\n<div class=\"item item-12\">\n<section class=\"image-item\">\n            <img src=\"https:\/\/upload.cdn.baselinker.com\/products\/3028621\/6fabf6fd44e106daf1ce9811c008d394.jpg\" \/><br \/>\n        <\/section>\n<\/p><\/div>\n<\/section>\n<p>BROS Siatka na okno 130&#215;150 &#8211; bia\u0142a<br \/>\nZabezpiecza pomieszczenia przed wszelkimi owadami (muchami, komarami, \u0107mami oraz owadami biegaj\u0105cymi). Konstrukcja zapewnia \u0142atwy i szybki monta\u017c oraz demonta\u017c. Zabrudzon\u0105 siatk\u0119 mo\u017cna wypra\u0107.<br \/>\nMo\u017ce by\u0107 stosowana na wszystkie rodzaje drzwi:<br \/>\n &#8211; PVC<br \/>\n &#8211; Aluminium<br \/>\n &#8211; Drewno<br \/>\nSpos\u00f3b monta\u017cu:<br \/>\n &#8211; Po otwarciu okna wyczy\u015bci\u0107 ram\u0119 (najlepiej alkoholem)<br \/>\n &#8211; Przyklei\u0107 ta\u015bm\u0119 do ramy okna.<br \/>\n &#8211; Pozostawi\u0107 na oko\u0142o 2 godziny.<br \/>\n &#8211; Przymocowa\u0107siatk\u0119 do ramy.<br \/>\n &#8211; W razie potrzeby obci\u0105\u0107 wystaj\u0105ce cz\u0119\u015bci siatki.<br \/>\nW zestawie ta\u015bma samoprzylepna o d\u0142ugo\u015bci 560cm<\/p>\n<p>Producent: Bros<\/p>\n","protected":false},"excerpt":{"rendered":"<p>BROS Siatka na okno 130&#215;150 &#8211; bia\u0142a Zabezpiecza pomieszczenia przed wszelkimi owadami (muchami, komarami, \u0107mami oraz owadami biegaj\u0105cymi). Konstrukcja zapewnia \u0142atwy i szybki monta\u017c oraz demonta\u017c. Zabrudzon\u0105 siatk\u0119 mo\u017cna wypra\u0107. Mo\u017ce by\u0107 stosowana na wszystkie rodzaje drzwi: PVC Aluminium Drewno Spos\u00f3b monta\u017cu: Po otwarciu okna wyczy\u015bci\u0107 ram\u0119 (najlepiej alkoholem) Przyklei\u0107 ta\u015bm\u0119 do ramy okna. Pozostawi\u0107 &#8230; <a title=\"BROS Siatka na okno 130&#215;150 &#8211; bia\u0142a\" class=\"read-more\" href=\"https:\/\/admincentral.selleetools.com\/pl\/product\/bros-siatka-na-okno-130x150-biala\/\">Read more<span class=\"screen-reader-text\">BROS Siatka na okno 130&#215;150 &#8211; bia\u0142a<\/span><\/a><\/p>\n","protected":false},"featured_media":671240,"comment_status":"open","ping_status":"closed","template":"","meta":{"_links_to":"","_links_to_target":""},"yoast_head":"<!-- This site is optimized with the Yoast SEO plugin v19.4 - https:\/\/yoast.com\/wordpress\/plugins\/seo\/ -->\n<title>BROS Siatka na okno 130x150 - bia\u0142a - Selleetools.com<\/title>\n<meta name=\"robots\" content=\"index, follow, max-snippet:-1, max-image-preview:large, max-video-preview:-1\" \/>\n<link rel=\"canonical\" href=\"https:\/\/selleetools.com\/pl\/product\/bros-siatka-na-okno-130x150-biala\/\" \/>\n<meta property=\"og:locale\" content=\"pl_PL\" \/>\n<meta property=\"og:type\" content=\"article\" \/>\n<meta property=\"og:title\" content=\"BROS Siatka na okno 130x150 - bia\u0142a - Selleetools.com\" \/>\n<meta property=\"og:description\" content=\"BROS Siatka na okno 130&#215;150 &#8211; bia\u0142a Zabezpiecza pomieszczenia przed wszelkimi owadami (muchami, komarami, \u0107mami oraz owadami biegaj\u0105cymi). Konstrukcja zapewnia \u0142atwy i szybki monta\u017c oraz demonta\u017c. Zabrudzon\u0105 siatk\u0119 mo\u017cna wypra\u0107. Mo\u017ce by\u0107 stosowana na wszystkie rodzaje drzwi: PVC Aluminium Drewno Spos\u00f3b monta\u017cu: Po otwarciu okna wyczy\u015bci\u0107 ram\u0119 (najlepiej alkoholem) Przyklei\u0107 ta\u015bm\u0119 do ramy okna. Pozostawi\u0107 ... Read moreBROS Siatka na okno 130&#215;150 &#8211; bia\u0142a\" \/>\n<meta property=\"og:url\" content=\"https:\/\/selleetools.com\/pl\/product\/bros-siatka-na-okno-130x150-biala\/\" \/>\n<meta property=\"og:site_name\" content=\"Selleetools.com\" \/>\n<meta property=\"article:modified_time\" content=\"2026-04-18T14:01:34+00:00\" \/>\n<meta property=\"og:image\" content=\"https:\/\/selleetools.com\/wp-content\/uploads\/2026\/02\/6fabf6fd44e106daf1ce9811c008d394.jpg\" \/>\n\t<meta property=\"og:image:width\" content=\"1000\" \/>\n\t<meta property=\"og:image:height\" content=\"1000\" \/>\n\t<meta property=\"og:image:type\" content=\"image\/jpeg\" \/>\n<meta name=\"twitter:card\" content=\"summary_large_image\" \/>\n<meta name=\"twitter:label1\" content=\"Est. reading time\" \/>\n\t<meta name=\"twitter:data1\" content=\"1 minuta\" \/>\n<!-- \/ Yoast SEO plugin. -->","yoast_head_json":{"title":"BROS Siatka na okno 130x150 - bia\u0142a - Selleetools.com","robots":{"index":"index","follow":"follow","max-snippet":"max-snippet:-1","max-image-preview":"max-image-preview:large","max-video-preview":"max-video-preview:-1"},"canonical":"https:\/\/selleetools.com\/pl\/product\/bros-siatka-na-okno-130x150-biala\/","og_locale":"pl_PL","og_type":"article","og_title":"BROS Siatka na okno 130x150 - bia\u0142a - Selleetools.com","og_description":"BROS Siatka na okno 130&#215;150 &#8211; bia\u0142a Zabezpiecza pomieszczenia przed wszelkimi owadami (muchami, komarami, \u0107mami oraz owadami biegaj\u0105cymi). Konstrukcja zapewnia \u0142atwy i szybki monta\u017c oraz demonta\u017c. Zabrudzon\u0105 siatk\u0119 mo\u017cna wypra\u0107. Mo\u017ce by\u0107 stosowana na wszystkie rodzaje drzwi: PVC Aluminium Drewno Spos\u00f3b monta\u017cu: Po otwarciu okna wyczy\u015bci\u0107 ram\u0119 (najlepiej alkoholem) Przyklei\u0107 ta\u015bm\u0119 do ramy okna. Pozostawi\u0107 ... Read moreBROS Siatka na okno 130&#215;150 &#8211; bia\u0142a","og_url":"https:\/\/selleetools.com\/pl\/product\/bros-siatka-na-okno-130x150-biala\/","og_site_name":"Selleetools.com","article_modified_time":"2026-04-18T14:01:34+00:00","og_image":[{"width":1000,"height":1000,"url":"https:\/\/selleetools.com\/wp-content\/uploads\/2026\/02\/6fabf6fd44e106daf1ce9811c008d394.jpg","type":"image\/jpeg"}],"twitter_card":"summary_large_image","twitter_misc":{"Est. reading time":"1 minuta"},"schema":{"@context":"https:\/\/schema.org","@graph":[{"@type":"Organization","@id":"https:\/\/selleetools.com\/#organization","name":"Selleetools","url":"https:\/\/selleetools.com\/","sameAs":[],"logo":{"@type":"ImageObject","inLanguage":"pl-PL","@id":"https:\/\/selleetools.com\/#\/schema\/logo\/image\/","url":"https:\/\/selleetools.com\/wp-content\/uploads\/2021\/10\/logo-dark.png","contentUrl":"https:\/\/selleetools.com\/wp-content\/uploads\/2021\/10\/logo-dark.png","width":320,"height":76,"caption":"Selleetools"},"image":{"@id":"https:\/\/selleetools.com\/#\/schema\/logo\/image\/"}},{"@type":"WebSite","@id":"https:\/\/selleetools.com\/#website","url":"https:\/\/selleetools.com\/","name":"Selleetools.com","description":"","publisher":{"@id":"https:\/\/selleetools.com\/#organization"},"potentialAction":[{"@type":"SearchAction","target":{"@type":"EntryPoint","urlTemplate":"https:\/\/selleetools.com\/?s={search_term_string}"},"query-input":"required name=search_term_string"}],"inLanguage":"pl-PL"},{"@type":"WebPage","@id":"https:\/\/selleetools.com\/pl\/product\/bros-siatka-na-okno-130x150-biala\/","url":"https:\/\/selleetools.com\/pl\/product\/bros-siatka-na-okno-130x150-biala\/","name":"BROS Siatka na okno 130x150 - bia\u0142a - Selleetools.com","isPartOf":{"@id":"https:\/\/selleetools.com\/#website"},"datePublished":"2026-02-19T14:45:47+00:00","dateModified":"2026-04-18T14:01:34+00:00","breadcrumb":{"@id":"https:\/\/selleetools.com\/pl\/product\/bros-siatka-na-okno-130x150-biala\/#breadcrumb"},"inLanguage":"pl-PL","potentialAction":[{"@type":"ReadAction","target":["https:\/\/selleetools.com\/pl\/product\/bros-siatka-na-okno-130x150-biala\/"]}]},{"@type":"BreadcrumbList","@id":"https:\/\/selleetools.com\/pl\/product\/bros-siatka-na-okno-130x150-biala\/#breadcrumb","itemListElement":[{"@type":"ListItem","position":1,"name":"Home","item":"https:\/\/selleetools.com\/pl\/"},{"@type":"ListItem","position":2,"name":"Katalog","item":"https:\/\/selleetools.com\/pl\/katalog\/"},{"@type":"ListItem","position":3,"name":"BROS Siatka na okno 130&#215;150 &#8211; bia\u0142a"}]}]}},"_links":{"self":[{"href":"https:\/\/admincentral.selleetools.com\/pl\/wp-json\/wp\/v2\/product\/671244"}],"collection":[{"href":"https:\/\/admincentral.selleetools.com\/pl\/wp-json\/wp\/v2\/product"}],"about":[{"href":"https:\/\/admincentral.selleetools.com\/pl\/wp-json\/wp\/v2\/types\/product"}],"replies":[{"embeddable":true,"href":"https:\/\/admincentral.selleetools.com\/pl\/wp-json\/wp\/v2\/comments?post=671244"}],"wp:featuredmedia":[{"embeddable":true,"href":"https:\/\/admincentral.selleetools.com\/pl\/wp-json\/wp\/v2\/media\/671240"}],"wp:attachment":[{"href":"https:\/\/admincentral.selleetools.com\/pl\/wp-json\/wp\/v2\/media?parent=671244"}],"curies":[{"name":"wp","href":"https:\/\/api.w.org\/{rel}","templated":true}]}}